{"id":3744,"date":"2022-01-07T09:26:18","date_gmt":"2022-01-07T08:26:18","guid":{"rendered":"https:\/\/repatransportbanden.nl\/wie-zijn-wij\/"},"modified":"2022-01-28T00:17:22","modified_gmt":"2022-01-27T23:17:22","slug":"wie-zijn-wij","status":"publish","type":"page","link":"https:\/\/repatransportbanden.nl\/it\/wie-zijn-wij\/","title":{"rendered":"Chi siamo"},"content":{"rendered":"\n<p>REPA Transportbanden BV \u00e8 stata fondata nel 1993 ad Akersloot e da allora ha avuto una crescita esponenziale. La nostra crescita \u00e8 dovuta alla disponibilit\u00e0 per i nostri clienti 24 ore al giorno, 7 giorni alla settimana. In poche parole: Qualit\u00e0 eccellente e tempi di consegna rapidi sono la base del successo di REPA. E dal 1998 siamo certificati ISO-9001 e VCA! Nel 2020 REPA si \u00e8 trasferita in una nuova sede ad Alkmaar dove poter continuare a crescere. La sede di Alkmaar ha una superficie di 35000M2, e tutte le sale di produzione sono equipaggiate con le ultime macchine per la produzione di nastri trasportatori in plastica e in gomma. La nostra acquisizione pi\u00f9 recente \u00e8 una linea di produzione semiautomatica per la vulcanizzazione di nastri trasportatori in gomma con tacchetti e bordi ondulati fino a 2600 mm di larghezza.<\/p>\n\n\n\n<p>Inoltre, lavoriamo con diverse presse termiche ad alta frequenza per la vulcanizzazione di nastri trasportatori in plastica fino a 5000 mm di larghezza e diverse macchine da taglio, in modo da poter consegnare rapidamente, poich\u00e9 i tempi morti sono fonte di spreco. Anche la fabbricazione di diversi rulli fa parte delle attivit\u00e0. REPA fornisce da magazzino tutte le parti che completano un sistema di nastri trasportatori ben funzionante.<\/p>\n\n\n\n<p>Tutti sono i benvenuti a fare un giro nel nostro nuovo showroom, dove sono esposti tutti i prodotti offerti dal Gruppo REPA. Si prega di chiamare per prendere un appuntamento.<\/p>\n\n\n\n<p>Ecco alcuni dei nostri servizi:<\/p>\n\n\n\n<ul class=\"wp-block-list\"><li>Fornitura, montaggio e riparazione di nastri trasportatori in gomma e plastica + parti di sostituzione. Per tutti i rami dell&#8217;industria<\/li><li>Ampio magazzino di nastri trasportatori con profilo in gomma<\/li><li>Manutenzione di nastri trasportatori + parti di sostituzione<\/li><li>Ispezione + relazione sui nastri trasportatori + parti di sostituzione<\/li><li>Redazione di un inventario dei nastri trasportatori + parti di sostituzione<\/li><li>Servizio 24 ore su 24.<\/li><li>Confezione di nastri trasportatori in plastica e gomma<\/li><li>Produzione di nastri trasportatori<\/li><li>Consegna e montaggio di raschiatori<\/li><li>Consegna di tamburi e rulli. Tutti i rulli DIN disponibili a magazzino (acciaio e HDPE)<\/li><li>Consegna di set di rulli disposti a conca. Secondo le norme DIN, disponibili in magazzino.<\/li><li>Fornitura di rulli di scorrimento automatici per la parte di ritorno del nastro, chiamata Re-Track, per un nastro lungo fino a 2400 mm.<\/li><li>Fornitura di rulli a conca di guida automatici per la parte superiore del nastro, chiamata Ce-Track, fino a una larghezza di 2400 mm<\/li><li>Fornitura di coperture per nastri.<\/li><li>Copertura di tamburi, tramogge di carico, punti di scarico, ecc.<\/li><li>Fornitura di rivestimenti in gomma e ceramica resistenti all&#8217;usura<\/li><li>Barre d&#8217;impatto\/slidebars<\/li><li>Colla e primer di gomma<\/li><\/ul>\n","protected":false},"excerpt":{"rendered":"<p>REPA Transportbanden BV \u00e8 stata fondata nel 1993 ad Akersloot e da allora ha avuto una crescita esponenziale. La nostra crescita \u00e8 dovuta alla disponibilit\u00e0 per i nostri clienti 24 ore al giorno, 7 giorni alla settimana. In poche parole: Qualit\u00e0 eccellente e tempi di consegna rapidi sono la base del successo di REPA. E&hellip; <a class=\"more-link\" href=\"https:\/\/repatransportbanden.nl\/it\/wie-zijn-wij\/\">Continue reading <span class=\"screen-reader-text\">Chi siamo<\/span><\/a><\/p>\n","protected":false},"author":2,"featured_media":2737,"parent":0,"menu_order":0,"comment_status":"closed","ping_status":"closed","template":"","meta":{"_acf_changed":false,"footnotes":""},"class_list":["post-3744","page","type-page","status-publish","has-post-thumbnail","hentry","entry"],"acf":[],"yoast_head":"<!-- This site is optimized with the Yoast SEO plugin v27.3 - https:\/\/yoast.com\/product\/yoast-seo-wordpress\/ -->\n<title>Chi siamo - repatransportbanden.nl<\/title>\n<meta name=\"robots\" content=\"index, follow, max-snippet:-1, max-image-preview:large, max-video-preview:-1\" \/>\n<link rel=\"canonical\" href=\"https:\/\/repatransportbanden.nl\/it\/wie-zijn-wij\/\" \/>\n<meta property=\"og:locale\" content=\"it_IT\" \/>\n<meta property=\"og:type\" content=\"article\" \/>\n<meta property=\"og:title\" content=\"Chi siamo - repatransportbanden.nl\" \/>\n<meta property=\"og:description\" content=\"REPA Transportbanden BV \u00e8 stata fondata nel 1993 ad Akersloot e da allora ha avuto una crescita esponenziale. La nostra crescita \u00e8 dovuta alla disponibilit\u00e0 per i nostri clienti 24 ore al giorno, 7 giorni alla settimana. In poche parole: Qualit\u00e0 eccellente e tempi di consegna rapidi sono la base del successo di REPA. E&hellip; Continue reading Chi siamo\" \/>\n<meta property=\"og:url\" content=\"https:\/\/repatransportbanden.nl\/it\/wie-zijn-wij\/\" \/>\n<meta property=\"og:site_name\" content=\"repatransportbanden.nl\" \/>\n<meta property=\"article:modified_time\" content=\"2022-01-27T23:17:22+00:00\" \/>\n<meta property=\"og:image\" content=\"https:\/\/repatransportbanden.tempurl.host\/wp-content\/uploads\/2021\/12\/Wie-zijn-wij1.jpg\" \/>\n\t<meta property=\"og:image:width\" content=\"686\" \/>\n\t<meta property=\"og:image:height\" content=\"464\" \/>\n\t<meta property=\"og:image:type\" content=\"image\/jpeg\" \/>\n<meta name=\"twitter:card\" content=\"summary_large_image\" \/>\n<meta name=\"twitter:label1\" content=\"Tempo di lettura stimato\" \/>\n\t<meta name=\"twitter:data1\" content=\"3 minuti\" \/>\n<script type=\"application\/ld+json\" class=\"yoast-schema-graph\">{\"@context\":\"https:\\\/\\\/schema.org\",\"@graph\":[{\"@type\":\"WebPage\",\"@id\":\"https:\\\/\\\/repatransportbanden.nl\\\/it\\\/wie-zijn-wij\\\/\",\"url\":\"https:\\\/\\\/repatransportbanden.nl\\\/it\\\/wie-zijn-wij\\\/\",\"name\":\"Chi siamo - repatransportbanden.nl\",\"isPartOf\":{\"@id\":\"https:\\\/\\\/repatransportbanden.tempurl.host\\\/#website\"},\"primaryImageOfPage\":{\"@id\":\"https:\\\/\\\/repatransportbanden.nl\\\/it\\\/wie-zijn-wij\\\/#primaryimage\"},\"image\":{\"@id\":\"https:\\\/\\\/repatransportbanden.nl\\\/it\\\/wie-zijn-wij\\\/#primaryimage\"},\"thumbnailUrl\":\"https:\\\/\\\/repatransportbanden.nl\\\/wp-content\\\/uploads\\\/2021\\\/12\\\/Wie-zijn-wij1.jpg\",\"datePublished\":\"2022-01-07T08:26:18+00:00\",\"dateModified\":\"2022-01-27T23:17:22+00:00\",\"breadcrumb\":{\"@id\":\"https:\\\/\\\/repatransportbanden.nl\\\/it\\\/wie-zijn-wij\\\/#breadcrumb\"},\"inLanguage\":\"it-IT\",\"potentialAction\":[{\"@type\":\"ReadAction\",\"target\":[\"https:\\\/\\\/repatransportbanden.nl\\\/it\\\/wie-zijn-wij\\\/\"]}]},{\"@type\":\"ImageObject\",\"inLanguage\":\"it-IT\",\"@id\":\"https:\\\/\\\/repatransportbanden.nl\\\/it\\\/wie-zijn-wij\\\/#primaryimage\",\"url\":\"https:\\\/\\\/repatransportbanden.nl\\\/wp-content\\\/uploads\\\/2021\\\/12\\\/Wie-zijn-wij1.jpg\",\"contentUrl\":\"https:\\\/\\\/repatransportbanden.nl\\\/wp-content\\\/uploads\\\/2021\\\/12\\\/Wie-zijn-wij1.jpg\",\"width\":686,\"height\":464},{\"@type\":\"BreadcrumbList\",\"@id\":\"https:\\\/\\\/repatransportbanden.nl\\\/it\\\/wie-zijn-wij\\\/#breadcrumb\",\"itemListElement\":[{\"@type\":\"ListItem\",\"position\":1,\"name\":\"Home\",\"item\":\"https:\\\/\\\/repatransportbanden.nl\\\/it\\\/\"},{\"@type\":\"ListItem\",\"position\":2,\"name\":\"Chi siamo\"}]},{\"@type\":\"WebSite\",\"@id\":\"https:\\\/\\\/repatransportbanden.tempurl.host\\\/#website\",\"url\":\"https:\\\/\\\/repatransportbanden.tempurl.host\\\/\",\"name\":\"repatransportbanden.nl\",\"description\":\"\",\"potentialAction\":[{\"@type\":\"SearchAction\",\"target\":{\"@type\":\"EntryPoint\",\"urlTemplate\":\"https:\\\/\\\/repatransportbanden.tempurl.host\\\/?s={search_term_string}\"},\"query-input\":{\"@type\":\"PropertyValueSpecification\",\"valueRequired\":true,\"valueName\":\"search_term_string\"}}],\"inLanguage\":\"it-IT\"}]}<\/script>\n<!-- \/ Yoast SEO plugin. -->","yoast_head_json":{"title":"Chi siamo - repatransportbanden.nl","robots":{"index":"index","follow":"follow","max-snippet":"max-snippet:-1","max-image-preview":"max-image-preview:large","max-video-preview":"max-video-preview:-1"},"canonical":"https:\/\/repatransportbanden.nl\/it\/wie-zijn-wij\/","og_locale":"it_IT","og_type":"article","og_title":"Chi siamo - repatransportbanden.nl","og_description":"REPA Transportbanden BV \u00e8 stata fondata nel 1993 ad Akersloot e da allora ha avuto una crescita esponenziale. La nostra crescita \u00e8 dovuta alla disponibilit\u00e0 per i nostri clienti 24 ore al giorno, 7 giorni alla settimana. In poche parole: Qualit\u00e0 eccellente e tempi di consegna rapidi sono la base del successo di REPA. E&hellip; Continue reading Chi siamo","og_url":"https:\/\/repatransportbanden.nl\/it\/wie-zijn-wij\/","og_site_name":"repatransportbanden.nl","article_modified_time":"2022-01-27T23:17:22+00:00","og_image":[{"width":686,"height":464,"url":"https:\/\/repatransportbanden.tempurl.host\/wp-content\/uploads\/2021\/12\/Wie-zijn-wij1.jpg","type":"image\/jpeg"}],"twitter_card":"summary_large_image","twitter_misc":{"Tempo di lettura stimato":"3 minuti"},"schema":{"@context":"https:\/\/schema.org","@graph":[{"@type":"WebPage","@id":"https:\/\/repatransportbanden.nl\/it\/wie-zijn-wij\/","url":"https:\/\/repatransportbanden.nl\/it\/wie-zijn-wij\/","name":"Chi siamo - repatransportbanden.nl","isPartOf":{"@id":"https:\/\/repatransportbanden.tempurl.host\/#website"},"primaryImageOfPage":{"@id":"https:\/\/repatransportbanden.nl\/it\/wie-zijn-wij\/#primaryimage"},"image":{"@id":"https:\/\/repatransportbanden.nl\/it\/wie-zijn-wij\/#primaryimage"},"thumbnailUrl":"https:\/\/repatransportbanden.nl\/wp-content\/uploads\/2021\/12\/Wie-zijn-wij1.jpg","datePublished":"2022-01-07T08:26:18+00:00","dateModified":"2022-01-27T23:17:22+00:00","breadcrumb":{"@id":"https:\/\/repatransportbanden.nl\/it\/wie-zijn-wij\/#breadcrumb"},"inLanguage":"it-IT","potentialAction":[{"@type":"ReadAction","target":["https:\/\/repatransportbanden.nl\/it\/wie-zijn-wij\/"]}]},{"@type":"ImageObject","inLanguage":"it-IT","@id":"https:\/\/repatransportbanden.nl\/it\/wie-zijn-wij\/#primaryimage","url":"https:\/\/repatransportbanden.nl\/wp-content\/uploads\/2021\/12\/Wie-zijn-wij1.jpg","contentUrl":"https:\/\/repatransportbanden.nl\/wp-content\/uploads\/2021\/12\/Wie-zijn-wij1.jpg","width":686,"height":464},{"@type":"BreadcrumbList","@id":"https:\/\/repatransportbanden.nl\/it\/wie-zijn-wij\/#breadcrumb","itemListElement":[{"@type":"ListItem","position":1,"name":"Home","item":"https:\/\/repatransportbanden.nl\/it\/"},{"@type":"ListItem","position":2,"name":"Chi siamo"}]},{"@type":"WebSite","@id":"https:\/\/repatransportbanden.tempurl.host\/#website","url":"https:\/\/repatransportbanden.tempurl.host\/","name":"repatransportbanden.nl","description":"","potentialAction":[{"@type":"SearchAction","target":{"@type":"EntryPoint","urlTemplate":"https:\/\/repatransportbanden.tempurl.host\/?s={search_term_string}"},"query-input":{"@type":"PropertyValueSpecification","valueRequired":true,"valueName":"search_term_string"}}],"inLanguage":"it-IT"}]}},"_links":{"self":[{"href":"https:\/\/repatransportbanden.nl\/it\/wp-json\/wp\/v2\/pages\/3744","targetHints":{"allow":["GET"]}}],"collection":[{"href":"https:\/\/repatransportbanden.nl\/it\/wp-json\/wp\/v2\/pages"}],"about":[{"href":"https:\/\/repatransportbanden.nl\/it\/wp-json\/wp\/v2\/types\/page"}],"author":[{"embeddable":true,"href":"https:\/\/repatransportbanden.nl\/it\/wp-json\/wp\/v2\/users\/2"}],"replies":[{"embeddable":true,"href":"https:\/\/repatransportbanden.nl\/it\/wp-json\/wp\/v2\/comments?post=3744"}],"version-history":[{"count":4,"href":"https:\/\/repatransportbanden.nl\/it\/wp-json\/wp\/v2\/pages\/3744\/revisions"}],"predecessor-version":[{"id":4938,"href":"https:\/\/repatransportbanden.nl\/it\/wp-json\/wp\/v2\/pages\/3744\/revisions\/4938"}],"wp:featuredmedia":[{"embeddable":true,"href":"https:\/\/repatransportbanden.nl\/it\/wp-json\/wp\/v2\/media\/2737"}],"wp:attachment":[{"href":"https:\/\/repatransportbanden.nl\/it\/wp-json\/wp\/v2\/media?parent=3744"}],"curies":[{"name":"wp","href":"https:\/\/api.w.org\/{rel}","templated":true}]}}