{"id":3714,"date":"2022-01-07T09:18:17","date_gmt":"2022-01-07T08:18:17","guid":{"rendered":"https:\/\/repatransportbanden.nl\/trommels-en-rollen\/re-track-band-stuurrollen\/"},"modified":"2022-01-21T13:19:31","modified_gmt":"2022-01-21T12:19:31","slug":"re-track-band-stuurrollen","status":"publish","type":"page","link":"https:\/\/repatransportbanden.nl\/it\/trommels-en-rollen\/re-track-band-stuurrollen\/","title":{"rendered":"RE-TRACK rulli di guida per nastri"},"content":{"rendered":"\n<h2>Il nostro rullo guida RE-Track \u00e8 per situazioni standard, mentre per le installazioni pesanti abbiamo il RE-Track HD.<\/h2>\n\n\n\n<p>Il rullo di guida pi\u00f9 efficiente disponibile \u00e8 il nostro rullo per nastri RE-Track (HD). Questo rullo ha dimostrato pi\u00f9 volte le sue grandi propriet\u00e0 di guida nell&#8217;industria mineraria, dell&#8217;acciaio, dei materiali sfusi e del cemento.&nbsp;<\/p>\n\n\n\n<p>L&#8217;asse del rullo RE-TRack \u00e8 costituito da un unico pezzo di barra rotonda. Il tubo pu\u00f2 ruotarci intorno, parallelamente al nastro trasportatore da guidare, facendo s\u00ec che un nastro che va troppo veloce viene rimandato indietro.&nbsp;<\/p>\n\n\n\n<p>Per garantire la migliore presa possibile del nastro trasportatore sul rullo, la guaina \u00e8 sempre dotata di un rivestimento vulcanizzato a caldo con profilo a forma di diamante.<\/p>\n\n\n\n<p>Il RE-Track (HD) \u00e8 dotato di robusti cuscinetti a sfera scanalati. Grazie al suo speciale design, il RE-Track (HD) \u00e8 completamente sigillato e non richiede alcuna manutenzione. Il RE-Track (HD)\u00e8 dotato di staffe di montaggio zincate a caldo.<\/p>\n\n\n\n<p>Il RE-Track (HD) \u00e8 disponibile in tutte le larghezze regolari, nelle misure indicate qui sotto. Inoltre, abbiamo sempre a disposizione dimensioni diverse, modellabili interamente secondo i vostri desideri.&nbsp;<\/p>\n","protected":false},"excerpt":{"rendered":"<p>Il nostro rullo guida RE-Track \u00e8 per situazioni standard, mentre per le installazioni pesanti abbiamo il RE-Track HD. Il rullo di guida pi\u00f9 efficiente disponibile \u00e8 il nostro rullo per nastri RE-Track (HD). Questo rullo ha dimostrato pi\u00f9 volte le sue grandi propriet\u00e0 di guida nell&#8217;industria mineraria, dell&#8217;acciaio, dei materiali sfusi e del cemento.&nbsp; L&#8217;asse&hellip; <a class=\"more-link\" href=\"https:\/\/repatransportbanden.nl\/it\/trommels-en-rollen\/re-track-band-stuurrollen\/\">Continue reading <span class=\"screen-reader-text\">RE-TRACK rulli di guida per nastri<\/span><\/a><\/p>\n","protected":false},"author":2,"featured_media":2755,"parent":3674,"menu_order":0,"comment_status":"closed","ping_status":"closed","template":"templates\/template-service.php","meta":{"_acf_changed":false,"footnotes":""},"class_list":["post-3714","page","type-page","status-publish","has-post-thumbnail","hentry","entry"],"acf":[],"yoast_head":"<!-- This site is optimized with the Yoast SEO plugin v27.3 - https:\/\/yoast.com\/product\/yoast-seo-wordpress\/ -->\n<title>RE-TRACK rulli di guida per nastri - repatransportbanden.nl<\/title>\n<meta name=\"robots\" content=\"index, follow, max-snippet:-1, max-image-preview:large, max-video-preview:-1\" \/>\n<link rel=\"canonical\" href=\"https:\/\/repatransportbanden.nl\/it\/trommels-en-rollen\/re-track-band-stuurrollen\/\" \/>\n<meta property=\"og:locale\" content=\"it_IT\" \/>\n<meta property=\"og:type\" content=\"article\" \/>\n<meta property=\"og:title\" content=\"RE-TRACK rulli di guida per nastri - repatransportbanden.nl\" \/>\n<meta property=\"og:description\" content=\"Il nostro rullo guida RE-Track \u00e8 per situazioni standard, mentre per le installazioni pesanti abbiamo il RE-Track HD. Il rullo di guida pi\u00f9 efficiente disponibile \u00e8 il nostro rullo per nastri RE-Track (HD). Questo rullo ha dimostrato pi\u00f9 volte le sue grandi propriet\u00e0 di guida nell&#8217;industria mineraria, dell&#8217;acciaio, dei materiali sfusi e del cemento.&nbsp; L&#8217;asse&hellip; Continue reading RE-TRACK rulli di guida per nastri\" \/>\n<meta property=\"og:url\" content=\"https:\/\/repatransportbanden.nl\/it\/trommels-en-rollen\/re-track-band-stuurrollen\/\" \/>\n<meta property=\"og:site_name\" content=\"repatransportbanden.nl\" \/>\n<meta property=\"article:modified_time\" content=\"2022-01-21T12:19:31+00:00\" \/>\n<meta property=\"og:image\" content=\"https:\/\/repatransportbanden.tempurl.host\/wp-content\/uploads\/2021\/12\/RE-TRACK-band-stuurrollen-1.jpg\" \/>\n\t<meta property=\"og:image:width\" content=\"331\" \/>\n\t<meta property=\"og:image:height\" content=\"331\" \/>\n\t<meta property=\"og:image:type\" content=\"image\/jpeg\" \/>\n<meta name=\"twitter:card\" content=\"summary_large_image\" \/>\n<meta name=\"twitter:label1\" content=\"Tempo di lettura stimato\" \/>\n\t<meta name=\"twitter:data1\" content=\"1 minuto\" \/>\n<script type=\"application\/ld+json\" class=\"yoast-schema-graph\">{\"@context\":\"https:\\\/\\\/schema.org\",\"@graph\":[{\"@type\":\"WebPage\",\"@id\":\"https:\\\/\\\/repatransportbanden.nl\\\/it\\\/trommels-en-rollen\\\/re-track-band-stuurrollen\\\/\",\"url\":\"https:\\\/\\\/repatransportbanden.nl\\\/it\\\/trommels-en-rollen\\\/re-track-band-stuurrollen\\\/\",\"name\":\"RE-TRACK rulli di guida per nastri - repatransportbanden.nl\",\"isPartOf\":{\"@id\":\"https:\\\/\\\/repatransportbanden.tempurl.host\\\/#website\"},\"primaryImageOfPage\":{\"@id\":\"https:\\\/\\\/repatransportbanden.nl\\\/it\\\/trommels-en-rollen\\\/re-track-band-stuurrollen\\\/#primaryimage\"},\"image\":{\"@id\":\"https:\\\/\\\/repatransportbanden.nl\\\/it\\\/trommels-en-rollen\\\/re-track-band-stuurrollen\\\/#primaryimage\"},\"thumbnailUrl\":\"https:\\\/\\\/repatransportbanden.nl\\\/wp-content\\\/uploads\\\/2021\\\/12\\\/RE-TRACK-band-stuurrollen-1.jpg\",\"datePublished\":\"2022-01-07T08:18:17+00:00\",\"dateModified\":\"2022-01-21T12:19:31+00:00\",\"breadcrumb\":{\"@id\":\"https:\\\/\\\/repatransportbanden.nl\\\/it\\\/trommels-en-rollen\\\/re-track-band-stuurrollen\\\/#breadcrumb\"},\"inLanguage\":\"it-IT\",\"potentialAction\":[{\"@type\":\"ReadAction\",\"target\":[\"https:\\\/\\\/repatransportbanden.nl\\\/it\\\/trommels-en-rollen\\\/re-track-band-stuurrollen\\\/\"]}]},{\"@type\":\"ImageObject\",\"inLanguage\":\"it-IT\",\"@id\":\"https:\\\/\\\/repatransportbanden.nl\\\/it\\\/trommels-en-rollen\\\/re-track-band-stuurrollen\\\/#primaryimage\",\"url\":\"https:\\\/\\\/repatransportbanden.nl\\\/wp-content\\\/uploads\\\/2021\\\/12\\\/RE-TRACK-band-stuurrollen-1.jpg\",\"contentUrl\":\"https:\\\/\\\/repatransportbanden.nl\\\/wp-content\\\/uploads\\\/2021\\\/12\\\/RE-TRACK-band-stuurrollen-1.jpg\",\"width\":331,\"height\":331},{\"@type\":\"BreadcrumbList\",\"@id\":\"https:\\\/\\\/repatransportbanden.nl\\\/it\\\/trommels-en-rollen\\\/re-track-band-stuurrollen\\\/#breadcrumb\",\"itemListElement\":[{\"@type\":\"ListItem\",\"position\":1,\"name\":\"Home\",\"item\":\"https:\\\/\\\/repatransportbanden.nl\\\/it\\\/\"},{\"@type\":\"ListItem\",\"position\":2,\"name\":\"Tamburi e rulli\",\"item\":\"https:\\\/\\\/repatransportbanden.tempurl.host\\\/it\\\/trommels-en-rollen\\\/\"},{\"@type\":\"ListItem\",\"position\":3,\"name\":\"RE-TRACK rulli di guida per nastri\"}]},{\"@type\":\"WebSite\",\"@id\":\"https:\\\/\\\/repatransportbanden.tempurl.host\\\/#website\",\"url\":\"https:\\\/\\\/repatransportbanden.tempurl.host\\\/\",\"name\":\"repatransportbanden.nl\",\"description\":\"\",\"potentialAction\":[{\"@type\":\"SearchAction\",\"target\":{\"@type\":\"EntryPoint\",\"urlTemplate\":\"https:\\\/\\\/repatransportbanden.tempurl.host\\\/?s={search_term_string}\"},\"query-input\":{\"@type\":\"PropertyValueSpecification\",\"valueRequired\":true,\"valueName\":\"search_term_string\"}}],\"inLanguage\":\"it-IT\"}]}<\/script>\n<!-- \/ Yoast SEO plugin. -->","yoast_head_json":{"title":"RE-TRACK rulli di guida per nastri - repatransportbanden.nl","robots":{"index":"index","follow":"follow","max-snippet":"max-snippet:-1","max-image-preview":"max-image-preview:large","max-video-preview":"max-video-preview:-1"},"canonical":"https:\/\/repatransportbanden.nl\/it\/trommels-en-rollen\/re-track-band-stuurrollen\/","og_locale":"it_IT","og_type":"article","og_title":"RE-TRACK rulli di guida per nastri - repatransportbanden.nl","og_description":"Il nostro rullo guida RE-Track \u00e8 per situazioni standard, mentre per le installazioni pesanti abbiamo il RE-Track HD. Il rullo di guida pi\u00f9 efficiente disponibile \u00e8 il nostro rullo per nastri RE-Track (HD). Questo rullo ha dimostrato pi\u00f9 volte le sue grandi propriet\u00e0 di guida nell&#8217;industria mineraria, dell&#8217;acciaio, dei materiali sfusi e del cemento.&nbsp; L&#8217;asse&hellip; Continue reading RE-TRACK rulli di guida per nastri","og_url":"https:\/\/repatransportbanden.nl\/it\/trommels-en-rollen\/re-track-band-stuurrollen\/","og_site_name":"repatransportbanden.nl","article_modified_time":"2022-01-21T12:19:31+00:00","og_image":[{"width":331,"height":331,"url":"https:\/\/repatransportbanden.tempurl.host\/wp-content\/uploads\/2021\/12\/RE-TRACK-band-stuurrollen-1.jpg","type":"image\/jpeg"}],"twitter_card":"summary_large_image","twitter_misc":{"Tempo di lettura stimato":"1 minuto"},"schema":{"@context":"https:\/\/schema.org","@graph":[{"@type":"WebPage","@id":"https:\/\/repatransportbanden.nl\/it\/trommels-en-rollen\/re-track-band-stuurrollen\/","url":"https:\/\/repatransportbanden.nl\/it\/trommels-en-rollen\/re-track-band-stuurrollen\/","name":"RE-TRACK rulli di guida per nastri - repatransportbanden.nl","isPartOf":{"@id":"https:\/\/repatransportbanden.tempurl.host\/#website"},"primaryImageOfPage":{"@id":"https:\/\/repatransportbanden.nl\/it\/trommels-en-rollen\/re-track-band-stuurrollen\/#primaryimage"},"image":{"@id":"https:\/\/repatransportbanden.nl\/it\/trommels-en-rollen\/re-track-band-stuurrollen\/#primaryimage"},"thumbnailUrl":"https:\/\/repatransportbanden.nl\/wp-content\/uploads\/2021\/12\/RE-TRACK-band-stuurrollen-1.jpg","datePublished":"2022-01-07T08:18:17+00:00","dateModified":"2022-01-21T12:19:31+00:00","breadcrumb":{"@id":"https:\/\/repatransportbanden.nl\/it\/trommels-en-rollen\/re-track-band-stuurrollen\/#breadcrumb"},"inLanguage":"it-IT","potentialAction":[{"@type":"ReadAction","target":["https:\/\/repatransportbanden.nl\/it\/trommels-en-rollen\/re-track-band-stuurrollen\/"]}]},{"@type":"ImageObject","inLanguage":"it-IT","@id":"https:\/\/repatransportbanden.nl\/it\/trommels-en-rollen\/re-track-band-stuurrollen\/#primaryimage","url":"https:\/\/repatransportbanden.nl\/wp-content\/uploads\/2021\/12\/RE-TRACK-band-stuurrollen-1.jpg","contentUrl":"https:\/\/repatransportbanden.nl\/wp-content\/uploads\/2021\/12\/RE-TRACK-band-stuurrollen-1.jpg","width":331,"height":331},{"@type":"BreadcrumbList","@id":"https:\/\/repatransportbanden.nl\/it\/trommels-en-rollen\/re-track-band-stuurrollen\/#breadcrumb","itemListElement":[{"@type":"ListItem","position":1,"name":"Home","item":"https:\/\/repatransportbanden.nl\/it\/"},{"@type":"ListItem","position":2,"name":"Tamburi e rulli","item":"https:\/\/repatransportbanden.tempurl.host\/it\/trommels-en-rollen\/"},{"@type":"ListItem","position":3,"name":"RE-TRACK rulli di guida per nastri"}]},{"@type":"WebSite","@id":"https:\/\/repatransportbanden.tempurl.host\/#website","url":"https:\/\/repatransportbanden.tempurl.host\/","name":"repatransportbanden.nl","description":"","potentialAction":[{"@type":"SearchAction","target":{"@type":"EntryPoint","urlTemplate":"https:\/\/repatransportbanden.tempurl.host\/?s={search_term_string}"},"query-input":{"@type":"PropertyValueSpecification","valueRequired":true,"valueName":"search_term_string"}}],"inLanguage":"it-IT"}]}},"_links":{"self":[{"href":"https:\/\/repatransportbanden.nl\/it\/wp-json\/wp\/v2\/pages\/3714","targetHints":{"allow":["GET"]}}],"collection":[{"href":"https:\/\/repatransportbanden.nl\/it\/wp-json\/wp\/v2\/pages"}],"about":[{"href":"https:\/\/repatransportbanden.nl\/it\/wp-json\/wp\/v2\/types\/page"}],"author":[{"embeddable":true,"href":"https:\/\/repatransportbanden.nl\/it\/wp-json\/wp\/v2\/users\/2"}],"replies":[{"embeddable":true,"href":"https:\/\/repatransportbanden.nl\/it\/wp-json\/wp\/v2\/comments?post=3714"}],"version-history":[{"count":5,"href":"https:\/\/repatransportbanden.nl\/it\/wp-json\/wp\/v2\/pages\/3714\/revisions"}],"predecessor-version":[{"id":4760,"href":"https:\/\/repatransportbanden.nl\/it\/wp-json\/wp\/v2\/pages\/3714\/revisions\/4760"}],"up":[{"embeddable":true,"href":"https:\/\/repatransportbanden.nl\/it\/wp-json\/wp\/v2\/pages\/3674"}],"wp:featuredmedia":[{"embeddable":true,"href":"https:\/\/repatransportbanden.nl\/it\/wp-json\/wp\/v2\/media\/2755"}],"wp:attachment":[{"href":"https:\/\/repatransportbanden.nl\/it\/wp-json\/wp\/v2\/media?parent=3714"}],"curies":[{"name":"wp","href":"https:\/\/api.w.org\/{rel}","templated":true}]}}