{"id":3684,"date":"2022-01-07T09:11:18","date_gmt":"2022-01-07T08:11:18","guid":{"rendered":"https:\/\/repatransportbanden.nl\/trommels-en-rollen\/ce-track-band-stuurframes\/"},"modified":"2022-01-27T23:56:58","modified_gmt":"2022-01-27T22:56:58","slug":"ce-track-band-stuurframes","status":"publish","type":"page","link":"https:\/\/repatransportbanden.nl\/it\/trommels-en-rollen\/ce-track-band-stuurframes\/","title":{"rendered":"Telai di scorrimento per nastri CE-TRACK"},"content":{"rendered":"\n<p>Il nostro CE-TRACK-ADJ \u00e8 un&#8217;unit\u00e0 a conca regolabile e orientabile in 3 parti, con diverse caratteristiche uniche:<\/p>\n\n\n\n<ul class=\"wp-block-list\"><li>Pu\u00f2 essere usato in due direzioni di rotazione.<\/li><li>I rulli hanno sempre un rivestimento vulcanizzato a caldo per la migliore presa possibile con il nastro. Il rivestimento fa s\u00ec che vi si attacchi il meno sporco possibile.<\/li><li>Le lunghezze dei rulli sono sempre conformi alle norme DIN<strong><\/strong><\/li><li>Vengono utilizzati rulli laterali conici, per una reazione immediata del telaio quando il nastro si attiva.<\/li><li>L&#8217;angolo del della conca \u00e8 regolabile da 5 a 45 gradi, a intervalli di 5 gradi.<\/li><li>Il raggio inferiore \u00e8 regolabile in lunghezza<\/li><li>La conca \u00e8 regolabile in altezza&nbsp;<strong><\/strong><\/li><\/ul>\n\n\n\n<div style=\"height:15px\" aria-hidden=\"true\" class=\"wp-block-spacer\"><\/div>\n\n\n\n<h3 class=\"wp-block-heading\" id=\"il-ce-track-adj-e-disponibile-in-diverse-larghezze\">Il CE-TRACK-ADJ \u00e8 disponibile in diverse larghezze:<\/h3>\n\n\n\n<ul class=\"wp-block-list\"><li>BB650<\/li><li>BB800<\/li><li>BB1000<\/li><li>BB1200<\/li><li>BB1400<\/li><\/ul>\n\n\n\n<div style=\"height:30px\" aria-hidden=\"true\" class=\"wp-block-spacer\"><\/div>\n\n\n\n<div class=\"wp-block-columns is-layout-flex wp-container-core-columns-is-layout-9d6595d7 wp-block-columns-is-layout-flex\">\n<div class=\"wp-block-column is-layout-flow wp-block-column-is-layout-flow\">\n<figure class=\"wp-block-image size-full\"><img loading=\"lazy\" decoding=\"async\" width=\"686\" height=\"464\" src=\"https:\/\/repatransportbanden.nl\/wp-content\/uploads\/2021\/12\/Ce-Track1.jpg\" alt=\"\" class=\"wp-image-2656\" srcset=\"https:\/\/repatransportbanden.nl\/wp-content\/uploads\/2021\/12\/Ce-Track1.jpg 686w, https:\/\/repatransportbanden.nl\/wp-content\/uploads\/2021\/12\/Ce-Track1-300x203.jpg 300w\" sizes=\"auto, (max-width: 686px) 100vw, 686px\" \/><\/figure>\n<\/div>\n\n\n\n<div class=\"wp-block-column is-layout-flow wp-block-column-is-layout-flow\">\n<h2 class=\"wp-block-heading\" id=\"telai-di-scorrimento-per-nastri-ce-track\">Telai di scorrimento per nastri&nbsp;CE-TRACK<\/h2>\n\n\n\n<p>Il nostro CE-TRACK \u00e8 un&#8217;unit\u00e0 a conca&nbsp;in 3 parti, con diverse caratteristiche uniche:<\/p>\n\n\n\n<ul class=\"wp-block-list\"><li>Sempre applicabile con 2 sensi di rotazione.<\/li><\/ul>\n\n\n\n<ul class=\"wp-block-list\"><li>I rulli hanno sempre un rivestimento vulcanizzato a caldo che assicura la massima aderenza con il nastro trasportatore. Il rivestimento fa s\u00ec che vi si attacchi il meno sporco possibile.&nbsp;&nbsp;&nbsp;<\/li><\/ul>\n\n\n\n<ul class=\"wp-block-list\"><li>Grazie ai rulli laterali conici, il telaio si adatta immediatamente quando il nastro si attiva.&nbsp;<\/li><\/ul>\n<\/div>\n\n\n\n<div class=\"wp-block-column is-layout-flow wp-block-column-is-layout-flow\">\n<h3 class=\"wp-block-heading\" id=\"il-ce-track-adj-e-disponibile-in-diverse-misure-di-ampiezza\"><strong>Il CE-TRACK-ADJ \u00e8 disponibile in diverse misure di ampiezza:<\/strong><\/h3>\n\n\n\n<ul class=\"wp-block-list\"><li>BB650<\/li><li>BB800<\/li><li>BB1000<\/li><li>BB1200<\/li><li>BB1400<\/li><li>BB1600<\/li><li>BB1800<\/li><li>BB2000<\/li><li>BB2200<\/li><\/ul>\n<\/div>\n<\/div>\n","protected":false},"excerpt":{"rendered":"<p>Il nostro CE-TRACK-ADJ \u00e8 un&#8217;unit\u00e0 a conca regolabile e orientabile in 3 parti, con diverse caratteristiche uniche: Pu\u00f2 essere usato in due direzioni di rotazione. I rulli hanno sempre un rivestimento vulcanizzato a caldo per la migliore presa possibile con il nastro. Il rivestimento fa s\u00ec che vi si attacchi il meno sporco possibile. Le&hellip; <a class=\"more-link\" href=\"https:\/\/repatransportbanden.nl\/it\/trommels-en-rollen\/ce-track-band-stuurframes\/\">Continue reading <span class=\"screen-reader-text\">Telai di scorrimento per nastri CE-TRACK<\/span><\/a><\/p>\n","protected":false},"author":2,"featured_media":2662,"parent":3674,"menu_order":0,"comment_status":"closed","ping_status":"closed","template":"templates\/template-service.php","meta":{"_acf_changed":false,"footnotes":""},"class_list":["post-3684","page","type-page","status-publish","has-post-thumbnail","hentry","entry"],"acf":[],"yoast_head":"<!-- This site is optimized with the Yoast SEO plugin v27.3 - https:\/\/yoast.com\/product\/yoast-seo-wordpress\/ -->\n<title>Telai di scorrimento per nastri CE-TRACK - repatransportbanden.nl<\/title>\n<meta name=\"robots\" content=\"index, follow, max-snippet:-1, max-image-preview:large, max-video-preview:-1\" \/>\n<link rel=\"canonical\" href=\"https:\/\/repatransportbanden.nl\/it\/trommels-en-rollen\/ce-track-band-stuurframes\/\" \/>\n<meta property=\"og:locale\" content=\"it_IT\" \/>\n<meta property=\"og:type\" content=\"article\" \/>\n<meta property=\"og:title\" content=\"Telai di scorrimento per nastri CE-TRACK - repatransportbanden.nl\" \/>\n<meta property=\"og:description\" content=\"Il nostro CE-TRACK-ADJ \u00e8 un&#8217;unit\u00e0 a conca regolabile e orientabile in 3 parti, con diverse caratteristiche uniche: Pu\u00f2 essere usato in due direzioni di rotazione. I rulli hanno sempre un rivestimento vulcanizzato a caldo per la migliore presa possibile con il nastro. Il rivestimento fa s\u00ec che vi si attacchi il meno sporco possibile. Le&hellip; Continue reading Telai di scorrimento per nastri CE-TRACK\" \/>\n<meta property=\"og:url\" content=\"https:\/\/repatransportbanden.nl\/it\/trommels-en-rollen\/ce-track-band-stuurframes\/\" \/>\n<meta property=\"og:site_name\" content=\"repatransportbanden.nl\" \/>\n<meta property=\"article:modified_time\" content=\"2022-01-27T22:56:58+00:00\" \/>\n<meta property=\"og:image\" content=\"https:\/\/repatransportbanden.tempurl.host\/wp-content\/uploads\/2021\/12\/Ce-Track.jpg\" \/>\n\t<meta property=\"og:image:width\" content=\"331\" \/>\n\t<meta property=\"og:image:height\" content=\"331\" \/>\n\t<meta property=\"og:image:type\" content=\"image\/jpeg\" \/>\n<meta name=\"twitter:card\" content=\"summary_large_image\" \/>\n<meta name=\"twitter:label1\" content=\"Tempo di lettura stimato\" \/>\n\t<meta name=\"twitter:data1\" content=\"2 minuti\" \/>\n<script type=\"application\/ld+json\" class=\"yoast-schema-graph\">{\"@context\":\"https:\\\/\\\/schema.org\",\"@graph\":[{\"@type\":\"WebPage\",\"@id\":\"https:\\\/\\\/repatransportbanden.nl\\\/it\\\/trommels-en-rollen\\\/ce-track-band-stuurframes\\\/\",\"url\":\"https:\\\/\\\/repatransportbanden.nl\\\/it\\\/trommels-en-rollen\\\/ce-track-band-stuurframes\\\/\",\"name\":\"Telai di scorrimento per nastri CE-TRACK - repatransportbanden.nl\",\"isPartOf\":{\"@id\":\"https:\\\/\\\/repatransportbanden.tempurl.host\\\/#website\"},\"primaryImageOfPage\":{\"@id\":\"https:\\\/\\\/repatransportbanden.nl\\\/it\\\/trommels-en-rollen\\\/ce-track-band-stuurframes\\\/#primaryimage\"},\"image\":{\"@id\":\"https:\\\/\\\/repatransportbanden.nl\\\/it\\\/trommels-en-rollen\\\/ce-track-band-stuurframes\\\/#primaryimage\"},\"thumbnailUrl\":\"https:\\\/\\\/repatransportbanden.nl\\\/wp-content\\\/uploads\\\/2021\\\/12\\\/Ce-Track.jpg\",\"datePublished\":\"2022-01-07T08:11:18+00:00\",\"dateModified\":\"2022-01-27T22:56:58+00:00\",\"breadcrumb\":{\"@id\":\"https:\\\/\\\/repatransportbanden.nl\\\/it\\\/trommels-en-rollen\\\/ce-track-band-stuurframes\\\/#breadcrumb\"},\"inLanguage\":\"it-IT\",\"potentialAction\":[{\"@type\":\"ReadAction\",\"target\":[\"https:\\\/\\\/repatransportbanden.nl\\\/it\\\/trommels-en-rollen\\\/ce-track-band-stuurframes\\\/\"]}]},{\"@type\":\"ImageObject\",\"inLanguage\":\"it-IT\",\"@id\":\"https:\\\/\\\/repatransportbanden.nl\\\/it\\\/trommels-en-rollen\\\/ce-track-band-stuurframes\\\/#primaryimage\",\"url\":\"https:\\\/\\\/repatransportbanden.nl\\\/wp-content\\\/uploads\\\/2021\\\/12\\\/Ce-Track.jpg\",\"contentUrl\":\"https:\\\/\\\/repatransportbanden.nl\\\/wp-content\\\/uploads\\\/2021\\\/12\\\/Ce-Track.jpg\",\"width\":331,\"height\":331},{\"@type\":\"BreadcrumbList\",\"@id\":\"https:\\\/\\\/repatransportbanden.nl\\\/it\\\/trommels-en-rollen\\\/ce-track-band-stuurframes\\\/#breadcrumb\",\"itemListElement\":[{\"@type\":\"ListItem\",\"position\":1,\"name\":\"Home\",\"item\":\"https:\\\/\\\/repatransportbanden.nl\\\/it\\\/\"},{\"@type\":\"ListItem\",\"position\":2,\"name\":\"Tamburi e rulli\",\"item\":\"https:\\\/\\\/repatransportbanden.tempurl.host\\\/it\\\/trommels-en-rollen\\\/\"},{\"@type\":\"ListItem\",\"position\":3,\"name\":\"Telai di scorrimento per nastri CE-TRACK\"}]},{\"@type\":\"WebSite\",\"@id\":\"https:\\\/\\\/repatransportbanden.tempurl.host\\\/#website\",\"url\":\"https:\\\/\\\/repatransportbanden.tempurl.host\\\/\",\"name\":\"repatransportbanden.nl\",\"description\":\"\",\"potentialAction\":[{\"@type\":\"SearchAction\",\"target\":{\"@type\":\"EntryPoint\",\"urlTemplate\":\"https:\\\/\\\/repatransportbanden.tempurl.host\\\/?s={search_term_string}\"},\"query-input\":{\"@type\":\"PropertyValueSpecification\",\"valueRequired\":true,\"valueName\":\"search_term_string\"}}],\"inLanguage\":\"it-IT\"}]}<\/script>\n<!-- \/ Yoast SEO plugin. -->","yoast_head_json":{"title":"Telai di scorrimento per nastri CE-TRACK - repatransportbanden.nl","robots":{"index":"index","follow":"follow","max-snippet":"max-snippet:-1","max-image-preview":"max-image-preview:large","max-video-preview":"max-video-preview:-1"},"canonical":"https:\/\/repatransportbanden.nl\/it\/trommels-en-rollen\/ce-track-band-stuurframes\/","og_locale":"it_IT","og_type":"article","og_title":"Telai di scorrimento per nastri CE-TRACK - repatransportbanden.nl","og_description":"Il nostro CE-TRACK-ADJ \u00e8 un&#8217;unit\u00e0 a conca regolabile e orientabile in 3 parti, con diverse caratteristiche uniche: Pu\u00f2 essere usato in due direzioni di rotazione. I rulli hanno sempre un rivestimento vulcanizzato a caldo per la migliore presa possibile con il nastro. Il rivestimento fa s\u00ec che vi si attacchi il meno sporco possibile. Le&hellip; Continue reading Telai di scorrimento per nastri CE-TRACK","og_url":"https:\/\/repatransportbanden.nl\/it\/trommels-en-rollen\/ce-track-band-stuurframes\/","og_site_name":"repatransportbanden.nl","article_modified_time":"2022-01-27T22:56:58+00:00","og_image":[{"width":331,"height":331,"url":"https:\/\/repatransportbanden.tempurl.host\/wp-content\/uploads\/2021\/12\/Ce-Track.jpg","type":"image\/jpeg"}],"twitter_card":"summary_large_image","twitter_misc":{"Tempo di lettura stimato":"2 minuti"},"schema":{"@context":"https:\/\/schema.org","@graph":[{"@type":"WebPage","@id":"https:\/\/repatransportbanden.nl\/it\/trommels-en-rollen\/ce-track-band-stuurframes\/","url":"https:\/\/repatransportbanden.nl\/it\/trommels-en-rollen\/ce-track-band-stuurframes\/","name":"Telai di scorrimento per nastri CE-TRACK - repatransportbanden.nl","isPartOf":{"@id":"https:\/\/repatransportbanden.tempurl.host\/#website"},"primaryImageOfPage":{"@id":"https:\/\/repatransportbanden.nl\/it\/trommels-en-rollen\/ce-track-band-stuurframes\/#primaryimage"},"image":{"@id":"https:\/\/repatransportbanden.nl\/it\/trommels-en-rollen\/ce-track-band-stuurframes\/#primaryimage"},"thumbnailUrl":"https:\/\/repatransportbanden.nl\/wp-content\/uploads\/2021\/12\/Ce-Track.jpg","datePublished":"2022-01-07T08:11:18+00:00","dateModified":"2022-01-27T22:56:58+00:00","breadcrumb":{"@id":"https:\/\/repatransportbanden.nl\/it\/trommels-en-rollen\/ce-track-band-stuurframes\/#breadcrumb"},"inLanguage":"it-IT","potentialAction":[{"@type":"ReadAction","target":["https:\/\/repatransportbanden.nl\/it\/trommels-en-rollen\/ce-track-band-stuurframes\/"]}]},{"@type":"ImageObject","inLanguage":"it-IT","@id":"https:\/\/repatransportbanden.nl\/it\/trommels-en-rollen\/ce-track-band-stuurframes\/#primaryimage","url":"https:\/\/repatransportbanden.nl\/wp-content\/uploads\/2021\/12\/Ce-Track.jpg","contentUrl":"https:\/\/repatransportbanden.nl\/wp-content\/uploads\/2021\/12\/Ce-Track.jpg","width":331,"height":331},{"@type":"BreadcrumbList","@id":"https:\/\/repatransportbanden.nl\/it\/trommels-en-rollen\/ce-track-band-stuurframes\/#breadcrumb","itemListElement":[{"@type":"ListItem","position":1,"name":"Home","item":"https:\/\/repatransportbanden.nl\/it\/"},{"@type":"ListItem","position":2,"name":"Tamburi e rulli","item":"https:\/\/repatransportbanden.tempurl.host\/it\/trommels-en-rollen\/"},{"@type":"ListItem","position":3,"name":"Telai di scorrimento per nastri CE-TRACK"}]},{"@type":"WebSite","@id":"https:\/\/repatransportbanden.tempurl.host\/#website","url":"https:\/\/repatransportbanden.tempurl.host\/","name":"repatransportbanden.nl","description":"","potentialAction":[{"@type":"SearchAction","target":{"@type":"EntryPoint","urlTemplate":"https:\/\/repatransportbanden.tempurl.host\/?s={search_term_string}"},"query-input":{"@type":"PropertyValueSpecification","valueRequired":true,"valueName":"search_term_string"}}],"inLanguage":"it-IT"}]}},"_links":{"self":[{"href":"https:\/\/repatransportbanden.nl\/it\/wp-json\/wp\/v2\/pages\/3684","targetHints":{"allow":["GET"]}}],"collection":[{"href":"https:\/\/repatransportbanden.nl\/it\/wp-json\/wp\/v2\/pages"}],"about":[{"href":"https:\/\/repatransportbanden.nl\/it\/wp-json\/wp\/v2\/types\/page"}],"author":[{"embeddable":true,"href":"https:\/\/repatransportbanden.nl\/it\/wp-json\/wp\/v2\/users\/2"}],"replies":[{"embeddable":true,"href":"https:\/\/repatransportbanden.nl\/it\/wp-json\/wp\/v2\/comments?post=3684"}],"version-history":[{"count":5,"href":"https:\/\/repatransportbanden.nl\/it\/wp-json\/wp\/v2\/pages\/3684\/revisions"}],"predecessor-version":[{"id":4925,"href":"https:\/\/repatransportbanden.nl\/it\/wp-json\/wp\/v2\/pages\/3684\/revisions\/4925"}],"up":[{"embeddable":true,"href":"https:\/\/repatransportbanden.nl\/it\/wp-json\/wp\/v2\/pages\/3674"}],"wp:featuredmedia":[{"embeddable":true,"href":"https:\/\/repatransportbanden.nl\/it\/wp-json\/wp\/v2\/media\/2662"}],"wp:attachment":[{"href":"https:\/\/repatransportbanden.nl\/it\/wp-json\/wp\/v2\/media?parent=3684"}],"curies":[{"name":"wp","href":"https:\/\/api.w.org\/{rel}","templated":true}]}}