{"id":3669,"date":"2022-01-07T09:07:22","date_gmt":"2022-01-07T08:07:22","guid":{"rendered":"https:\/\/repatransportbanden.nl\/services\/"},"modified":"2022-01-28T00:10:23","modified_gmt":"2022-01-27T23:10:23","slug":"services","status":"publish","type":"page","link":"https:\/\/repatransportbanden.nl\/it\/services\/","title":{"rendered":"Servizi"},"content":{"rendered":"\n<h3 class=\"wp-block-heading\" id=\"montaggio-in-loco-24-ore-di-servizio\">Montaggio in loco\/24 ore di servizio<\/h3>\n\n\n\n<p>REPA \u00e8 diventata grande e nota grazie al servizio 24 ore su 24 e al montaggio in loco. Per un&#8217;azienda manifatturiera che apprezza molto il servizio, \u00e8 sicuramente molto importante. In combinazione, naturalmente, con una superba gamma di nastri trasportatori di alta qualit\u00e0 a prezzi competitivi. Tutti sanno che un arresto della linea di produzione comporta costi considerevoli. I guasti dei nastri trasportatori sono sempre fastidiosi ed \u00e8 difficile organizzare una squadra di tecnici nel fine settimana o di notte. REPA impiega pi\u00f9 di 32 tecnici di assistenza a tutto tondo, tutti formati per rimettere in pista il cliente finale il pi\u00f9 rapidamente possibile per limitare i danni. Ma prevenire \u00e8, ovviamente, meglio che curare! Ecco perch\u00e9 REPA stipula anche contratti di manutenzione con i suoi clienti. Tra l&#8217;altro, vengono effettuati regolari visite d&#8217;ispezione per identificare in anticipo qualsiasi potenziale problema. Questa strategia evita ovviamente la maggior parte dei guasti.<\/p>\n\n\n\n<p>Con le nostre ultime presse raffreddate ad aria, sviluppate da Beltquip, possiamo vulcanizzare rapidamente e facilmente i pneumatici in locoin nastri lunghi fino a 5000 mm.<\/p>\n","protected":false},"excerpt":{"rendered":"<p>Montaggio in loco\/24 ore di servizio REPA \u00e8 diventata grande e nota grazie al servizio 24 ore su 24 e al montaggio in loco. Per un&#8217;azienda manifatturiera che apprezza molto il servizio, \u00e8 sicuramente molto importante. In combinazione, naturalmente, con una superba gamma di nastri trasportatori di alta qualit\u00e0 a prezzi competitivi. Tutti sanno che&hellip; <a class=\"more-link\" href=\"https:\/\/repatransportbanden.nl\/it\/services\/\">Continue reading <span class=\"screen-reader-text\">Servizi<\/span><\/a><\/p>\n","protected":false},"author":2,"featured_media":0,"parent":0,"menu_order":0,"comment_status":"closed","ping_status":"closed","template":"templates\/template-service.php","meta":{"_acf_changed":false,"footnotes":""},"class_list":["post-3669","page","type-page","status-publish","hentry","entry"],"acf":[],"yoast_head":"<!-- This site is optimized with the Yoast SEO plugin v27.3 - https:\/\/yoast.com\/product\/yoast-seo-wordpress\/ -->\n<title>Servizi - repatransportbanden.nl<\/title>\n<meta name=\"robots\" content=\"index, follow, max-snippet:-1, max-image-preview:large, max-video-preview:-1\" \/>\n<link rel=\"canonical\" href=\"https:\/\/repatransportbanden.nl\/it\/services\/\" \/>\n<meta property=\"og:locale\" content=\"it_IT\" \/>\n<meta property=\"og:type\" content=\"article\" \/>\n<meta property=\"og:title\" content=\"Servizi - repatransportbanden.nl\" \/>\n<meta property=\"og:description\" content=\"Montaggio in loco\/24 ore di servizio REPA \u00e8 diventata grande e nota grazie al servizio 24 ore su 24 e al montaggio in loco. Per un&#8217;azienda manifatturiera che apprezza molto il servizio, \u00e8 sicuramente molto importante. In combinazione, naturalmente, con una superba gamma di nastri trasportatori di alta qualit\u00e0 a prezzi competitivi. Tutti sanno che&hellip; Continue reading Servizi\" \/>\n<meta property=\"og:url\" content=\"https:\/\/repatransportbanden.nl\/it\/services\/\" \/>\n<meta property=\"og:site_name\" content=\"repatransportbanden.nl\" \/>\n<meta property=\"article:modified_time\" content=\"2022-01-27T23:10:23+00:00\" \/>\n<meta name=\"twitter:card\" content=\"summary_large_image\" \/>\n<meta name=\"twitter:label1\" content=\"Tempo di lettura stimato\" \/>\n\t<meta name=\"twitter:data1\" content=\"1 minuto\" \/>\n<script type=\"application\/ld+json\" class=\"yoast-schema-graph\">{\"@context\":\"https:\\\/\\\/schema.org\",\"@graph\":[{\"@type\":\"WebPage\",\"@id\":\"https:\\\/\\\/repatransportbanden.nl\\\/it\\\/services\\\/\",\"url\":\"https:\\\/\\\/repatransportbanden.nl\\\/it\\\/services\\\/\",\"name\":\"Servizi - repatransportbanden.nl\",\"isPartOf\":{\"@id\":\"https:\\\/\\\/repatransportbanden.tempurl.host\\\/#website\"},\"datePublished\":\"2022-01-07T08:07:22+00:00\",\"dateModified\":\"2022-01-27T23:10:23+00:00\",\"breadcrumb\":{\"@id\":\"https:\\\/\\\/repatransportbanden.nl\\\/it\\\/services\\\/#breadcrumb\"},\"inLanguage\":\"it-IT\",\"potentialAction\":[{\"@type\":\"ReadAction\",\"target\":[\"https:\\\/\\\/repatransportbanden.nl\\\/it\\\/services\\\/\"]}]},{\"@type\":\"BreadcrumbList\",\"@id\":\"https:\\\/\\\/repatransportbanden.nl\\\/it\\\/services\\\/#breadcrumb\",\"itemListElement\":[{\"@type\":\"ListItem\",\"position\":1,\"name\":\"Home\",\"item\":\"https:\\\/\\\/repatransportbanden.nl\\\/it\\\/\"},{\"@type\":\"ListItem\",\"position\":2,\"name\":\"Servizi\"}]},{\"@type\":\"WebSite\",\"@id\":\"https:\\\/\\\/repatransportbanden.tempurl.host\\\/#website\",\"url\":\"https:\\\/\\\/repatransportbanden.tempurl.host\\\/\",\"name\":\"repatransportbanden.nl\",\"description\":\"\",\"potentialAction\":[{\"@type\":\"SearchAction\",\"target\":{\"@type\":\"EntryPoint\",\"urlTemplate\":\"https:\\\/\\\/repatransportbanden.tempurl.host\\\/?s={search_term_string}\"},\"query-input\":{\"@type\":\"PropertyValueSpecification\",\"valueRequired\":true,\"valueName\":\"search_term_string\"}}],\"inLanguage\":\"it-IT\"}]}<\/script>\n<!-- \/ Yoast SEO plugin. -->","yoast_head_json":{"title":"Servizi - repatransportbanden.nl","robots":{"index":"index","follow":"follow","max-snippet":"max-snippet:-1","max-image-preview":"max-image-preview:large","max-video-preview":"max-video-preview:-1"},"canonical":"https:\/\/repatransportbanden.nl\/it\/services\/","og_locale":"it_IT","og_type":"article","og_title":"Servizi - repatransportbanden.nl","og_description":"Montaggio in loco\/24 ore di servizio REPA \u00e8 diventata grande e nota grazie al servizio 24 ore su 24 e al montaggio in loco. Per un&#8217;azienda manifatturiera che apprezza molto il servizio, \u00e8 sicuramente molto importante. In combinazione, naturalmente, con una superba gamma di nastri trasportatori di alta qualit\u00e0 a prezzi competitivi. Tutti sanno che&hellip; Continue reading Servizi","og_url":"https:\/\/repatransportbanden.nl\/it\/services\/","og_site_name":"repatransportbanden.nl","article_modified_time":"2022-01-27T23:10:23+00:00","twitter_card":"summary_large_image","twitter_misc":{"Tempo di lettura stimato":"1 minuto"},"schema":{"@context":"https:\/\/schema.org","@graph":[{"@type":"WebPage","@id":"https:\/\/repatransportbanden.nl\/it\/services\/","url":"https:\/\/repatransportbanden.nl\/it\/services\/","name":"Servizi - repatransportbanden.nl","isPartOf":{"@id":"https:\/\/repatransportbanden.tempurl.host\/#website"},"datePublished":"2022-01-07T08:07:22+00:00","dateModified":"2022-01-27T23:10:23+00:00","breadcrumb":{"@id":"https:\/\/repatransportbanden.nl\/it\/services\/#breadcrumb"},"inLanguage":"it-IT","potentialAction":[{"@type":"ReadAction","target":["https:\/\/repatransportbanden.nl\/it\/services\/"]}]},{"@type":"BreadcrumbList","@id":"https:\/\/repatransportbanden.nl\/it\/services\/#breadcrumb","itemListElement":[{"@type":"ListItem","position":1,"name":"Home","item":"https:\/\/repatransportbanden.nl\/it\/"},{"@type":"ListItem","position":2,"name":"Servizi"}]},{"@type":"WebSite","@id":"https:\/\/repatransportbanden.tempurl.host\/#website","url":"https:\/\/repatransportbanden.tempurl.host\/","name":"repatransportbanden.nl","description":"","potentialAction":[{"@type":"SearchAction","target":{"@type":"EntryPoint","urlTemplate":"https:\/\/repatransportbanden.tempurl.host\/?s={search_term_string}"},"query-input":{"@type":"PropertyValueSpecification","valueRequired":true,"valueName":"search_term_string"}}],"inLanguage":"it-IT"}]}},"_links":{"self":[{"href":"https:\/\/repatransportbanden.nl\/it\/wp-json\/wp\/v2\/pages\/3669","targetHints":{"allow":["GET"]}}],"collection":[{"href":"https:\/\/repatransportbanden.nl\/it\/wp-json\/wp\/v2\/pages"}],"about":[{"href":"https:\/\/repatransportbanden.nl\/it\/wp-json\/wp\/v2\/types\/page"}],"author":[{"embeddable":true,"href":"https:\/\/repatransportbanden.nl\/it\/wp-json\/wp\/v2\/users\/2"}],"replies":[{"embeddable":true,"href":"https:\/\/repatransportbanden.nl\/it\/wp-json\/wp\/v2\/comments?post=3669"}],"version-history":[{"count":5,"href":"https:\/\/repatransportbanden.nl\/it\/wp-json\/wp\/v2\/pages\/3669\/revisions"}],"predecessor-version":[{"id":4933,"href":"https:\/\/repatransportbanden.nl\/it\/wp-json\/wp\/v2\/pages\/3669\/revisions\/4933"}],"wp:attachment":[{"href":"https:\/\/repatransportbanden.nl\/it\/wp-json\/wp\/v2\/media?parent=3669"}],"curies":[{"name":"wp","href":"https:\/\/api.w.org\/{rel}","templated":true}]}}