{"id":3627,"date":"2022-01-07T08:56:41","date_gmt":"2022-01-07T07:56:41","guid":{"rendered":"https:\/\/repatransportbanden.nl\/rubber\/solid-woven-banden\/"},"modified":"2022-01-11T08:30:07","modified_gmt":"2022-01-11T07:30:07","slug":"solid-woven-banden","status":"publish","type":"page","link":"https:\/\/repatransportbanden.nl\/it\/rubber\/solid-woven-banden\/","title":{"rendered":"Nastri solid woven"},"content":{"rendered":"\n<p>In alcune industrie e situazioni, i nastri trasportatori devono avere un certo spessore e devono poter sopportare molta forza di trazione e impatto. In questo caso sono generalmente scelti i nastri Solid Woven (SW).<\/p>\n\n\n\n<p>Questi nastri trasportatori sono costituiti da un solo strato, ma il materiale \u00e8 molto spesso. Questo fornisce al nastro una protezione ottimale contro strappi o altre azioni dannose. &nbsp;<\/p>\n\n\n\n<p>I nastri in tessuto solido sono molto facili da guidare e molto robusti e quindi molto versatili. Da un lato, possono portare avanti lavori molto pesanti e trasportare carichi notevoli e, dall&#8217;altro, possono essere utilizzati in macchine pi\u00f9 piccole, dove \u00e8 richiesta un&#8217;alta velocit\u00e0.&nbsp;<\/p>\n","protected":false},"excerpt":{"rendered":"<p>In alcune industrie e situazioni, i nastri trasportatori devono avere un certo spessore e devono poter sopportare molta forza di trazione e impatto. In questo caso sono generalmente scelti i nastri Solid Woven (SW). Questi nastri trasportatori sono costituiti da un solo strato, ma il materiale \u00e8 molto spesso. Questo fornisce al nastro una protezione&hellip; <a class=\"more-link\" href=\"https:\/\/repatransportbanden.nl\/it\/rubber\/solid-woven-banden\/\">Continue reading <span class=\"screen-reader-text\">Nastri solid woven<\/span><\/a><\/p>\n","protected":false},"author":2,"featured_media":2441,"parent":3579,"menu_order":0,"comment_status":"closed","ping_status":"closed","template":"templates\/template-service.php","meta":{"_acf_changed":false,"footnotes":""},"class_list":["post-3627","page","type-page","status-publish","has-post-thumbnail","hentry","entry"],"acf":[],"yoast_head":"<!-- This site is optimized with the Yoast SEO plugin v27.3 - https:\/\/yoast.com\/product\/yoast-seo-wordpress\/ -->\n<title>Nastri solid woven - repatransportbanden.nl<\/title>\n<meta name=\"robots\" content=\"index, follow, max-snippet:-1, max-image-preview:large, max-video-preview:-1\" \/>\n<link rel=\"canonical\" href=\"https:\/\/repatransportbanden.nl\/it\/rubber\/solid-woven-banden\/\" \/>\n<meta property=\"og:locale\" content=\"it_IT\" \/>\n<meta property=\"og:type\" content=\"article\" \/>\n<meta property=\"og:title\" content=\"Nastri solid woven - repatransportbanden.nl\" \/>\n<meta property=\"og:description\" content=\"In alcune industrie e situazioni, i nastri trasportatori devono avere un certo spessore e devono poter sopportare molta forza di trazione e impatto. In questo caso sono generalmente scelti i nastri Solid Woven (SW). Questi nastri trasportatori sono costituiti da un solo strato, ma il materiale \u00e8 molto spesso. Questo fornisce al nastro una protezione&hellip; Continue reading Nastri solid woven\" \/>\n<meta property=\"og:url\" content=\"https:\/\/repatransportbanden.nl\/it\/rubber\/solid-woven-banden\/\" \/>\n<meta property=\"og:site_name\" content=\"repatransportbanden.nl\" \/>\n<meta property=\"article:modified_time\" content=\"2022-01-11T07:30:07+00:00\" \/>\n<meta property=\"og:image\" content=\"https:\/\/repatransportbanden.tempurl.host\/wp-content\/uploads\/2021\/12\/solid-woven-banden.jpg\" \/>\n\t<meta property=\"og:image:width\" content=\"331\" \/>\n\t<meta property=\"og:image:height\" content=\"331\" \/>\n\t<meta property=\"og:image:type\" content=\"image\/jpeg\" \/>\n<meta name=\"twitter:card\" content=\"summary_large_image\" \/>\n<meta name=\"twitter:label1\" content=\"Tempo di lettura stimato\" \/>\n\t<meta name=\"twitter:data1\" content=\"1 minuto\" \/>\n<script type=\"application\/ld+json\" class=\"yoast-schema-graph\">{\"@context\":\"https:\\\/\\\/schema.org\",\"@graph\":[{\"@type\":\"WebPage\",\"@id\":\"https:\\\/\\\/repatransportbanden.nl\\\/it\\\/rubber\\\/solid-woven-banden\\\/\",\"url\":\"https:\\\/\\\/repatransportbanden.nl\\\/it\\\/rubber\\\/solid-woven-banden\\\/\",\"name\":\"Nastri solid woven - repatransportbanden.nl\",\"isPartOf\":{\"@id\":\"https:\\\/\\\/repatransportbanden.tempurl.host\\\/#website\"},\"primaryImageOfPage\":{\"@id\":\"https:\\\/\\\/repatransportbanden.nl\\\/it\\\/rubber\\\/solid-woven-banden\\\/#primaryimage\"},\"image\":{\"@id\":\"https:\\\/\\\/repatransportbanden.nl\\\/it\\\/rubber\\\/solid-woven-banden\\\/#primaryimage\"},\"thumbnailUrl\":\"https:\\\/\\\/repatransportbanden.nl\\\/wp-content\\\/uploads\\\/2021\\\/12\\\/solid-woven-banden.jpg\",\"datePublished\":\"2022-01-07T07:56:41+00:00\",\"dateModified\":\"2022-01-11T07:30:07+00:00\",\"breadcrumb\":{\"@id\":\"https:\\\/\\\/repatransportbanden.nl\\\/it\\\/rubber\\\/solid-woven-banden\\\/#breadcrumb\"},\"inLanguage\":\"it-IT\",\"potentialAction\":[{\"@type\":\"ReadAction\",\"target\":[\"https:\\\/\\\/repatransportbanden.nl\\\/it\\\/rubber\\\/solid-woven-banden\\\/\"]}]},{\"@type\":\"ImageObject\",\"inLanguage\":\"it-IT\",\"@id\":\"https:\\\/\\\/repatransportbanden.nl\\\/it\\\/rubber\\\/solid-woven-banden\\\/#primaryimage\",\"url\":\"https:\\\/\\\/repatransportbanden.nl\\\/wp-content\\\/uploads\\\/2021\\\/12\\\/solid-woven-banden.jpg\",\"contentUrl\":\"https:\\\/\\\/repatransportbanden.nl\\\/wp-content\\\/uploads\\\/2021\\\/12\\\/solid-woven-banden.jpg\",\"width\":331,\"height\":331},{\"@type\":\"BreadcrumbList\",\"@id\":\"https:\\\/\\\/repatransportbanden.nl\\\/it\\\/rubber\\\/solid-woven-banden\\\/#breadcrumb\",\"itemListElement\":[{\"@type\":\"ListItem\",\"position\":1,\"name\":\"Home\",\"item\":\"https:\\\/\\\/repatransportbanden.nl\\\/it\\\/\"},{\"@type\":\"ListItem\",\"position\":2,\"name\":\"Gomma\",\"item\":\"https:\\\/\\\/repatransportbanden.tempurl.host\\\/it\\\/rubber\\\/\"},{\"@type\":\"ListItem\",\"position\":3,\"name\":\"Nastri solid woven\"}]},{\"@type\":\"WebSite\",\"@id\":\"https:\\\/\\\/repatransportbanden.tempurl.host\\\/#website\",\"url\":\"https:\\\/\\\/repatransportbanden.tempurl.host\\\/\",\"name\":\"repatransportbanden.nl\",\"description\":\"\",\"potentialAction\":[{\"@type\":\"SearchAction\",\"target\":{\"@type\":\"EntryPoint\",\"urlTemplate\":\"https:\\\/\\\/repatransportbanden.tempurl.host\\\/?s={search_term_string}\"},\"query-input\":{\"@type\":\"PropertyValueSpecification\",\"valueRequired\":true,\"valueName\":\"search_term_string\"}}],\"inLanguage\":\"it-IT\"}]}<\/script>\n<!-- \/ Yoast SEO plugin. -->","yoast_head_json":{"title":"Nastri solid woven - repatransportbanden.nl","robots":{"index":"index","follow":"follow","max-snippet":"max-snippet:-1","max-image-preview":"max-image-preview:large","max-video-preview":"max-video-preview:-1"},"canonical":"https:\/\/repatransportbanden.nl\/it\/rubber\/solid-woven-banden\/","og_locale":"it_IT","og_type":"article","og_title":"Nastri solid woven - repatransportbanden.nl","og_description":"In alcune industrie e situazioni, i nastri trasportatori devono avere un certo spessore e devono poter sopportare molta forza di trazione e impatto. In questo caso sono generalmente scelti i nastri Solid Woven (SW). Questi nastri trasportatori sono costituiti da un solo strato, ma il materiale \u00e8 molto spesso. Questo fornisce al nastro una protezione&hellip; Continue reading Nastri solid woven","og_url":"https:\/\/repatransportbanden.nl\/it\/rubber\/solid-woven-banden\/","og_site_name":"repatransportbanden.nl","article_modified_time":"2022-01-11T07:30:07+00:00","og_image":[{"width":331,"height":331,"url":"https:\/\/repatransportbanden.tempurl.host\/wp-content\/uploads\/2021\/12\/solid-woven-banden.jpg","type":"image\/jpeg"}],"twitter_card":"summary_large_image","twitter_misc":{"Tempo di lettura stimato":"1 minuto"},"schema":{"@context":"https:\/\/schema.org","@graph":[{"@type":"WebPage","@id":"https:\/\/repatransportbanden.nl\/it\/rubber\/solid-woven-banden\/","url":"https:\/\/repatransportbanden.nl\/it\/rubber\/solid-woven-banden\/","name":"Nastri solid woven - repatransportbanden.nl","isPartOf":{"@id":"https:\/\/repatransportbanden.tempurl.host\/#website"},"primaryImageOfPage":{"@id":"https:\/\/repatransportbanden.nl\/it\/rubber\/solid-woven-banden\/#primaryimage"},"image":{"@id":"https:\/\/repatransportbanden.nl\/it\/rubber\/solid-woven-banden\/#primaryimage"},"thumbnailUrl":"https:\/\/repatransportbanden.nl\/wp-content\/uploads\/2021\/12\/solid-woven-banden.jpg","datePublished":"2022-01-07T07:56:41+00:00","dateModified":"2022-01-11T07:30:07+00:00","breadcrumb":{"@id":"https:\/\/repatransportbanden.nl\/it\/rubber\/solid-woven-banden\/#breadcrumb"},"inLanguage":"it-IT","potentialAction":[{"@type":"ReadAction","target":["https:\/\/repatransportbanden.nl\/it\/rubber\/solid-woven-banden\/"]}]},{"@type":"ImageObject","inLanguage":"it-IT","@id":"https:\/\/repatransportbanden.nl\/it\/rubber\/solid-woven-banden\/#primaryimage","url":"https:\/\/repatransportbanden.nl\/wp-content\/uploads\/2021\/12\/solid-woven-banden.jpg","contentUrl":"https:\/\/repatransportbanden.nl\/wp-content\/uploads\/2021\/12\/solid-woven-banden.jpg","width":331,"height":331},{"@type":"BreadcrumbList","@id":"https:\/\/repatransportbanden.nl\/it\/rubber\/solid-woven-banden\/#breadcrumb","itemListElement":[{"@type":"ListItem","position":1,"name":"Home","item":"https:\/\/repatransportbanden.nl\/it\/"},{"@type":"ListItem","position":2,"name":"Gomma","item":"https:\/\/repatransportbanden.tempurl.host\/it\/rubber\/"},{"@type":"ListItem","position":3,"name":"Nastri solid woven"}]},{"@type":"WebSite","@id":"https:\/\/repatransportbanden.tempurl.host\/#website","url":"https:\/\/repatransportbanden.tempurl.host\/","name":"repatransportbanden.nl","description":"","potentialAction":[{"@type":"SearchAction","target":{"@type":"EntryPoint","urlTemplate":"https:\/\/repatransportbanden.tempurl.host\/?s={search_term_string}"},"query-input":{"@type":"PropertyValueSpecification","valueRequired":true,"valueName":"search_term_string"}}],"inLanguage":"it-IT"}]}},"_links":{"self":[{"href":"https:\/\/repatransportbanden.nl\/it\/wp-json\/wp\/v2\/pages\/3627","targetHints":{"allow":["GET"]}}],"collection":[{"href":"https:\/\/repatransportbanden.nl\/it\/wp-json\/wp\/v2\/pages"}],"about":[{"href":"https:\/\/repatransportbanden.nl\/it\/wp-json\/wp\/v2\/types\/page"}],"author":[{"embeddable":true,"href":"https:\/\/repatransportbanden.nl\/it\/wp-json\/wp\/v2\/users\/2"}],"replies":[{"embeddable":true,"href":"https:\/\/repatransportbanden.nl\/it\/wp-json\/wp\/v2\/comments?post=3627"}],"version-history":[{"count":4,"href":"https:\/\/repatransportbanden.nl\/it\/wp-json\/wp\/v2\/pages\/3627\/revisions"}],"predecessor-version":[{"id":4032,"href":"https:\/\/repatransportbanden.nl\/it\/wp-json\/wp\/v2\/pages\/3627\/revisions\/4032"}],"up":[{"embeddable":true,"href":"https:\/\/repatransportbanden.nl\/it\/wp-json\/wp\/v2\/pages\/3579"}],"wp:featuredmedia":[{"embeddable":true,"href":"https:\/\/repatransportbanden.nl\/it\/wp-json\/wp\/v2\/media\/2441"}],"wp:attachment":[{"href":"https:\/\/repatransportbanden.nl\/it\/wp-json\/wp\/v2\/media?parent=3627"}],"curies":[{"name":"wp","href":"https:\/\/api.w.org\/{rel}","templated":true}]}}