{"id":3621,"date":"2022-01-07T08:53:56","date_gmt":"2022-01-07T07:53:56","guid":{"rendered":"https:\/\/repatransportbanden.nl\/rubber\/rubber-snaren\/"},"modified":"2022-01-11T08:18:34","modified_gmt":"2022-01-11T07:18:34","slug":"rubber-snaren","status":"publish","type":"page","link":"https:\/\/repatransportbanden.nl\/it\/rubber\/rubber-snaren\/","title":{"rendered":"Guide di scorrimento"},"content":{"rendered":"\n<p>Su un nastro trasportatore possono agire forze laterali considerevoli e pu\u00f2 succedere che il nastro deragli. Per evitare ci\u00f2 e per garantire la massima stabilit\u00e0 possibile, si consiglia quindi di fissare il nastro alle guide di scorrimento.<\/p>\n\n\n\n<p>Abbiamo diversi tipi di guide di scorrimento tra cui scegliere, come le guide a V o a blocco. I nastri possono essere dotati di guide attraverso la vulcanizzazione a caldo o a freddo. Questa scelta dipende dall&#8217;industria specifica in cui si lavora e dalle applicazioni per cui si user\u00e0 il nastro.<\/p>\n","protected":false},"excerpt":{"rendered":"<p>Su un nastro trasportatore possono agire forze laterali considerevoli e pu\u00f2 succedere che il nastro deragli. Per evitare ci\u00f2 e per garantire la massima stabilit\u00e0 possibile, si consiglia quindi di fissare il nastro alle guide di scorrimento. Abbiamo diversi tipi di guide di scorrimento tra cui scegliere, come le guide a V o a blocco.&hellip; <a class=\"more-link\" href=\"https:\/\/repatransportbanden.nl\/it\/rubber\/rubber-snaren\/\">Continue reading <span class=\"screen-reader-text\">Guide di scorrimento<\/span><\/a><\/p>\n","protected":false},"author":2,"featured_media":2432,"parent":3579,"menu_order":0,"comment_status":"closed","ping_status":"closed","template":"templates\/template-service.php","meta":{"_acf_changed":false,"footnotes":""},"class_list":["post-3621","page","type-page","status-publish","has-post-thumbnail","hentry","entry"],"acf":[],"yoast_head":"<!-- This site is optimized with the Yoast SEO plugin v27.3 - https:\/\/yoast.com\/product\/yoast-seo-wordpress\/ -->\n<title>Guide di scorrimento - repatransportbanden.nl<\/title>\n<meta name=\"robots\" content=\"index, follow, max-snippet:-1, max-image-preview:large, max-video-preview:-1\" \/>\n<link rel=\"canonical\" href=\"https:\/\/repatransportbanden.nl\/it\/rubber\/rubber-snaren\/\" \/>\n<meta property=\"og:locale\" content=\"it_IT\" \/>\n<meta property=\"og:type\" content=\"article\" \/>\n<meta property=\"og:title\" content=\"Guide di scorrimento - repatransportbanden.nl\" \/>\n<meta property=\"og:description\" content=\"Su un nastro trasportatore possono agire forze laterali considerevoli e pu\u00f2 succedere che il nastro deragli. Per evitare ci\u00f2 e per garantire la massima stabilit\u00e0 possibile, si consiglia quindi di fissare il nastro alle guide di scorrimento. Abbiamo diversi tipi di guide di scorrimento tra cui scegliere, come le guide a V o a blocco.&hellip; Continue reading Guide di scorrimento\" \/>\n<meta property=\"og:url\" content=\"https:\/\/repatransportbanden.nl\/it\/rubber\/rubber-snaren\/\" \/>\n<meta property=\"og:site_name\" content=\"repatransportbanden.nl\" \/>\n<meta property=\"article:modified_time\" content=\"2022-01-11T07:18:34+00:00\" \/>\n<meta property=\"og:image\" content=\"https:\/\/repatransportbanden.tempurl.host\/wp-content\/uploads\/2021\/12\/Rubber-snaren.jpg\" \/>\n\t<meta property=\"og:image:width\" content=\"331\" \/>\n\t<meta property=\"og:image:height\" content=\"331\" \/>\n\t<meta property=\"og:image:type\" content=\"image\/jpeg\" \/>\n<meta name=\"twitter:card\" content=\"summary_large_image\" \/>\n<meta name=\"twitter:label1\" content=\"Tempo di lettura stimato\" \/>\n\t<meta name=\"twitter:data1\" content=\"1 minuto\" \/>\n<script type=\"application\/ld+json\" class=\"yoast-schema-graph\">{\"@context\":\"https:\\\/\\\/schema.org\",\"@graph\":[{\"@type\":\"WebPage\",\"@id\":\"https:\\\/\\\/repatransportbanden.nl\\\/it\\\/rubber\\\/rubber-snaren\\\/\",\"url\":\"https:\\\/\\\/repatransportbanden.nl\\\/it\\\/rubber\\\/rubber-snaren\\\/\",\"name\":\"Guide di scorrimento - repatransportbanden.nl\",\"isPartOf\":{\"@id\":\"https:\\\/\\\/repatransportbanden.tempurl.host\\\/#website\"},\"primaryImageOfPage\":{\"@id\":\"https:\\\/\\\/repatransportbanden.nl\\\/it\\\/rubber\\\/rubber-snaren\\\/#primaryimage\"},\"image\":{\"@id\":\"https:\\\/\\\/repatransportbanden.nl\\\/it\\\/rubber\\\/rubber-snaren\\\/#primaryimage\"},\"thumbnailUrl\":\"https:\\\/\\\/repatransportbanden.nl\\\/wp-content\\\/uploads\\\/2021\\\/12\\\/Rubber-snaren.jpg\",\"datePublished\":\"2022-01-07T07:53:56+00:00\",\"dateModified\":\"2022-01-11T07:18:34+00:00\",\"breadcrumb\":{\"@id\":\"https:\\\/\\\/repatransportbanden.nl\\\/it\\\/rubber\\\/rubber-snaren\\\/#breadcrumb\"},\"inLanguage\":\"it-IT\",\"potentialAction\":[{\"@type\":\"ReadAction\",\"target\":[\"https:\\\/\\\/repatransportbanden.nl\\\/it\\\/rubber\\\/rubber-snaren\\\/\"]}]},{\"@type\":\"ImageObject\",\"inLanguage\":\"it-IT\",\"@id\":\"https:\\\/\\\/repatransportbanden.nl\\\/it\\\/rubber\\\/rubber-snaren\\\/#primaryimage\",\"url\":\"https:\\\/\\\/repatransportbanden.nl\\\/wp-content\\\/uploads\\\/2021\\\/12\\\/Rubber-snaren.jpg\",\"contentUrl\":\"https:\\\/\\\/repatransportbanden.nl\\\/wp-content\\\/uploads\\\/2021\\\/12\\\/Rubber-snaren.jpg\",\"width\":331,\"height\":331},{\"@type\":\"BreadcrumbList\",\"@id\":\"https:\\\/\\\/repatransportbanden.nl\\\/it\\\/rubber\\\/rubber-snaren\\\/#breadcrumb\",\"itemListElement\":[{\"@type\":\"ListItem\",\"position\":1,\"name\":\"Home\",\"item\":\"https:\\\/\\\/repatransportbanden.nl\\\/it\\\/\"},{\"@type\":\"ListItem\",\"position\":2,\"name\":\"Gomma\",\"item\":\"https:\\\/\\\/repatransportbanden.tempurl.host\\\/it\\\/rubber\\\/\"},{\"@type\":\"ListItem\",\"position\":3,\"name\":\"Guide di scorrimento\"}]},{\"@type\":\"WebSite\",\"@id\":\"https:\\\/\\\/repatransportbanden.tempurl.host\\\/#website\",\"url\":\"https:\\\/\\\/repatransportbanden.tempurl.host\\\/\",\"name\":\"repatransportbanden.nl\",\"description\":\"\",\"potentialAction\":[{\"@type\":\"SearchAction\",\"target\":{\"@type\":\"EntryPoint\",\"urlTemplate\":\"https:\\\/\\\/repatransportbanden.tempurl.host\\\/?s={search_term_string}\"},\"query-input\":{\"@type\":\"PropertyValueSpecification\",\"valueRequired\":true,\"valueName\":\"search_term_string\"}}],\"inLanguage\":\"it-IT\"}]}<\/script>\n<!-- \/ Yoast SEO plugin. -->","yoast_head_json":{"title":"Guide di scorrimento - repatransportbanden.nl","robots":{"index":"index","follow":"follow","max-snippet":"max-snippet:-1","max-image-preview":"max-image-preview:large","max-video-preview":"max-video-preview:-1"},"canonical":"https:\/\/repatransportbanden.nl\/it\/rubber\/rubber-snaren\/","og_locale":"it_IT","og_type":"article","og_title":"Guide di scorrimento - repatransportbanden.nl","og_description":"Su un nastro trasportatore possono agire forze laterali considerevoli e pu\u00f2 succedere che il nastro deragli. Per evitare ci\u00f2 e per garantire la massima stabilit\u00e0 possibile, si consiglia quindi di fissare il nastro alle guide di scorrimento. Abbiamo diversi tipi di guide di scorrimento tra cui scegliere, come le guide a V o a blocco.&hellip; Continue reading Guide di scorrimento","og_url":"https:\/\/repatransportbanden.nl\/it\/rubber\/rubber-snaren\/","og_site_name":"repatransportbanden.nl","article_modified_time":"2022-01-11T07:18:34+00:00","og_image":[{"width":331,"height":331,"url":"https:\/\/repatransportbanden.tempurl.host\/wp-content\/uploads\/2021\/12\/Rubber-snaren.jpg","type":"image\/jpeg"}],"twitter_card":"summary_large_image","twitter_misc":{"Tempo di lettura stimato":"1 minuto"},"schema":{"@context":"https:\/\/schema.org","@graph":[{"@type":"WebPage","@id":"https:\/\/repatransportbanden.nl\/it\/rubber\/rubber-snaren\/","url":"https:\/\/repatransportbanden.nl\/it\/rubber\/rubber-snaren\/","name":"Guide di scorrimento - repatransportbanden.nl","isPartOf":{"@id":"https:\/\/repatransportbanden.tempurl.host\/#website"},"primaryImageOfPage":{"@id":"https:\/\/repatransportbanden.nl\/it\/rubber\/rubber-snaren\/#primaryimage"},"image":{"@id":"https:\/\/repatransportbanden.nl\/it\/rubber\/rubber-snaren\/#primaryimage"},"thumbnailUrl":"https:\/\/repatransportbanden.nl\/wp-content\/uploads\/2021\/12\/Rubber-snaren.jpg","datePublished":"2022-01-07T07:53:56+00:00","dateModified":"2022-01-11T07:18:34+00:00","breadcrumb":{"@id":"https:\/\/repatransportbanden.nl\/it\/rubber\/rubber-snaren\/#breadcrumb"},"inLanguage":"it-IT","potentialAction":[{"@type":"ReadAction","target":["https:\/\/repatransportbanden.nl\/it\/rubber\/rubber-snaren\/"]}]},{"@type":"ImageObject","inLanguage":"it-IT","@id":"https:\/\/repatransportbanden.nl\/it\/rubber\/rubber-snaren\/#primaryimage","url":"https:\/\/repatransportbanden.nl\/wp-content\/uploads\/2021\/12\/Rubber-snaren.jpg","contentUrl":"https:\/\/repatransportbanden.nl\/wp-content\/uploads\/2021\/12\/Rubber-snaren.jpg","width":331,"height":331},{"@type":"BreadcrumbList","@id":"https:\/\/repatransportbanden.nl\/it\/rubber\/rubber-snaren\/#breadcrumb","itemListElement":[{"@type":"ListItem","position":1,"name":"Home","item":"https:\/\/repatransportbanden.nl\/it\/"},{"@type":"ListItem","position":2,"name":"Gomma","item":"https:\/\/repatransportbanden.tempurl.host\/it\/rubber\/"},{"@type":"ListItem","position":3,"name":"Guide di scorrimento"}]},{"@type":"WebSite","@id":"https:\/\/repatransportbanden.tempurl.host\/#website","url":"https:\/\/repatransportbanden.tempurl.host\/","name":"repatransportbanden.nl","description":"","potentialAction":[{"@type":"SearchAction","target":{"@type":"EntryPoint","urlTemplate":"https:\/\/repatransportbanden.tempurl.host\/?s={search_term_string}"},"query-input":{"@type":"PropertyValueSpecification","valueRequired":true,"valueName":"search_term_string"}}],"inLanguage":"it-IT"}]}},"_links":{"self":[{"href":"https:\/\/repatransportbanden.nl\/it\/wp-json\/wp\/v2\/pages\/3621","targetHints":{"allow":["GET"]}}],"collection":[{"href":"https:\/\/repatransportbanden.nl\/it\/wp-json\/wp\/v2\/pages"}],"about":[{"href":"https:\/\/repatransportbanden.nl\/it\/wp-json\/wp\/v2\/types\/page"}],"author":[{"embeddable":true,"href":"https:\/\/repatransportbanden.nl\/it\/wp-json\/wp\/v2\/users\/2"}],"replies":[{"embeddable":true,"href":"https:\/\/repatransportbanden.nl\/it\/wp-json\/wp\/v2\/comments?post=3621"}],"version-history":[{"count":4,"href":"https:\/\/repatransportbanden.nl\/it\/wp-json\/wp\/v2\/pages\/3621\/revisions"}],"predecessor-version":[{"id":4027,"href":"https:\/\/repatransportbanden.nl\/it\/wp-json\/wp\/v2\/pages\/3621\/revisions\/4027"}],"up":[{"embeddable":true,"href":"https:\/\/repatransportbanden.nl\/it\/wp-json\/wp\/v2\/pages\/3579"}],"wp:featuredmedia":[{"embeddable":true,"href":"https:\/\/repatransportbanden.nl\/it\/wp-json\/wp\/v2\/media\/2432"}],"wp:attachment":[{"href":"https:\/\/repatransportbanden.nl\/it\/wp-json\/wp\/v2\/media?parent=3621"}],"curies":[{"name":"wp","href":"https:\/\/api.w.org\/{rel}","templated":true}]}}