{"id":3597,"date":"2022-01-07T08:41:52","date_gmt":"2022-01-07T07:41:52","guid":{"rendered":"https:\/\/repatransportbanden.nl\/rubber\/hittebestendige-banden\/"},"modified":"2022-01-11T07:55:05","modified_gmt":"2022-01-11T06:55:05","slug":"hittebestendige-banden","status":"publish","type":"page","link":"https:\/\/repatransportbanden.nl\/it\/rubber\/hittebestendige-banden\/","title":{"rendered":"Nastri resistenti al calore"},"content":{"rendered":"\n<p>Nei luoghi in cui il nastro dovr\u00e0 trasportare sostanze o prodotti caldi non si pu\u00f2 fare a meno dei nastri resistenti al calore. Pensate per esempio all&#8217;industria siderurgica, all&#8217;industria del riciclaggio o al settore portuale.<\/p>\n\n\n\n<p>Quando i nastri trasportatori sono esposti a temperature molto alte per un lungo periodo di tempo, la loro qualit\u00e0 pu\u00f2 deteriorarsi rapidamente. Per esempio, le coperture e gli intarsi possono staccarsi, ma anche la saldatura. Questo pu\u00f2 causare la rottura del nastro, che a sua volta si traduce in una stagnazione della produzione.<\/p>\n\n\n\n<p>Con i nastri trasportatori di alta qualit\u00e0 e resistenti al calore di Repa, questo tipo di situazioni non si verificheranno sicuramente.<\/p>\n","protected":false},"excerpt":{"rendered":"<p>Nei luoghi in cui il nastro dovr\u00e0 trasportare sostanze o prodotti caldi non si pu\u00f2 fare a meno dei nastri resistenti al calore. Pensate per esempio all&#8217;industria siderurgica, all&#8217;industria del riciclaggio o al settore portuale. Quando i nastri trasportatori sono esposti a temperature molto alte per un lungo periodo di tempo, la loro qualit\u00e0 pu\u00f2&hellip; <a class=\"more-link\" href=\"https:\/\/repatransportbanden.nl\/it\/rubber\/hittebestendige-banden\/\">Continue reading <span class=\"screen-reader-text\">Nastri resistenti al calore<\/span><\/a><\/p>\n","protected":false},"author":2,"featured_media":2366,"parent":3579,"menu_order":0,"comment_status":"closed","ping_status":"closed","template":"templates\/template-service.php","meta":{"_acf_changed":false,"footnotes":""},"class_list":["post-3597","page","type-page","status-publish","has-post-thumbnail","hentry","entry"],"acf":[],"yoast_head":"<!-- This site is optimized with the Yoast SEO plugin v27.4 - https:\/\/yoast.com\/product\/yoast-seo-wordpress\/ -->\n<title>Nastri resistenti al calore - repatransportbanden.nl<\/title>\n<meta name=\"robots\" content=\"index, follow, max-snippet:-1, max-image-preview:large, max-video-preview:-1\" \/>\n<link rel=\"canonical\" href=\"https:\/\/repatransportbanden.nl\/it\/rubber\/hittebestendige-banden\/\" \/>\n<meta property=\"og:locale\" content=\"it_IT\" \/>\n<meta property=\"og:type\" content=\"article\" \/>\n<meta property=\"og:title\" content=\"Nastri resistenti al calore - repatransportbanden.nl\" \/>\n<meta property=\"og:description\" content=\"Nei luoghi in cui il nastro dovr\u00e0 trasportare sostanze o prodotti caldi non si pu\u00f2 fare a meno dei nastri resistenti al calore. Pensate per esempio all&#8217;industria siderurgica, all&#8217;industria del riciclaggio o al settore portuale. Quando i nastri trasportatori sono esposti a temperature molto alte per un lungo periodo di tempo, la loro qualit\u00e0 pu\u00f2&hellip; Continue reading Nastri resistenti al calore\" \/>\n<meta property=\"og:url\" content=\"https:\/\/repatransportbanden.nl\/it\/rubber\/hittebestendige-banden\/\" \/>\n<meta property=\"og:site_name\" content=\"repatransportbanden.nl\" \/>\n<meta property=\"article:modified_time\" content=\"2022-01-11T06:55:05+00:00\" \/>\n<meta property=\"og:image\" content=\"https:\/\/repatransportbanden.tempurl.host\/wp-content\/uploads\/2021\/12\/Hittebestendige-banden.jpg\" \/>\n\t<meta property=\"og:image:width\" content=\"331\" \/>\n\t<meta property=\"og:image:height\" content=\"331\" \/>\n\t<meta property=\"og:image:type\" content=\"image\/jpeg\" \/>\n<meta name=\"twitter:card\" content=\"summary_large_image\" \/>\n<meta name=\"twitter:label1\" content=\"Tempo di lettura stimato\" \/>\n\t<meta name=\"twitter:data1\" content=\"1 minuto\" \/>\n<script type=\"application\/ld+json\" class=\"yoast-schema-graph\">{\"@context\":\"https:\\\/\\\/schema.org\",\"@graph\":[{\"@type\":\"WebPage\",\"@id\":\"https:\\\/\\\/repatransportbanden.nl\\\/it\\\/rubber\\\/hittebestendige-banden\\\/\",\"url\":\"https:\\\/\\\/repatransportbanden.nl\\\/it\\\/rubber\\\/hittebestendige-banden\\\/\",\"name\":\"Nastri resistenti al calore - repatransportbanden.nl\",\"isPartOf\":{\"@id\":\"https:\\\/\\\/repatransportbanden.tempurl.host\\\/#website\"},\"primaryImageOfPage\":{\"@id\":\"https:\\\/\\\/repatransportbanden.nl\\\/it\\\/rubber\\\/hittebestendige-banden\\\/#primaryimage\"},\"image\":{\"@id\":\"https:\\\/\\\/repatransportbanden.nl\\\/it\\\/rubber\\\/hittebestendige-banden\\\/#primaryimage\"},\"thumbnailUrl\":\"https:\\\/\\\/repatransportbanden.nl\\\/wp-content\\\/uploads\\\/2021\\\/12\\\/Hittebestendige-banden.jpg\",\"datePublished\":\"2022-01-07T07:41:52+00:00\",\"dateModified\":\"2022-01-11T06:55:05+00:00\",\"breadcrumb\":{\"@id\":\"https:\\\/\\\/repatransportbanden.nl\\\/it\\\/rubber\\\/hittebestendige-banden\\\/#breadcrumb\"},\"inLanguage\":\"it-IT\",\"potentialAction\":[{\"@type\":\"ReadAction\",\"target\":[\"https:\\\/\\\/repatransportbanden.nl\\\/it\\\/rubber\\\/hittebestendige-banden\\\/\"]}]},{\"@type\":\"ImageObject\",\"inLanguage\":\"it-IT\",\"@id\":\"https:\\\/\\\/repatransportbanden.nl\\\/it\\\/rubber\\\/hittebestendige-banden\\\/#primaryimage\",\"url\":\"https:\\\/\\\/repatransportbanden.nl\\\/wp-content\\\/uploads\\\/2021\\\/12\\\/Hittebestendige-banden.jpg\",\"contentUrl\":\"https:\\\/\\\/repatransportbanden.nl\\\/wp-content\\\/uploads\\\/2021\\\/12\\\/Hittebestendige-banden.jpg\",\"width\":331,\"height\":331},{\"@type\":\"BreadcrumbList\",\"@id\":\"https:\\\/\\\/repatransportbanden.nl\\\/it\\\/rubber\\\/hittebestendige-banden\\\/#breadcrumb\",\"itemListElement\":[{\"@type\":\"ListItem\",\"position\":1,\"name\":\"Home\",\"item\":\"https:\\\/\\\/repatransportbanden.nl\\\/it\\\/\"},{\"@type\":\"ListItem\",\"position\":2,\"name\":\"Gomma\",\"item\":\"https:\\\/\\\/repatransportbanden.tempurl.host\\\/it\\\/rubber\\\/\"},{\"@type\":\"ListItem\",\"position\":3,\"name\":\"Nastri resistenti al calore\"}]},{\"@type\":\"WebSite\",\"@id\":\"https:\\\/\\\/repatransportbanden.tempurl.host\\\/#website\",\"url\":\"https:\\\/\\\/repatransportbanden.tempurl.host\\\/\",\"name\":\"repatransportbanden.nl\",\"description\":\"\",\"potentialAction\":[{\"@type\":\"SearchAction\",\"target\":{\"@type\":\"EntryPoint\",\"urlTemplate\":\"https:\\\/\\\/repatransportbanden.tempurl.host\\\/?s={search_term_string}\"},\"query-input\":{\"@type\":\"PropertyValueSpecification\",\"valueRequired\":true,\"valueName\":\"search_term_string\"}}],\"inLanguage\":\"it-IT\"}]}<\/script>\n<!-- \/ Yoast SEO plugin. -->","yoast_head_json":{"title":"Nastri resistenti al calore - repatransportbanden.nl","robots":{"index":"index","follow":"follow","max-snippet":"max-snippet:-1","max-image-preview":"max-image-preview:large","max-video-preview":"max-video-preview:-1"},"canonical":"https:\/\/repatransportbanden.nl\/it\/rubber\/hittebestendige-banden\/","og_locale":"it_IT","og_type":"article","og_title":"Nastri resistenti al calore - repatransportbanden.nl","og_description":"Nei luoghi in cui il nastro dovr\u00e0 trasportare sostanze o prodotti caldi non si pu\u00f2 fare a meno dei nastri resistenti al calore. Pensate per esempio all&#8217;industria siderurgica, all&#8217;industria del riciclaggio o al settore portuale. Quando i nastri trasportatori sono esposti a temperature molto alte per un lungo periodo di tempo, la loro qualit\u00e0 pu\u00f2&hellip; Continue reading Nastri resistenti al calore","og_url":"https:\/\/repatransportbanden.nl\/it\/rubber\/hittebestendige-banden\/","og_site_name":"repatransportbanden.nl","article_modified_time":"2022-01-11T06:55:05+00:00","og_image":[{"width":331,"height":331,"url":"https:\/\/repatransportbanden.tempurl.host\/wp-content\/uploads\/2021\/12\/Hittebestendige-banden.jpg","type":"image\/jpeg"}],"twitter_card":"summary_large_image","twitter_misc":{"Tempo di lettura stimato":"1 minuto"},"schema":{"@context":"https:\/\/schema.org","@graph":[{"@type":"WebPage","@id":"https:\/\/repatransportbanden.nl\/it\/rubber\/hittebestendige-banden\/","url":"https:\/\/repatransportbanden.nl\/it\/rubber\/hittebestendige-banden\/","name":"Nastri resistenti al calore - repatransportbanden.nl","isPartOf":{"@id":"https:\/\/repatransportbanden.tempurl.host\/#website"},"primaryImageOfPage":{"@id":"https:\/\/repatransportbanden.nl\/it\/rubber\/hittebestendige-banden\/#primaryimage"},"image":{"@id":"https:\/\/repatransportbanden.nl\/it\/rubber\/hittebestendige-banden\/#primaryimage"},"thumbnailUrl":"https:\/\/repatransportbanden.nl\/wp-content\/uploads\/2021\/12\/Hittebestendige-banden.jpg","datePublished":"2022-01-07T07:41:52+00:00","dateModified":"2022-01-11T06:55:05+00:00","breadcrumb":{"@id":"https:\/\/repatransportbanden.nl\/it\/rubber\/hittebestendige-banden\/#breadcrumb"},"inLanguage":"it-IT","potentialAction":[{"@type":"ReadAction","target":["https:\/\/repatransportbanden.nl\/it\/rubber\/hittebestendige-banden\/"]}]},{"@type":"ImageObject","inLanguage":"it-IT","@id":"https:\/\/repatransportbanden.nl\/it\/rubber\/hittebestendige-banden\/#primaryimage","url":"https:\/\/repatransportbanden.nl\/wp-content\/uploads\/2021\/12\/Hittebestendige-banden.jpg","contentUrl":"https:\/\/repatransportbanden.nl\/wp-content\/uploads\/2021\/12\/Hittebestendige-banden.jpg","width":331,"height":331},{"@type":"BreadcrumbList","@id":"https:\/\/repatransportbanden.nl\/it\/rubber\/hittebestendige-banden\/#breadcrumb","itemListElement":[{"@type":"ListItem","position":1,"name":"Home","item":"https:\/\/repatransportbanden.nl\/it\/"},{"@type":"ListItem","position":2,"name":"Gomma","item":"https:\/\/repatransportbanden.tempurl.host\/it\/rubber\/"},{"@type":"ListItem","position":3,"name":"Nastri resistenti al calore"}]},{"@type":"WebSite","@id":"https:\/\/repatransportbanden.tempurl.host\/#website","url":"https:\/\/repatransportbanden.tempurl.host\/","name":"repatransportbanden.nl","description":"","potentialAction":[{"@type":"SearchAction","target":{"@type":"EntryPoint","urlTemplate":"https:\/\/repatransportbanden.tempurl.host\/?s={search_term_string}"},"query-input":{"@type":"PropertyValueSpecification","valueRequired":true,"valueName":"search_term_string"}}],"inLanguage":"it-IT"}]}},"_links":{"self":[{"href":"https:\/\/repatransportbanden.nl\/it\/wp-json\/wp\/v2\/pages\/3597","targetHints":{"allow":["GET"]}}],"collection":[{"href":"https:\/\/repatransportbanden.nl\/it\/wp-json\/wp\/v2\/pages"}],"about":[{"href":"https:\/\/repatransportbanden.nl\/it\/wp-json\/wp\/v2\/types\/page"}],"author":[{"embeddable":true,"href":"https:\/\/repatransportbanden.nl\/it\/wp-json\/wp\/v2\/users\/2"}],"replies":[{"embeddable":true,"href":"https:\/\/repatransportbanden.nl\/it\/wp-json\/wp\/v2\/comments?post=3597"}],"version-history":[{"count":4,"href":"https:\/\/repatransportbanden.nl\/it\/wp-json\/wp\/v2\/pages\/3597\/revisions"}],"predecessor-version":[{"id":4014,"href":"https:\/\/repatransportbanden.nl\/it\/wp-json\/wp\/v2\/pages\/3597\/revisions\/4014"}],"up":[{"embeddable":true,"href":"https:\/\/repatransportbanden.nl\/it\/wp-json\/wp\/v2\/pages\/3579"}],"wp:featuredmedia":[{"embeddable":true,"href":"https:\/\/repatransportbanden.nl\/it\/wp-json\/wp\/v2\/media\/2366"}],"wp:attachment":[{"href":"https:\/\/repatransportbanden.nl\/it\/wp-json\/wp\/v2\/media?parent=3597"}],"curies":[{"name":"wp","href":"https:\/\/api.w.org\/{rel}","templated":true}]}}