{"id":3570,"date":"2022-01-07T07:08:48","date_gmt":"2022-01-07T06:08:48","guid":{"rendered":"https:\/\/repatransportbanden.nl\/kunststof\/vol-pu-band\/"},"modified":"2022-01-10T11:14:37","modified_gmt":"2022-01-10T10:14:37","slug":"vol-pu-band","status":"publish","type":"page","link":"https:\/\/repatransportbanden.nl\/it\/kunststof\/vol-pu-band\/","title":{"rendered":"Nastro completamente in PU"},"content":{"rendered":"\n<p>Per soddisfare i requisiti sempre pi\u00f9 severi nell&#8217;industria alimentare, \u00e8 apparso sul mercato un altro tipo di nastro trasportatore nel corso degli anni. Questo \u00e8 pi\u00f9 conosciuto come nastro completamente in PU. Questo significa che non ci sono tessuti nelle cinghie, quindi non possono sfaldarsi dopo un guasto meccanico. I nastri trasportatori convenzionali hanno sempre bisogno di essere messi in tensione per ottenere abbastanza attrito sul tamburo di trasmissione per attivarlo. Il nastro in Pu \u00e8 azionato da ingranaggi e ha delle alette sul fondo e pertanto questo tipo di nastro richiede poca o nessuna tensione per essere azionato. \u00c8 inoltre facile da pulire ed \u00e8 conforme a tutta la legislazione UE\/FDA.<\/p>\n\n\n\n<p>Il nastro completamente in Pu completo \u00e8 utilizzato principalmente in industrie come: carne e pesce, lavorazione delle verdure, lattiero-casearia ecc&#8230;<\/p>\n","protected":false},"excerpt":{"rendered":"<p>Per soddisfare i requisiti sempre pi\u00f9 severi nell&#8217;industria alimentare, \u00e8 apparso sul mercato un altro tipo di nastro trasportatore nel corso degli anni. Questo \u00e8 pi\u00f9 conosciuto come nastro completamente in PU. Questo significa che non ci sono tessuti nelle cinghie, quindi non possono sfaldarsi dopo un guasto meccanico. I nastri trasportatori convenzionali hanno sempre&hellip; <a class=\"more-link\" href=\"https:\/\/repatransportbanden.nl\/it\/kunststof\/vol-pu-band\/\">Continue reading <span class=\"screen-reader-text\">Nastro completamente in PU<\/span><\/a><\/p>\n","protected":false},"author":2,"featured_media":5104,"parent":3506,"menu_order":0,"comment_status":"closed","ping_status":"closed","template":"templates\/template-service.php","meta":{"_acf_changed":false,"footnotes":""},"class_list":["post-3570","page","type-page","status-publish","has-post-thumbnail","hentry","entry"],"acf":[],"yoast_head":"<!-- This site is optimized with the Yoast SEO plugin v27.4 - https:\/\/yoast.com\/product\/yoast-seo-wordpress\/ -->\n<title>Nastro completamente in PU - repatransportbanden.nl<\/title>\n<meta name=\"robots\" content=\"index, follow, max-snippet:-1, max-image-preview:large, max-video-preview:-1\" \/>\n<link rel=\"canonical\" href=\"https:\/\/repatransportbanden.nl\/it\/kunststof\/vol-pu-band\/\" \/>\n<meta property=\"og:locale\" content=\"it_IT\" \/>\n<meta property=\"og:type\" content=\"article\" \/>\n<meta property=\"og:title\" content=\"Nastro completamente in PU - repatransportbanden.nl\" \/>\n<meta property=\"og:description\" content=\"Per soddisfare i requisiti sempre pi\u00f9 severi nell&#8217;industria alimentare, \u00e8 apparso sul mercato un altro tipo di nastro trasportatore nel corso degli anni. Questo \u00e8 pi\u00f9 conosciuto come nastro completamente in PU. Questo significa che non ci sono tessuti nelle cinghie, quindi non possono sfaldarsi dopo un guasto meccanico. I nastri trasportatori convenzionali hanno sempre&hellip; Continue reading Nastro completamente in PU\" \/>\n<meta property=\"og:url\" content=\"https:\/\/repatransportbanden.nl\/it\/kunststof\/vol-pu-band\/\" \/>\n<meta property=\"og:site_name\" content=\"repatransportbanden.nl\" \/>\n<meta property=\"article:modified_time\" content=\"2022-01-10T10:14:37+00:00\" \/>\n<meta property=\"og:image\" content=\"https:\/\/repatransportbanden.tempurl.host\/wp-content\/uploads\/2021\/12\/transportbandensmallimg8.jpg\" \/>\n\t<meta property=\"og:image:width\" content=\"331\" \/>\n\t<meta property=\"og:image:height\" content=\"331\" \/>\n\t<meta property=\"og:image:type\" content=\"image\/jpeg\" \/>\n<meta name=\"twitter:card\" content=\"summary_large_image\" \/>\n<meta name=\"twitter:label1\" content=\"Tempo di lettura stimato\" \/>\n\t<meta name=\"twitter:data1\" content=\"1 minuto\" \/>\n<script type=\"application\/ld+json\" class=\"yoast-schema-graph\">{\"@context\":\"https:\\\/\\\/schema.org\",\"@graph\":[{\"@type\":\"WebPage\",\"@id\":\"https:\\\/\\\/repatransportbanden.nl\\\/it\\\/kunststof\\\/vol-pu-band\\\/\",\"url\":\"https:\\\/\\\/repatransportbanden.nl\\\/it\\\/kunststof\\\/vol-pu-band\\\/\",\"name\":\"Nastro completamente in PU - repatransportbanden.nl\",\"isPartOf\":{\"@id\":\"https:\\\/\\\/repatransportbanden.tempurl.host\\\/#website\"},\"primaryImageOfPage\":{\"@id\":\"https:\\\/\\\/repatransportbanden.nl\\\/it\\\/kunststof\\\/vol-pu-band\\\/#primaryimage\"},\"image\":{\"@id\":\"https:\\\/\\\/repatransportbanden.nl\\\/it\\\/kunststof\\\/vol-pu-band\\\/#primaryimage\"},\"thumbnailUrl\":\"https:\\\/\\\/repatransportbanden.nl\\\/wp-content\\\/uploads\\\/2022\\\/02\\\/vol-pu.png\",\"datePublished\":\"2022-01-07T06:08:48+00:00\",\"dateModified\":\"2022-01-10T10:14:37+00:00\",\"breadcrumb\":{\"@id\":\"https:\\\/\\\/repatransportbanden.nl\\\/it\\\/kunststof\\\/vol-pu-band\\\/#breadcrumb\"},\"inLanguage\":\"it-IT\",\"potentialAction\":[{\"@type\":\"ReadAction\",\"target\":[\"https:\\\/\\\/repatransportbanden.nl\\\/it\\\/kunststof\\\/vol-pu-band\\\/\"]}]},{\"@type\":\"ImageObject\",\"inLanguage\":\"it-IT\",\"@id\":\"https:\\\/\\\/repatransportbanden.nl\\\/it\\\/kunststof\\\/vol-pu-band\\\/#primaryimage\",\"url\":\"https:\\\/\\\/repatransportbanden.nl\\\/wp-content\\\/uploads\\\/2022\\\/02\\\/vol-pu.png\",\"contentUrl\":\"https:\\\/\\\/repatransportbanden.nl\\\/wp-content\\\/uploads\\\/2022\\\/02\\\/vol-pu.png\",\"width\":331,\"height\":331},{\"@type\":\"BreadcrumbList\",\"@id\":\"https:\\\/\\\/repatransportbanden.nl\\\/it\\\/kunststof\\\/vol-pu-band\\\/#breadcrumb\",\"itemListElement\":[{\"@type\":\"ListItem\",\"position\":1,\"name\":\"Home\",\"item\":\"https:\\\/\\\/repatransportbanden.nl\\\/it\\\/\"},{\"@type\":\"ListItem\",\"position\":2,\"name\":\"Plastica\",\"item\":\"https:\\\/\\\/repatransportbanden.tempurl.host\\\/it\\\/kunststof\\\/\"},{\"@type\":\"ListItem\",\"position\":3,\"name\":\"Nastro completamente in PU\"}]},{\"@type\":\"WebSite\",\"@id\":\"https:\\\/\\\/repatransportbanden.tempurl.host\\\/#website\",\"url\":\"https:\\\/\\\/repatransportbanden.tempurl.host\\\/\",\"name\":\"repatransportbanden.nl\",\"description\":\"\",\"potentialAction\":[{\"@type\":\"SearchAction\",\"target\":{\"@type\":\"EntryPoint\",\"urlTemplate\":\"https:\\\/\\\/repatransportbanden.tempurl.host\\\/?s={search_term_string}\"},\"query-input\":{\"@type\":\"PropertyValueSpecification\",\"valueRequired\":true,\"valueName\":\"search_term_string\"}}],\"inLanguage\":\"it-IT\"}]}<\/script>\n<!-- \/ Yoast SEO plugin. -->","yoast_head_json":{"title":"Nastro completamente in PU - repatransportbanden.nl","robots":{"index":"index","follow":"follow","max-snippet":"max-snippet:-1","max-image-preview":"max-image-preview:large","max-video-preview":"max-video-preview:-1"},"canonical":"https:\/\/repatransportbanden.nl\/it\/kunststof\/vol-pu-band\/","og_locale":"it_IT","og_type":"article","og_title":"Nastro completamente in PU - repatransportbanden.nl","og_description":"Per soddisfare i requisiti sempre pi\u00f9 severi nell&#8217;industria alimentare, \u00e8 apparso sul mercato un altro tipo di nastro trasportatore nel corso degli anni. Questo \u00e8 pi\u00f9 conosciuto come nastro completamente in PU. Questo significa che non ci sono tessuti nelle cinghie, quindi non possono sfaldarsi dopo un guasto meccanico. I nastri trasportatori convenzionali hanno sempre&hellip; Continue reading Nastro completamente in PU","og_url":"https:\/\/repatransportbanden.nl\/it\/kunststof\/vol-pu-band\/","og_site_name":"repatransportbanden.nl","article_modified_time":"2022-01-10T10:14:37+00:00","og_image":[{"width":331,"height":331,"url":"https:\/\/repatransportbanden.tempurl.host\/wp-content\/uploads\/2021\/12\/transportbandensmallimg8.jpg","type":"image\/jpeg"}],"twitter_card":"summary_large_image","twitter_misc":{"Tempo di lettura stimato":"1 minuto"},"schema":{"@context":"https:\/\/schema.org","@graph":[{"@type":"WebPage","@id":"https:\/\/repatransportbanden.nl\/it\/kunststof\/vol-pu-band\/","url":"https:\/\/repatransportbanden.nl\/it\/kunststof\/vol-pu-band\/","name":"Nastro completamente in PU - repatransportbanden.nl","isPartOf":{"@id":"https:\/\/repatransportbanden.tempurl.host\/#website"},"primaryImageOfPage":{"@id":"https:\/\/repatransportbanden.nl\/it\/kunststof\/vol-pu-band\/#primaryimage"},"image":{"@id":"https:\/\/repatransportbanden.nl\/it\/kunststof\/vol-pu-band\/#primaryimage"},"thumbnailUrl":"https:\/\/repatransportbanden.nl\/wp-content\/uploads\/2022\/02\/vol-pu.png","datePublished":"2022-01-07T06:08:48+00:00","dateModified":"2022-01-10T10:14:37+00:00","breadcrumb":{"@id":"https:\/\/repatransportbanden.nl\/it\/kunststof\/vol-pu-band\/#breadcrumb"},"inLanguage":"it-IT","potentialAction":[{"@type":"ReadAction","target":["https:\/\/repatransportbanden.nl\/it\/kunststof\/vol-pu-band\/"]}]},{"@type":"ImageObject","inLanguage":"it-IT","@id":"https:\/\/repatransportbanden.nl\/it\/kunststof\/vol-pu-band\/#primaryimage","url":"https:\/\/repatransportbanden.nl\/wp-content\/uploads\/2022\/02\/vol-pu.png","contentUrl":"https:\/\/repatransportbanden.nl\/wp-content\/uploads\/2022\/02\/vol-pu.png","width":331,"height":331},{"@type":"BreadcrumbList","@id":"https:\/\/repatransportbanden.nl\/it\/kunststof\/vol-pu-band\/#breadcrumb","itemListElement":[{"@type":"ListItem","position":1,"name":"Home","item":"https:\/\/repatransportbanden.nl\/it\/"},{"@type":"ListItem","position":2,"name":"Plastica","item":"https:\/\/repatransportbanden.tempurl.host\/it\/kunststof\/"},{"@type":"ListItem","position":3,"name":"Nastro completamente in PU"}]},{"@type":"WebSite","@id":"https:\/\/repatransportbanden.tempurl.host\/#website","url":"https:\/\/repatransportbanden.tempurl.host\/","name":"repatransportbanden.nl","description":"","potentialAction":[{"@type":"SearchAction","target":{"@type":"EntryPoint","urlTemplate":"https:\/\/repatransportbanden.tempurl.host\/?s={search_term_string}"},"query-input":{"@type":"PropertyValueSpecification","valueRequired":true,"valueName":"search_term_string"}}],"inLanguage":"it-IT"}]}},"_links":{"self":[{"href":"https:\/\/repatransportbanden.nl\/it\/wp-json\/wp\/v2\/pages\/3570","targetHints":{"allow":["GET"]}}],"collection":[{"href":"https:\/\/repatransportbanden.nl\/it\/wp-json\/wp\/v2\/pages"}],"about":[{"href":"https:\/\/repatransportbanden.nl\/it\/wp-json\/wp\/v2\/types\/page"}],"author":[{"embeddable":true,"href":"https:\/\/repatransportbanden.nl\/it\/wp-json\/wp\/v2\/users\/2"}],"replies":[{"embeddable":true,"href":"https:\/\/repatransportbanden.nl\/it\/wp-json\/wp\/v2\/comments?post=3570"}],"version-history":[{"count":4,"href":"https:\/\/repatransportbanden.nl\/it\/wp-json\/wp\/v2\/pages\/3570\/revisions"}],"predecessor-version":[{"id":3998,"href":"https:\/\/repatransportbanden.nl\/it\/wp-json\/wp\/v2\/pages\/3570\/revisions\/3998"}],"up":[{"embeddable":true,"href":"https:\/\/repatransportbanden.nl\/it\/wp-json\/wp\/v2\/pages\/3506"}],"wp:featuredmedia":[{"embeddable":true,"href":"https:\/\/repatransportbanden.nl\/it\/wp-json\/wp\/v2\/media\/5104"}],"wp:attachment":[{"href":"https:\/\/repatransportbanden.nl\/it\/wp-json\/wp\/v2\/media?parent=3570"}],"curies":[{"name":"wp","href":"https:\/\/api.w.org\/{rel}","templated":true}]}}