{"id":3546,"date":"2022-01-07T07:05:09","date_gmt":"2022-01-07T06:05:09","guid":{"rendered":"https:\/\/repatransportbanden.nl\/kunststof\/golfrandbanden\/"},"modified":"2022-01-10T11:00:55","modified_gmt":"2022-01-10T10:00:55","slug":"golfrandbanden","status":"publish","type":"page","link":"https:\/\/repatransportbanden.nl\/it\/kunststof\/golfrandbanden\/","title":{"rendered":"Nastri con bordi ondulati"},"content":{"rendered":"\n<p>I nastri trasportatori con bordi ondulati sono molto efficaci, i quanto robusti, equilibrati e capaci di trasportare molti prodotti in un ampio angolo. REPA fornisce l&#8217;esatto nastro ondulato di cui avete bisogno, completamente su misura.<\/p>\n\n\n\n<p>I nastri a bordi ondulati hanno molti vantaggi, in quanto \u00e8 possibile trasportare tutto sullo stesso nastro. Inoltre, i nastri richiedono raramente la manutenzione, poich\u00e9 i bordi ondulati formano un&#8217;unica unit\u00e0 con il nastro e ci sono quindi molte meno parti mobili.<\/p>\n\n\n\n<p>La possibile applicazione dell&#8217;angolo di 90 gradi suggerisce la poca forza necessaria per spostare il nastro. La direzione di trasporto verticale permette anche di utilizzare in modo pi\u00f9 efficiente la superficie disponibile.<\/p>\n\n\n\n<p>I nastri a bordi ondulati sono costituiti da diverse componenti. La componente principale \u00e8 il nastro stesso, che pu\u00f2 essere un nastro trasversale, ST, EP o CP. Di solito si sceglie un nastro trasversale perch\u00e9 \u00e8, ovviamente, molto stabile. Questo trasportatore di base \u00e8 poi dotato di listelli e di bordi ondulati. &nbsp;&nbsp;<\/p>\n\n\n\n<p>Grazie alla nostra profonda competenza, esperienza e ampia disponibilit\u00e0 in magazzino, possiamo realizzare qualsiasi tipo di nastro ondulato.<\/p>\n","protected":false},"excerpt":{"rendered":"<p>I nastri trasportatori con bordi ondulati sono molto efficaci, i quanto robusti, equilibrati e capaci di trasportare molti prodotti in un ampio angolo. REPA fornisce l&#8217;esatto nastro ondulato di cui avete bisogno, completamente su misura. I nastri a bordi ondulati hanno molti vantaggi, in quanto \u00e8 possibile trasportare tutto sullo stesso nastro. Inoltre, i nastri&hellip; <a class=\"more-link\" href=\"https:\/\/repatransportbanden.nl\/it\/kunststof\/golfrandbanden\/\">Continue reading <span class=\"screen-reader-text\">Nastri con bordi ondulati<\/span><\/a><\/p>\n","protected":false},"author":2,"featured_media":5083,"parent":3506,"menu_order":0,"comment_status":"closed","ping_status":"closed","template":"templates\/template-service.php","meta":{"_acf_changed":false,"footnotes":""},"class_list":["post-3546","page","type-page","status-publish","has-post-thumbnail","hentry","entry"],"acf":[],"yoast_head":"<!-- This site is optimized with the Yoast SEO plugin v27.3 - https:\/\/yoast.com\/product\/yoast-seo-wordpress\/ -->\n<title>Nastri con bordi ondulati - repatransportbanden.nl<\/title>\n<meta name=\"robots\" content=\"index, follow, max-snippet:-1, max-image-preview:large, max-video-preview:-1\" \/>\n<link rel=\"canonical\" href=\"https:\/\/repatransportbanden.nl\/it\/kunststof\/golfrandbanden\/\" \/>\n<meta property=\"og:locale\" content=\"it_IT\" \/>\n<meta property=\"og:type\" content=\"article\" \/>\n<meta property=\"og:title\" content=\"Nastri con bordi ondulati - repatransportbanden.nl\" \/>\n<meta property=\"og:description\" content=\"I nastri trasportatori con bordi ondulati sono molto efficaci, i quanto robusti, equilibrati e capaci di trasportare molti prodotti in un ampio angolo. REPA fornisce l&#8217;esatto nastro ondulato di cui avete bisogno, completamente su misura. I nastri a bordi ondulati hanno molti vantaggi, in quanto \u00e8 possibile trasportare tutto sullo stesso nastro. Inoltre, i nastri&hellip; Continue reading Nastri con bordi ondulati\" \/>\n<meta property=\"og:url\" content=\"https:\/\/repatransportbanden.nl\/it\/kunststof\/golfrandbanden\/\" \/>\n<meta property=\"og:site_name\" content=\"repatransportbanden.nl\" \/>\n<meta property=\"article:modified_time\" content=\"2022-01-10T10:00:55+00:00\" \/>\n<meta property=\"og:image\" content=\"https:\/\/repatransportbanden.tempurl.host\/wp-content\/uploads\/2021\/12\/transportbandensmallimg10.jpg\" \/>\n\t<meta property=\"og:image:width\" content=\"331\" \/>\n\t<meta property=\"og:image:height\" content=\"331\" \/>\n\t<meta property=\"og:image:type\" content=\"image\/jpeg\" \/>\n<meta name=\"twitter:card\" content=\"summary_large_image\" \/>\n<meta name=\"twitter:label1\" content=\"Tempo di lettura stimato\" \/>\n\t<meta name=\"twitter:data1\" content=\"1 minuto\" \/>\n<script type=\"application\/ld+json\" class=\"yoast-schema-graph\">{\"@context\":\"https:\\\/\\\/schema.org\",\"@graph\":[{\"@type\":\"WebPage\",\"@id\":\"https:\\\/\\\/repatransportbanden.nl\\\/it\\\/kunststof\\\/golfrandbanden\\\/\",\"url\":\"https:\\\/\\\/repatransportbanden.nl\\\/it\\\/kunststof\\\/golfrandbanden\\\/\",\"name\":\"Nastri con bordi ondulati - repatransportbanden.nl\",\"isPartOf\":{\"@id\":\"https:\\\/\\\/repatransportbanden.tempurl.host\\\/#website\"},\"primaryImageOfPage\":{\"@id\":\"https:\\\/\\\/repatransportbanden.nl\\\/it\\\/kunststof\\\/golfrandbanden\\\/#primaryimage\"},\"image\":{\"@id\":\"https:\\\/\\\/repatransportbanden.nl\\\/it\\\/kunststof\\\/golfrandbanden\\\/#primaryimage\"},\"thumbnailUrl\":\"https:\\\/\\\/repatransportbanden.nl\\\/wp-content\\\/uploads\\\/2022\\\/02\\\/golf.png\",\"datePublished\":\"2022-01-07T06:05:09+00:00\",\"dateModified\":\"2022-01-10T10:00:55+00:00\",\"breadcrumb\":{\"@id\":\"https:\\\/\\\/repatransportbanden.nl\\\/it\\\/kunststof\\\/golfrandbanden\\\/#breadcrumb\"},\"inLanguage\":\"it-IT\",\"potentialAction\":[{\"@type\":\"ReadAction\",\"target\":[\"https:\\\/\\\/repatransportbanden.nl\\\/it\\\/kunststof\\\/golfrandbanden\\\/\"]}]},{\"@type\":\"ImageObject\",\"inLanguage\":\"it-IT\",\"@id\":\"https:\\\/\\\/repatransportbanden.nl\\\/it\\\/kunststof\\\/golfrandbanden\\\/#primaryimage\",\"url\":\"https:\\\/\\\/repatransportbanden.nl\\\/wp-content\\\/uploads\\\/2022\\\/02\\\/golf.png\",\"contentUrl\":\"https:\\\/\\\/repatransportbanden.nl\\\/wp-content\\\/uploads\\\/2022\\\/02\\\/golf.png\",\"width\":331,\"height\":331},{\"@type\":\"BreadcrumbList\",\"@id\":\"https:\\\/\\\/repatransportbanden.nl\\\/it\\\/kunststof\\\/golfrandbanden\\\/#breadcrumb\",\"itemListElement\":[{\"@type\":\"ListItem\",\"position\":1,\"name\":\"Home\",\"item\":\"https:\\\/\\\/repatransportbanden.nl\\\/it\\\/\"},{\"@type\":\"ListItem\",\"position\":2,\"name\":\"Plastica\",\"item\":\"https:\\\/\\\/repatransportbanden.tempurl.host\\\/it\\\/kunststof\\\/\"},{\"@type\":\"ListItem\",\"position\":3,\"name\":\"Nastri con bordi ondulati\"}]},{\"@type\":\"WebSite\",\"@id\":\"https:\\\/\\\/repatransportbanden.tempurl.host\\\/#website\",\"url\":\"https:\\\/\\\/repatransportbanden.tempurl.host\\\/\",\"name\":\"repatransportbanden.nl\",\"description\":\"\",\"potentialAction\":[{\"@type\":\"SearchAction\",\"target\":{\"@type\":\"EntryPoint\",\"urlTemplate\":\"https:\\\/\\\/repatransportbanden.tempurl.host\\\/?s={search_term_string}\"},\"query-input\":{\"@type\":\"PropertyValueSpecification\",\"valueRequired\":true,\"valueName\":\"search_term_string\"}}],\"inLanguage\":\"it-IT\"}]}<\/script>\n<!-- \/ Yoast SEO plugin. -->","yoast_head_json":{"title":"Nastri con bordi ondulati - repatransportbanden.nl","robots":{"index":"index","follow":"follow","max-snippet":"max-snippet:-1","max-image-preview":"max-image-preview:large","max-video-preview":"max-video-preview:-1"},"canonical":"https:\/\/repatransportbanden.nl\/it\/kunststof\/golfrandbanden\/","og_locale":"it_IT","og_type":"article","og_title":"Nastri con bordi ondulati - repatransportbanden.nl","og_description":"I nastri trasportatori con bordi ondulati sono molto efficaci, i quanto robusti, equilibrati e capaci di trasportare molti prodotti in un ampio angolo. REPA fornisce l&#8217;esatto nastro ondulato di cui avete bisogno, completamente su misura. I nastri a bordi ondulati hanno molti vantaggi, in quanto \u00e8 possibile trasportare tutto sullo stesso nastro. Inoltre, i nastri&hellip; Continue reading Nastri con bordi ondulati","og_url":"https:\/\/repatransportbanden.nl\/it\/kunststof\/golfrandbanden\/","og_site_name":"repatransportbanden.nl","article_modified_time":"2022-01-10T10:00:55+00:00","og_image":[{"width":331,"height":331,"url":"https:\/\/repatransportbanden.tempurl.host\/wp-content\/uploads\/2021\/12\/transportbandensmallimg10.jpg","type":"image\/jpeg"}],"twitter_card":"summary_large_image","twitter_misc":{"Tempo di lettura stimato":"1 minuto"},"schema":{"@context":"https:\/\/schema.org","@graph":[{"@type":"WebPage","@id":"https:\/\/repatransportbanden.nl\/it\/kunststof\/golfrandbanden\/","url":"https:\/\/repatransportbanden.nl\/it\/kunststof\/golfrandbanden\/","name":"Nastri con bordi ondulati - repatransportbanden.nl","isPartOf":{"@id":"https:\/\/repatransportbanden.tempurl.host\/#website"},"primaryImageOfPage":{"@id":"https:\/\/repatransportbanden.nl\/it\/kunststof\/golfrandbanden\/#primaryimage"},"image":{"@id":"https:\/\/repatransportbanden.nl\/it\/kunststof\/golfrandbanden\/#primaryimage"},"thumbnailUrl":"https:\/\/repatransportbanden.nl\/wp-content\/uploads\/2022\/02\/golf.png","datePublished":"2022-01-07T06:05:09+00:00","dateModified":"2022-01-10T10:00:55+00:00","breadcrumb":{"@id":"https:\/\/repatransportbanden.nl\/it\/kunststof\/golfrandbanden\/#breadcrumb"},"inLanguage":"it-IT","potentialAction":[{"@type":"ReadAction","target":["https:\/\/repatransportbanden.nl\/it\/kunststof\/golfrandbanden\/"]}]},{"@type":"ImageObject","inLanguage":"it-IT","@id":"https:\/\/repatransportbanden.nl\/it\/kunststof\/golfrandbanden\/#primaryimage","url":"https:\/\/repatransportbanden.nl\/wp-content\/uploads\/2022\/02\/golf.png","contentUrl":"https:\/\/repatransportbanden.nl\/wp-content\/uploads\/2022\/02\/golf.png","width":331,"height":331},{"@type":"BreadcrumbList","@id":"https:\/\/repatransportbanden.nl\/it\/kunststof\/golfrandbanden\/#breadcrumb","itemListElement":[{"@type":"ListItem","position":1,"name":"Home","item":"https:\/\/repatransportbanden.nl\/it\/"},{"@type":"ListItem","position":2,"name":"Plastica","item":"https:\/\/repatransportbanden.tempurl.host\/it\/kunststof\/"},{"@type":"ListItem","position":3,"name":"Nastri con bordi ondulati"}]},{"@type":"WebSite","@id":"https:\/\/repatransportbanden.tempurl.host\/#website","url":"https:\/\/repatransportbanden.tempurl.host\/","name":"repatransportbanden.nl","description":"","potentialAction":[{"@type":"SearchAction","target":{"@type":"EntryPoint","urlTemplate":"https:\/\/repatransportbanden.tempurl.host\/?s={search_term_string}"},"query-input":{"@type":"PropertyValueSpecification","valueRequired":true,"valueName":"search_term_string"}}],"inLanguage":"it-IT"}]}},"_links":{"self":[{"href":"https:\/\/repatransportbanden.nl\/it\/wp-json\/wp\/v2\/pages\/3546","targetHints":{"allow":["GET"]}}],"collection":[{"href":"https:\/\/repatransportbanden.nl\/it\/wp-json\/wp\/v2\/pages"}],"about":[{"href":"https:\/\/repatransportbanden.nl\/it\/wp-json\/wp\/v2\/types\/page"}],"author":[{"embeddable":true,"href":"https:\/\/repatransportbanden.nl\/it\/wp-json\/wp\/v2\/users\/2"}],"replies":[{"embeddable":true,"href":"https:\/\/repatransportbanden.nl\/it\/wp-json\/wp\/v2\/comments?post=3546"}],"version-history":[{"count":5,"href":"https:\/\/repatransportbanden.nl\/it\/wp-json\/wp\/v2\/pages\/3546\/revisions"}],"predecessor-version":[{"id":3989,"href":"https:\/\/repatransportbanden.nl\/it\/wp-json\/wp\/v2\/pages\/3546\/revisions\/3989"}],"up":[{"embeddable":true,"href":"https:\/\/repatransportbanden.nl\/it\/wp-json\/wp\/v2\/pages\/3506"}],"wp:featuredmedia":[{"embeddable":true,"href":"https:\/\/repatransportbanden.nl\/it\/wp-json\/wp\/v2\/media\/5083"}],"wp:attachment":[{"href":"https:\/\/repatransportbanden.nl\/it\/wp-json\/wp\/v2\/media?parent=3546"}],"curies":[{"name":"wp","href":"https:\/\/api.w.org\/{rel}","templated":true}]}}