{"id":3528,"date":"2022-01-07T06:44:59","date_gmt":"2022-01-07T05:44:59","guid":{"rendered":"https:\/\/repatransportbanden.nl\/kunststof\/egel-en-kegelbanden\/"},"modified":"2022-01-10T10:36:10","modified_gmt":"2022-01-10T09:36:10","slug":"egel-en-kegelbanden","status":"publish","type":"page","link":"https:\/\/repatransportbanden.nl\/it\/kunststof\/egel-en-kegelbanden\/","title":{"rendered":"Nastri a riccio e a cono"},"content":{"rendered":"\n<p>REPA produce internamente nastri a riccio e a cono, principalmente per il settore agricolo, particolarmente adatti per la lavorazione di patate e bulbi, tra le altre cose. REPA \u00e8 in grado di produrre tutte le misure e i nastri sono solitamente dotati di guide di scorrimento. REPA realizza nastri ad ago per i prodotti pi\u00f9 delicati. Gli aghi di questi nastri sono pi\u00f9 sottili e pi\u00f9 flessibili, molto adatti per varie verdure e frutta. I nastri sono realizzati su misura da REPA e sono disponibili anche in blu.<\/p>\n\n\n\n<p>Il grande vantaggio di un nastro a cono \u00e8 la sua adattabilit\u00e0 alle condizioni pi\u00f9 pesanti, come la cattura di pietre e zolle dure nei raccolti. Ci\u00f2 si deve allo spessore dei coni e alla forma, poich\u00e9 la parte inferiore \u00e8 conica, quindi non \u00e8 possibile rompere o strappare!I prodotti cadono puliti dal nastro e il fogliame e lo sporco rimangono tra i coni, per essere poi rimossi alla fine del nastro con un pettine.<\/p>\n\n\n\n<p>Il nastro a riccio, noto anche come nastro per la decorticazione, \u00e8 stato sviluppato appositamente per il settore dei bulbi da fiore. &nbsp;I ricci sono pi\u00f9 fini, cilindrici e realizzati in gomma morbida per non danneggiare i bulbi. Facendo ruotare due nastri uno sopra l&#8217;altro, entrambi con una velocit\u00e0 diversa, i bulbi vengono, per cos\u00ec dire, lucidati e lo sporco viene rimosso alla fine del nastro con un pettine.<\/p>\n","protected":false},"excerpt":{"rendered":"<p>REPA produce internamente nastri a riccio e a cono, principalmente per il settore agricolo, particolarmente adatti per la lavorazione di patate e bulbi, tra le altre cose. REPA \u00e8 in grado di produrre tutte le misure e i nastri sono solitamente dotati di guide di scorrimento. REPA realizza nastri ad ago per i prodotti pi\u00f9&hellip; <a class=\"more-link\" href=\"https:\/\/repatransportbanden.nl\/it\/kunststof\/egel-en-kegelbanden\/\">Continue reading <span class=\"screen-reader-text\">Nastri a riccio e a cono<\/span><\/a><\/p>\n","protected":false},"author":2,"featured_media":5062,"parent":3506,"menu_order":0,"comment_status":"closed","ping_status":"closed","template":"templates\/template-service.php","meta":{"_acf_changed":false,"footnotes":""},"class_list":["post-3528","page","type-page","status-publish","has-post-thumbnail","hentry","entry"],"acf":[],"yoast_head":"<!-- This site is optimized with the Yoast SEO plugin v27.4 - https:\/\/yoast.com\/product\/yoast-seo-wordpress\/ -->\n<title>Nastri a riccio e a cono - repatransportbanden.nl<\/title>\n<meta name=\"robots\" content=\"index, follow, max-snippet:-1, max-image-preview:large, max-video-preview:-1\" \/>\n<link rel=\"canonical\" href=\"https:\/\/repatransportbanden.nl\/it\/kunststof\/egel-en-kegelbanden\/\" \/>\n<meta property=\"og:locale\" content=\"it_IT\" \/>\n<meta property=\"og:type\" content=\"article\" \/>\n<meta property=\"og:title\" content=\"Nastri a riccio e a cono - repatransportbanden.nl\" \/>\n<meta property=\"og:description\" content=\"REPA produce internamente nastri a riccio e a cono, principalmente per il settore agricolo, particolarmente adatti per la lavorazione di patate e bulbi, tra le altre cose. REPA \u00e8 in grado di produrre tutte le misure e i nastri sono solitamente dotati di guide di scorrimento. REPA realizza nastri ad ago per i prodotti pi\u00f9&hellip; Continue reading Nastri a riccio e a cono\" \/>\n<meta property=\"og:url\" content=\"https:\/\/repatransportbanden.nl\/it\/kunststof\/egel-en-kegelbanden\/\" \/>\n<meta property=\"og:site_name\" content=\"repatransportbanden.nl\" \/>\n<meta property=\"article:modified_time\" content=\"2022-01-10T09:36:10+00:00\" \/>\n<meta property=\"og:image\" content=\"https:\/\/repatransportbanden.tempurl.host\/wp-content\/uploads\/2021\/12\/transportbandensmallimg4.jpg\" \/>\n\t<meta property=\"og:image:width\" content=\"331\" \/>\n\t<meta property=\"og:image:height\" content=\"331\" \/>\n\t<meta property=\"og:image:type\" content=\"image\/jpeg\" \/>\n<meta name=\"twitter:card\" content=\"summary_large_image\" \/>\n<meta name=\"twitter:label1\" content=\"Tempo di lettura stimato\" \/>\n\t<meta name=\"twitter:data1\" content=\"2 minuti\" \/>\n<script type=\"application\/ld+json\" class=\"yoast-schema-graph\">{\"@context\":\"https:\\\/\\\/schema.org\",\"@graph\":[{\"@type\":\"WebPage\",\"@id\":\"https:\\\/\\\/repatransportbanden.nl\\\/it\\\/kunststof\\\/egel-en-kegelbanden\\\/\",\"url\":\"https:\\\/\\\/repatransportbanden.nl\\\/it\\\/kunststof\\\/egel-en-kegelbanden\\\/\",\"name\":\"Nastri a riccio e a cono - repatransportbanden.nl\",\"isPartOf\":{\"@id\":\"https:\\\/\\\/repatransportbanden.tempurl.host\\\/#website\"},\"primaryImageOfPage\":{\"@id\":\"https:\\\/\\\/repatransportbanden.nl\\\/it\\\/kunststof\\\/egel-en-kegelbanden\\\/#primaryimage\"},\"image\":{\"@id\":\"https:\\\/\\\/repatransportbanden.nl\\\/it\\\/kunststof\\\/egel-en-kegelbanden\\\/#primaryimage\"},\"thumbnailUrl\":\"https:\\\/\\\/repatransportbanden.nl\\\/wp-content\\\/uploads\\\/2022\\\/02\\\/egel.png\",\"datePublished\":\"2022-01-07T05:44:59+00:00\",\"dateModified\":\"2022-01-10T09:36:10+00:00\",\"breadcrumb\":{\"@id\":\"https:\\\/\\\/repatransportbanden.nl\\\/it\\\/kunststof\\\/egel-en-kegelbanden\\\/#breadcrumb\"},\"inLanguage\":\"it-IT\",\"potentialAction\":[{\"@type\":\"ReadAction\",\"target\":[\"https:\\\/\\\/repatransportbanden.nl\\\/it\\\/kunststof\\\/egel-en-kegelbanden\\\/\"]}]},{\"@type\":\"ImageObject\",\"inLanguage\":\"it-IT\",\"@id\":\"https:\\\/\\\/repatransportbanden.nl\\\/it\\\/kunststof\\\/egel-en-kegelbanden\\\/#primaryimage\",\"url\":\"https:\\\/\\\/repatransportbanden.nl\\\/wp-content\\\/uploads\\\/2022\\\/02\\\/egel.png\",\"contentUrl\":\"https:\\\/\\\/repatransportbanden.nl\\\/wp-content\\\/uploads\\\/2022\\\/02\\\/egel.png\",\"width\":331,\"height\":331},{\"@type\":\"BreadcrumbList\",\"@id\":\"https:\\\/\\\/repatransportbanden.nl\\\/it\\\/kunststof\\\/egel-en-kegelbanden\\\/#breadcrumb\",\"itemListElement\":[{\"@type\":\"ListItem\",\"position\":1,\"name\":\"Home\",\"item\":\"https:\\\/\\\/repatransportbanden.nl\\\/it\\\/\"},{\"@type\":\"ListItem\",\"position\":2,\"name\":\"Plastica\",\"item\":\"https:\\\/\\\/repatransportbanden.tempurl.host\\\/it\\\/kunststof\\\/\"},{\"@type\":\"ListItem\",\"position\":3,\"name\":\"Nastri a riccio e a cono\"}]},{\"@type\":\"WebSite\",\"@id\":\"https:\\\/\\\/repatransportbanden.tempurl.host\\\/#website\",\"url\":\"https:\\\/\\\/repatransportbanden.tempurl.host\\\/\",\"name\":\"repatransportbanden.nl\",\"description\":\"\",\"potentialAction\":[{\"@type\":\"SearchAction\",\"target\":{\"@type\":\"EntryPoint\",\"urlTemplate\":\"https:\\\/\\\/repatransportbanden.tempurl.host\\\/?s={search_term_string}\"},\"query-input\":{\"@type\":\"PropertyValueSpecification\",\"valueRequired\":true,\"valueName\":\"search_term_string\"}}],\"inLanguage\":\"it-IT\"}]}<\/script>\n<!-- \/ Yoast SEO plugin. -->","yoast_head_json":{"title":"Nastri a riccio e a cono - repatransportbanden.nl","robots":{"index":"index","follow":"follow","max-snippet":"max-snippet:-1","max-image-preview":"max-image-preview:large","max-video-preview":"max-video-preview:-1"},"canonical":"https:\/\/repatransportbanden.nl\/it\/kunststof\/egel-en-kegelbanden\/","og_locale":"it_IT","og_type":"article","og_title":"Nastri a riccio e a cono - repatransportbanden.nl","og_description":"REPA produce internamente nastri a riccio e a cono, principalmente per il settore agricolo, particolarmente adatti per la lavorazione di patate e bulbi, tra le altre cose. REPA \u00e8 in grado di produrre tutte le misure e i nastri sono solitamente dotati di guide di scorrimento. REPA realizza nastri ad ago per i prodotti pi\u00f9&hellip; Continue reading Nastri a riccio e a cono","og_url":"https:\/\/repatransportbanden.nl\/it\/kunststof\/egel-en-kegelbanden\/","og_site_name":"repatransportbanden.nl","article_modified_time":"2022-01-10T09:36:10+00:00","og_image":[{"width":331,"height":331,"url":"https:\/\/repatransportbanden.tempurl.host\/wp-content\/uploads\/2021\/12\/transportbandensmallimg4.jpg","type":"image\/jpeg"}],"twitter_card":"summary_large_image","twitter_misc":{"Tempo di lettura stimato":"2 minuti"},"schema":{"@context":"https:\/\/schema.org","@graph":[{"@type":"WebPage","@id":"https:\/\/repatransportbanden.nl\/it\/kunststof\/egel-en-kegelbanden\/","url":"https:\/\/repatransportbanden.nl\/it\/kunststof\/egel-en-kegelbanden\/","name":"Nastri a riccio e a cono - repatransportbanden.nl","isPartOf":{"@id":"https:\/\/repatransportbanden.tempurl.host\/#website"},"primaryImageOfPage":{"@id":"https:\/\/repatransportbanden.nl\/it\/kunststof\/egel-en-kegelbanden\/#primaryimage"},"image":{"@id":"https:\/\/repatransportbanden.nl\/it\/kunststof\/egel-en-kegelbanden\/#primaryimage"},"thumbnailUrl":"https:\/\/repatransportbanden.nl\/wp-content\/uploads\/2022\/02\/egel.png","datePublished":"2022-01-07T05:44:59+00:00","dateModified":"2022-01-10T09:36:10+00:00","breadcrumb":{"@id":"https:\/\/repatransportbanden.nl\/it\/kunststof\/egel-en-kegelbanden\/#breadcrumb"},"inLanguage":"it-IT","potentialAction":[{"@type":"ReadAction","target":["https:\/\/repatransportbanden.nl\/it\/kunststof\/egel-en-kegelbanden\/"]}]},{"@type":"ImageObject","inLanguage":"it-IT","@id":"https:\/\/repatransportbanden.nl\/it\/kunststof\/egel-en-kegelbanden\/#primaryimage","url":"https:\/\/repatransportbanden.nl\/wp-content\/uploads\/2022\/02\/egel.png","contentUrl":"https:\/\/repatransportbanden.nl\/wp-content\/uploads\/2022\/02\/egel.png","width":331,"height":331},{"@type":"BreadcrumbList","@id":"https:\/\/repatransportbanden.nl\/it\/kunststof\/egel-en-kegelbanden\/#breadcrumb","itemListElement":[{"@type":"ListItem","position":1,"name":"Home","item":"https:\/\/repatransportbanden.nl\/it\/"},{"@type":"ListItem","position":2,"name":"Plastica","item":"https:\/\/repatransportbanden.tempurl.host\/it\/kunststof\/"},{"@type":"ListItem","position":3,"name":"Nastri a riccio e a cono"}]},{"@type":"WebSite","@id":"https:\/\/repatransportbanden.tempurl.host\/#website","url":"https:\/\/repatransportbanden.tempurl.host\/","name":"repatransportbanden.nl","description":"","potentialAction":[{"@type":"SearchAction","target":{"@type":"EntryPoint","urlTemplate":"https:\/\/repatransportbanden.tempurl.host\/?s={search_term_string}"},"query-input":{"@type":"PropertyValueSpecification","valueRequired":true,"valueName":"search_term_string"}}],"inLanguage":"it-IT"}]}},"_links":{"self":[{"href":"https:\/\/repatransportbanden.nl\/it\/wp-json\/wp\/v2\/pages\/3528","targetHints":{"allow":["GET"]}}],"collection":[{"href":"https:\/\/repatransportbanden.nl\/it\/wp-json\/wp\/v2\/pages"}],"about":[{"href":"https:\/\/repatransportbanden.nl\/it\/wp-json\/wp\/v2\/types\/page"}],"author":[{"embeddable":true,"href":"https:\/\/repatransportbanden.nl\/it\/wp-json\/wp\/v2\/users\/2"}],"replies":[{"embeddable":true,"href":"https:\/\/repatransportbanden.nl\/it\/wp-json\/wp\/v2\/comments?post=3528"}],"version-history":[{"count":5,"href":"https:\/\/repatransportbanden.nl\/it\/wp-json\/wp\/v2\/pages\/3528\/revisions"}],"predecessor-version":[{"id":3968,"href":"https:\/\/repatransportbanden.nl\/it\/wp-json\/wp\/v2\/pages\/3528\/revisions\/3968"}],"up":[{"embeddable":true,"href":"https:\/\/repatransportbanden.nl\/it\/wp-json\/wp\/v2\/pages\/3506"}],"wp:featuredmedia":[{"embeddable":true,"href":"https:\/\/repatransportbanden.nl\/it\/wp-json\/wp\/v2\/media\/5062"}],"wp:attachment":[{"href":"https:\/\/repatransportbanden.nl\/it\/wp-json\/wp\/v2\/media?parent=3528"}],"curies":[{"name":"wp","href":"https:\/\/api.w.org\/{rel}","templated":true}]}}