{"id":3516,"date":"2022-01-07T06:42:47","date_gmt":"2022-01-07T05:42:47","guid":{"rendered":"https:\/\/repatransportbanden.nl\/kunststof\/bochtbanden\/"},"modified":"2022-01-10T09:09:25","modified_gmt":"2022-01-10T08:09:25","slug":"bochtbanden","status":"publish","type":"page","link":"https:\/\/repatransportbanden.nl\/it\/kunststof\/bochtbanden\/","title":{"rendered":"Nastri a curva"},"content":{"rendered":"\n<p>Le curve a nastro sono spesso utilizzate nei centri di distribuzione, negli aeroporti, ma anche in varie panetterie e altre aziende di trasformazione alimentare. Le cinghie sono prodotte in azienda da REPA in PVC e in PU. Naturalmente, sono disponibili in vari colori e con vari profili, a seconda dei prodotti da trasportare e delle condizioni ambientali.<\/p>\n\n\n\n<p>Ci sono vari tipi di nastri a curva: con cuscinetti di scorrimento, con catene e con bordi di scorrimento. Nelle panetterie, a volte si vedono dei nastri a curva con degli elastici. Ma gli OEM pi\u00f9 grandi usano quasi sempre nastri a curva con guida laterale. Questi sono disponibili in vari tipi e dimensioni, e REPA ha in magazzino circa 150 nastri curvi pronti all&#8217;uso. &nbsp;Questo significa che i nostri tecnici possono consegnare e montare i nastri immediatamente (24\/7). E che in caso di guasto, il ritardo \u00e8 ridotto al minimo. Al fine di anticipare le calamit\u00e0, REPA effettua anche delle ispezioni presso il cliente. La regolazione dei cuscinetti di scorrimento \u00e8 essenziale per la conservazione delle curve a nastro. Anche la pressione nel nastro e sui cuscinetti di scorrimento sono fattori importanti che ne influenzano la durata. I meccanici del servizio REPA sono tutti formati per garantire che tutto sia perfetto.<\/p>\n","protected":false},"excerpt":{"rendered":"<p>Le curve a nastro sono spesso utilizzate nei centri di distribuzione, negli aeroporti, ma anche in varie panetterie e altre aziende di trasformazione alimentare. Le cinghie sono prodotte in azienda da REPA in PVC e in PU. Naturalmente, sono disponibili in vari colori e con vari profili, a seconda dei prodotti da trasportare e delle&hellip; <a class=\"more-link\" href=\"https:\/\/repatransportbanden.nl\/it\/kunststof\/bochtbanden\/\">Continue reading <span class=\"screen-reader-text\">Nastri a curva<\/span><\/a><\/p>\n","protected":false},"author":2,"featured_media":5048,"parent":3506,"menu_order":0,"comment_status":"closed","ping_status":"closed","template":"templates\/template-service.php","meta":{"_acf_changed":false,"footnotes":""},"class_list":["post-3516","page","type-page","status-publish","has-post-thumbnail","hentry","entry"],"acf":[],"yoast_head":"<!-- This site is optimized with the Yoast SEO plugin v27.3 - https:\/\/yoast.com\/product\/yoast-seo-wordpress\/ -->\n<title>Nastri a curva - repatransportbanden.nl<\/title>\n<meta name=\"robots\" content=\"index, follow, max-snippet:-1, max-image-preview:large, max-video-preview:-1\" \/>\n<link rel=\"canonical\" href=\"https:\/\/repatransportbanden.nl\/it\/kunststof\/bochtbanden\/\" \/>\n<meta property=\"og:locale\" content=\"it_IT\" \/>\n<meta property=\"og:type\" content=\"article\" \/>\n<meta property=\"og:title\" content=\"Nastri a curva - repatransportbanden.nl\" \/>\n<meta property=\"og:description\" content=\"Le curve a nastro sono spesso utilizzate nei centri di distribuzione, negli aeroporti, ma anche in varie panetterie e altre aziende di trasformazione alimentare. Le cinghie sono prodotte in azienda da REPA in PVC e in PU. Naturalmente, sono disponibili in vari colori e con vari profili, a seconda dei prodotti da trasportare e delle&hellip; Continue reading Nastri a curva\" \/>\n<meta property=\"og:url\" content=\"https:\/\/repatransportbanden.nl\/it\/kunststof\/bochtbanden\/\" \/>\n<meta property=\"og:site_name\" content=\"repatransportbanden.nl\" \/>\n<meta property=\"article:modified_time\" content=\"2022-01-10T08:09:25+00:00\" \/>\n<meta property=\"og:image\" content=\"https:\/\/repatransportbanden.tempurl.host\/wp-content\/uploads\/2021\/12\/transportbandensmallimg6.jpg\" \/>\n\t<meta property=\"og:image:width\" content=\"331\" \/>\n\t<meta property=\"og:image:height\" content=\"331\" \/>\n\t<meta property=\"og:image:type\" content=\"image\/jpeg\" \/>\n<meta name=\"twitter:card\" content=\"summary_large_image\" \/>\n<meta name=\"twitter:label1\" content=\"Tempo di lettura stimato\" \/>\n\t<meta name=\"twitter:data1\" content=\"2 minuti\" \/>\n<script type=\"application\/ld+json\" class=\"yoast-schema-graph\">{\"@context\":\"https:\\\/\\\/schema.org\",\"@graph\":[{\"@type\":\"WebPage\",\"@id\":\"https:\\\/\\\/repatransportbanden.nl\\\/it\\\/kunststof\\\/bochtbanden\\\/\",\"url\":\"https:\\\/\\\/repatransportbanden.nl\\\/it\\\/kunststof\\\/bochtbanden\\\/\",\"name\":\"Nastri a curva - repatransportbanden.nl\",\"isPartOf\":{\"@id\":\"https:\\\/\\\/repatransportbanden.tempurl.host\\\/#website\"},\"primaryImageOfPage\":{\"@id\":\"https:\\\/\\\/repatransportbanden.nl\\\/it\\\/kunststof\\\/bochtbanden\\\/#primaryimage\"},\"image\":{\"@id\":\"https:\\\/\\\/repatransportbanden.nl\\\/it\\\/kunststof\\\/bochtbanden\\\/#primaryimage\"},\"thumbnailUrl\":\"https:\\\/\\\/repatransportbanden.nl\\\/wp-content\\\/uploads\\\/2022\\\/02\\\/bocht.png\",\"datePublished\":\"2022-01-07T05:42:47+00:00\",\"dateModified\":\"2022-01-10T08:09:25+00:00\",\"breadcrumb\":{\"@id\":\"https:\\\/\\\/repatransportbanden.nl\\\/it\\\/kunststof\\\/bochtbanden\\\/#breadcrumb\"},\"inLanguage\":\"it-IT\",\"potentialAction\":[{\"@type\":\"ReadAction\",\"target\":[\"https:\\\/\\\/repatransportbanden.nl\\\/it\\\/kunststof\\\/bochtbanden\\\/\"]}]},{\"@type\":\"ImageObject\",\"inLanguage\":\"it-IT\",\"@id\":\"https:\\\/\\\/repatransportbanden.nl\\\/it\\\/kunststof\\\/bochtbanden\\\/#primaryimage\",\"url\":\"https:\\\/\\\/repatransportbanden.nl\\\/wp-content\\\/uploads\\\/2022\\\/02\\\/bocht.png\",\"contentUrl\":\"https:\\\/\\\/repatransportbanden.nl\\\/wp-content\\\/uploads\\\/2022\\\/02\\\/bocht.png\",\"width\":331,\"height\":331},{\"@type\":\"BreadcrumbList\",\"@id\":\"https:\\\/\\\/repatransportbanden.nl\\\/it\\\/kunststof\\\/bochtbanden\\\/#breadcrumb\",\"itemListElement\":[{\"@type\":\"ListItem\",\"position\":1,\"name\":\"Home\",\"item\":\"https:\\\/\\\/repatransportbanden.nl\\\/it\\\/\"},{\"@type\":\"ListItem\",\"position\":2,\"name\":\"Plastica\",\"item\":\"https:\\\/\\\/repatransportbanden.tempurl.host\\\/it\\\/kunststof\\\/\"},{\"@type\":\"ListItem\",\"position\":3,\"name\":\"Nastri a curva\"}]},{\"@type\":\"WebSite\",\"@id\":\"https:\\\/\\\/repatransportbanden.tempurl.host\\\/#website\",\"url\":\"https:\\\/\\\/repatransportbanden.tempurl.host\\\/\",\"name\":\"repatransportbanden.nl\",\"description\":\"\",\"potentialAction\":[{\"@type\":\"SearchAction\",\"target\":{\"@type\":\"EntryPoint\",\"urlTemplate\":\"https:\\\/\\\/repatransportbanden.tempurl.host\\\/?s={search_term_string}\"},\"query-input\":{\"@type\":\"PropertyValueSpecification\",\"valueRequired\":true,\"valueName\":\"search_term_string\"}}],\"inLanguage\":\"it-IT\"}]}<\/script>\n<!-- \/ Yoast SEO plugin. -->","yoast_head_json":{"title":"Nastri a curva - repatransportbanden.nl","robots":{"index":"index","follow":"follow","max-snippet":"max-snippet:-1","max-image-preview":"max-image-preview:large","max-video-preview":"max-video-preview:-1"},"canonical":"https:\/\/repatransportbanden.nl\/it\/kunststof\/bochtbanden\/","og_locale":"it_IT","og_type":"article","og_title":"Nastri a curva - repatransportbanden.nl","og_description":"Le curve a nastro sono spesso utilizzate nei centri di distribuzione, negli aeroporti, ma anche in varie panetterie e altre aziende di trasformazione alimentare. Le cinghie sono prodotte in azienda da REPA in PVC e in PU. Naturalmente, sono disponibili in vari colori e con vari profili, a seconda dei prodotti da trasportare e delle&hellip; Continue reading Nastri a curva","og_url":"https:\/\/repatransportbanden.nl\/it\/kunststof\/bochtbanden\/","og_site_name":"repatransportbanden.nl","article_modified_time":"2022-01-10T08:09:25+00:00","og_image":[{"width":331,"height":331,"url":"https:\/\/repatransportbanden.tempurl.host\/wp-content\/uploads\/2021\/12\/transportbandensmallimg6.jpg","type":"image\/jpeg"}],"twitter_card":"summary_large_image","twitter_misc":{"Tempo di lettura stimato":"2 minuti"},"schema":{"@context":"https:\/\/schema.org","@graph":[{"@type":"WebPage","@id":"https:\/\/repatransportbanden.nl\/it\/kunststof\/bochtbanden\/","url":"https:\/\/repatransportbanden.nl\/it\/kunststof\/bochtbanden\/","name":"Nastri a curva - repatransportbanden.nl","isPartOf":{"@id":"https:\/\/repatransportbanden.tempurl.host\/#website"},"primaryImageOfPage":{"@id":"https:\/\/repatransportbanden.nl\/it\/kunststof\/bochtbanden\/#primaryimage"},"image":{"@id":"https:\/\/repatransportbanden.nl\/it\/kunststof\/bochtbanden\/#primaryimage"},"thumbnailUrl":"https:\/\/repatransportbanden.nl\/wp-content\/uploads\/2022\/02\/bocht.png","datePublished":"2022-01-07T05:42:47+00:00","dateModified":"2022-01-10T08:09:25+00:00","breadcrumb":{"@id":"https:\/\/repatransportbanden.nl\/it\/kunststof\/bochtbanden\/#breadcrumb"},"inLanguage":"it-IT","potentialAction":[{"@type":"ReadAction","target":["https:\/\/repatransportbanden.nl\/it\/kunststof\/bochtbanden\/"]}]},{"@type":"ImageObject","inLanguage":"it-IT","@id":"https:\/\/repatransportbanden.nl\/it\/kunststof\/bochtbanden\/#primaryimage","url":"https:\/\/repatransportbanden.nl\/wp-content\/uploads\/2022\/02\/bocht.png","contentUrl":"https:\/\/repatransportbanden.nl\/wp-content\/uploads\/2022\/02\/bocht.png","width":331,"height":331},{"@type":"BreadcrumbList","@id":"https:\/\/repatransportbanden.nl\/it\/kunststof\/bochtbanden\/#breadcrumb","itemListElement":[{"@type":"ListItem","position":1,"name":"Home","item":"https:\/\/repatransportbanden.nl\/it\/"},{"@type":"ListItem","position":2,"name":"Plastica","item":"https:\/\/repatransportbanden.tempurl.host\/it\/kunststof\/"},{"@type":"ListItem","position":3,"name":"Nastri a curva"}]},{"@type":"WebSite","@id":"https:\/\/repatransportbanden.tempurl.host\/#website","url":"https:\/\/repatransportbanden.tempurl.host\/","name":"repatransportbanden.nl","description":"","potentialAction":[{"@type":"SearchAction","target":{"@type":"EntryPoint","urlTemplate":"https:\/\/repatransportbanden.tempurl.host\/?s={search_term_string}"},"query-input":{"@type":"PropertyValueSpecification","valueRequired":true,"valueName":"search_term_string"}}],"inLanguage":"it-IT"}]}},"_links":{"self":[{"href":"https:\/\/repatransportbanden.nl\/it\/wp-json\/wp\/v2\/pages\/3516","targetHints":{"allow":["GET"]}}],"collection":[{"href":"https:\/\/repatransportbanden.nl\/it\/wp-json\/wp\/v2\/pages"}],"about":[{"href":"https:\/\/repatransportbanden.nl\/it\/wp-json\/wp\/v2\/types\/page"}],"author":[{"embeddable":true,"href":"https:\/\/repatransportbanden.nl\/it\/wp-json\/wp\/v2\/users\/2"}],"replies":[{"embeddable":true,"href":"https:\/\/repatransportbanden.nl\/it\/wp-json\/wp\/v2\/comments?post=3516"}],"version-history":[{"count":4,"href":"https:\/\/repatransportbanden.nl\/it\/wp-json\/wp\/v2\/pages\/3516\/revisions"}],"predecessor-version":[{"id":3959,"href":"https:\/\/repatransportbanden.nl\/it\/wp-json\/wp\/v2\/pages\/3516\/revisions\/3959"}],"up":[{"embeddable":true,"href":"https:\/\/repatransportbanden.nl\/it\/wp-json\/wp\/v2\/pages\/3506"}],"wp:featuredmedia":[{"embeddable":true,"href":"https:\/\/repatransportbanden.nl\/it\/wp-json\/wp\/v2\/media\/5048"}],"wp:attachment":[{"href":"https:\/\/repatransportbanden.nl\/it\/wp-json\/wp\/v2\/media?parent=3516"}],"curies":[{"name":"wp","href":"https:\/\/api.w.org\/{rel}","templated":true}]}}