{"id":3501,"date":"2022-01-07T06:39:45","date_gmt":"2022-01-07T05:39:45","guid":{"rendered":"https:\/\/repatransportbanden.nl\/dockshelter\/"},"modified":"2022-01-08T10:15:31","modified_gmt":"2022-01-08T09:15:31","slug":"dockshelter","status":"publish","type":"page","link":"https:\/\/repatransportbanden.nl\/it\/dockshelter\/","title":{"rendered":"Portali dockshelter"},"content":{"rendered":"\n<p>Un dock shelter \u00e8 un sigillo ideale tra la piattaforma di carico e scarico e il camion.&nbsp;\u00c8 anche il modo pi\u00f9 efficiente per posizionare il veicolo in questione per il processo di carico e scarico. Un dockshelter &nbsp;fa anche risparmiare energia e mantiene pi\u00f9 pulita l&#8217;area di carico. \u00c8 importante, tuttavia, che la qualit\u00e0 dei materiali di tenuta sia abbastanza buona. Alla REPA avete sempre la garanzia di un PVC e di una gomma di alta qualit\u00e0 per l&#8217;uso nelle vostre pensiline per prolungare la durata effettiva dei dockshelter stessi. &nbsp;&nbsp;&nbsp;<\/p>\n\n\n\n<p>REPA&nbsp;&nbsp;ha rivestimenti per vari tipi di dock shelter, tra cui schelter a cortina meccanici, ripari a tenda, a cuscino, meccanici e gonfiabili. Sia i lati che la parte superiore possono essere coperti con i nostri materiali. Qui si pu\u00f2 scegliere sia il rivestimento isolato che quello non isolato.<\/p>\n\n\n\n<p>REPA ha in scorta chilometri di materiale per riparare i dockshelter, quindi i tempi di consegna sono brevi.<\/p>\n","protected":false},"excerpt":{"rendered":"<p>Un dock shelter \u00e8 un sigillo ideale tra la piattaforma di carico e scarico e il camion.&nbsp;\u00c8 anche il modo pi\u00f9 efficiente per posizionare il veicolo in questione per il processo di carico e scarico. Un dockshelter &nbsp;fa anche risparmiare energia e mantiene pi\u00f9 pulita l&#8217;area di carico. \u00c8 importante, tuttavia, che la qualit\u00e0 dei&hellip; <a class=\"more-link\" href=\"https:\/\/repatransportbanden.nl\/it\/dockshelter\/\">Continue reading <span class=\"screen-reader-text\">Portali dockshelter<\/span><\/a><\/p>\n","protected":false},"author":2,"featured_media":0,"parent":0,"menu_order":0,"comment_status":"closed","ping_status":"closed","template":"templates\/template-service.php","meta":{"_acf_changed":false,"footnotes":""},"class_list":["post-3501","page","type-page","status-publish","hentry","entry"],"acf":[],"yoast_head":"<!-- This site is optimized with the Yoast SEO plugin v27.3 - https:\/\/yoast.com\/product\/yoast-seo-wordpress\/ -->\n<title>Portali dockshelter - repatransportbanden.nl<\/title>\n<meta name=\"robots\" content=\"index, follow, max-snippet:-1, max-image-preview:large, max-video-preview:-1\" \/>\n<link rel=\"canonical\" href=\"https:\/\/repatransportbanden.nl\/it\/dockshelter\/\" \/>\n<meta property=\"og:locale\" content=\"it_IT\" \/>\n<meta property=\"og:type\" content=\"article\" \/>\n<meta property=\"og:title\" content=\"Portali dockshelter - repatransportbanden.nl\" \/>\n<meta property=\"og:description\" content=\"Un dock shelter \u00e8 un sigillo ideale tra la piattaforma di carico e scarico e il camion.&nbsp;\u00c8 anche il modo pi\u00f9 efficiente per posizionare il veicolo in questione per il processo di carico e scarico. Un dockshelter &nbsp;fa anche risparmiare energia e mantiene pi\u00f9 pulita l&#8217;area di carico. \u00c8 importante, tuttavia, che la qualit\u00e0 dei&hellip; Continue reading Portali dockshelter\" \/>\n<meta property=\"og:url\" content=\"https:\/\/repatransportbanden.nl\/it\/dockshelter\/\" \/>\n<meta property=\"og:site_name\" content=\"repatransportbanden.nl\" \/>\n<meta property=\"article:modified_time\" content=\"2022-01-08T09:15:31+00:00\" \/>\n<meta name=\"twitter:card\" content=\"summary_large_image\" \/>\n<meta name=\"twitter:label1\" content=\"Tempo di lettura stimato\" \/>\n\t<meta name=\"twitter:data1\" content=\"1 minuto\" \/>\n<script type=\"application\/ld+json\" class=\"yoast-schema-graph\">{\"@context\":\"https:\\\/\\\/schema.org\",\"@graph\":[{\"@type\":\"WebPage\",\"@id\":\"https:\\\/\\\/repatransportbanden.nl\\\/it\\\/dockshelter\\\/\",\"url\":\"https:\\\/\\\/repatransportbanden.nl\\\/it\\\/dockshelter\\\/\",\"name\":\"Portali dockshelter - repatransportbanden.nl\",\"isPartOf\":{\"@id\":\"https:\\\/\\\/repatransportbanden.tempurl.host\\\/#website\"},\"datePublished\":\"2022-01-07T05:39:45+00:00\",\"dateModified\":\"2022-01-08T09:15:31+00:00\",\"breadcrumb\":{\"@id\":\"https:\\\/\\\/repatransportbanden.nl\\\/it\\\/dockshelter\\\/#breadcrumb\"},\"inLanguage\":\"it-IT\",\"potentialAction\":[{\"@type\":\"ReadAction\",\"target\":[\"https:\\\/\\\/repatransportbanden.nl\\\/it\\\/dockshelter\\\/\"]}]},{\"@type\":\"BreadcrumbList\",\"@id\":\"https:\\\/\\\/repatransportbanden.nl\\\/it\\\/dockshelter\\\/#breadcrumb\",\"itemListElement\":[{\"@type\":\"ListItem\",\"position\":1,\"name\":\"Home\",\"item\":\"https:\\\/\\\/repatransportbanden.nl\\\/it\\\/\"},{\"@type\":\"ListItem\",\"position\":2,\"name\":\"Portali dockshelter\"}]},{\"@type\":\"WebSite\",\"@id\":\"https:\\\/\\\/repatransportbanden.tempurl.host\\\/#website\",\"url\":\"https:\\\/\\\/repatransportbanden.tempurl.host\\\/\",\"name\":\"repatransportbanden.nl\",\"description\":\"\",\"potentialAction\":[{\"@type\":\"SearchAction\",\"target\":{\"@type\":\"EntryPoint\",\"urlTemplate\":\"https:\\\/\\\/repatransportbanden.tempurl.host\\\/?s={search_term_string}\"},\"query-input\":{\"@type\":\"PropertyValueSpecification\",\"valueRequired\":true,\"valueName\":\"search_term_string\"}}],\"inLanguage\":\"it-IT\"}]}<\/script>\n<!-- \/ Yoast SEO plugin. -->","yoast_head_json":{"title":"Portali dockshelter - repatransportbanden.nl","robots":{"index":"index","follow":"follow","max-snippet":"max-snippet:-1","max-image-preview":"max-image-preview:large","max-video-preview":"max-video-preview:-1"},"canonical":"https:\/\/repatransportbanden.nl\/it\/dockshelter\/","og_locale":"it_IT","og_type":"article","og_title":"Portali dockshelter - repatransportbanden.nl","og_description":"Un dock shelter \u00e8 un sigillo ideale tra la piattaforma di carico e scarico e il camion.&nbsp;\u00c8 anche il modo pi\u00f9 efficiente per posizionare il veicolo in questione per il processo di carico e scarico. Un dockshelter &nbsp;fa anche risparmiare energia e mantiene pi\u00f9 pulita l&#8217;area di carico. \u00c8 importante, tuttavia, che la qualit\u00e0 dei&hellip; Continue reading Portali dockshelter","og_url":"https:\/\/repatransportbanden.nl\/it\/dockshelter\/","og_site_name":"repatransportbanden.nl","article_modified_time":"2022-01-08T09:15:31+00:00","twitter_card":"summary_large_image","twitter_misc":{"Tempo di lettura stimato":"1 minuto"},"schema":{"@context":"https:\/\/schema.org","@graph":[{"@type":"WebPage","@id":"https:\/\/repatransportbanden.nl\/it\/dockshelter\/","url":"https:\/\/repatransportbanden.nl\/it\/dockshelter\/","name":"Portali dockshelter - repatransportbanden.nl","isPartOf":{"@id":"https:\/\/repatransportbanden.tempurl.host\/#website"},"datePublished":"2022-01-07T05:39:45+00:00","dateModified":"2022-01-08T09:15:31+00:00","breadcrumb":{"@id":"https:\/\/repatransportbanden.nl\/it\/dockshelter\/#breadcrumb"},"inLanguage":"it-IT","potentialAction":[{"@type":"ReadAction","target":["https:\/\/repatransportbanden.nl\/it\/dockshelter\/"]}]},{"@type":"BreadcrumbList","@id":"https:\/\/repatransportbanden.nl\/it\/dockshelter\/#breadcrumb","itemListElement":[{"@type":"ListItem","position":1,"name":"Home","item":"https:\/\/repatransportbanden.nl\/it\/"},{"@type":"ListItem","position":2,"name":"Portali dockshelter"}]},{"@type":"WebSite","@id":"https:\/\/repatransportbanden.tempurl.host\/#website","url":"https:\/\/repatransportbanden.tempurl.host\/","name":"repatransportbanden.nl","description":"","potentialAction":[{"@type":"SearchAction","target":{"@type":"EntryPoint","urlTemplate":"https:\/\/repatransportbanden.tempurl.host\/?s={search_term_string}"},"query-input":{"@type":"PropertyValueSpecification","valueRequired":true,"valueName":"search_term_string"}}],"inLanguage":"it-IT"}]}},"_links":{"self":[{"href":"https:\/\/repatransportbanden.nl\/it\/wp-json\/wp\/v2\/pages\/3501","targetHints":{"allow":["GET"]}}],"collection":[{"href":"https:\/\/repatransportbanden.nl\/it\/wp-json\/wp\/v2\/pages"}],"about":[{"href":"https:\/\/repatransportbanden.nl\/it\/wp-json\/wp\/v2\/types\/page"}],"author":[{"embeddable":true,"href":"https:\/\/repatransportbanden.nl\/it\/wp-json\/wp\/v2\/users\/2"}],"replies":[{"embeddable":true,"href":"https:\/\/repatransportbanden.nl\/it\/wp-json\/wp\/v2\/comments?post=3501"}],"version-history":[{"count":5,"href":"https:\/\/repatransportbanden.nl\/it\/wp-json\/wp\/v2\/pages\/3501\/revisions"}],"predecessor-version":[{"id":3919,"href":"https:\/\/repatransportbanden.nl\/it\/wp-json\/wp\/v2\/pages\/3501\/revisions\/3919"}],"wp:attachment":[{"href":"https:\/\/repatransportbanden.nl\/it\/wp-json\/wp\/v2\/media?parent=3501"}],"curies":[{"name":"wp","href":"https:\/\/api.w.org\/{rel}","templated":true}]}}