{"id":2995,"date":"2021-12-23T10:59:53","date_gmt":"2021-12-23T09:59:53","guid":{"rendered":"https:\/\/repatransportbanden.nl\/trommels-rollen\/trommels\/"},"modified":"2021-12-29T09:17:59","modified_gmt":"2021-12-29T08:17:59","slug":"trommels","status":"publish","type":"page","link":"https:\/\/repatransportbanden.nl\/fr\/trommels-rollen\/trommels\/","title":{"rendered":"Tambours"},"content":{"rendered":"\n<p>REPA dispose de tous les tambours dont vous pouvez avoir besoin. Nous livrons \u00e0 notre client\u00e8le pratiquement toutes les tailles et tous les types de tambours. Si n\u00e9cessaire, nous pouvons ajouter du caoutchouc vulcanis\u00e9 \u00e0 chaud aux tambours, l\u00e0 o\u00f9, par exemple, il est possible de r\u00e9aliser un profil\u00e9 de fen\u00eatre.<\/p>\n\n\n\n<p>Nous proposons ces tambours \u00e0 un prix tr\u00e8s attractif.<\/p>\n\n\n\n<p>Nos tambours se caract\u00e9risent par leur haute qualit\u00e9, ce qui est d\u00fb &#8211; ou se retrouve &#8211; dans les aspects suivants :<\/p>\n\n\n\n<ul class=\"wp-block-list\"><li>Dans le tube du tambour, nous commen\u00e7ons toujours par cr\u00e9er une chambre contenant la bride soud\u00e9e.<\/li><li>Avant de souder la bride, nous la chauffons dans le four. Apr\u00e8s le soudage, nous laissons tr\u00e8s soigneusement le tambour revenir \u00e0 temp\u00e9rature. C&rsquo;est la seule fa\u00e7on d&rsquo;obtenir une soudure de haute qualit\u00e9.<\/li><li>Nos tambours ne peuvent \u00eatre transport\u00e9s chez le client que s&rsquo;ils sont d&rsquo;abord correctement \u00e9quilibr\u00e9s.<\/li><\/ul>\n\n\n\n<p>Si vous le souhaitez, nous pouvons doter les tambours de caoutchouc vulcanis\u00e9 \u00e0 chaud, en utilisant, pour ce faire, du caoutchouc naturel. En effet, le caoutchouc naturel est r\u00e9sistant \u00e0 divers produits chimiques. Nous pouvons \u00e9galement, si n\u00e9cessaire, appliquer un type de profil sp\u00e9cifique.<\/p>\n\n\n\n<h2 class=\"wp-block-heading\">Tambours sp\u00e9ciaux<\/h2>\n\n\n\n<p>Naturellement, nous pouvons vous fournir tous les tambours classiques habituels. Mais nous vous offrirons \u00e9galement nos services lorsque vous aurez besoin de tambours sp\u00e9ciaux devant r\u00e9pondre \u00e0 des exigences sp\u00e9cifiques. Par exemple, des tambours \u00e0 spirale ou \u00e0 ailettes.<\/p>\n\n\n\n<p>Pour vous faire une offre, nous pouvons nous baser sur le dessin que vous nous fournirez.<\/p>\n","protected":false},"excerpt":{"rendered":"<p>REPA dispose de tous les tambours dont vous pouvez avoir besoin. Nous livrons \u00e0 notre client\u00e8le pratiquement toutes les tailles et tous les types de tambours. Si n\u00e9cessaire, nous pouvons ajouter du caoutchouc vulcanis\u00e9 \u00e0 chaud aux tambours, l\u00e0 o\u00f9, par exemple, il est possible de r\u00e9aliser un profil\u00e9 de fen\u00eatre. Nous proposons ces tambours&hellip; <a class=\"more-link\" href=\"https:\/\/repatransportbanden.nl\/fr\/trommels-rollen\/trommels\/\">Continue reading <span class=\"screen-reader-text\">Tambours<\/span><\/a><\/p>\n","protected":false},"author":2,"featured_media":1434,"parent":2089,"menu_order":0,"comment_status":"closed","ping_status":"closed","template":"templates\/template-service.php","meta":{"_acf_changed":false,"footnotes":""},"class_list":["post-2995","page","type-page","status-publish","has-post-thumbnail","hentry","entry"],"acf":[],"yoast_head":"<!-- This site is optimized with the Yoast SEO plugin v27.4 - https:\/\/yoast.com\/product\/yoast-seo-wordpress\/ -->\n<title>Tambours - repatransportbanden.nl<\/title>\n<meta name=\"robots\" content=\"index, follow, max-snippet:-1, max-image-preview:large, max-video-preview:-1\" \/>\n<link rel=\"canonical\" href=\"https:\/\/repatransportbanden.nl\/fr\/trommels-rollen\/trommels\/\" \/>\n<meta property=\"og:locale\" content=\"fr_FR\" \/>\n<meta property=\"og:type\" content=\"article\" \/>\n<meta property=\"og:title\" content=\"Tambours - repatransportbanden.nl\" \/>\n<meta property=\"og:description\" content=\"REPA dispose de tous les tambours dont vous pouvez avoir besoin. Nous livrons \u00e0 notre client\u00e8le pratiquement toutes les tailles et tous les types de tambours. Si n\u00e9cessaire, nous pouvons ajouter du caoutchouc vulcanis\u00e9 \u00e0 chaud aux tambours, l\u00e0 o\u00f9, par exemple, il est possible de r\u00e9aliser un profil\u00e9 de fen\u00eatre. Nous proposons ces tambours&hellip; Continue reading Tambours\" \/>\n<meta property=\"og:url\" content=\"https:\/\/repatransportbanden.nl\/fr\/trommels-rollen\/trommels\/\" \/>\n<meta property=\"og:site_name\" content=\"repatransportbanden.nl\" \/>\n<meta property=\"article:modified_time\" content=\"2021-12-29T08:17:59+00:00\" \/>\n<meta property=\"og:image\" content=\"https:\/\/repatransportbanden.tempurl.host\/wp-content\/uploads\/2021\/12\/Trommels.jpg\" \/>\n\t<meta property=\"og:image:width\" content=\"331\" \/>\n\t<meta property=\"og:image:height\" content=\"331\" \/>\n\t<meta property=\"og:image:type\" content=\"image\/jpeg\" \/>\n<meta name=\"twitter:card\" content=\"summary_large_image\" \/>\n<meta name=\"twitter:label1\" content=\"Dur\u00e9e de lecture estim\u00e9e\" \/>\n\t<meta name=\"twitter:data1\" content=\"1 minute\" \/>\n<script type=\"application\/ld+json\" class=\"yoast-schema-graph\">{\"@context\":\"https:\\\/\\\/schema.org\",\"@graph\":[{\"@type\":\"WebPage\",\"@id\":\"https:\\\/\\\/repatransportbanden.nl\\\/fr\\\/trommels-rollen\\\/trommels\\\/\",\"url\":\"https:\\\/\\\/repatransportbanden.nl\\\/fr\\\/trommels-rollen\\\/trommels\\\/\",\"name\":\"Tambours - repatransportbanden.nl\",\"isPartOf\":{\"@id\":\"https:\\\/\\\/repatransportbanden.tempurl.host\\\/#website\"},\"primaryImageOfPage\":{\"@id\":\"https:\\\/\\\/repatransportbanden.nl\\\/fr\\\/trommels-rollen\\\/trommels\\\/#primaryimage\"},\"image\":{\"@id\":\"https:\\\/\\\/repatransportbanden.nl\\\/fr\\\/trommels-rollen\\\/trommels\\\/#primaryimage\"},\"thumbnailUrl\":\"https:\\\/\\\/repatransportbanden.nl\\\/wp-content\\\/uploads\\\/2021\\\/12\\\/Trommels.jpg\",\"datePublished\":\"2021-12-23T09:59:53+00:00\",\"dateModified\":\"2021-12-29T08:17:59+00:00\",\"breadcrumb\":{\"@id\":\"https:\\\/\\\/repatransportbanden.nl\\\/fr\\\/trommels-rollen\\\/trommels\\\/#breadcrumb\"},\"inLanguage\":\"fr-FR\",\"potentialAction\":[{\"@type\":\"ReadAction\",\"target\":[\"https:\\\/\\\/repatransportbanden.nl\\\/fr\\\/trommels-rollen\\\/trommels\\\/\"]}]},{\"@type\":\"ImageObject\",\"inLanguage\":\"fr-FR\",\"@id\":\"https:\\\/\\\/repatransportbanden.nl\\\/fr\\\/trommels-rollen\\\/trommels\\\/#primaryimage\",\"url\":\"https:\\\/\\\/repatransportbanden.nl\\\/wp-content\\\/uploads\\\/2021\\\/12\\\/Trommels.jpg\",\"contentUrl\":\"https:\\\/\\\/repatransportbanden.nl\\\/wp-content\\\/uploads\\\/2021\\\/12\\\/Trommels.jpg\",\"width\":331,\"height\":331},{\"@type\":\"BreadcrumbList\",\"@id\":\"https:\\\/\\\/repatransportbanden.nl\\\/fr\\\/trommels-rollen\\\/trommels\\\/#breadcrumb\",\"itemListElement\":[{\"@type\":\"ListItem\",\"position\":1,\"name\":\"d\u2019accueil\",\"item\":\"https:\\\/\\\/repatransportbanden.nl\\\/fr\\\/\"},{\"@type\":\"ListItem\",\"position\":2,\"name\":\"Tambours et rouleaux\",\"item\":\"https:\\\/\\\/repatransportbanden.tempurl.host\\\/fr\\\/trommels-rollen\\\/\"},{\"@type\":\"ListItem\",\"position\":3,\"name\":\"Tambours\"}]},{\"@type\":\"WebSite\",\"@id\":\"https:\\\/\\\/repatransportbanden.tempurl.host\\\/#website\",\"url\":\"https:\\\/\\\/repatransportbanden.tempurl.host\\\/\",\"name\":\"repatransportbanden.nl\",\"description\":\"\",\"potentialAction\":[{\"@type\":\"SearchAction\",\"target\":{\"@type\":\"EntryPoint\",\"urlTemplate\":\"https:\\\/\\\/repatransportbanden.tempurl.host\\\/?s={search_term_string}\"},\"query-input\":{\"@type\":\"PropertyValueSpecification\",\"valueRequired\":true,\"valueName\":\"search_term_string\"}}],\"inLanguage\":\"fr-FR\"}]}<\/script>\n<!-- \/ Yoast SEO plugin. -->","yoast_head_json":{"title":"Tambours - repatransportbanden.nl","robots":{"index":"index","follow":"follow","max-snippet":"max-snippet:-1","max-image-preview":"max-image-preview:large","max-video-preview":"max-video-preview:-1"},"canonical":"https:\/\/repatransportbanden.nl\/fr\/trommels-rollen\/trommels\/","og_locale":"fr_FR","og_type":"article","og_title":"Tambours - repatransportbanden.nl","og_description":"REPA dispose de tous les tambours dont vous pouvez avoir besoin. Nous livrons \u00e0 notre client\u00e8le pratiquement toutes les tailles et tous les types de tambours. Si n\u00e9cessaire, nous pouvons ajouter du caoutchouc vulcanis\u00e9 \u00e0 chaud aux tambours, l\u00e0 o\u00f9, par exemple, il est possible de r\u00e9aliser un profil\u00e9 de fen\u00eatre. Nous proposons ces tambours&hellip; Continue reading Tambours","og_url":"https:\/\/repatransportbanden.nl\/fr\/trommels-rollen\/trommels\/","og_site_name":"repatransportbanden.nl","article_modified_time":"2021-12-29T08:17:59+00:00","og_image":[{"width":331,"height":331,"url":"https:\/\/repatransportbanden.tempurl.host\/wp-content\/uploads\/2021\/12\/Trommels.jpg","type":"image\/jpeg"}],"twitter_card":"summary_large_image","twitter_misc":{"Dur\u00e9e de lecture estim\u00e9e":"1 minute"},"schema":{"@context":"https:\/\/schema.org","@graph":[{"@type":"WebPage","@id":"https:\/\/repatransportbanden.nl\/fr\/trommels-rollen\/trommels\/","url":"https:\/\/repatransportbanden.nl\/fr\/trommels-rollen\/trommels\/","name":"Tambours - repatransportbanden.nl","isPartOf":{"@id":"https:\/\/repatransportbanden.tempurl.host\/#website"},"primaryImageOfPage":{"@id":"https:\/\/repatransportbanden.nl\/fr\/trommels-rollen\/trommels\/#primaryimage"},"image":{"@id":"https:\/\/repatransportbanden.nl\/fr\/trommels-rollen\/trommels\/#primaryimage"},"thumbnailUrl":"https:\/\/repatransportbanden.nl\/wp-content\/uploads\/2021\/12\/Trommels.jpg","datePublished":"2021-12-23T09:59:53+00:00","dateModified":"2021-12-29T08:17:59+00:00","breadcrumb":{"@id":"https:\/\/repatransportbanden.nl\/fr\/trommels-rollen\/trommels\/#breadcrumb"},"inLanguage":"fr-FR","potentialAction":[{"@type":"ReadAction","target":["https:\/\/repatransportbanden.nl\/fr\/trommels-rollen\/trommels\/"]}]},{"@type":"ImageObject","inLanguage":"fr-FR","@id":"https:\/\/repatransportbanden.nl\/fr\/trommels-rollen\/trommels\/#primaryimage","url":"https:\/\/repatransportbanden.nl\/wp-content\/uploads\/2021\/12\/Trommels.jpg","contentUrl":"https:\/\/repatransportbanden.nl\/wp-content\/uploads\/2021\/12\/Trommels.jpg","width":331,"height":331},{"@type":"BreadcrumbList","@id":"https:\/\/repatransportbanden.nl\/fr\/trommels-rollen\/trommels\/#breadcrumb","itemListElement":[{"@type":"ListItem","position":1,"name":"d\u2019accueil","item":"https:\/\/repatransportbanden.nl\/fr\/"},{"@type":"ListItem","position":2,"name":"Tambours et rouleaux","item":"https:\/\/repatransportbanden.tempurl.host\/fr\/trommels-rollen\/"},{"@type":"ListItem","position":3,"name":"Tambours"}]},{"@type":"WebSite","@id":"https:\/\/repatransportbanden.tempurl.host\/#website","url":"https:\/\/repatransportbanden.tempurl.host\/","name":"repatransportbanden.nl","description":"","potentialAction":[{"@type":"SearchAction","target":{"@type":"EntryPoint","urlTemplate":"https:\/\/repatransportbanden.tempurl.host\/?s={search_term_string}"},"query-input":{"@type":"PropertyValueSpecification","valueRequired":true,"valueName":"search_term_string"}}],"inLanguage":"fr-FR"}]}},"_links":{"self":[{"href":"https:\/\/repatransportbanden.nl\/fr\/wp-json\/wp\/v2\/pages\/2995","targetHints":{"allow":["GET"]}}],"collection":[{"href":"https:\/\/repatransportbanden.nl\/fr\/wp-json\/wp\/v2\/pages"}],"about":[{"href":"https:\/\/repatransportbanden.nl\/fr\/wp-json\/wp\/v2\/types\/page"}],"author":[{"embeddable":true,"href":"https:\/\/repatransportbanden.nl\/fr\/wp-json\/wp\/v2\/users\/2"}],"replies":[{"embeddable":true,"href":"https:\/\/repatransportbanden.nl\/fr\/wp-json\/wp\/v2\/comments?post=2995"}],"version-history":[{"count":4,"href":"https:\/\/repatransportbanden.nl\/fr\/wp-json\/wp\/v2\/pages\/2995\/revisions"}],"predecessor-version":[{"id":3210,"href":"https:\/\/repatransportbanden.nl\/fr\/wp-json\/wp\/v2\/pages\/2995\/revisions\/3210"}],"up":[{"embeddable":true,"href":"https:\/\/repatransportbanden.nl\/fr\/wp-json\/wp\/v2\/pages\/2089"}],"wp:featuredmedia":[{"embeddable":true,"href":"https:\/\/repatransportbanden.nl\/fr\/wp-json\/wp\/v2\/media\/1434"}],"wp:attachment":[{"href":"https:\/\/repatransportbanden.nl\/fr\/wp-json\/wp\/v2\/media?parent=2995"}],"curies":[{"name":"wp","href":"https:\/\/api.w.org\/{rel}","templated":true}]}}