{"id":1761,"date":"2021-12-16T10:19:06","date_gmt":"2021-12-16T09:19:06","guid":{"rendered":"https:\/\/repatransportbanden.nl\/wie-zijn-wij\/"},"modified":"2022-01-28T00:16:41","modified_gmt":"2022-01-27T23:16:41","slug":"wie-zijn-wij","status":"publish","type":"page","link":"https:\/\/repatransportbanden.nl\/fr\/wie-zijn-wij\/","title":{"rendered":"Qui sommes-nous"},"content":{"rendered":"\n<p>REPA Transportbanden BV a \u00e9t\u00e9 fond\u00e9e en 1993 \u00e0 Akersloot et a, depuis, connu une croissance explosive. Notre d\u00e9veloppement tient \u00e0 ce que nous sommes, sans interruption, \u00e0 la disposition de la client\u00e8le : 24 heures sur 24 et 7 jours sur 7. Pour r\u00e9sumer : une excellente qualit\u00e9 et des d\u00e9lais de livraison rapides sont la base du succ\u00e8s de REPA. De plus, nous sommes certifi\u00e9s ISO-9001 et VCA depuis 1998 ! En 2020, REPA a d\u00e9m\u00e9nag\u00e9 \u00e0 Alkmaar dans de nouveaux locaux lui permettant de se d\u00e9velopper plus avant. Le site d&rsquo;Alkmaar a une superficie de 35000 m<sup>2<\/sup>. Tous nos halls de production sont \u00e9quip\u00e9s de machines ultramodernes d\u00e9di\u00e9es \u00e0 la production de bandes transporteuses en plastique et en caoutchouc. Notre derni\u00e8re acquisition : une ligne de production semi-automatique pour la vulcanisation de bandes en caoutchouc \u2013 jusqu&rsquo;\u00e0 2600 mm de large \u2013 \u00e9quip\u00e9es de tasseaux et de bords ondul\u00e9s.<\/p>\n\n\n\n<p>Nous employons, par ailleurs, diff\u00e9rentes presses \u00e0 chaud \u00e0 haute fr\u00e9quence pour la vulcanisation de bandes transporteuses en plastique \u2013 jusqu&rsquo;\u00e0 5000 mm de large. Nous utilisons \u00e9galement plusieurs machines de d\u00e9coupe, afin de pouvoir livrer rapidement, les temps d&rsquo;arr\u00eat \u00e9tant toujours, pour les entreprises, une perte d\u2019argent, aussi importante qu\u2019inutile. La fabrication de divers rouleaux fait \u00e9galement partie de nos activit\u00e9s. De plus, REPA fournit, \u00e0 partir du stock, toutes les pi\u00e8ces n\u00e9cessaires au bon fonctionnement d&rsquo;un syst\u00e8me de bande transporteuse.<\/p>\n\n\n\n<p>Tout le monde est invit\u00e9 \u00e0 venir visiter notre nouvelle salle d&rsquo;exposition, dans laquelle est pr\u00e9sent\u00e9 l\u2019ensemble des produits propos\u00e9s par le groupe REPA. Veuillez, au pr\u00e9alable, nous t\u00e9l\u00e9phoner pour prendre rendez-vous.<\/p>\n\n\n\n<p>Nos activit\u00e9s comprennent, entre autres :<\/p>\n\n\n\n<ul class=\"wp-block-list\"><li>Fourniture, montage et r\u00e9paration de bandes transporteuses en caoutchouc et en plastique + pi\u00e8ces d\u00e9tach\u00e9es. Pour toutes les branches de l&rsquo;industrie.<\/li><li>Grand stock de bandes profil\u00e9es en caoutchouc<\/li><li>Entretien des bandes transporteuses + pi\u00e8ces d\u00e9tach\u00e9es<\/li><li>Inspection + rapport relatif aux bandes de transport + pi\u00e8ces d\u00e9tach\u00e9es<\/li><li>Inventaire des bandes transporteuses + pi\u00e8ces d\u00e9tach\u00e9es<\/li><li>Service actif 24 heures sur 24.<\/li><li>Confection de bandes transporteuses en plastique et en caoutchouc<\/li><li>Production de bandes transporteuses<\/li><li>Livraison et montage de racleurs<\/li><li>Livraison de tambours et de rouleaux. Tous les rouleaux DIN sont disponibles en stock (acier et PEHD)<\/li><li>Livraison de stations en auge. Conformes \u00e0 DIN, disponibles \u00e0 partir du stock.<\/li><li>Fourniture de rouleaux de guidage automatique pour la section de retour de la bande (appel\u00e9e Re-Track), jusqu&rsquo;\u00e0 une largeur de bande de 2400 mm.<\/li><li>Fourniture de stations en auge \u00e0 guidage automatique pour la partie sup\u00e9rieure de la bande (appel\u00e9e Ce-Track), jusqu&rsquo;\u00e0 une largeur de bande de 2400 mm.<\/li><li>Fourniture de capotages de bande<\/li><li>Rev\u00eatement de tambours, entonnoirs, points de versement, etc.<\/li><li>Fourniture de rev\u00eatements en caoutchouc et en c\u00e9ramique r\u00e9sistant \u00e0 l&rsquo;usure<\/li><li>Barres d&rsquo;impact\/barres coulissantes<\/li><li>Colle \u00e0 caoutchouc et primer<\/li><\/ul>\n","protected":false},"excerpt":{"rendered":"<p>REPA Transportbanden BV a \u00e9t\u00e9 fond\u00e9e en 1993 \u00e0 Akersloot et a, depuis, connu une croissance explosive. Notre d\u00e9veloppement tient \u00e0 ce que nous sommes, sans interruption, \u00e0 la disposition de la client\u00e8le : 24 heures sur 24 et 7 jours sur 7. Pour r\u00e9sumer : une excellente qualit\u00e9 et des d\u00e9lais de livraison rapides&hellip; <a class=\"more-link\" href=\"https:\/\/repatransportbanden.nl\/fr\/wie-zijn-wij\/\">Continue reading <span class=\"screen-reader-text\">Qui sommes-nous<\/span><\/a><\/p>\n","protected":false},"author":2,"featured_media":1449,"parent":0,"menu_order":0,"comment_status":"closed","ping_status":"closed","template":"","meta":{"_acf_changed":false,"footnotes":""},"class_list":["post-1761","page","type-page","status-publish","has-post-thumbnail","hentry","entry"],"acf":[],"yoast_head":"<!-- This site is optimized with the Yoast SEO plugin v27.3 - https:\/\/yoast.com\/product\/yoast-seo-wordpress\/ -->\n<title>Qui sommes-nous - repatransportbanden.nl<\/title>\n<meta name=\"robots\" content=\"index, follow, max-snippet:-1, max-image-preview:large, max-video-preview:-1\" \/>\n<link rel=\"canonical\" href=\"https:\/\/repatransportbanden.nl\/fr\/wie-zijn-wij\/\" \/>\n<meta property=\"og:locale\" content=\"fr_FR\" \/>\n<meta property=\"og:type\" content=\"article\" \/>\n<meta property=\"og:title\" content=\"Qui sommes-nous - repatransportbanden.nl\" \/>\n<meta property=\"og:description\" content=\"REPA Transportbanden BV a \u00e9t\u00e9 fond\u00e9e en 1993 \u00e0 Akersloot et a, depuis, connu une croissance explosive. Notre d\u00e9veloppement tient \u00e0 ce que nous sommes, sans interruption, \u00e0 la disposition de la client\u00e8le : 24 heures sur 24 et 7 jours sur 7. Pour r\u00e9sumer : une excellente qualit\u00e9 et des d\u00e9lais de livraison rapides&hellip; Continue reading Qui sommes-nous\" \/>\n<meta property=\"og:url\" content=\"https:\/\/repatransportbanden.nl\/fr\/wie-zijn-wij\/\" \/>\n<meta property=\"og:site_name\" content=\"repatransportbanden.nl\" \/>\n<meta property=\"article:modified_time\" content=\"2022-01-27T23:16:41+00:00\" \/>\n<meta property=\"og:image\" content=\"https:\/\/repatransportbanden.tempurl.host\/wp-content\/uploads\/2021\/12\/Wie-zijn-wij1.jpg\" \/>\n\t<meta property=\"og:image:width\" content=\"686\" \/>\n\t<meta property=\"og:image:height\" content=\"464\" \/>\n\t<meta property=\"og:image:type\" content=\"image\/jpeg\" \/>\n<meta name=\"twitter:card\" content=\"summary_large_image\" \/>\n<meta name=\"twitter:label1\" content=\"Dur\u00e9e de lecture estim\u00e9e\" \/>\n\t<meta name=\"twitter:data1\" content=\"3 minutes\" \/>\n<script type=\"application\/ld+json\" class=\"yoast-schema-graph\">{\"@context\":\"https:\\\/\\\/schema.org\",\"@graph\":[{\"@type\":\"WebPage\",\"@id\":\"https:\\\/\\\/repatransportbanden.nl\\\/fr\\\/wie-zijn-wij\\\/\",\"url\":\"https:\\\/\\\/repatransportbanden.nl\\\/fr\\\/wie-zijn-wij\\\/\",\"name\":\"Qui sommes-nous - repatransportbanden.nl\",\"isPartOf\":{\"@id\":\"https:\\\/\\\/repatransportbanden.tempurl.host\\\/#website\"},\"primaryImageOfPage\":{\"@id\":\"https:\\\/\\\/repatransportbanden.nl\\\/fr\\\/wie-zijn-wij\\\/#primaryimage\"},\"image\":{\"@id\":\"https:\\\/\\\/repatransportbanden.nl\\\/fr\\\/wie-zijn-wij\\\/#primaryimage\"},\"thumbnailUrl\":\"https:\\\/\\\/repatransportbanden.nl\\\/wp-content\\\/uploads\\\/2021\\\/12\\\/Wie-zijn-wij1.jpg\",\"datePublished\":\"2021-12-16T09:19:06+00:00\",\"dateModified\":\"2022-01-27T23:16:41+00:00\",\"breadcrumb\":{\"@id\":\"https:\\\/\\\/repatransportbanden.nl\\\/fr\\\/wie-zijn-wij\\\/#breadcrumb\"},\"inLanguage\":\"fr-FR\",\"potentialAction\":[{\"@type\":\"ReadAction\",\"target\":[\"https:\\\/\\\/repatransportbanden.nl\\\/fr\\\/wie-zijn-wij\\\/\"]}]},{\"@type\":\"ImageObject\",\"inLanguage\":\"fr-FR\",\"@id\":\"https:\\\/\\\/repatransportbanden.nl\\\/fr\\\/wie-zijn-wij\\\/#primaryimage\",\"url\":\"https:\\\/\\\/repatransportbanden.nl\\\/wp-content\\\/uploads\\\/2021\\\/12\\\/Wie-zijn-wij1.jpg\",\"contentUrl\":\"https:\\\/\\\/repatransportbanden.nl\\\/wp-content\\\/uploads\\\/2021\\\/12\\\/Wie-zijn-wij1.jpg\",\"width\":686,\"height\":464},{\"@type\":\"BreadcrumbList\",\"@id\":\"https:\\\/\\\/repatransportbanden.nl\\\/fr\\\/wie-zijn-wij\\\/#breadcrumb\",\"itemListElement\":[{\"@type\":\"ListItem\",\"position\":1,\"name\":\"d\u2019accueil\",\"item\":\"https:\\\/\\\/repatransportbanden.nl\\\/fr\\\/\"},{\"@type\":\"ListItem\",\"position\":2,\"name\":\"Qui sommes-nous\"}]},{\"@type\":\"WebSite\",\"@id\":\"https:\\\/\\\/repatransportbanden.tempurl.host\\\/#website\",\"url\":\"https:\\\/\\\/repatransportbanden.tempurl.host\\\/\",\"name\":\"repatransportbanden.nl\",\"description\":\"\",\"potentialAction\":[{\"@type\":\"SearchAction\",\"target\":{\"@type\":\"EntryPoint\",\"urlTemplate\":\"https:\\\/\\\/repatransportbanden.tempurl.host\\\/?s={search_term_string}\"},\"query-input\":{\"@type\":\"PropertyValueSpecification\",\"valueRequired\":true,\"valueName\":\"search_term_string\"}}],\"inLanguage\":\"fr-FR\"}]}<\/script>\n<!-- \/ Yoast SEO plugin. -->","yoast_head_json":{"title":"Qui sommes-nous - repatransportbanden.nl","robots":{"index":"index","follow":"follow","max-snippet":"max-snippet:-1","max-image-preview":"max-image-preview:large","max-video-preview":"max-video-preview:-1"},"canonical":"https:\/\/repatransportbanden.nl\/fr\/wie-zijn-wij\/","og_locale":"fr_FR","og_type":"article","og_title":"Qui sommes-nous - repatransportbanden.nl","og_description":"REPA Transportbanden BV a \u00e9t\u00e9 fond\u00e9e en 1993 \u00e0 Akersloot et a, depuis, connu une croissance explosive. Notre d\u00e9veloppement tient \u00e0 ce que nous sommes, sans interruption, \u00e0 la disposition de la client\u00e8le : 24 heures sur 24 et 7 jours sur 7. Pour r\u00e9sumer : une excellente qualit\u00e9 et des d\u00e9lais de livraison rapides&hellip; Continue reading Qui sommes-nous","og_url":"https:\/\/repatransportbanden.nl\/fr\/wie-zijn-wij\/","og_site_name":"repatransportbanden.nl","article_modified_time":"2022-01-27T23:16:41+00:00","og_image":[{"width":686,"height":464,"url":"https:\/\/repatransportbanden.tempurl.host\/wp-content\/uploads\/2021\/12\/Wie-zijn-wij1.jpg","type":"image\/jpeg"}],"twitter_card":"summary_large_image","twitter_misc":{"Dur\u00e9e de lecture estim\u00e9e":"3 minutes"},"schema":{"@context":"https:\/\/schema.org","@graph":[{"@type":"WebPage","@id":"https:\/\/repatransportbanden.nl\/fr\/wie-zijn-wij\/","url":"https:\/\/repatransportbanden.nl\/fr\/wie-zijn-wij\/","name":"Qui sommes-nous - repatransportbanden.nl","isPartOf":{"@id":"https:\/\/repatransportbanden.tempurl.host\/#website"},"primaryImageOfPage":{"@id":"https:\/\/repatransportbanden.nl\/fr\/wie-zijn-wij\/#primaryimage"},"image":{"@id":"https:\/\/repatransportbanden.nl\/fr\/wie-zijn-wij\/#primaryimage"},"thumbnailUrl":"https:\/\/repatransportbanden.nl\/wp-content\/uploads\/2021\/12\/Wie-zijn-wij1.jpg","datePublished":"2021-12-16T09:19:06+00:00","dateModified":"2022-01-27T23:16:41+00:00","breadcrumb":{"@id":"https:\/\/repatransportbanden.nl\/fr\/wie-zijn-wij\/#breadcrumb"},"inLanguage":"fr-FR","potentialAction":[{"@type":"ReadAction","target":["https:\/\/repatransportbanden.nl\/fr\/wie-zijn-wij\/"]}]},{"@type":"ImageObject","inLanguage":"fr-FR","@id":"https:\/\/repatransportbanden.nl\/fr\/wie-zijn-wij\/#primaryimage","url":"https:\/\/repatransportbanden.nl\/wp-content\/uploads\/2021\/12\/Wie-zijn-wij1.jpg","contentUrl":"https:\/\/repatransportbanden.nl\/wp-content\/uploads\/2021\/12\/Wie-zijn-wij1.jpg","width":686,"height":464},{"@type":"BreadcrumbList","@id":"https:\/\/repatransportbanden.nl\/fr\/wie-zijn-wij\/#breadcrumb","itemListElement":[{"@type":"ListItem","position":1,"name":"d\u2019accueil","item":"https:\/\/repatransportbanden.nl\/fr\/"},{"@type":"ListItem","position":2,"name":"Qui sommes-nous"}]},{"@type":"WebSite","@id":"https:\/\/repatransportbanden.tempurl.host\/#website","url":"https:\/\/repatransportbanden.tempurl.host\/","name":"repatransportbanden.nl","description":"","potentialAction":[{"@type":"SearchAction","target":{"@type":"EntryPoint","urlTemplate":"https:\/\/repatransportbanden.tempurl.host\/?s={search_term_string}"},"query-input":{"@type":"PropertyValueSpecification","valueRequired":true,"valueName":"search_term_string"}}],"inLanguage":"fr-FR"}]}},"_links":{"self":[{"href":"https:\/\/repatransportbanden.nl\/fr\/wp-json\/wp\/v2\/pages\/1761","targetHints":{"allow":["GET"]}}],"collection":[{"href":"https:\/\/repatransportbanden.nl\/fr\/wp-json\/wp\/v2\/pages"}],"about":[{"href":"https:\/\/repatransportbanden.nl\/fr\/wp-json\/wp\/v2\/types\/page"}],"author":[{"embeddable":true,"href":"https:\/\/repatransportbanden.nl\/fr\/wp-json\/wp\/v2\/users\/2"}],"replies":[{"embeddable":true,"href":"https:\/\/repatransportbanden.nl\/fr\/wp-json\/wp\/v2\/comments?post=1761"}],"version-history":[{"count":3,"href":"https:\/\/repatransportbanden.nl\/fr\/wp-json\/wp\/v2\/pages\/1761\/revisions"}],"predecessor-version":[{"id":4936,"href":"https:\/\/repatransportbanden.nl\/fr\/wp-json\/wp\/v2\/pages\/1761\/revisions\/4936"}],"wp:featuredmedia":[{"embeddable":true,"href":"https:\/\/repatransportbanden.nl\/fr\/wp-json\/wp\/v2\/media\/1449"}],"wp:attachment":[{"href":"https:\/\/repatransportbanden.nl\/fr\/wp-json\/wp\/v2\/media?parent=1761"}],"curies":[{"name":"wp","href":"https:\/\/api.w.org\/{rel}","templated":true}]}}