{"id":1756,"date":"2021-12-16T10:19:03","date_gmt":"2021-12-16T09:19:03","guid":{"rendered":"https:\/\/repatransportbanden.nl\/trommels-en-rollen\/trogframes\/"},"modified":"2022-01-11T11:30:23","modified_gmt":"2022-01-11T10:30:23","slug":"trogframes","status":"publish","type":"page","link":"https:\/\/repatransportbanden.nl\/fr\/trommels-rollen\/trogframes\/","title":{"rendered":"Cadre en auge standard"},"content":{"rendered":"\n<p>REPA est en mesure de livrer n\u2019importe quel type de cadre en auge et de rouleau d\u2019auge. Tous les cadres classiques et standard peuvent \u00eatre fournis \u00e0 partir du stock. Cependant, nous avons aussi des cadres en auge et d&rsquo;autres ch\u00e2ssis aux dimensions inhabituelles ou r\u00e9pondant \u00e0 des exigences sp\u00e9cifiques. &nbsp;<\/p>\n\n\n\n<p>Si les cadres en auge sont trop lourds pour l\u2019usage que vous voulez en faire, nous pouvons \u00e9galement fournir des cadres en auge en porte-\u00e0-faux, compos\u00e9s de deux ou trois parties. &nbsp;<\/p>\n\n\n\n<p>Les pieds de l&rsquo;auge en aluminium sont \u00e9poxi\u00e9s en RAL9005 (noir) et ont un angle d&rsquo;auge de 25\u00b0.<\/p>\n\n\n\n<p>Nous pouvons fournir, \u00e0 partir du stock, des rouleaux zingu\u00e9s d&rsquo;un diam\u00e8tre de 50 mm pour les cadres en auge associ\u00e9s \u00e0 des largeurs de bande de 500, 650 ou 800 mm.<\/p>\n\n\n\n<p>REPA est le d\u00e9positaire europ\u00e9en de cadres en auge normalis\u00e9s DIN. O\u00f9 :<\/p>\n\n\n\n<ul class=\"wp-block-list\"><li>H = Distance entre le centre du rouleau et la face inf\u00e9rieure de la poutre en U<\/li><li>B = Largeur des fentes dans la poutre inf\u00e9rieure<\/li><li>FL = Longueur de la poutre inf\u00e9rieure<\/li><\/ul>\n","protected":false},"excerpt":{"rendered":"<p>REPA est en mesure de livrer n\u2019importe quel type de cadre en auge et de rouleau d\u2019auge. Tous les cadres classiques et standard peuvent \u00eatre fournis \u00e0 partir du stock. Cependant, nous avons aussi des cadres en auge et d&rsquo;autres ch\u00e2ssis aux dimensions inhabituelles ou r\u00e9pondant \u00e0 des exigences sp\u00e9cifiques. &nbsp; Si les cadres en&hellip; <a class=\"more-link\" href=\"https:\/\/repatransportbanden.nl\/fr\/trommels-rollen\/trogframes\/\">Continue reading <span class=\"screen-reader-text\">Cadre en auge standard<\/span><\/a><\/p>\n","protected":false},"author":2,"featured_media":1419,"parent":2089,"menu_order":0,"comment_status":"closed","ping_status":"closed","template":"templates\/template-service.php","meta":{"_acf_changed":false,"footnotes":""},"class_list":["post-1756","page","type-page","status-publish","has-post-thumbnail","hentry","entry"],"acf":[],"yoast_head":"<!-- This site is optimized with the Yoast SEO plugin v27.3 - https:\/\/yoast.com\/product\/yoast-seo-wordpress\/ -->\n<title>Cadre en auge standard - repatransportbanden.nl<\/title>\n<meta name=\"robots\" content=\"index, follow, max-snippet:-1, max-image-preview:large, max-video-preview:-1\" \/>\n<link rel=\"canonical\" href=\"https:\/\/repatransportbanden.nl\/fr\/trommels-rollen\/trogframes\/\" \/>\n<meta property=\"og:locale\" content=\"fr_FR\" \/>\n<meta property=\"og:type\" content=\"article\" \/>\n<meta property=\"og:title\" content=\"Cadre en auge standard - repatransportbanden.nl\" \/>\n<meta property=\"og:description\" content=\"REPA est en mesure de livrer n\u2019importe quel type de cadre en auge et de rouleau d\u2019auge. Tous les cadres classiques et standard peuvent \u00eatre fournis \u00e0 partir du stock. Cependant, nous avons aussi des cadres en auge et d&rsquo;autres ch\u00e2ssis aux dimensions inhabituelles ou r\u00e9pondant \u00e0 des exigences sp\u00e9cifiques. &nbsp; Si les cadres en&hellip; Continue reading Cadre en auge standard\" \/>\n<meta property=\"og:url\" content=\"https:\/\/repatransportbanden.nl\/fr\/trommels-rollen\/trogframes\/\" \/>\n<meta property=\"og:site_name\" content=\"repatransportbanden.nl\" \/>\n<meta property=\"article:modified_time\" content=\"2022-01-11T10:30:23+00:00\" \/>\n<meta property=\"og:image\" content=\"https:\/\/repatransportbanden.tempurl.host\/wp-content\/uploads\/2021\/12\/Trogframes.jpg\" \/>\n\t<meta property=\"og:image:width\" content=\"331\" \/>\n\t<meta property=\"og:image:height\" content=\"331\" \/>\n\t<meta property=\"og:image:type\" content=\"image\/jpeg\" \/>\n<meta name=\"twitter:card\" content=\"summary_large_image\" \/>\n<meta name=\"twitter:label1\" content=\"Dur\u00e9e de lecture estim\u00e9e\" \/>\n\t<meta name=\"twitter:data1\" content=\"1 minute\" \/>\n<script type=\"application\/ld+json\" class=\"yoast-schema-graph\">{\"@context\":\"https:\\\/\\\/schema.org\",\"@graph\":[{\"@type\":\"WebPage\",\"@id\":\"https:\\\/\\\/repatransportbanden.nl\\\/fr\\\/trommels-rollen\\\/trogframes\\\/\",\"url\":\"https:\\\/\\\/repatransportbanden.nl\\\/fr\\\/trommels-rollen\\\/trogframes\\\/\",\"name\":\"Cadre en auge standard - repatransportbanden.nl\",\"isPartOf\":{\"@id\":\"https:\\\/\\\/repatransportbanden.tempurl.host\\\/#website\"},\"primaryImageOfPage\":{\"@id\":\"https:\\\/\\\/repatransportbanden.nl\\\/fr\\\/trommels-rollen\\\/trogframes\\\/#primaryimage\"},\"image\":{\"@id\":\"https:\\\/\\\/repatransportbanden.nl\\\/fr\\\/trommels-rollen\\\/trogframes\\\/#primaryimage\"},\"thumbnailUrl\":\"https:\\\/\\\/repatransportbanden.nl\\\/wp-content\\\/uploads\\\/2021\\\/12\\\/Trogframes.jpg\",\"datePublished\":\"2021-12-16T09:19:03+00:00\",\"dateModified\":\"2022-01-11T10:30:23+00:00\",\"breadcrumb\":{\"@id\":\"https:\\\/\\\/repatransportbanden.nl\\\/fr\\\/trommels-rollen\\\/trogframes\\\/#breadcrumb\"},\"inLanguage\":\"fr-FR\",\"potentialAction\":[{\"@type\":\"ReadAction\",\"target\":[\"https:\\\/\\\/repatransportbanden.nl\\\/fr\\\/trommels-rollen\\\/trogframes\\\/\"]}]},{\"@type\":\"ImageObject\",\"inLanguage\":\"fr-FR\",\"@id\":\"https:\\\/\\\/repatransportbanden.nl\\\/fr\\\/trommels-rollen\\\/trogframes\\\/#primaryimage\",\"url\":\"https:\\\/\\\/repatransportbanden.nl\\\/wp-content\\\/uploads\\\/2021\\\/12\\\/Trogframes.jpg\",\"contentUrl\":\"https:\\\/\\\/repatransportbanden.nl\\\/wp-content\\\/uploads\\\/2021\\\/12\\\/Trogframes.jpg\",\"width\":331,\"height\":331},{\"@type\":\"BreadcrumbList\",\"@id\":\"https:\\\/\\\/repatransportbanden.nl\\\/fr\\\/trommels-rollen\\\/trogframes\\\/#breadcrumb\",\"itemListElement\":[{\"@type\":\"ListItem\",\"position\":1,\"name\":\"d\u2019accueil\",\"item\":\"https:\\\/\\\/repatransportbanden.nl\\\/fr\\\/\"},{\"@type\":\"ListItem\",\"position\":2,\"name\":\"Tambours et rouleaux\",\"item\":\"https:\\\/\\\/repatransportbanden.tempurl.host\\\/fr\\\/trommels-rollen\\\/\"},{\"@type\":\"ListItem\",\"position\":3,\"name\":\"Cadre en auge standard\"}]},{\"@type\":\"WebSite\",\"@id\":\"https:\\\/\\\/repatransportbanden.tempurl.host\\\/#website\",\"url\":\"https:\\\/\\\/repatransportbanden.tempurl.host\\\/\",\"name\":\"repatransportbanden.nl\",\"description\":\"\",\"potentialAction\":[{\"@type\":\"SearchAction\",\"target\":{\"@type\":\"EntryPoint\",\"urlTemplate\":\"https:\\\/\\\/repatransportbanden.tempurl.host\\\/?s={search_term_string}\"},\"query-input\":{\"@type\":\"PropertyValueSpecification\",\"valueRequired\":true,\"valueName\":\"search_term_string\"}}],\"inLanguage\":\"fr-FR\"}]}<\/script>\n<!-- \/ Yoast SEO plugin. -->","yoast_head_json":{"title":"Cadre en auge standard - repatransportbanden.nl","robots":{"index":"index","follow":"follow","max-snippet":"max-snippet:-1","max-image-preview":"max-image-preview:large","max-video-preview":"max-video-preview:-1"},"canonical":"https:\/\/repatransportbanden.nl\/fr\/trommels-rollen\/trogframes\/","og_locale":"fr_FR","og_type":"article","og_title":"Cadre en auge standard - repatransportbanden.nl","og_description":"REPA est en mesure de livrer n\u2019importe quel type de cadre en auge et de rouleau d\u2019auge. Tous les cadres classiques et standard peuvent \u00eatre fournis \u00e0 partir du stock. Cependant, nous avons aussi des cadres en auge et d&rsquo;autres ch\u00e2ssis aux dimensions inhabituelles ou r\u00e9pondant \u00e0 des exigences sp\u00e9cifiques. &nbsp; Si les cadres en&hellip; Continue reading Cadre en auge standard","og_url":"https:\/\/repatransportbanden.nl\/fr\/trommels-rollen\/trogframes\/","og_site_name":"repatransportbanden.nl","article_modified_time":"2022-01-11T10:30:23+00:00","og_image":[{"width":331,"height":331,"url":"https:\/\/repatransportbanden.tempurl.host\/wp-content\/uploads\/2021\/12\/Trogframes.jpg","type":"image\/jpeg"}],"twitter_card":"summary_large_image","twitter_misc":{"Dur\u00e9e de lecture estim\u00e9e":"1 minute"},"schema":{"@context":"https:\/\/schema.org","@graph":[{"@type":"WebPage","@id":"https:\/\/repatransportbanden.nl\/fr\/trommels-rollen\/trogframes\/","url":"https:\/\/repatransportbanden.nl\/fr\/trommels-rollen\/trogframes\/","name":"Cadre en auge standard - repatransportbanden.nl","isPartOf":{"@id":"https:\/\/repatransportbanden.tempurl.host\/#website"},"primaryImageOfPage":{"@id":"https:\/\/repatransportbanden.nl\/fr\/trommels-rollen\/trogframes\/#primaryimage"},"image":{"@id":"https:\/\/repatransportbanden.nl\/fr\/trommels-rollen\/trogframes\/#primaryimage"},"thumbnailUrl":"https:\/\/repatransportbanden.nl\/wp-content\/uploads\/2021\/12\/Trogframes.jpg","datePublished":"2021-12-16T09:19:03+00:00","dateModified":"2022-01-11T10:30:23+00:00","breadcrumb":{"@id":"https:\/\/repatransportbanden.nl\/fr\/trommels-rollen\/trogframes\/#breadcrumb"},"inLanguage":"fr-FR","potentialAction":[{"@type":"ReadAction","target":["https:\/\/repatransportbanden.nl\/fr\/trommels-rollen\/trogframes\/"]}]},{"@type":"ImageObject","inLanguage":"fr-FR","@id":"https:\/\/repatransportbanden.nl\/fr\/trommels-rollen\/trogframes\/#primaryimage","url":"https:\/\/repatransportbanden.nl\/wp-content\/uploads\/2021\/12\/Trogframes.jpg","contentUrl":"https:\/\/repatransportbanden.nl\/wp-content\/uploads\/2021\/12\/Trogframes.jpg","width":331,"height":331},{"@type":"BreadcrumbList","@id":"https:\/\/repatransportbanden.nl\/fr\/trommels-rollen\/trogframes\/#breadcrumb","itemListElement":[{"@type":"ListItem","position":1,"name":"d\u2019accueil","item":"https:\/\/repatransportbanden.nl\/fr\/"},{"@type":"ListItem","position":2,"name":"Tambours et rouleaux","item":"https:\/\/repatransportbanden.tempurl.host\/fr\/trommels-rollen\/"},{"@type":"ListItem","position":3,"name":"Cadre en auge standard"}]},{"@type":"WebSite","@id":"https:\/\/repatransportbanden.tempurl.host\/#website","url":"https:\/\/repatransportbanden.tempurl.host\/","name":"repatransportbanden.nl","description":"","potentialAction":[{"@type":"SearchAction","target":{"@type":"EntryPoint","urlTemplate":"https:\/\/repatransportbanden.tempurl.host\/?s={search_term_string}"},"query-input":{"@type":"PropertyValueSpecification","valueRequired":true,"valueName":"search_term_string"}}],"inLanguage":"fr-FR"}]}},"_links":{"self":[{"href":"https:\/\/repatransportbanden.nl\/fr\/wp-json\/wp\/v2\/pages\/1756","targetHints":{"allow":["GET"]}}],"collection":[{"href":"https:\/\/repatransportbanden.nl\/fr\/wp-json\/wp\/v2\/pages"}],"about":[{"href":"https:\/\/repatransportbanden.nl\/fr\/wp-json\/wp\/v2\/types\/page"}],"author":[{"embeddable":true,"href":"https:\/\/repatransportbanden.nl\/fr\/wp-json\/wp\/v2\/users\/2"}],"replies":[{"embeddable":true,"href":"https:\/\/repatransportbanden.nl\/fr\/wp-json\/wp\/v2\/comments?post=1756"}],"version-history":[{"count":5,"href":"https:\/\/repatransportbanden.nl\/fr\/wp-json\/wp\/v2\/pages\/1756\/revisions"}],"predecessor-version":[{"id":4102,"href":"https:\/\/repatransportbanden.nl\/fr\/wp-json\/wp\/v2\/pages\/1756\/revisions\/4102"}],"up":[{"embeddable":true,"href":"https:\/\/repatransportbanden.nl\/fr\/wp-json\/wp\/v2\/pages\/2089"}],"wp:featuredmedia":[{"embeddable":true,"href":"https:\/\/repatransportbanden.nl\/fr\/wp-json\/wp\/v2\/media\/1419"}],"wp:attachment":[{"href":"https:\/\/repatransportbanden.nl\/fr\/wp-json\/wp\/v2\/media?parent=1756"}],"curies":[{"name":"wp","href":"https:\/\/api.w.org\/{rel}","templated":true}]}}