{"id":1748,"date":"2021-12-16T09:27:57","date_gmt":"2021-12-16T08:27:57","guid":{"rendered":"https:\/\/repatransportbanden.nl\/trommels-en-rollen\/re-track-band-stuurrollen\/"},"modified":"2021-12-29T08:47:30","modified_gmt":"2021-12-29T07:47:30","slug":"re-track-band-stuurrollen","status":"publish","type":"page","link":"https:\/\/repatransportbanden.nl\/fr\/trommels-rollen\/re-track-band-stuurrollen\/","title":{"rendered":"Rouleaux de guidage de bande RE-TRACK"},"content":{"rendered":"\n<h2 class=\"wp-block-heading\">Notre rouleau de guidage de bande RE-Track est destin\u00e9 aux situations standard. Pour les installations \u00e0 usage intensif, nous avons con\u00e7u le rouleau de guidage RE-Track HD.<\/h2>\n\n\n\n<p>Le rouleau de guidage de bande RE-Track (HD) est le rouleau de guidage le plus performant de notre gamme. Ce rouleau de guidage a prouv\u00e9 ses excellentes propri\u00e9t\u00e9s de guidage \u00e0 maintes reprises dans l\u2019industrie mini\u00e8re et dans les industries de l&rsquo;acier, du vrac et du ciment.<\/p>\n\n\n\n<p>L&rsquo;axe du rouleau de guidage RE-Track est constitu\u00e9 d&rsquo;une tige ronde d\u2019une seule pi\u00e8ce. Le tube peut tourner autour de la tige, parall\u00e8lement \u00e0 la bande transporteuse \u00e0 guider. Il s\u2019en suit que lorsqu\u2019une bande est trop d\u00e9centr\u00e9e, elle se trouve ramen\u00e9e \u00e0 une course normale.<\/p>\n\n\n\n<p>Pour assurer la meilleure adh\u00e9rence possible de la bande transporteuse sur le rouleau, le manchon est toujours \u00e9quip\u00e9 d&rsquo;un rev\u00eatement vulcanis\u00e9 \u00e0 chaud avec profil en forme de losange.<\/p>\n\n\n\n<p>Le RE-Track (HD) est \u00e9quip\u00e9 de roulements \u00e0 gorge tr\u00e8s r\u00e9sistants. Gr\u00e2ce \u00e0 sa conception sp\u00e9ciale, le RE-Track (HD) est compl\u00e8tement \u00e9tanche et ne n\u00e9cessite aucun entretien. Nous fournissons le RE-Track (HD) avec des supports de montage galvanis\u00e9s \u00e0 chaud.<\/p>\n\n\n\n<p>Le RE-Track (HD) est disponible dans toutes les largeurs classiques, dans les tailles indiqu\u00e9es ci-dessous. De plus, nous disposons toujours de tailles d\u00e9viantes, susceptibles de correspondre \u00e0 vos souhaits.<\/p>\n","protected":false},"excerpt":{"rendered":"<p>Notre rouleau de guidage de bande RE-Track est destin\u00e9 aux situations standard. Pour les installations \u00e0 usage intensif, nous avons con\u00e7u le rouleau de guidage RE-Track HD. Le rouleau de guidage de bande RE-Track (HD) est le rouleau de guidage le plus performant de notre gamme. Ce rouleau de guidage a prouv\u00e9 ses excellentes propri\u00e9t\u00e9s&hellip; <a class=\"more-link\" href=\"https:\/\/repatransportbanden.nl\/fr\/trommels-rollen\/re-track-band-stuurrollen\/\">Continue reading <span class=\"screen-reader-text\">Rouleaux de guidage de bande RE-TRACK<\/span><\/a><\/p>\n","protected":false},"author":2,"featured_media":1467,"parent":2089,"menu_order":0,"comment_status":"closed","ping_status":"closed","template":"templates\/template-service.php","meta":{"_acf_changed":false,"footnotes":""},"class_list":["post-1748","page","type-page","status-publish","has-post-thumbnail","hentry","entry"],"acf":[],"yoast_head":"<!-- This site is optimized with the Yoast SEO plugin v27.4 - https:\/\/yoast.com\/product\/yoast-seo-wordpress\/ -->\n<title>Rouleaux de guidage de bande RE-TRACK - repatransportbanden.nl<\/title>\n<meta name=\"robots\" content=\"index, follow, max-snippet:-1, max-image-preview:large, max-video-preview:-1\" \/>\n<link rel=\"canonical\" href=\"https:\/\/repatransportbanden.nl\/fr\/trommels-rollen\/re-track-band-stuurrollen\/\" \/>\n<meta property=\"og:locale\" content=\"fr_FR\" \/>\n<meta property=\"og:type\" content=\"article\" \/>\n<meta property=\"og:title\" content=\"Rouleaux de guidage de bande RE-TRACK - repatransportbanden.nl\" \/>\n<meta property=\"og:description\" content=\"Notre rouleau de guidage de bande RE-Track est destin\u00e9 aux situations standard. Pour les installations \u00e0 usage intensif, nous avons con\u00e7u le rouleau de guidage RE-Track HD. Le rouleau de guidage de bande RE-Track (HD) est le rouleau de guidage le plus performant de notre gamme. Ce rouleau de guidage a prouv\u00e9 ses excellentes propri\u00e9t\u00e9s&hellip; Continue reading Rouleaux de guidage de bande RE-TRACK\" \/>\n<meta property=\"og:url\" content=\"https:\/\/repatransportbanden.nl\/fr\/trommels-rollen\/re-track-band-stuurrollen\/\" \/>\n<meta property=\"og:site_name\" content=\"repatransportbanden.nl\" \/>\n<meta property=\"article:modified_time\" content=\"2021-12-29T07:47:30+00:00\" \/>\n<meta property=\"og:image\" content=\"https:\/\/repatransportbanden.tempurl.host\/wp-content\/uploads\/2021\/12\/RE-TRACK-band-stuurrollen-1.jpg\" \/>\n\t<meta property=\"og:image:width\" content=\"331\" \/>\n\t<meta property=\"og:image:height\" content=\"331\" \/>\n\t<meta property=\"og:image:type\" content=\"image\/jpeg\" \/>\n<meta name=\"twitter:card\" content=\"summary_large_image\" \/>\n<meta name=\"twitter:label1\" content=\"Dur\u00e9e de lecture estim\u00e9e\" \/>\n\t<meta name=\"twitter:data1\" content=\"1 minute\" \/>\n<script type=\"application\/ld+json\" class=\"yoast-schema-graph\">{\"@context\":\"https:\\\/\\\/schema.org\",\"@graph\":[{\"@type\":\"WebPage\",\"@id\":\"https:\\\/\\\/repatransportbanden.nl\\\/fr\\\/trommels-rollen\\\/re-track-band-stuurrollen\\\/\",\"url\":\"https:\\\/\\\/repatransportbanden.nl\\\/fr\\\/trommels-rollen\\\/re-track-band-stuurrollen\\\/\",\"name\":\"Rouleaux de guidage de bande RE-TRACK - repatransportbanden.nl\",\"isPartOf\":{\"@id\":\"https:\\\/\\\/repatransportbanden.tempurl.host\\\/#website\"},\"primaryImageOfPage\":{\"@id\":\"https:\\\/\\\/repatransportbanden.nl\\\/fr\\\/trommels-rollen\\\/re-track-band-stuurrollen\\\/#primaryimage\"},\"image\":{\"@id\":\"https:\\\/\\\/repatransportbanden.nl\\\/fr\\\/trommels-rollen\\\/re-track-band-stuurrollen\\\/#primaryimage\"},\"thumbnailUrl\":\"https:\\\/\\\/repatransportbanden.nl\\\/wp-content\\\/uploads\\\/2021\\\/12\\\/RE-TRACK-band-stuurrollen-1.jpg\",\"datePublished\":\"2021-12-16T08:27:57+00:00\",\"dateModified\":\"2021-12-29T07:47:30+00:00\",\"breadcrumb\":{\"@id\":\"https:\\\/\\\/repatransportbanden.nl\\\/fr\\\/trommels-rollen\\\/re-track-band-stuurrollen\\\/#breadcrumb\"},\"inLanguage\":\"fr-FR\",\"potentialAction\":[{\"@type\":\"ReadAction\",\"target\":[\"https:\\\/\\\/repatransportbanden.nl\\\/fr\\\/trommels-rollen\\\/re-track-band-stuurrollen\\\/\"]}]},{\"@type\":\"ImageObject\",\"inLanguage\":\"fr-FR\",\"@id\":\"https:\\\/\\\/repatransportbanden.nl\\\/fr\\\/trommels-rollen\\\/re-track-band-stuurrollen\\\/#primaryimage\",\"url\":\"https:\\\/\\\/repatransportbanden.nl\\\/wp-content\\\/uploads\\\/2021\\\/12\\\/RE-TRACK-band-stuurrollen-1.jpg\",\"contentUrl\":\"https:\\\/\\\/repatransportbanden.nl\\\/wp-content\\\/uploads\\\/2021\\\/12\\\/RE-TRACK-band-stuurrollen-1.jpg\",\"width\":331,\"height\":331},{\"@type\":\"BreadcrumbList\",\"@id\":\"https:\\\/\\\/repatransportbanden.nl\\\/fr\\\/trommels-rollen\\\/re-track-band-stuurrollen\\\/#breadcrumb\",\"itemListElement\":[{\"@type\":\"ListItem\",\"position\":1,\"name\":\"d\u2019accueil\",\"item\":\"https:\\\/\\\/repatransportbanden.nl\\\/fr\\\/\"},{\"@type\":\"ListItem\",\"position\":2,\"name\":\"Tambours et rouleaux\",\"item\":\"https:\\\/\\\/repatransportbanden.tempurl.host\\\/fr\\\/trommels-rollen\\\/\"},{\"@type\":\"ListItem\",\"position\":3,\"name\":\"Rouleaux de guidage de bande RE-TRACK\"}]},{\"@type\":\"WebSite\",\"@id\":\"https:\\\/\\\/repatransportbanden.tempurl.host\\\/#website\",\"url\":\"https:\\\/\\\/repatransportbanden.tempurl.host\\\/\",\"name\":\"repatransportbanden.nl\",\"description\":\"\",\"potentialAction\":[{\"@type\":\"SearchAction\",\"target\":{\"@type\":\"EntryPoint\",\"urlTemplate\":\"https:\\\/\\\/repatransportbanden.tempurl.host\\\/?s={search_term_string}\"},\"query-input\":{\"@type\":\"PropertyValueSpecification\",\"valueRequired\":true,\"valueName\":\"search_term_string\"}}],\"inLanguage\":\"fr-FR\"}]}<\/script>\n<!-- \/ Yoast SEO plugin. -->","yoast_head_json":{"title":"Rouleaux de guidage de bande RE-TRACK - repatransportbanden.nl","robots":{"index":"index","follow":"follow","max-snippet":"max-snippet:-1","max-image-preview":"max-image-preview:large","max-video-preview":"max-video-preview:-1"},"canonical":"https:\/\/repatransportbanden.nl\/fr\/trommels-rollen\/re-track-band-stuurrollen\/","og_locale":"fr_FR","og_type":"article","og_title":"Rouleaux de guidage de bande RE-TRACK - repatransportbanden.nl","og_description":"Notre rouleau de guidage de bande RE-Track est destin\u00e9 aux situations standard. Pour les installations \u00e0 usage intensif, nous avons con\u00e7u le rouleau de guidage RE-Track HD. Le rouleau de guidage de bande RE-Track (HD) est le rouleau de guidage le plus performant de notre gamme. Ce rouleau de guidage a prouv\u00e9 ses excellentes propri\u00e9t\u00e9s&hellip; Continue reading Rouleaux de guidage de bande RE-TRACK","og_url":"https:\/\/repatransportbanden.nl\/fr\/trommels-rollen\/re-track-band-stuurrollen\/","og_site_name":"repatransportbanden.nl","article_modified_time":"2021-12-29T07:47:30+00:00","og_image":[{"width":331,"height":331,"url":"https:\/\/repatransportbanden.tempurl.host\/wp-content\/uploads\/2021\/12\/RE-TRACK-band-stuurrollen-1.jpg","type":"image\/jpeg"}],"twitter_card":"summary_large_image","twitter_misc":{"Dur\u00e9e de lecture estim\u00e9e":"1 minute"},"schema":{"@context":"https:\/\/schema.org","@graph":[{"@type":"WebPage","@id":"https:\/\/repatransportbanden.nl\/fr\/trommels-rollen\/re-track-band-stuurrollen\/","url":"https:\/\/repatransportbanden.nl\/fr\/trommels-rollen\/re-track-band-stuurrollen\/","name":"Rouleaux de guidage de bande RE-TRACK - repatransportbanden.nl","isPartOf":{"@id":"https:\/\/repatransportbanden.tempurl.host\/#website"},"primaryImageOfPage":{"@id":"https:\/\/repatransportbanden.nl\/fr\/trommels-rollen\/re-track-band-stuurrollen\/#primaryimage"},"image":{"@id":"https:\/\/repatransportbanden.nl\/fr\/trommels-rollen\/re-track-band-stuurrollen\/#primaryimage"},"thumbnailUrl":"https:\/\/repatransportbanden.nl\/wp-content\/uploads\/2021\/12\/RE-TRACK-band-stuurrollen-1.jpg","datePublished":"2021-12-16T08:27:57+00:00","dateModified":"2021-12-29T07:47:30+00:00","breadcrumb":{"@id":"https:\/\/repatransportbanden.nl\/fr\/trommels-rollen\/re-track-band-stuurrollen\/#breadcrumb"},"inLanguage":"fr-FR","potentialAction":[{"@type":"ReadAction","target":["https:\/\/repatransportbanden.nl\/fr\/trommels-rollen\/re-track-band-stuurrollen\/"]}]},{"@type":"ImageObject","inLanguage":"fr-FR","@id":"https:\/\/repatransportbanden.nl\/fr\/trommels-rollen\/re-track-band-stuurrollen\/#primaryimage","url":"https:\/\/repatransportbanden.nl\/wp-content\/uploads\/2021\/12\/RE-TRACK-band-stuurrollen-1.jpg","contentUrl":"https:\/\/repatransportbanden.nl\/wp-content\/uploads\/2021\/12\/RE-TRACK-band-stuurrollen-1.jpg","width":331,"height":331},{"@type":"BreadcrumbList","@id":"https:\/\/repatransportbanden.nl\/fr\/trommels-rollen\/re-track-band-stuurrollen\/#breadcrumb","itemListElement":[{"@type":"ListItem","position":1,"name":"d\u2019accueil","item":"https:\/\/repatransportbanden.nl\/fr\/"},{"@type":"ListItem","position":2,"name":"Tambours et rouleaux","item":"https:\/\/repatransportbanden.tempurl.host\/fr\/trommels-rollen\/"},{"@type":"ListItem","position":3,"name":"Rouleaux de guidage de bande RE-TRACK"}]},{"@type":"WebSite","@id":"https:\/\/repatransportbanden.tempurl.host\/#website","url":"https:\/\/repatransportbanden.tempurl.host\/","name":"repatransportbanden.nl","description":"","potentialAction":[{"@type":"SearchAction","target":{"@type":"EntryPoint","urlTemplate":"https:\/\/repatransportbanden.tempurl.host\/?s={search_term_string}"},"query-input":{"@type":"PropertyValueSpecification","valueRequired":true,"valueName":"search_term_string"}}],"inLanguage":"fr-FR"}]}},"_links":{"self":[{"href":"https:\/\/repatransportbanden.nl\/fr\/wp-json\/wp\/v2\/pages\/1748","targetHints":{"allow":["GET"]}}],"collection":[{"href":"https:\/\/repatransportbanden.nl\/fr\/wp-json\/wp\/v2\/pages"}],"about":[{"href":"https:\/\/repatransportbanden.nl\/fr\/wp-json\/wp\/v2\/types\/page"}],"author":[{"embeddable":true,"href":"https:\/\/repatransportbanden.nl\/fr\/wp-json\/wp\/v2\/users\/2"}],"replies":[{"embeddable":true,"href":"https:\/\/repatransportbanden.nl\/fr\/wp-json\/wp\/v2\/comments?post=1748"}],"version-history":[{"count":4,"href":"https:\/\/repatransportbanden.nl\/fr\/wp-json\/wp\/v2\/pages\/1748\/revisions"}],"predecessor-version":[{"id":3189,"href":"https:\/\/repatransportbanden.nl\/fr\/wp-json\/wp\/v2\/pages\/1748\/revisions\/3189"}],"up":[{"embeddable":true,"href":"https:\/\/repatransportbanden.nl\/fr\/wp-json\/wp\/v2\/pages\/2089"}],"wp:featuredmedia":[{"embeddable":true,"href":"https:\/\/repatransportbanden.nl\/fr\/wp-json\/wp\/v2\/media\/1467"}],"wp:attachment":[{"href":"https:\/\/repatransportbanden.nl\/fr\/wp-json\/wp\/v2\/media?parent=1748"}],"curies":[{"name":"wp","href":"https:\/\/api.w.org\/{rel}","templated":true}]}}