{"id":1741,"date":"2021-12-16T09:27:46","date_gmt":"2021-12-16T08:27:46","guid":{"rendered":"https:\/\/repatransportbanden.nl\/trommels-en-rollen\/sq-rollen\/"},"modified":"2022-01-20T16:36:23","modified_gmt":"2022-01-20T15:36:23","slug":"sq-rollen","status":"publish","type":"page","link":"https:\/\/repatransportbanden.nl\/fr\/trommels-rollen\/sq-rollen\/","title":{"rendered":"Rouleaux SQ+"},"content":{"rendered":"\n<p>Les rouleaux SQ+ de REPA sont des rouleaux d&rsquo;auge (conformes aux normes DIN) pour cadres en auge. Ces rouleaux sont vendus \u00e0 un prix comp\u00e9titif et peuvent \u00eatre livr\u00e9s \u00e0 partir du stock. Nous pouvons \u00e9galement les livrer dans des dimensions diff\u00e9rentes ou sp\u00e9cifiques. Veuillez d&rsquo;abord nous contacter. &nbsp;<\/p>\n\n\n\n<p>Nos rouleaux SQ+ sont dot\u00e9s d\u2019un rev\u00eatement noir RAL9005 dans leur version normale. Ce rouleau se distingue par ses excellentes propri\u00e9t\u00e9s de roulement. Un tr\u00e8s bon rouleau, donc, \u00e0 un prix tout aussi appr\u00e9ciable.<\/p>\n","protected":false},"excerpt":{"rendered":"<p>Les rouleaux SQ+ de REPA sont des rouleaux d&rsquo;auge (conformes aux normes DIN) pour cadres en auge. Ces rouleaux sont vendus \u00e0 un prix comp\u00e9titif et peuvent \u00eatre livr\u00e9s \u00e0 partir du stock. Nous pouvons \u00e9galement les livrer dans des dimensions diff\u00e9rentes ou sp\u00e9cifiques. Veuillez d&rsquo;abord nous contacter. &nbsp; Nos rouleaux SQ+ sont dot\u00e9s d\u2019un&hellip; <a class=\"more-link\" href=\"https:\/\/repatransportbanden.nl\/fr\/trommels-rollen\/sq-rollen\/\">Continue reading <span class=\"screen-reader-text\">Rouleaux SQ+<\/span><\/a><\/p>\n","protected":false},"author":2,"featured_media":1323,"parent":2089,"menu_order":0,"comment_status":"closed","ping_status":"closed","template":"templates\/template-service.php","meta":{"_acf_changed":false,"footnotes":""},"class_list":["post-1741","page","type-page","status-publish","has-post-thumbnail","hentry","entry"],"acf":[],"yoast_head":"<!-- This site is optimized with the Yoast SEO plugin v27.3 - https:\/\/yoast.com\/product\/yoast-seo-wordpress\/ -->\n<title>Rouleaux SQ+ - repatransportbanden.nl<\/title>\n<meta name=\"robots\" content=\"index, follow, max-snippet:-1, max-image-preview:large, max-video-preview:-1\" \/>\n<link rel=\"canonical\" href=\"https:\/\/repatransportbanden.nl\/fr\/trommels-rollen\/sq-rollen\/\" \/>\n<meta property=\"og:locale\" content=\"fr_FR\" \/>\n<meta property=\"og:type\" content=\"article\" \/>\n<meta property=\"og:title\" content=\"Rouleaux SQ+ - repatransportbanden.nl\" \/>\n<meta property=\"og:description\" content=\"Les rouleaux SQ+ de REPA sont des rouleaux d&rsquo;auge (conformes aux normes DIN) pour cadres en auge. Ces rouleaux sont vendus \u00e0 un prix comp\u00e9titif et peuvent \u00eatre livr\u00e9s \u00e0 partir du stock. Nous pouvons \u00e9galement les livrer dans des dimensions diff\u00e9rentes ou sp\u00e9cifiques. Veuillez d&rsquo;abord nous contacter. &nbsp; Nos rouleaux SQ+ sont dot\u00e9s d\u2019un&hellip; Continue reading Rouleaux SQ+\" \/>\n<meta property=\"og:url\" content=\"https:\/\/repatransportbanden.nl\/fr\/trommels-rollen\/sq-rollen\/\" \/>\n<meta property=\"og:site_name\" content=\"repatransportbanden.nl\" \/>\n<meta property=\"article:modified_time\" content=\"2022-01-20T15:36:23+00:00\" \/>\n<meta property=\"og:image\" content=\"https:\/\/repatransportbanden.tempurl.host\/wp-content\/uploads\/2021\/12\/sq-rol1.jpg\" \/>\n\t<meta property=\"og:image:width\" content=\"331\" \/>\n\t<meta property=\"og:image:height\" content=\"331\" \/>\n\t<meta property=\"og:image:type\" content=\"image\/jpeg\" \/>\n<meta name=\"twitter:card\" content=\"summary_large_image\" \/>\n<meta name=\"twitter:label1\" content=\"Dur\u00e9e de lecture estim\u00e9e\" \/>\n\t<meta name=\"twitter:data1\" content=\"1 minute\" \/>\n<script type=\"application\/ld+json\" class=\"yoast-schema-graph\">{\"@context\":\"https:\\\/\\\/schema.org\",\"@graph\":[{\"@type\":\"WebPage\",\"@id\":\"https:\\\/\\\/repatransportbanden.nl\\\/fr\\\/trommels-rollen\\\/sq-rollen\\\/\",\"url\":\"https:\\\/\\\/repatransportbanden.nl\\\/fr\\\/trommels-rollen\\\/sq-rollen\\\/\",\"name\":\"Rouleaux SQ+ - repatransportbanden.nl\",\"isPartOf\":{\"@id\":\"https:\\\/\\\/repatransportbanden.tempurl.host\\\/#website\"},\"primaryImageOfPage\":{\"@id\":\"https:\\\/\\\/repatransportbanden.nl\\\/fr\\\/trommels-rollen\\\/sq-rollen\\\/#primaryimage\"},\"image\":{\"@id\":\"https:\\\/\\\/repatransportbanden.nl\\\/fr\\\/trommels-rollen\\\/sq-rollen\\\/#primaryimage\"},\"thumbnailUrl\":\"https:\\\/\\\/repatransportbanden.nl\\\/wp-content\\\/uploads\\\/2021\\\/12\\\/sq-rol1.jpg\",\"datePublished\":\"2021-12-16T08:27:46+00:00\",\"dateModified\":\"2022-01-20T15:36:23+00:00\",\"breadcrumb\":{\"@id\":\"https:\\\/\\\/repatransportbanden.nl\\\/fr\\\/trommels-rollen\\\/sq-rollen\\\/#breadcrumb\"},\"inLanguage\":\"fr-FR\",\"potentialAction\":[{\"@type\":\"ReadAction\",\"target\":[\"https:\\\/\\\/repatransportbanden.nl\\\/fr\\\/trommels-rollen\\\/sq-rollen\\\/\"]}]},{\"@type\":\"ImageObject\",\"inLanguage\":\"fr-FR\",\"@id\":\"https:\\\/\\\/repatransportbanden.nl\\\/fr\\\/trommels-rollen\\\/sq-rollen\\\/#primaryimage\",\"url\":\"https:\\\/\\\/repatransportbanden.nl\\\/wp-content\\\/uploads\\\/2021\\\/12\\\/sq-rol1.jpg\",\"contentUrl\":\"https:\\\/\\\/repatransportbanden.nl\\\/wp-content\\\/uploads\\\/2021\\\/12\\\/sq-rol1.jpg\",\"width\":331,\"height\":331},{\"@type\":\"BreadcrumbList\",\"@id\":\"https:\\\/\\\/repatransportbanden.nl\\\/fr\\\/trommels-rollen\\\/sq-rollen\\\/#breadcrumb\",\"itemListElement\":[{\"@type\":\"ListItem\",\"position\":1,\"name\":\"d\u2019accueil\",\"item\":\"https:\\\/\\\/repatransportbanden.nl\\\/fr\\\/\"},{\"@type\":\"ListItem\",\"position\":2,\"name\":\"Tambours et rouleaux\",\"item\":\"https:\\\/\\\/repatransportbanden.tempurl.host\\\/fr\\\/trommels-rollen\\\/\"},{\"@type\":\"ListItem\",\"position\":3,\"name\":\"Rouleaux SQ+\"}]},{\"@type\":\"WebSite\",\"@id\":\"https:\\\/\\\/repatransportbanden.tempurl.host\\\/#website\",\"url\":\"https:\\\/\\\/repatransportbanden.tempurl.host\\\/\",\"name\":\"repatransportbanden.nl\",\"description\":\"\",\"potentialAction\":[{\"@type\":\"SearchAction\",\"target\":{\"@type\":\"EntryPoint\",\"urlTemplate\":\"https:\\\/\\\/repatransportbanden.tempurl.host\\\/?s={search_term_string}\"},\"query-input\":{\"@type\":\"PropertyValueSpecification\",\"valueRequired\":true,\"valueName\":\"search_term_string\"}}],\"inLanguage\":\"fr-FR\"}]}<\/script>\n<!-- \/ Yoast SEO plugin. -->","yoast_head_json":{"title":"Rouleaux SQ+ - repatransportbanden.nl","robots":{"index":"index","follow":"follow","max-snippet":"max-snippet:-1","max-image-preview":"max-image-preview:large","max-video-preview":"max-video-preview:-1"},"canonical":"https:\/\/repatransportbanden.nl\/fr\/trommels-rollen\/sq-rollen\/","og_locale":"fr_FR","og_type":"article","og_title":"Rouleaux SQ+ - repatransportbanden.nl","og_description":"Les rouleaux SQ+ de REPA sont des rouleaux d&rsquo;auge (conformes aux normes DIN) pour cadres en auge. Ces rouleaux sont vendus \u00e0 un prix comp\u00e9titif et peuvent \u00eatre livr\u00e9s \u00e0 partir du stock. Nous pouvons \u00e9galement les livrer dans des dimensions diff\u00e9rentes ou sp\u00e9cifiques. Veuillez d&rsquo;abord nous contacter. &nbsp; Nos rouleaux SQ+ sont dot\u00e9s d\u2019un&hellip; Continue reading Rouleaux SQ+","og_url":"https:\/\/repatransportbanden.nl\/fr\/trommels-rollen\/sq-rollen\/","og_site_name":"repatransportbanden.nl","article_modified_time":"2022-01-20T15:36:23+00:00","og_image":[{"width":331,"height":331,"url":"https:\/\/repatransportbanden.tempurl.host\/wp-content\/uploads\/2021\/12\/sq-rol1.jpg","type":"image\/jpeg"}],"twitter_card":"summary_large_image","twitter_misc":{"Dur\u00e9e de lecture estim\u00e9e":"1 minute"},"schema":{"@context":"https:\/\/schema.org","@graph":[{"@type":"WebPage","@id":"https:\/\/repatransportbanden.nl\/fr\/trommels-rollen\/sq-rollen\/","url":"https:\/\/repatransportbanden.nl\/fr\/trommels-rollen\/sq-rollen\/","name":"Rouleaux SQ+ - repatransportbanden.nl","isPartOf":{"@id":"https:\/\/repatransportbanden.tempurl.host\/#website"},"primaryImageOfPage":{"@id":"https:\/\/repatransportbanden.nl\/fr\/trommels-rollen\/sq-rollen\/#primaryimage"},"image":{"@id":"https:\/\/repatransportbanden.nl\/fr\/trommels-rollen\/sq-rollen\/#primaryimage"},"thumbnailUrl":"https:\/\/repatransportbanden.nl\/wp-content\/uploads\/2021\/12\/sq-rol1.jpg","datePublished":"2021-12-16T08:27:46+00:00","dateModified":"2022-01-20T15:36:23+00:00","breadcrumb":{"@id":"https:\/\/repatransportbanden.nl\/fr\/trommels-rollen\/sq-rollen\/#breadcrumb"},"inLanguage":"fr-FR","potentialAction":[{"@type":"ReadAction","target":["https:\/\/repatransportbanden.nl\/fr\/trommels-rollen\/sq-rollen\/"]}]},{"@type":"ImageObject","inLanguage":"fr-FR","@id":"https:\/\/repatransportbanden.nl\/fr\/trommels-rollen\/sq-rollen\/#primaryimage","url":"https:\/\/repatransportbanden.nl\/wp-content\/uploads\/2021\/12\/sq-rol1.jpg","contentUrl":"https:\/\/repatransportbanden.nl\/wp-content\/uploads\/2021\/12\/sq-rol1.jpg","width":331,"height":331},{"@type":"BreadcrumbList","@id":"https:\/\/repatransportbanden.nl\/fr\/trommels-rollen\/sq-rollen\/#breadcrumb","itemListElement":[{"@type":"ListItem","position":1,"name":"d\u2019accueil","item":"https:\/\/repatransportbanden.nl\/fr\/"},{"@type":"ListItem","position":2,"name":"Tambours et rouleaux","item":"https:\/\/repatransportbanden.tempurl.host\/fr\/trommels-rollen\/"},{"@type":"ListItem","position":3,"name":"Rouleaux SQ+"}]},{"@type":"WebSite","@id":"https:\/\/repatransportbanden.tempurl.host\/#website","url":"https:\/\/repatransportbanden.tempurl.host\/","name":"repatransportbanden.nl","description":"","potentialAction":[{"@type":"SearchAction","target":{"@type":"EntryPoint","urlTemplate":"https:\/\/repatransportbanden.tempurl.host\/?s={search_term_string}"},"query-input":{"@type":"PropertyValueSpecification","valueRequired":true,"valueName":"search_term_string"}}],"inLanguage":"fr-FR"}]}},"_links":{"self":[{"href":"https:\/\/repatransportbanden.nl\/fr\/wp-json\/wp\/v2\/pages\/1741","targetHints":{"allow":["GET"]}}],"collection":[{"href":"https:\/\/repatransportbanden.nl\/fr\/wp-json\/wp\/v2\/pages"}],"about":[{"href":"https:\/\/repatransportbanden.nl\/fr\/wp-json\/wp\/v2\/types\/page"}],"author":[{"embeddable":true,"href":"https:\/\/repatransportbanden.nl\/fr\/wp-json\/wp\/v2\/users\/2"}],"replies":[{"embeddable":true,"href":"https:\/\/repatransportbanden.nl\/fr\/wp-json\/wp\/v2\/comments?post=1741"}],"version-history":[{"count":5,"href":"https:\/\/repatransportbanden.nl\/fr\/wp-json\/wp\/v2\/pages\/1741\/revisions"}],"predecessor-version":[{"id":4724,"href":"https:\/\/repatransportbanden.nl\/fr\/wp-json\/wp\/v2\/pages\/1741\/revisions\/4724"}],"up":[{"embeddable":true,"href":"https:\/\/repatransportbanden.nl\/fr\/wp-json\/wp\/v2\/pages\/2089"}],"wp:featuredmedia":[{"embeddable":true,"href":"https:\/\/repatransportbanden.nl\/fr\/wp-json\/wp\/v2\/media\/1323"}],"wp:attachment":[{"href":"https:\/\/repatransportbanden.nl\/fr\/wp-json\/wp\/v2\/media?parent=1741"}],"curies":[{"name":"wp","href":"https:\/\/api.w.org\/{rel}","templated":true}]}}