{"id":1734,"date":"2021-12-16T09:27:43","date_gmt":"2021-12-16T08:27:43","guid":{"rendered":"https:\/\/repatransportbanden.nl\/trommels-en-rollen\/hq-rollen\/"},"modified":"2022-01-21T12:47:03","modified_gmt":"2022-01-21T11:47:03","slug":"hq-rollen","status":"publish","type":"page","link":"https:\/\/repatransportbanden.nl\/fr\/trommels-rollen\/hq-rollen\/","title":{"rendered":"Rouleau HQ"},"content":{"rendered":"\n<p>Les rouleaux HQ de REPA ont \u00e9t\u00e9 sp\u00e9cifiquement con\u00e7us pour les installations devant satisfaire aux exigences les plus \u00e9lev\u00e9es.<\/p>\n\n\n\n<p>Les chambres sont d\u2019abord tourn\u00e9es dans les tubes, apr\u00e8s quoi les fonds sont plac\u00e9s \u00e0 l\u2019int\u00e9rieur.<\/p>\n\n\n\n<p>Cela contribue \u00e0 ce que les roulements du rouleau soient positionn\u00e9s avec une tr\u00e8s grande pr\u00e9cision les uns par rapport aux autres. D\u2019o\u00f9 que le rouleau HQ poss\u00e8de de tr\u00e8s bonnes propri\u00e9t\u00e9s de roulement.<\/p>\n\n\n\n<p>Un grand soin a \u00e9t\u00e9 apport\u00e9 \u00e0 l&rsquo;\u00e9tanch\u00e9it\u00e9. En partie parce qu&rsquo;est ici utilis\u00e9 un joint arri\u00e8re, ce rouleau a une longue vie utile.<\/p>\n","protected":false},"excerpt":{"rendered":"<p>Les rouleaux HQ de REPA ont \u00e9t\u00e9 sp\u00e9cifiquement con\u00e7us pour les installations devant satisfaire aux exigences les plus \u00e9lev\u00e9es. Les chambres sont d\u2019abord tourn\u00e9es dans les tubes, apr\u00e8s quoi les fonds sont plac\u00e9s \u00e0 l\u2019int\u00e9rieur. Cela contribue \u00e0 ce que les roulements du rouleau soient positionn\u00e9s avec une tr\u00e8s grande pr\u00e9cision les uns par rapport&hellip; <a class=\"more-link\" href=\"https:\/\/repatransportbanden.nl\/fr\/trommels-rollen\/hq-rollen\/\">Continue reading <span class=\"screen-reader-text\">Rouleau HQ<\/span><\/a><\/p>\n","protected":false},"author":2,"featured_media":1320,"parent":2089,"menu_order":0,"comment_status":"closed","ping_status":"closed","template":"templates\/template-service.php","meta":{"_acf_changed":false,"footnotes":""},"class_list":["post-1734","page","type-page","status-publish","has-post-thumbnail","hentry","entry"],"acf":[],"yoast_head":"<!-- This site is optimized with the Yoast SEO plugin v27.3 - https:\/\/yoast.com\/product\/yoast-seo-wordpress\/ -->\n<title>Rouleau HQ - repatransportbanden.nl<\/title>\n<meta name=\"robots\" content=\"index, follow, max-snippet:-1, max-image-preview:large, max-video-preview:-1\" \/>\n<link rel=\"canonical\" href=\"https:\/\/repatransportbanden.nl\/fr\/trommels-rollen\/hq-rollen\/\" \/>\n<meta property=\"og:locale\" content=\"fr_FR\" \/>\n<meta property=\"og:type\" content=\"article\" \/>\n<meta property=\"og:title\" content=\"Rouleau HQ - repatransportbanden.nl\" \/>\n<meta property=\"og:description\" content=\"Les rouleaux HQ de REPA ont \u00e9t\u00e9 sp\u00e9cifiquement con\u00e7us pour les installations devant satisfaire aux exigences les plus \u00e9lev\u00e9es. Les chambres sont d\u2019abord tourn\u00e9es dans les tubes, apr\u00e8s quoi les fonds sont plac\u00e9s \u00e0 l\u2019int\u00e9rieur. Cela contribue \u00e0 ce que les roulements du rouleau soient positionn\u00e9s avec une tr\u00e8s grande pr\u00e9cision les uns par rapport&hellip; Continue reading Rouleau HQ\" \/>\n<meta property=\"og:url\" content=\"https:\/\/repatransportbanden.nl\/fr\/trommels-rollen\/hq-rollen\/\" \/>\n<meta property=\"og:site_name\" content=\"repatransportbanden.nl\" \/>\n<meta property=\"article:modified_time\" content=\"2022-01-21T11:47:03+00:00\" \/>\n<meta property=\"og:image\" content=\"https:\/\/repatransportbanden.tempurl.host\/wp-content\/uploads\/2021\/12\/HQ-rol-Cema-norm.jpg\" \/>\n\t<meta property=\"og:image:width\" content=\"331\" \/>\n\t<meta property=\"og:image:height\" content=\"331\" \/>\n\t<meta property=\"og:image:type\" content=\"image\/jpeg\" \/>\n<meta name=\"twitter:card\" content=\"summary_large_image\" \/>\n<meta name=\"twitter:label1\" content=\"Dur\u00e9e de lecture estim\u00e9e\" \/>\n\t<meta name=\"twitter:data1\" content=\"1 minute\" \/>\n<script type=\"application\/ld+json\" class=\"yoast-schema-graph\">{\"@context\":\"https:\\\/\\\/schema.org\",\"@graph\":[{\"@type\":\"WebPage\",\"@id\":\"https:\\\/\\\/repatransportbanden.nl\\\/fr\\\/trommels-rollen\\\/hq-rollen\\\/\",\"url\":\"https:\\\/\\\/repatransportbanden.nl\\\/fr\\\/trommels-rollen\\\/hq-rollen\\\/\",\"name\":\"Rouleau HQ - repatransportbanden.nl\",\"isPartOf\":{\"@id\":\"https:\\\/\\\/repatransportbanden.tempurl.host\\\/#website\"},\"primaryImageOfPage\":{\"@id\":\"https:\\\/\\\/repatransportbanden.nl\\\/fr\\\/trommels-rollen\\\/hq-rollen\\\/#primaryimage\"},\"image\":{\"@id\":\"https:\\\/\\\/repatransportbanden.nl\\\/fr\\\/trommels-rollen\\\/hq-rollen\\\/#primaryimage\"},\"thumbnailUrl\":\"https:\\\/\\\/repatransportbanden.nl\\\/wp-content\\\/uploads\\\/2021\\\/12\\\/HQ-rol-Cema-norm.jpg\",\"datePublished\":\"2021-12-16T08:27:43+00:00\",\"dateModified\":\"2022-01-21T11:47:03+00:00\",\"breadcrumb\":{\"@id\":\"https:\\\/\\\/repatransportbanden.nl\\\/fr\\\/trommels-rollen\\\/hq-rollen\\\/#breadcrumb\"},\"inLanguage\":\"fr-FR\",\"potentialAction\":[{\"@type\":\"ReadAction\",\"target\":[\"https:\\\/\\\/repatransportbanden.nl\\\/fr\\\/trommels-rollen\\\/hq-rollen\\\/\"]}]},{\"@type\":\"ImageObject\",\"inLanguage\":\"fr-FR\",\"@id\":\"https:\\\/\\\/repatransportbanden.nl\\\/fr\\\/trommels-rollen\\\/hq-rollen\\\/#primaryimage\",\"url\":\"https:\\\/\\\/repatransportbanden.nl\\\/wp-content\\\/uploads\\\/2021\\\/12\\\/HQ-rol-Cema-norm.jpg\",\"contentUrl\":\"https:\\\/\\\/repatransportbanden.nl\\\/wp-content\\\/uploads\\\/2021\\\/12\\\/HQ-rol-Cema-norm.jpg\",\"width\":331,\"height\":331},{\"@type\":\"BreadcrumbList\",\"@id\":\"https:\\\/\\\/repatransportbanden.nl\\\/fr\\\/trommels-rollen\\\/hq-rollen\\\/#breadcrumb\",\"itemListElement\":[{\"@type\":\"ListItem\",\"position\":1,\"name\":\"d\u2019accueil\",\"item\":\"https:\\\/\\\/repatransportbanden.nl\\\/fr\\\/\"},{\"@type\":\"ListItem\",\"position\":2,\"name\":\"Tambours et rouleaux\",\"item\":\"https:\\\/\\\/repatransportbanden.tempurl.host\\\/fr\\\/trommels-rollen\\\/\"},{\"@type\":\"ListItem\",\"position\":3,\"name\":\"Rouleau HQ\"}]},{\"@type\":\"WebSite\",\"@id\":\"https:\\\/\\\/repatransportbanden.tempurl.host\\\/#website\",\"url\":\"https:\\\/\\\/repatransportbanden.tempurl.host\\\/\",\"name\":\"repatransportbanden.nl\",\"description\":\"\",\"potentialAction\":[{\"@type\":\"SearchAction\",\"target\":{\"@type\":\"EntryPoint\",\"urlTemplate\":\"https:\\\/\\\/repatransportbanden.tempurl.host\\\/?s={search_term_string}\"},\"query-input\":{\"@type\":\"PropertyValueSpecification\",\"valueRequired\":true,\"valueName\":\"search_term_string\"}}],\"inLanguage\":\"fr-FR\"}]}<\/script>\n<!-- \/ Yoast SEO plugin. -->","yoast_head_json":{"title":"Rouleau HQ - repatransportbanden.nl","robots":{"index":"index","follow":"follow","max-snippet":"max-snippet:-1","max-image-preview":"max-image-preview:large","max-video-preview":"max-video-preview:-1"},"canonical":"https:\/\/repatransportbanden.nl\/fr\/trommels-rollen\/hq-rollen\/","og_locale":"fr_FR","og_type":"article","og_title":"Rouleau HQ - repatransportbanden.nl","og_description":"Les rouleaux HQ de REPA ont \u00e9t\u00e9 sp\u00e9cifiquement con\u00e7us pour les installations devant satisfaire aux exigences les plus \u00e9lev\u00e9es. Les chambres sont d\u2019abord tourn\u00e9es dans les tubes, apr\u00e8s quoi les fonds sont plac\u00e9s \u00e0 l\u2019int\u00e9rieur. Cela contribue \u00e0 ce que les roulements du rouleau soient positionn\u00e9s avec une tr\u00e8s grande pr\u00e9cision les uns par rapport&hellip; Continue reading Rouleau HQ","og_url":"https:\/\/repatransportbanden.nl\/fr\/trommels-rollen\/hq-rollen\/","og_site_name":"repatransportbanden.nl","article_modified_time":"2022-01-21T11:47:03+00:00","og_image":[{"width":331,"height":331,"url":"https:\/\/repatransportbanden.tempurl.host\/wp-content\/uploads\/2021\/12\/HQ-rol-Cema-norm.jpg","type":"image\/jpeg"}],"twitter_card":"summary_large_image","twitter_misc":{"Dur\u00e9e de lecture estim\u00e9e":"1 minute"},"schema":{"@context":"https:\/\/schema.org","@graph":[{"@type":"WebPage","@id":"https:\/\/repatransportbanden.nl\/fr\/trommels-rollen\/hq-rollen\/","url":"https:\/\/repatransportbanden.nl\/fr\/trommels-rollen\/hq-rollen\/","name":"Rouleau HQ - repatransportbanden.nl","isPartOf":{"@id":"https:\/\/repatransportbanden.tempurl.host\/#website"},"primaryImageOfPage":{"@id":"https:\/\/repatransportbanden.nl\/fr\/trommels-rollen\/hq-rollen\/#primaryimage"},"image":{"@id":"https:\/\/repatransportbanden.nl\/fr\/trommels-rollen\/hq-rollen\/#primaryimage"},"thumbnailUrl":"https:\/\/repatransportbanden.nl\/wp-content\/uploads\/2021\/12\/HQ-rol-Cema-norm.jpg","datePublished":"2021-12-16T08:27:43+00:00","dateModified":"2022-01-21T11:47:03+00:00","breadcrumb":{"@id":"https:\/\/repatransportbanden.nl\/fr\/trommels-rollen\/hq-rollen\/#breadcrumb"},"inLanguage":"fr-FR","potentialAction":[{"@type":"ReadAction","target":["https:\/\/repatransportbanden.nl\/fr\/trommels-rollen\/hq-rollen\/"]}]},{"@type":"ImageObject","inLanguage":"fr-FR","@id":"https:\/\/repatransportbanden.nl\/fr\/trommels-rollen\/hq-rollen\/#primaryimage","url":"https:\/\/repatransportbanden.nl\/wp-content\/uploads\/2021\/12\/HQ-rol-Cema-norm.jpg","contentUrl":"https:\/\/repatransportbanden.nl\/wp-content\/uploads\/2021\/12\/HQ-rol-Cema-norm.jpg","width":331,"height":331},{"@type":"BreadcrumbList","@id":"https:\/\/repatransportbanden.nl\/fr\/trommels-rollen\/hq-rollen\/#breadcrumb","itemListElement":[{"@type":"ListItem","position":1,"name":"d\u2019accueil","item":"https:\/\/repatransportbanden.nl\/fr\/"},{"@type":"ListItem","position":2,"name":"Tambours et rouleaux","item":"https:\/\/repatransportbanden.tempurl.host\/fr\/trommels-rollen\/"},{"@type":"ListItem","position":3,"name":"Rouleau HQ"}]},{"@type":"WebSite","@id":"https:\/\/repatransportbanden.tempurl.host\/#website","url":"https:\/\/repatransportbanden.tempurl.host\/","name":"repatransportbanden.nl","description":"","potentialAction":[{"@type":"SearchAction","target":{"@type":"EntryPoint","urlTemplate":"https:\/\/repatransportbanden.tempurl.host\/?s={search_term_string}"},"query-input":{"@type":"PropertyValueSpecification","valueRequired":true,"valueName":"search_term_string"}}],"inLanguage":"fr-FR"}]}},"_links":{"self":[{"href":"https:\/\/repatransportbanden.nl\/fr\/wp-json\/wp\/v2\/pages\/1734","targetHints":{"allow":["GET"]}}],"collection":[{"href":"https:\/\/repatransportbanden.nl\/fr\/wp-json\/wp\/v2\/pages"}],"about":[{"href":"https:\/\/repatransportbanden.nl\/fr\/wp-json\/wp\/v2\/types\/page"}],"author":[{"embeddable":true,"href":"https:\/\/repatransportbanden.nl\/fr\/wp-json\/wp\/v2\/users\/2"}],"replies":[{"embeddable":true,"href":"https:\/\/repatransportbanden.nl\/fr\/wp-json\/wp\/v2\/comments?post=1734"}],"version-history":[{"count":5,"href":"https:\/\/repatransportbanden.nl\/fr\/wp-json\/wp\/v2\/pages\/1734\/revisions"}],"predecessor-version":[{"id":4740,"href":"https:\/\/repatransportbanden.nl\/fr\/wp-json\/wp\/v2\/pages\/1734\/revisions\/4740"}],"up":[{"embeddable":true,"href":"https:\/\/repatransportbanden.nl\/fr\/wp-json\/wp\/v2\/pages\/2089"}],"wp:featuredmedia":[{"embeddable":true,"href":"https:\/\/repatransportbanden.nl\/fr\/wp-json\/wp\/v2\/media\/1320"}],"wp:attachment":[{"href":"https:\/\/repatransportbanden.nl\/fr\/wp-json\/wp\/v2\/media?parent=1734"}],"curies":[{"name":"wp","href":"https:\/\/api.w.org\/{rel}","templated":true}]}}