{"id":1730,"date":"2021-12-16T09:27:39","date_gmt":"2021-12-16T08:27:39","guid":{"rendered":"https:\/\/repatransportbanden.nl\/trommels-en-rollen\/testcentrum-rollen\/"},"modified":"2021-12-29T09:06:49","modified_gmt":"2021-12-29T08:06:49","slug":"testcentrum-rollen","status":"publish","type":"page","link":"https:\/\/repatransportbanden.nl\/fr\/trommels-rollen\/testcentrum-rollen\/","title":{"rendered":"Centre d\u2019essai des rouleaux"},"content":{"rendered":"\n<p>REPA poss\u00e8de son propre laboratoire, lequel est utilis\u00e9 comme centre d&rsquo;essai pour nos nombreux rouleaux. Tous nos rouleaux en acier et en PEHD y sont donc test\u00e9s de mani\u00e8re approfondie dans notre laboratoire. Ces tests nous permettent de nous faire une id\u00e9e absolument claire de la qualit\u00e9 exacte des rouleaux et, donc de savoir ce qu\u2019il nous reste \u00e0 faire pour en am\u00e9liorer la qualit\u00e9.<\/p>\n\n\n\n<p>Tous nos rouleaux sont conformes aux normes DIN, CEMA et JIS.<\/p>\n\n\n\n<p><strong>Les tests les plus essentiels sont les suivants :<\/strong><\/p>\n\n\n\n<div class=\"wp-block-columns is-layout-flex wp-container-core-columns-is-layout-9d6595d7 wp-block-columns-is-layout-flex\">\n<div class=\"wp-block-column is-layout-flow wp-block-column-is-layout-flow\">\n<figure class=\"wp-block-image size-full\"><img loading=\"lazy\" decoding=\"async\" width=\"686\" height=\"464\" src=\"https:\/\/repatransportbanden.nl\/wp-content\/uploads\/2021\/12\/Testcentrum-rollen1.jpg\" alt=\"\" class=\"wp-image-1326\" srcset=\"https:\/\/repatransportbanden.nl\/wp-content\/uploads\/2021\/12\/Testcentrum-rollen1.jpg 686w, https:\/\/repatransportbanden.nl\/wp-content\/uploads\/2021\/12\/Testcentrum-rollen1-300x203.jpg 300w\" sizes=\"auto, (max-width: 686px) 100vw, 686px\" \/><\/figure>\n\n\n\n<h2 class=\"wp-block-heading\">Test avec poussi\u00e8re<\/h2>\n<\/div>\n\n\n\n<div class=\"wp-block-column is-layout-flow wp-block-column-is-layout-flow\">\n<figure class=\"wp-block-image size-full\"><img loading=\"lazy\" decoding=\"async\" width=\"686\" height=\"464\" src=\"https:\/\/repatransportbanden.nl\/wp-content\/uploads\/2021\/12\/Testcentrum-rollen2.jpg\" alt=\"\" class=\"wp-image-1329\" srcset=\"https:\/\/repatransportbanden.nl\/wp-content\/uploads\/2021\/12\/Testcentrum-rollen2.jpg 686w, https:\/\/repatransportbanden.nl\/wp-content\/uploads\/2021\/12\/Testcentrum-rollen2-300x203.jpg 300w\" sizes=\"auto, (max-width: 686px) 100vw, 686px\" \/><\/figure>\n\n\n\n<h2 class=\"wp-block-heading\">Test de r\u00e9sistance au roulement <\/h2>\n<\/div>\n<\/div>\n\n\n\n<div class=\"wp-block-columns is-layout-flex wp-container-core-columns-is-layout-9d6595d7 wp-block-columns-is-layout-flex\">\n<div class=\"wp-block-column is-layout-flow wp-block-column-is-layout-flow\">\n<figure class=\"wp-block-image size-full\"><img loading=\"lazy\" decoding=\"async\" width=\"686\" height=\"464\" src=\"https:\/\/repatransportbanden.nl\/wp-content\/uploads\/2021\/12\/Testcentrum-rollen3.jpg\" alt=\"\" class=\"wp-image-1332\" srcset=\"https:\/\/repatransportbanden.nl\/wp-content\/uploads\/2021\/12\/Testcentrum-rollen3.jpg 686w, https:\/\/repatransportbanden.nl\/wp-content\/uploads\/2021\/12\/Testcentrum-rollen3-300x203.jpg 300w\" sizes=\"auto, (max-width: 686px) 100vw, 686px\" \/><\/figure>\n\n\n\n<h2 class=\"wp-block-heading\">Test avec eau<\/h2>\n<\/div>\n\n\n\n<div class=\"wp-block-column is-layout-flow wp-block-column-is-layout-flow\">\n<figure class=\"wp-block-image size-full\"><img loading=\"lazy\" decoding=\"async\" width=\"686\" height=\"464\" src=\"https:\/\/repatransportbanden.nl\/wp-content\/uploads\/2021\/12\/Testcentrum-rollen4.jpg\" alt=\"\" class=\"wp-image-1335\" srcset=\"https:\/\/repatransportbanden.nl\/wp-content\/uploads\/2021\/12\/Testcentrum-rollen4.jpg 686w, https:\/\/repatransportbanden.nl\/wp-content\/uploads\/2021\/12\/Testcentrum-rollen4-300x203.jpg 300w\" sizes=\"auto, (max-width: 686px) 100vw, 686px\" \/><\/figure>\n\n\n\n<h2 class=\"wp-block-heading\">Installation pour test d&rsquo;endurance (\u00e0 droite). \u00c0 gauche : la course radiale peut \u00eatre mesur\u00e9e par un banc command\u00e9 par ordinateur.<\/h2>\n<\/div>\n<\/div>\n\n\n\n<p>Les tests peuvent \u00e9galement \u00eatre con\u00e7us \u00e0 tout moment sur la base des exigences sp\u00e9cifiques du client.<\/p>\n","protected":false},"excerpt":{"rendered":"<p>REPA poss\u00e8de son propre laboratoire, lequel est utilis\u00e9 comme centre d&rsquo;essai pour nos nombreux rouleaux. Tous nos rouleaux en acier et en PEHD y sont donc test\u00e9s de mani\u00e8re approfondie dans notre laboratoire. Ces tests nous permettent de nous faire une id\u00e9e absolument claire de la qualit\u00e9 exacte des rouleaux et, donc de savoir ce&hellip; <a class=\"more-link\" href=\"https:\/\/repatransportbanden.nl\/fr\/trommels-rollen\/testcentrum-rollen\/\">Continue reading <span class=\"screen-reader-text\">Centre d\u2019essai des rouleaux<\/span><\/a><\/p>\n","protected":false},"author":2,"featured_media":1338,"parent":2089,"menu_order":0,"comment_status":"closed","ping_status":"closed","template":"templates\/template-service.php","meta":{"_acf_changed":false,"footnotes":""},"class_list":["post-1730","page","type-page","status-publish","has-post-thumbnail","hentry","entry"],"acf":[],"yoast_head":"<!-- This site is optimized with the Yoast SEO plugin v27.3 - https:\/\/yoast.com\/product\/yoast-seo-wordpress\/ -->\n<title>Centre d\u2019essai des rouleaux - repatransportbanden.nl<\/title>\n<meta name=\"robots\" content=\"index, follow, max-snippet:-1, max-image-preview:large, max-video-preview:-1\" \/>\n<link rel=\"canonical\" href=\"https:\/\/repatransportbanden.nl\/fr\/trommels-rollen\/testcentrum-rollen\/\" \/>\n<meta property=\"og:locale\" content=\"fr_FR\" \/>\n<meta property=\"og:type\" content=\"article\" \/>\n<meta property=\"og:title\" content=\"Centre d\u2019essai des rouleaux - repatransportbanden.nl\" \/>\n<meta property=\"og:description\" content=\"REPA poss\u00e8de son propre laboratoire, lequel est utilis\u00e9 comme centre d&rsquo;essai pour nos nombreux rouleaux. Tous nos rouleaux en acier et en PEHD y sont donc test\u00e9s de mani\u00e8re approfondie dans notre laboratoire. Ces tests nous permettent de nous faire une id\u00e9e absolument claire de la qualit\u00e9 exacte des rouleaux et, donc de savoir ce&hellip; Continue reading Centre d\u2019essai des rouleaux\" \/>\n<meta property=\"og:url\" content=\"https:\/\/repatransportbanden.nl\/fr\/trommels-rollen\/testcentrum-rollen\/\" \/>\n<meta property=\"og:site_name\" content=\"repatransportbanden.nl\" \/>\n<meta property=\"article:modified_time\" content=\"2021-12-29T08:06:49+00:00\" \/>\n<meta property=\"og:image\" content=\"https:\/\/repatransportbanden.tempurl.host\/wp-content\/uploads\/2021\/12\/Testcentrum-rollen.jpg\" \/>\n\t<meta property=\"og:image:width\" content=\"331\" \/>\n\t<meta property=\"og:image:height\" content=\"331\" \/>\n\t<meta property=\"og:image:type\" content=\"image\/jpeg\" \/>\n<meta name=\"twitter:card\" content=\"summary_large_image\" \/>\n<meta name=\"twitter:label1\" content=\"Dur\u00e9e de lecture estim\u00e9e\" \/>\n\t<meta name=\"twitter:data1\" content=\"1 minute\" \/>\n<script type=\"application\/ld+json\" class=\"yoast-schema-graph\">{\"@context\":\"https:\\\/\\\/schema.org\",\"@graph\":[{\"@type\":\"WebPage\",\"@id\":\"https:\\\/\\\/repatransportbanden.nl\\\/fr\\\/trommels-rollen\\\/testcentrum-rollen\\\/\",\"url\":\"https:\\\/\\\/repatransportbanden.nl\\\/fr\\\/trommels-rollen\\\/testcentrum-rollen\\\/\",\"name\":\"Centre d\u2019essai des rouleaux - repatransportbanden.nl\",\"isPartOf\":{\"@id\":\"https:\\\/\\\/repatransportbanden.tempurl.host\\\/#website\"},\"primaryImageOfPage\":{\"@id\":\"https:\\\/\\\/repatransportbanden.nl\\\/fr\\\/trommels-rollen\\\/testcentrum-rollen\\\/#primaryimage\"},\"image\":{\"@id\":\"https:\\\/\\\/repatransportbanden.nl\\\/fr\\\/trommels-rollen\\\/testcentrum-rollen\\\/#primaryimage\"},\"thumbnailUrl\":\"https:\\\/\\\/repatransportbanden.nl\\\/wp-content\\\/uploads\\\/2021\\\/12\\\/Testcentrum-rollen.jpg\",\"datePublished\":\"2021-12-16T08:27:39+00:00\",\"dateModified\":\"2021-12-29T08:06:49+00:00\",\"breadcrumb\":{\"@id\":\"https:\\\/\\\/repatransportbanden.nl\\\/fr\\\/trommels-rollen\\\/testcentrum-rollen\\\/#breadcrumb\"},\"inLanguage\":\"fr-FR\",\"potentialAction\":[{\"@type\":\"ReadAction\",\"target\":[\"https:\\\/\\\/repatransportbanden.nl\\\/fr\\\/trommels-rollen\\\/testcentrum-rollen\\\/\"]}]},{\"@type\":\"ImageObject\",\"inLanguage\":\"fr-FR\",\"@id\":\"https:\\\/\\\/repatransportbanden.nl\\\/fr\\\/trommels-rollen\\\/testcentrum-rollen\\\/#primaryimage\",\"url\":\"https:\\\/\\\/repatransportbanden.nl\\\/wp-content\\\/uploads\\\/2021\\\/12\\\/Testcentrum-rollen.jpg\",\"contentUrl\":\"https:\\\/\\\/repatransportbanden.nl\\\/wp-content\\\/uploads\\\/2021\\\/12\\\/Testcentrum-rollen.jpg\",\"width\":331,\"height\":331},{\"@type\":\"BreadcrumbList\",\"@id\":\"https:\\\/\\\/repatransportbanden.nl\\\/fr\\\/trommels-rollen\\\/testcentrum-rollen\\\/#breadcrumb\",\"itemListElement\":[{\"@type\":\"ListItem\",\"position\":1,\"name\":\"d\u2019accueil\",\"item\":\"https:\\\/\\\/repatransportbanden.nl\\\/fr\\\/\"},{\"@type\":\"ListItem\",\"position\":2,\"name\":\"Tambours et rouleaux\",\"item\":\"https:\\\/\\\/repatransportbanden.tempurl.host\\\/fr\\\/trommels-rollen\\\/\"},{\"@type\":\"ListItem\",\"position\":3,\"name\":\"Centre d\u2019essai des rouleaux\"}]},{\"@type\":\"WebSite\",\"@id\":\"https:\\\/\\\/repatransportbanden.tempurl.host\\\/#website\",\"url\":\"https:\\\/\\\/repatransportbanden.tempurl.host\\\/\",\"name\":\"repatransportbanden.nl\",\"description\":\"\",\"potentialAction\":[{\"@type\":\"SearchAction\",\"target\":{\"@type\":\"EntryPoint\",\"urlTemplate\":\"https:\\\/\\\/repatransportbanden.tempurl.host\\\/?s={search_term_string}\"},\"query-input\":{\"@type\":\"PropertyValueSpecification\",\"valueRequired\":true,\"valueName\":\"search_term_string\"}}],\"inLanguage\":\"fr-FR\"}]}<\/script>\n<!-- \/ Yoast SEO plugin. -->","yoast_head_json":{"title":"Centre d\u2019essai des rouleaux - repatransportbanden.nl","robots":{"index":"index","follow":"follow","max-snippet":"max-snippet:-1","max-image-preview":"max-image-preview:large","max-video-preview":"max-video-preview:-1"},"canonical":"https:\/\/repatransportbanden.nl\/fr\/trommels-rollen\/testcentrum-rollen\/","og_locale":"fr_FR","og_type":"article","og_title":"Centre d\u2019essai des rouleaux - repatransportbanden.nl","og_description":"REPA poss\u00e8de son propre laboratoire, lequel est utilis\u00e9 comme centre d&rsquo;essai pour nos nombreux rouleaux. Tous nos rouleaux en acier et en PEHD y sont donc test\u00e9s de mani\u00e8re approfondie dans notre laboratoire. Ces tests nous permettent de nous faire une id\u00e9e absolument claire de la qualit\u00e9 exacte des rouleaux et, donc de savoir ce&hellip; Continue reading Centre d\u2019essai des rouleaux","og_url":"https:\/\/repatransportbanden.nl\/fr\/trommels-rollen\/testcentrum-rollen\/","og_site_name":"repatransportbanden.nl","article_modified_time":"2021-12-29T08:06:49+00:00","og_image":[{"width":331,"height":331,"url":"https:\/\/repatransportbanden.tempurl.host\/wp-content\/uploads\/2021\/12\/Testcentrum-rollen.jpg","type":"image\/jpeg"}],"twitter_card":"summary_large_image","twitter_misc":{"Dur\u00e9e de lecture estim\u00e9e":"1 minute"},"schema":{"@context":"https:\/\/schema.org","@graph":[{"@type":"WebPage","@id":"https:\/\/repatransportbanden.nl\/fr\/trommels-rollen\/testcentrum-rollen\/","url":"https:\/\/repatransportbanden.nl\/fr\/trommels-rollen\/testcentrum-rollen\/","name":"Centre d\u2019essai des rouleaux - repatransportbanden.nl","isPartOf":{"@id":"https:\/\/repatransportbanden.tempurl.host\/#website"},"primaryImageOfPage":{"@id":"https:\/\/repatransportbanden.nl\/fr\/trommels-rollen\/testcentrum-rollen\/#primaryimage"},"image":{"@id":"https:\/\/repatransportbanden.nl\/fr\/trommels-rollen\/testcentrum-rollen\/#primaryimage"},"thumbnailUrl":"https:\/\/repatransportbanden.nl\/wp-content\/uploads\/2021\/12\/Testcentrum-rollen.jpg","datePublished":"2021-12-16T08:27:39+00:00","dateModified":"2021-12-29T08:06:49+00:00","breadcrumb":{"@id":"https:\/\/repatransportbanden.nl\/fr\/trommels-rollen\/testcentrum-rollen\/#breadcrumb"},"inLanguage":"fr-FR","potentialAction":[{"@type":"ReadAction","target":["https:\/\/repatransportbanden.nl\/fr\/trommels-rollen\/testcentrum-rollen\/"]}]},{"@type":"ImageObject","inLanguage":"fr-FR","@id":"https:\/\/repatransportbanden.nl\/fr\/trommels-rollen\/testcentrum-rollen\/#primaryimage","url":"https:\/\/repatransportbanden.nl\/wp-content\/uploads\/2021\/12\/Testcentrum-rollen.jpg","contentUrl":"https:\/\/repatransportbanden.nl\/wp-content\/uploads\/2021\/12\/Testcentrum-rollen.jpg","width":331,"height":331},{"@type":"BreadcrumbList","@id":"https:\/\/repatransportbanden.nl\/fr\/trommels-rollen\/testcentrum-rollen\/#breadcrumb","itemListElement":[{"@type":"ListItem","position":1,"name":"d\u2019accueil","item":"https:\/\/repatransportbanden.nl\/fr\/"},{"@type":"ListItem","position":2,"name":"Tambours et rouleaux","item":"https:\/\/repatransportbanden.tempurl.host\/fr\/trommels-rollen\/"},{"@type":"ListItem","position":3,"name":"Centre d\u2019essai des rouleaux"}]},{"@type":"WebSite","@id":"https:\/\/repatransportbanden.tempurl.host\/#website","url":"https:\/\/repatransportbanden.tempurl.host\/","name":"repatransportbanden.nl","description":"","potentialAction":[{"@type":"SearchAction","target":{"@type":"EntryPoint","urlTemplate":"https:\/\/repatransportbanden.tempurl.host\/?s={search_term_string}"},"query-input":{"@type":"PropertyValueSpecification","valueRequired":true,"valueName":"search_term_string"}}],"inLanguage":"fr-FR"}]}},"_links":{"self":[{"href":"https:\/\/repatransportbanden.nl\/fr\/wp-json\/wp\/v2\/pages\/1730","targetHints":{"allow":["GET"]}}],"collection":[{"href":"https:\/\/repatransportbanden.nl\/fr\/wp-json\/wp\/v2\/pages"}],"about":[{"href":"https:\/\/repatransportbanden.nl\/fr\/wp-json\/wp\/v2\/types\/page"}],"author":[{"embeddable":true,"href":"https:\/\/repatransportbanden.nl\/fr\/wp-json\/wp\/v2\/users\/2"}],"replies":[{"embeddable":true,"href":"https:\/\/repatransportbanden.nl\/fr\/wp-json\/wp\/v2\/comments?post=1730"}],"version-history":[{"count":4,"href":"https:\/\/repatransportbanden.nl\/fr\/wp-json\/wp\/v2\/pages\/1730\/revisions"}],"predecessor-version":[{"id":3202,"href":"https:\/\/repatransportbanden.nl\/fr\/wp-json\/wp\/v2\/pages\/1730\/revisions\/3202"}],"up":[{"embeddable":true,"href":"https:\/\/repatransportbanden.nl\/fr\/wp-json\/wp\/v2\/pages\/2089"}],"wp:featuredmedia":[{"embeddable":true,"href":"https:\/\/repatransportbanden.nl\/fr\/wp-json\/wp\/v2\/media\/1338"}],"wp:attachment":[{"href":"https:\/\/repatransportbanden.nl\/fr\/wp-json\/wp\/v2\/media?parent=1730"}],"curies":[{"name":"wp","href":"https:\/\/api.w.org\/{rel}","templated":true}]}}