{"id":1724,"date":"2021-12-16T09:18:15","date_gmt":"2021-12-16T08:18:15","guid":{"rendered":"https:\/\/repatransportbanden.nl\/trommels-en-rollen\/hq-rol-cema-norm\/"},"modified":"2022-01-21T12:47:52","modified_gmt":"2022-01-21T11:47:52","slug":"hq-rol-cema-norm","status":"publish","type":"page","link":"https:\/\/repatransportbanden.nl\/fr\/trommels-rollen\/hq-rol-cema-norm\/","title":{"rendered":"Rouleau HQ (norme CEMA)"},"content":{"rendered":"\n<p>Nos rouleaux HQ sont sp\u00e9cialement con\u00e7us pour les syst\u00e8mes de convoyage soumis aux exigences les plus \u00e9lev\u00e9es.<\/p>\n\n\n\n<p>La soudure des fonds dans le rouleau est faite avec soin, mais pas avant que nous ayons tourn\u00e9 les chambres dans le tube. Ce processus est en partie responsable de l&rsquo;alignement pr\u00e9cis des roulements et, par cons\u00e9quent, des excellentes caract\u00e9ristiques de fonctionnement du rouleau. &nbsp;&nbsp;&nbsp;<\/p>\n\n\n\n<p>L&rsquo;\u00e9tanch\u00e9it\u00e9 est \u00e9galement r\u00e9alis\u00e9e de mani\u00e8re professionnelle. L&rsquo;utilisation d&rsquo;un joint arri\u00e8re, entre autres, conf\u00e8re au rouleau une tr\u00e8s longue dur\u00e9e de vie.<\/p>\n","protected":false},"excerpt":{"rendered":"<p>Nos rouleaux HQ sont sp\u00e9cialement con\u00e7us pour les syst\u00e8mes de convoyage soumis aux exigences les plus \u00e9lev\u00e9es. La soudure des fonds dans le rouleau est faite avec soin, mais pas avant que nous ayons tourn\u00e9 les chambres dans le tube. Ce processus est en partie responsable de l&rsquo;alignement pr\u00e9cis des roulements et, par cons\u00e9quent, des&hellip; <a class=\"more-link\" href=\"https:\/\/repatransportbanden.nl\/fr\/trommels-rollen\/hq-rol-cema-norm\/\">Continue reading <span class=\"screen-reader-text\">Rouleau HQ (norme CEMA)<\/span><\/a><\/p>\n","protected":false},"author":2,"featured_media":1320,"parent":2089,"menu_order":0,"comment_status":"closed","ping_status":"closed","template":"templates\/template-service.php","meta":{"_acf_changed":false,"footnotes":""},"class_list":["post-1724","page","type-page","status-publish","has-post-thumbnail","hentry","entry"],"acf":[],"yoast_head":"<!-- This site is optimized with the Yoast SEO plugin v27.3 - https:\/\/yoast.com\/product\/yoast-seo-wordpress\/ -->\n<title>Rouleau HQ (norme CEMA) - repatransportbanden.nl<\/title>\n<meta name=\"robots\" content=\"index, follow, max-snippet:-1, max-image-preview:large, max-video-preview:-1\" \/>\n<link rel=\"canonical\" href=\"https:\/\/repatransportbanden.nl\/fr\/trommels-rollen\/hq-rol-cema-norm\/\" \/>\n<meta property=\"og:locale\" content=\"fr_FR\" \/>\n<meta property=\"og:type\" content=\"article\" \/>\n<meta property=\"og:title\" content=\"Rouleau HQ (norme CEMA) - repatransportbanden.nl\" \/>\n<meta property=\"og:description\" content=\"Nos rouleaux HQ sont sp\u00e9cialement con\u00e7us pour les syst\u00e8mes de convoyage soumis aux exigences les plus \u00e9lev\u00e9es. La soudure des fonds dans le rouleau est faite avec soin, mais pas avant que nous ayons tourn\u00e9 les chambres dans le tube. Ce processus est en partie responsable de l&rsquo;alignement pr\u00e9cis des roulements et, par cons\u00e9quent, des&hellip; Continue reading Rouleau HQ (norme CEMA)\" \/>\n<meta property=\"og:url\" content=\"https:\/\/repatransportbanden.nl\/fr\/trommels-rollen\/hq-rol-cema-norm\/\" \/>\n<meta property=\"og:site_name\" content=\"repatransportbanden.nl\" \/>\n<meta property=\"article:modified_time\" content=\"2022-01-21T11:47:52+00:00\" \/>\n<meta property=\"og:image\" content=\"https:\/\/repatransportbanden.tempurl.host\/wp-content\/uploads\/2021\/12\/HQ-rol-Cema-norm.jpg\" \/>\n\t<meta property=\"og:image:width\" content=\"331\" \/>\n\t<meta property=\"og:image:height\" content=\"331\" \/>\n\t<meta property=\"og:image:type\" content=\"image\/jpeg\" \/>\n<meta name=\"twitter:card\" content=\"summary_large_image\" \/>\n<meta name=\"twitter:label1\" content=\"Dur\u00e9e de lecture estim\u00e9e\" \/>\n\t<meta name=\"twitter:data1\" content=\"1 minute\" \/>\n<script type=\"application\/ld+json\" class=\"yoast-schema-graph\">{\"@context\":\"https:\\\/\\\/schema.org\",\"@graph\":[{\"@type\":\"WebPage\",\"@id\":\"https:\\\/\\\/repatransportbanden.nl\\\/fr\\\/trommels-rollen\\\/hq-rol-cema-norm\\\/\",\"url\":\"https:\\\/\\\/repatransportbanden.nl\\\/fr\\\/trommels-rollen\\\/hq-rol-cema-norm\\\/\",\"name\":\"Rouleau HQ (norme CEMA) - repatransportbanden.nl\",\"isPartOf\":{\"@id\":\"https:\\\/\\\/repatransportbanden.tempurl.host\\\/#website\"},\"primaryImageOfPage\":{\"@id\":\"https:\\\/\\\/repatransportbanden.nl\\\/fr\\\/trommels-rollen\\\/hq-rol-cema-norm\\\/#primaryimage\"},\"image\":{\"@id\":\"https:\\\/\\\/repatransportbanden.nl\\\/fr\\\/trommels-rollen\\\/hq-rol-cema-norm\\\/#primaryimage\"},\"thumbnailUrl\":\"https:\\\/\\\/repatransportbanden.nl\\\/wp-content\\\/uploads\\\/2021\\\/12\\\/HQ-rol-Cema-norm.jpg\",\"datePublished\":\"2021-12-16T08:18:15+00:00\",\"dateModified\":\"2022-01-21T11:47:52+00:00\",\"breadcrumb\":{\"@id\":\"https:\\\/\\\/repatransportbanden.nl\\\/fr\\\/trommels-rollen\\\/hq-rol-cema-norm\\\/#breadcrumb\"},\"inLanguage\":\"fr-FR\",\"potentialAction\":[{\"@type\":\"ReadAction\",\"target\":[\"https:\\\/\\\/repatransportbanden.nl\\\/fr\\\/trommels-rollen\\\/hq-rol-cema-norm\\\/\"]}]},{\"@type\":\"ImageObject\",\"inLanguage\":\"fr-FR\",\"@id\":\"https:\\\/\\\/repatransportbanden.nl\\\/fr\\\/trommels-rollen\\\/hq-rol-cema-norm\\\/#primaryimage\",\"url\":\"https:\\\/\\\/repatransportbanden.nl\\\/wp-content\\\/uploads\\\/2021\\\/12\\\/HQ-rol-Cema-norm.jpg\",\"contentUrl\":\"https:\\\/\\\/repatransportbanden.nl\\\/wp-content\\\/uploads\\\/2021\\\/12\\\/HQ-rol-Cema-norm.jpg\",\"width\":331,\"height\":331},{\"@type\":\"BreadcrumbList\",\"@id\":\"https:\\\/\\\/repatransportbanden.nl\\\/fr\\\/trommels-rollen\\\/hq-rol-cema-norm\\\/#breadcrumb\",\"itemListElement\":[{\"@type\":\"ListItem\",\"position\":1,\"name\":\"d\u2019accueil\",\"item\":\"https:\\\/\\\/repatransportbanden.nl\\\/fr\\\/\"},{\"@type\":\"ListItem\",\"position\":2,\"name\":\"Tambours et rouleaux\",\"item\":\"https:\\\/\\\/repatransportbanden.tempurl.host\\\/fr\\\/trommels-rollen\\\/\"},{\"@type\":\"ListItem\",\"position\":3,\"name\":\"Rouleau HQ (norme CEMA)\"}]},{\"@type\":\"WebSite\",\"@id\":\"https:\\\/\\\/repatransportbanden.tempurl.host\\\/#website\",\"url\":\"https:\\\/\\\/repatransportbanden.tempurl.host\\\/\",\"name\":\"repatransportbanden.nl\",\"description\":\"\",\"potentialAction\":[{\"@type\":\"SearchAction\",\"target\":{\"@type\":\"EntryPoint\",\"urlTemplate\":\"https:\\\/\\\/repatransportbanden.tempurl.host\\\/?s={search_term_string}\"},\"query-input\":{\"@type\":\"PropertyValueSpecification\",\"valueRequired\":true,\"valueName\":\"search_term_string\"}}],\"inLanguage\":\"fr-FR\"}]}<\/script>\n<!-- \/ Yoast SEO plugin. -->","yoast_head_json":{"title":"Rouleau HQ (norme CEMA) - repatransportbanden.nl","robots":{"index":"index","follow":"follow","max-snippet":"max-snippet:-1","max-image-preview":"max-image-preview:large","max-video-preview":"max-video-preview:-1"},"canonical":"https:\/\/repatransportbanden.nl\/fr\/trommels-rollen\/hq-rol-cema-norm\/","og_locale":"fr_FR","og_type":"article","og_title":"Rouleau HQ (norme CEMA) - repatransportbanden.nl","og_description":"Nos rouleaux HQ sont sp\u00e9cialement con\u00e7us pour les syst\u00e8mes de convoyage soumis aux exigences les plus \u00e9lev\u00e9es. La soudure des fonds dans le rouleau est faite avec soin, mais pas avant que nous ayons tourn\u00e9 les chambres dans le tube. Ce processus est en partie responsable de l&rsquo;alignement pr\u00e9cis des roulements et, par cons\u00e9quent, des&hellip; Continue reading Rouleau HQ (norme CEMA)","og_url":"https:\/\/repatransportbanden.nl\/fr\/trommels-rollen\/hq-rol-cema-norm\/","og_site_name":"repatransportbanden.nl","article_modified_time":"2022-01-21T11:47:52+00:00","og_image":[{"width":331,"height":331,"url":"https:\/\/repatransportbanden.tempurl.host\/wp-content\/uploads\/2021\/12\/HQ-rol-Cema-norm.jpg","type":"image\/jpeg"}],"twitter_card":"summary_large_image","twitter_misc":{"Dur\u00e9e de lecture estim\u00e9e":"1 minute"},"schema":{"@context":"https:\/\/schema.org","@graph":[{"@type":"WebPage","@id":"https:\/\/repatransportbanden.nl\/fr\/trommels-rollen\/hq-rol-cema-norm\/","url":"https:\/\/repatransportbanden.nl\/fr\/trommels-rollen\/hq-rol-cema-norm\/","name":"Rouleau HQ (norme CEMA) - repatransportbanden.nl","isPartOf":{"@id":"https:\/\/repatransportbanden.tempurl.host\/#website"},"primaryImageOfPage":{"@id":"https:\/\/repatransportbanden.nl\/fr\/trommels-rollen\/hq-rol-cema-norm\/#primaryimage"},"image":{"@id":"https:\/\/repatransportbanden.nl\/fr\/trommels-rollen\/hq-rol-cema-norm\/#primaryimage"},"thumbnailUrl":"https:\/\/repatransportbanden.nl\/wp-content\/uploads\/2021\/12\/HQ-rol-Cema-norm.jpg","datePublished":"2021-12-16T08:18:15+00:00","dateModified":"2022-01-21T11:47:52+00:00","breadcrumb":{"@id":"https:\/\/repatransportbanden.nl\/fr\/trommels-rollen\/hq-rol-cema-norm\/#breadcrumb"},"inLanguage":"fr-FR","potentialAction":[{"@type":"ReadAction","target":["https:\/\/repatransportbanden.nl\/fr\/trommels-rollen\/hq-rol-cema-norm\/"]}]},{"@type":"ImageObject","inLanguage":"fr-FR","@id":"https:\/\/repatransportbanden.nl\/fr\/trommels-rollen\/hq-rol-cema-norm\/#primaryimage","url":"https:\/\/repatransportbanden.nl\/wp-content\/uploads\/2021\/12\/HQ-rol-Cema-norm.jpg","contentUrl":"https:\/\/repatransportbanden.nl\/wp-content\/uploads\/2021\/12\/HQ-rol-Cema-norm.jpg","width":331,"height":331},{"@type":"BreadcrumbList","@id":"https:\/\/repatransportbanden.nl\/fr\/trommels-rollen\/hq-rol-cema-norm\/#breadcrumb","itemListElement":[{"@type":"ListItem","position":1,"name":"d\u2019accueil","item":"https:\/\/repatransportbanden.nl\/fr\/"},{"@type":"ListItem","position":2,"name":"Tambours et rouleaux","item":"https:\/\/repatransportbanden.tempurl.host\/fr\/trommels-rollen\/"},{"@type":"ListItem","position":3,"name":"Rouleau HQ (norme CEMA)"}]},{"@type":"WebSite","@id":"https:\/\/repatransportbanden.tempurl.host\/#website","url":"https:\/\/repatransportbanden.tempurl.host\/","name":"repatransportbanden.nl","description":"","potentialAction":[{"@type":"SearchAction","target":{"@type":"EntryPoint","urlTemplate":"https:\/\/repatransportbanden.tempurl.host\/?s={search_term_string}"},"query-input":{"@type":"PropertyValueSpecification","valueRequired":true,"valueName":"search_term_string"}}],"inLanguage":"fr-FR"}]}},"_links":{"self":[{"href":"https:\/\/repatransportbanden.nl\/fr\/wp-json\/wp\/v2\/pages\/1724","targetHints":{"allow":["GET"]}}],"collection":[{"href":"https:\/\/repatransportbanden.nl\/fr\/wp-json\/wp\/v2\/pages"}],"about":[{"href":"https:\/\/repatransportbanden.nl\/fr\/wp-json\/wp\/v2\/types\/page"}],"author":[{"embeddable":true,"href":"https:\/\/repatransportbanden.nl\/fr\/wp-json\/wp\/v2\/users\/2"}],"replies":[{"embeddable":true,"href":"https:\/\/repatransportbanden.nl\/fr\/wp-json\/wp\/v2\/comments?post=1724"}],"version-history":[{"count":5,"href":"https:\/\/repatransportbanden.nl\/fr\/wp-json\/wp\/v2\/pages\/1724\/revisions"}],"predecessor-version":[{"id":4741,"href":"https:\/\/repatransportbanden.nl\/fr\/wp-json\/wp\/v2\/pages\/1724\/revisions\/4741"}],"up":[{"embeddable":true,"href":"https:\/\/repatransportbanden.nl\/fr\/wp-json\/wp\/v2\/pages\/2089"}],"wp:featuredmedia":[{"embeddable":true,"href":"https:\/\/repatransportbanden.nl\/fr\/wp-json\/wp\/v2\/media\/1320"}],"wp:attachment":[{"href":"https:\/\/repatransportbanden.nl\/fr\/wp-json\/wp\/v2\/media?parent=1724"}],"curies":[{"name":"wp","href":"https:\/\/api.w.org\/{rel}","templated":true}]}}