{"id":1714,"date":"2021-12-16T09:16:57","date_gmt":"2021-12-16T08:16:57","guid":{"rendered":"https:\/\/repatransportbanden.nl\/trommels-en-rollen\/hdpe-rollen-type-rq\/"},"modified":"2022-01-04T14:59:50","modified_gmt":"2022-01-04T13:59:50","slug":"hdpe-rollen-type-rq","status":"publish","type":"page","link":"https:\/\/repatransportbanden.nl\/fr\/trommels-rollen\/hdpe-rollen-type-rq\/","title":{"rendered":"Rouleaux en PEHD type RQ+"},"content":{"rendered":"\n<p>De REPA RQ+ rollen vertegenwoordigen een nieuw kwaliteitsniveau <\/p>\n\n\n\n<p>Les Rouleaux en PEHD type RQ+ repr\u00e9sentent un nouveau niveau de qualit\u00e9 pour rouleaux PEHD. Par rapport aux rouleaux en acier, nos rouleaux en PEHD pr\u00e9sentent un certain nombre d&rsquo;avantages qui ne sauraient \u00eatre sous-estim\u00e9s :<\/p>\n\n\n\n<ul class=\"wp-block-list\"><li>Ils permettent d&rsquo;\u00e9conomiser beaucoup d&rsquo;\u00e9nergie, car ils p\u00e8sent deux fois moins lourd.<\/li><li>Ils peuvent r\u00e9sister \u00e0 de nombreux produits chimiques<\/li><li>Ils sont r\u00e9sistants \u00e0 la corrosion<\/li><li>Ils sont extr\u00eamement r\u00e9sistants \u00e0 l&rsquo;usure<\/li><li>Ils sont \u00e9quip\u00e9s d&rsquo;un tube et d&rsquo;un fond antistatiques. &nbsp;<\/li><li>La r\u00e9duction du bruit par rapport aux rouleaux en acier est d&rsquo;environ 25 %.<\/li><li>Les tuyaux en PEHD sont totalement r\u00e9sistants \u00e0 la salet\u00e9<\/li><\/ul>\n\n\n\n<p>Chez REPA, nous effectuons tous les tests nous-m\u00eames. Trois types de tests diff\u00e9rents ont \u00e9t\u00e9 effectu\u00e9s avec les rouleaux de PEHD :<\/p>\n\n\n\n<h3 class=\"wp-block-heading\">Test avec poussi\u00e8re :<\/h3>\n\n\n\n<p>Le rouleau en PEHD a fonctionn\u00e9 pendant 200 heures sans qu\u2019il soit possible de d\u00e9tecter la moindre poussi\u00e8re dans le roulement.<\/p>\n\n\n\n<div class=\"wp-block-columns Wp-colm-row is-layout-flex wp-container-core-columns-is-layout-9d6595d7 wp-block-columns-is-layout-flex\">\n<div class=\"wp-block-column is-layout-flow wp-block-column-is-layout-flow\">\n<h2 class=\"wp-block-heading\">Test<strong> <\/strong>avec poussi\u00e8re : <\/h2>\n\n\n\n<figure class=\"wp-block-image size-full\"><img loading=\"lazy\" decoding=\"async\" width=\"686\" height=\"464\" src=\"https:\/\/repatransportbanden.nl\/wp-content\/uploads\/2021\/12\/HDPE-rol1.jpg\" alt=\"\" class=\"wp-image-1305\" srcset=\"https:\/\/repatransportbanden.nl\/wp-content\/uploads\/2021\/12\/HDPE-rol1.jpg 686w, https:\/\/repatransportbanden.nl\/wp-content\/uploads\/2021\/12\/HDPE-rol1-300x203.jpg 300w\" sizes=\"auto, (max-width: 686px) 100vw, 686px\" \/><\/figure>\n\n\n\n<p>Le rouleau en PEHD a fonctionn\u00e9 pendant 200 heures sans qu\u2019il soit possible de d\u00e9tecter la moindre poussi\u00e8re dans le roulement.<\/p>\n<\/div>\n\n\n\n<div class=\"wp-block-column is-layout-flow wp-block-column-is-layout-flow\">\n<h2 class=\"wp-block-heading\">Test avec eau :<\/h2>\n\n\n\n<figure class=\"wp-block-image size-full\"><img loading=\"lazy\" decoding=\"async\" width=\"686\" height=\"464\" src=\"https:\/\/repatransportbanden.nl\/wp-content\/uploads\/2021\/12\/HDPE-rol2.jpg\" alt=\"\" class=\"wp-image-1308\" srcset=\"https:\/\/repatransportbanden.nl\/wp-content\/uploads\/2021\/12\/HDPE-rol2.jpg 686w, https:\/\/repatransportbanden.nl\/wp-content\/uploads\/2021\/12\/HDPE-rol2-300x203.jpg 300w\" sizes=\"auto, (max-width: 686px) 100vw, 686px\" \/><\/figure>\n\n\n\n<p>Pour le test avec eau, de l&rsquo;eau a \u00e9t\u00e9 pulv\u00e9ris\u00e9e contre le joint d&rsquo;un rouleau en PEHD en rotation continue pendant 72 heures. Aucune eau n&rsquo;a pu p\u00e9n\u00e9trer dans le joint ou le rouleau.<\/p>\n<\/div>\n\n\n\n<div class=\"wp-block-column is-layout-flow wp-block-column-is-layout-flow\">\n<h2 class=\"wp-block-heading\">La r\u00e9sistance au roulement : <\/h2>\n\n\n\n<figure class=\"wp-block-image size-full\"><img loading=\"lazy\" decoding=\"async\" width=\"686\" height=\"464\" src=\"https:\/\/repatransportbanden.nl\/wp-content\/uploads\/2021\/12\/HDPE-rol3.jpg\" alt=\"\" class=\"wp-image-1314\" srcset=\"https:\/\/repatransportbanden.nl\/wp-content\/uploads\/2021\/12\/HDPE-rol3.jpg 686w, https:\/\/repatransportbanden.nl\/wp-content\/uploads\/2021\/12\/HDPE-rol3-300x203.jpg 300w\" sizes=\"auto, (max-width: 686px) 100vw, 686px\" \/><\/figure>\n\n\n\n<p>Afin de mesurer la r\u00e9sistance au roulement, nous avons laiss\u00e9 le rouleau en PEHD faire 600 tours par minute, sous une charge radiale de 250 N. La r\u00e9sistance au roulement finale \u00e9tait tr\u00e8s faible : 0,96N..<\/p>\n<\/div>\n<\/div>\n","protected":false},"excerpt":{"rendered":"<p>De REPA RQ+ rollen vertegenwoordigen een nieuw kwaliteitsniveau Les Rouleaux en PEHD type RQ+ repr\u00e9sentent un nouveau niveau de qualit\u00e9 pour rouleaux PEHD. Par rapport aux rouleaux en acier, nos rouleaux en PEHD pr\u00e9sentent un certain nombre d&rsquo;avantages qui ne sauraient \u00eatre sous-estim\u00e9s : Ils permettent d&rsquo;\u00e9conomiser beaucoup d&rsquo;\u00e9nergie, car ils p\u00e8sent deux fois moins&hellip; <a class=\"more-link\" href=\"https:\/\/repatransportbanden.nl\/fr\/trommels-rollen\/hdpe-rollen-type-rq\/\">Continue reading <span class=\"screen-reader-text\">Rouleaux en PEHD type RQ+<\/span><\/a><\/p>\n","protected":false},"author":2,"featured_media":1311,"parent":2089,"menu_order":0,"comment_status":"closed","ping_status":"closed","template":"templates\/template-service.php","meta":{"_acf_changed":false,"footnotes":""},"class_list":["post-1714","page","type-page","status-publish","has-post-thumbnail","hentry","entry"],"acf":[],"yoast_head":"<!-- This site is optimized with the Yoast SEO plugin v27.4 - https:\/\/yoast.com\/product\/yoast-seo-wordpress\/ -->\n<title>Rouleaux en PEHD type RQ+ - repatransportbanden.nl<\/title>\n<meta name=\"robots\" content=\"index, follow, max-snippet:-1, max-image-preview:large, max-video-preview:-1\" \/>\n<link rel=\"canonical\" href=\"https:\/\/repatransportbanden.nl\/fr\/trommels-rollen\/hdpe-rollen-type-rq\/\" \/>\n<meta property=\"og:locale\" content=\"fr_FR\" \/>\n<meta property=\"og:type\" content=\"article\" \/>\n<meta property=\"og:title\" content=\"Rouleaux en PEHD type RQ+ - repatransportbanden.nl\" \/>\n<meta property=\"og:description\" content=\"De REPA RQ+ rollen vertegenwoordigen een nieuw kwaliteitsniveau Les Rouleaux en PEHD type RQ+ repr\u00e9sentent un nouveau niveau de qualit\u00e9 pour rouleaux PEHD. Par rapport aux rouleaux en acier, nos rouleaux en PEHD pr\u00e9sentent un certain nombre d&rsquo;avantages qui ne sauraient \u00eatre sous-estim\u00e9s : Ils permettent d&rsquo;\u00e9conomiser beaucoup d&rsquo;\u00e9nergie, car ils p\u00e8sent deux fois moins&hellip; Continue reading Rouleaux en PEHD type RQ+\" \/>\n<meta property=\"og:url\" content=\"https:\/\/repatransportbanden.nl\/fr\/trommels-rollen\/hdpe-rollen-type-rq\/\" \/>\n<meta property=\"og:site_name\" content=\"repatransportbanden.nl\" \/>\n<meta property=\"article:modified_time\" content=\"2022-01-04T13:59:50+00:00\" \/>\n<meta property=\"og:image\" content=\"https:\/\/repatransportbanden.tempurl.host\/wp-content\/uploads\/2021\/12\/HDPE-rol.jpg\" \/>\n\t<meta property=\"og:image:width\" content=\"331\" \/>\n\t<meta property=\"og:image:height\" content=\"331\" \/>\n\t<meta property=\"og:image:type\" content=\"image\/jpeg\" \/>\n<meta name=\"twitter:card\" content=\"summary_large_image\" \/>\n<meta name=\"twitter:label1\" content=\"Dur\u00e9e de lecture estim\u00e9e\" \/>\n\t<meta name=\"twitter:data1\" content=\"1 minute\" \/>\n<script type=\"application\/ld+json\" class=\"yoast-schema-graph\">{\"@context\":\"https:\\\/\\\/schema.org\",\"@graph\":[{\"@type\":\"WebPage\",\"@id\":\"https:\\\/\\\/repatransportbanden.nl\\\/fr\\\/trommels-rollen\\\/hdpe-rollen-type-rq\\\/\",\"url\":\"https:\\\/\\\/repatransportbanden.nl\\\/fr\\\/trommels-rollen\\\/hdpe-rollen-type-rq\\\/\",\"name\":\"Rouleaux en PEHD type RQ+ - repatransportbanden.nl\",\"isPartOf\":{\"@id\":\"https:\\\/\\\/repatransportbanden.tempurl.host\\\/#website\"},\"primaryImageOfPage\":{\"@id\":\"https:\\\/\\\/repatransportbanden.nl\\\/fr\\\/trommels-rollen\\\/hdpe-rollen-type-rq\\\/#primaryimage\"},\"image\":{\"@id\":\"https:\\\/\\\/repatransportbanden.nl\\\/fr\\\/trommels-rollen\\\/hdpe-rollen-type-rq\\\/#primaryimage\"},\"thumbnailUrl\":\"https:\\\/\\\/repatransportbanden.nl\\\/wp-content\\\/uploads\\\/2021\\\/12\\\/HDPE-rol.jpg\",\"datePublished\":\"2021-12-16T08:16:57+00:00\",\"dateModified\":\"2022-01-04T13:59:50+00:00\",\"breadcrumb\":{\"@id\":\"https:\\\/\\\/repatransportbanden.nl\\\/fr\\\/trommels-rollen\\\/hdpe-rollen-type-rq\\\/#breadcrumb\"},\"inLanguage\":\"fr-FR\",\"potentialAction\":[{\"@type\":\"ReadAction\",\"target\":[\"https:\\\/\\\/repatransportbanden.nl\\\/fr\\\/trommels-rollen\\\/hdpe-rollen-type-rq\\\/\"]}]},{\"@type\":\"ImageObject\",\"inLanguage\":\"fr-FR\",\"@id\":\"https:\\\/\\\/repatransportbanden.nl\\\/fr\\\/trommels-rollen\\\/hdpe-rollen-type-rq\\\/#primaryimage\",\"url\":\"https:\\\/\\\/repatransportbanden.nl\\\/wp-content\\\/uploads\\\/2021\\\/12\\\/HDPE-rol.jpg\",\"contentUrl\":\"https:\\\/\\\/repatransportbanden.nl\\\/wp-content\\\/uploads\\\/2021\\\/12\\\/HDPE-rol.jpg\",\"width\":331,\"height\":331},{\"@type\":\"BreadcrumbList\",\"@id\":\"https:\\\/\\\/repatransportbanden.nl\\\/fr\\\/trommels-rollen\\\/hdpe-rollen-type-rq\\\/#breadcrumb\",\"itemListElement\":[{\"@type\":\"ListItem\",\"position\":1,\"name\":\"d\u2019accueil\",\"item\":\"https:\\\/\\\/repatransportbanden.nl\\\/fr\\\/\"},{\"@type\":\"ListItem\",\"position\":2,\"name\":\"Tambours et rouleaux\",\"item\":\"https:\\\/\\\/repatransportbanden.tempurl.host\\\/fr\\\/trommels-rollen\\\/\"},{\"@type\":\"ListItem\",\"position\":3,\"name\":\"Rouleaux en PEHD type RQ+\"}]},{\"@type\":\"WebSite\",\"@id\":\"https:\\\/\\\/repatransportbanden.tempurl.host\\\/#website\",\"url\":\"https:\\\/\\\/repatransportbanden.tempurl.host\\\/\",\"name\":\"repatransportbanden.nl\",\"description\":\"\",\"potentialAction\":[{\"@type\":\"SearchAction\",\"target\":{\"@type\":\"EntryPoint\",\"urlTemplate\":\"https:\\\/\\\/repatransportbanden.tempurl.host\\\/?s={search_term_string}\"},\"query-input\":{\"@type\":\"PropertyValueSpecification\",\"valueRequired\":true,\"valueName\":\"search_term_string\"}}],\"inLanguage\":\"fr-FR\"}]}<\/script>\n<!-- \/ Yoast SEO plugin. -->","yoast_head_json":{"title":"Rouleaux en PEHD type RQ+ - repatransportbanden.nl","robots":{"index":"index","follow":"follow","max-snippet":"max-snippet:-1","max-image-preview":"max-image-preview:large","max-video-preview":"max-video-preview:-1"},"canonical":"https:\/\/repatransportbanden.nl\/fr\/trommels-rollen\/hdpe-rollen-type-rq\/","og_locale":"fr_FR","og_type":"article","og_title":"Rouleaux en PEHD type RQ+ - repatransportbanden.nl","og_description":"De REPA RQ+ rollen vertegenwoordigen een nieuw kwaliteitsniveau Les Rouleaux en PEHD type RQ+ repr\u00e9sentent un nouveau niveau de qualit\u00e9 pour rouleaux PEHD. Par rapport aux rouleaux en acier, nos rouleaux en PEHD pr\u00e9sentent un certain nombre d&rsquo;avantages qui ne sauraient \u00eatre sous-estim\u00e9s : Ils permettent d&rsquo;\u00e9conomiser beaucoup d&rsquo;\u00e9nergie, car ils p\u00e8sent deux fois moins&hellip; Continue reading Rouleaux en PEHD type RQ+","og_url":"https:\/\/repatransportbanden.nl\/fr\/trommels-rollen\/hdpe-rollen-type-rq\/","og_site_name":"repatransportbanden.nl","article_modified_time":"2022-01-04T13:59:50+00:00","og_image":[{"width":331,"height":331,"url":"https:\/\/repatransportbanden.tempurl.host\/wp-content\/uploads\/2021\/12\/HDPE-rol.jpg","type":"image\/jpeg"}],"twitter_card":"summary_large_image","twitter_misc":{"Dur\u00e9e de lecture estim\u00e9e":"1 minute"},"schema":{"@context":"https:\/\/schema.org","@graph":[{"@type":"WebPage","@id":"https:\/\/repatransportbanden.nl\/fr\/trommels-rollen\/hdpe-rollen-type-rq\/","url":"https:\/\/repatransportbanden.nl\/fr\/trommels-rollen\/hdpe-rollen-type-rq\/","name":"Rouleaux en PEHD type RQ+ - repatransportbanden.nl","isPartOf":{"@id":"https:\/\/repatransportbanden.tempurl.host\/#website"},"primaryImageOfPage":{"@id":"https:\/\/repatransportbanden.nl\/fr\/trommels-rollen\/hdpe-rollen-type-rq\/#primaryimage"},"image":{"@id":"https:\/\/repatransportbanden.nl\/fr\/trommels-rollen\/hdpe-rollen-type-rq\/#primaryimage"},"thumbnailUrl":"https:\/\/repatransportbanden.nl\/wp-content\/uploads\/2021\/12\/HDPE-rol.jpg","datePublished":"2021-12-16T08:16:57+00:00","dateModified":"2022-01-04T13:59:50+00:00","breadcrumb":{"@id":"https:\/\/repatransportbanden.nl\/fr\/trommels-rollen\/hdpe-rollen-type-rq\/#breadcrumb"},"inLanguage":"fr-FR","potentialAction":[{"@type":"ReadAction","target":["https:\/\/repatransportbanden.nl\/fr\/trommels-rollen\/hdpe-rollen-type-rq\/"]}]},{"@type":"ImageObject","inLanguage":"fr-FR","@id":"https:\/\/repatransportbanden.nl\/fr\/trommels-rollen\/hdpe-rollen-type-rq\/#primaryimage","url":"https:\/\/repatransportbanden.nl\/wp-content\/uploads\/2021\/12\/HDPE-rol.jpg","contentUrl":"https:\/\/repatransportbanden.nl\/wp-content\/uploads\/2021\/12\/HDPE-rol.jpg","width":331,"height":331},{"@type":"BreadcrumbList","@id":"https:\/\/repatransportbanden.nl\/fr\/trommels-rollen\/hdpe-rollen-type-rq\/#breadcrumb","itemListElement":[{"@type":"ListItem","position":1,"name":"d\u2019accueil","item":"https:\/\/repatransportbanden.nl\/fr\/"},{"@type":"ListItem","position":2,"name":"Tambours et rouleaux","item":"https:\/\/repatransportbanden.tempurl.host\/fr\/trommels-rollen\/"},{"@type":"ListItem","position":3,"name":"Rouleaux en PEHD type RQ+"}]},{"@type":"WebSite","@id":"https:\/\/repatransportbanden.tempurl.host\/#website","url":"https:\/\/repatransportbanden.tempurl.host\/","name":"repatransportbanden.nl","description":"","potentialAction":[{"@type":"SearchAction","target":{"@type":"EntryPoint","urlTemplate":"https:\/\/repatransportbanden.tempurl.host\/?s={search_term_string}"},"query-input":{"@type":"PropertyValueSpecification","valueRequired":true,"valueName":"search_term_string"}}],"inLanguage":"fr-FR"}]}},"_links":{"self":[{"href":"https:\/\/repatransportbanden.nl\/fr\/wp-json\/wp\/v2\/pages\/1714","targetHints":{"allow":["GET"]}}],"collection":[{"href":"https:\/\/repatransportbanden.nl\/fr\/wp-json\/wp\/v2\/pages"}],"about":[{"href":"https:\/\/repatransportbanden.nl\/fr\/wp-json\/wp\/v2\/types\/page"}],"author":[{"embeddable":true,"href":"https:\/\/repatransportbanden.nl\/fr\/wp-json\/wp\/v2\/users\/2"}],"replies":[{"embeddable":true,"href":"https:\/\/repatransportbanden.nl\/fr\/wp-json\/wp\/v2\/comments?post=1714"}],"version-history":[{"count":4,"href":"https:\/\/repatransportbanden.nl\/fr\/wp-json\/wp\/v2\/pages\/1714\/revisions"}],"predecessor-version":[{"id":3171,"href":"https:\/\/repatransportbanden.nl\/fr\/wp-json\/wp\/v2\/pages\/1714\/revisions\/3171"}],"up":[{"embeddable":true,"href":"https:\/\/repatransportbanden.nl\/fr\/wp-json\/wp\/v2\/pages\/2089"}],"wp:featuredmedia":[{"embeddable":true,"href":"https:\/\/repatransportbanden.nl\/fr\/wp-json\/wp\/v2\/media\/1311"}],"wp:attachment":[{"href":"https:\/\/repatransportbanden.nl\/fr\/wp-json\/wp\/v2\/media?parent=1714"}],"curies":[{"name":"wp","href":"https:\/\/api.w.org\/{rel}","templated":true}]}}