{"id":1708,"date":"2021-12-16T09:15:09","date_gmt":"2021-12-16T08:15:09","guid":{"rendered":"https:\/\/repatransportbanden.nl\/trommels-en-rollen\/constructies\/"},"modified":"2021-12-29T07:37:00","modified_gmt":"2021-12-29T06:37:00","slug":"constructies","status":"publish","type":"page","link":"https:\/\/repatransportbanden.nl\/fr\/trommels-rollen\/constructies\/","title":{"rendered":"Constructions"},"content":{"rendered":"\n<p>REPA est un expert en mati\u00e8re de tambours, rouleaux et cadres en auge. Cependant, nous fournissons \u00e9galement des constructions. Gr\u00e2ce \u00e0 notre usine (plus de 50 000 m<sup>2<\/sup>) et \u00e0 l\u2019emploi de machines et d\u2019\u00e9quipements ultramodernes, nous sommes \u00e0 m\u00eame de vous aider dans presque tous les domaines.<\/p>\n","protected":false},"excerpt":{"rendered":"<p>REPA est un expert en mati\u00e8re de tambours, rouleaux et cadres en auge. Cependant, nous fournissons \u00e9galement des constructions. Gr\u00e2ce \u00e0 notre usine (plus de 50 000 m2) et \u00e0 l\u2019emploi de machines et d\u2019\u00e9quipements ultramodernes, nous sommes \u00e0 m\u00eame de vous aider dans presque tous les domaines.<\/p>\n","protected":false},"author":2,"featured_media":1386,"parent":2089,"menu_order":0,"comment_status":"closed","ping_status":"closed","template":"templates\/template-service.php","meta":{"_acf_changed":false,"footnotes":""},"class_list":["post-1708","page","type-page","status-publish","has-post-thumbnail","hentry","entry"],"acf":[],"yoast_head":"<!-- This site is optimized with the Yoast SEO plugin v27.3 - https:\/\/yoast.com\/product\/yoast-seo-wordpress\/ -->\n<title>Constructions - repatransportbanden.nl<\/title>\n<meta name=\"robots\" content=\"index, follow, max-snippet:-1, max-image-preview:large, max-video-preview:-1\" \/>\n<link rel=\"canonical\" href=\"https:\/\/repatransportbanden.nl\/fr\/trommels-rollen\/constructies\/\" \/>\n<meta property=\"og:locale\" content=\"fr_FR\" \/>\n<meta property=\"og:type\" content=\"article\" \/>\n<meta property=\"og:title\" content=\"Constructions - repatransportbanden.nl\" \/>\n<meta property=\"og:description\" content=\"REPA est un expert en mati\u00e8re de tambours, rouleaux et cadres en auge. Cependant, nous fournissons \u00e9galement des constructions. Gr\u00e2ce \u00e0 notre usine (plus de 50 000 m2) et \u00e0 l\u2019emploi de machines et d\u2019\u00e9quipements ultramodernes, nous sommes \u00e0 m\u00eame de vous aider dans presque tous les domaines.\" \/>\n<meta property=\"og:url\" content=\"https:\/\/repatransportbanden.nl\/fr\/trommels-rollen\/constructies\/\" \/>\n<meta property=\"og:site_name\" content=\"repatransportbanden.nl\" \/>\n<meta property=\"article:modified_time\" content=\"2021-12-29T06:37:00+00:00\" \/>\n<meta property=\"og:image\" content=\"https:\/\/repatransportbanden.tempurl.host\/wp-content\/uploads\/2021\/12\/Constructies.jpg\" \/>\n\t<meta property=\"og:image:width\" content=\"331\" \/>\n\t<meta property=\"og:image:height\" content=\"331\" \/>\n\t<meta property=\"og:image:type\" content=\"image\/jpeg\" \/>\n<meta name=\"twitter:card\" content=\"summary_large_image\" \/>\n<script type=\"application\/ld+json\" class=\"yoast-schema-graph\">{\"@context\":\"https:\\\/\\\/schema.org\",\"@graph\":[{\"@type\":\"WebPage\",\"@id\":\"https:\\\/\\\/repatransportbanden.nl\\\/fr\\\/trommels-rollen\\\/constructies\\\/\",\"url\":\"https:\\\/\\\/repatransportbanden.nl\\\/fr\\\/trommels-rollen\\\/constructies\\\/\",\"name\":\"Constructions - repatransportbanden.nl\",\"isPartOf\":{\"@id\":\"https:\\\/\\\/repatransportbanden.tempurl.host\\\/#website\"},\"primaryImageOfPage\":{\"@id\":\"https:\\\/\\\/repatransportbanden.nl\\\/fr\\\/trommels-rollen\\\/constructies\\\/#primaryimage\"},\"image\":{\"@id\":\"https:\\\/\\\/repatransportbanden.nl\\\/fr\\\/trommels-rollen\\\/constructies\\\/#primaryimage\"},\"thumbnailUrl\":\"https:\\\/\\\/repatransportbanden.nl\\\/wp-content\\\/uploads\\\/2021\\\/12\\\/Constructies.jpg\",\"datePublished\":\"2021-12-16T08:15:09+00:00\",\"dateModified\":\"2021-12-29T06:37:00+00:00\",\"breadcrumb\":{\"@id\":\"https:\\\/\\\/repatransportbanden.nl\\\/fr\\\/trommels-rollen\\\/constructies\\\/#breadcrumb\"},\"inLanguage\":\"fr-FR\",\"potentialAction\":[{\"@type\":\"ReadAction\",\"target\":[\"https:\\\/\\\/repatransportbanden.nl\\\/fr\\\/trommels-rollen\\\/constructies\\\/\"]}]},{\"@type\":\"ImageObject\",\"inLanguage\":\"fr-FR\",\"@id\":\"https:\\\/\\\/repatransportbanden.nl\\\/fr\\\/trommels-rollen\\\/constructies\\\/#primaryimage\",\"url\":\"https:\\\/\\\/repatransportbanden.nl\\\/wp-content\\\/uploads\\\/2021\\\/12\\\/Constructies.jpg\",\"contentUrl\":\"https:\\\/\\\/repatransportbanden.nl\\\/wp-content\\\/uploads\\\/2021\\\/12\\\/Constructies.jpg\",\"width\":331,\"height\":331},{\"@type\":\"BreadcrumbList\",\"@id\":\"https:\\\/\\\/repatransportbanden.nl\\\/fr\\\/trommels-rollen\\\/constructies\\\/#breadcrumb\",\"itemListElement\":[{\"@type\":\"ListItem\",\"position\":1,\"name\":\"d\u2019accueil\",\"item\":\"https:\\\/\\\/repatransportbanden.nl\\\/fr\\\/\"},{\"@type\":\"ListItem\",\"position\":2,\"name\":\"Tambours et rouleaux\",\"item\":\"https:\\\/\\\/repatransportbanden.tempurl.host\\\/fr\\\/trommels-rollen\\\/\"},{\"@type\":\"ListItem\",\"position\":3,\"name\":\"Constructions\"}]},{\"@type\":\"WebSite\",\"@id\":\"https:\\\/\\\/repatransportbanden.tempurl.host\\\/#website\",\"url\":\"https:\\\/\\\/repatransportbanden.tempurl.host\\\/\",\"name\":\"repatransportbanden.nl\",\"description\":\"\",\"potentialAction\":[{\"@type\":\"SearchAction\",\"target\":{\"@type\":\"EntryPoint\",\"urlTemplate\":\"https:\\\/\\\/repatransportbanden.tempurl.host\\\/?s={search_term_string}\"},\"query-input\":{\"@type\":\"PropertyValueSpecification\",\"valueRequired\":true,\"valueName\":\"search_term_string\"}}],\"inLanguage\":\"fr-FR\"}]}<\/script>\n<!-- \/ Yoast SEO plugin. -->","yoast_head_json":{"title":"Constructions - repatransportbanden.nl","robots":{"index":"index","follow":"follow","max-snippet":"max-snippet:-1","max-image-preview":"max-image-preview:large","max-video-preview":"max-video-preview:-1"},"canonical":"https:\/\/repatransportbanden.nl\/fr\/trommels-rollen\/constructies\/","og_locale":"fr_FR","og_type":"article","og_title":"Constructions - repatransportbanden.nl","og_description":"REPA est un expert en mati\u00e8re de tambours, rouleaux et cadres en auge. Cependant, nous fournissons \u00e9galement des constructions. Gr\u00e2ce \u00e0 notre usine (plus de 50 000 m2) et \u00e0 l\u2019emploi de machines et d\u2019\u00e9quipements ultramodernes, nous sommes \u00e0 m\u00eame de vous aider dans presque tous les domaines.","og_url":"https:\/\/repatransportbanden.nl\/fr\/trommels-rollen\/constructies\/","og_site_name":"repatransportbanden.nl","article_modified_time":"2021-12-29T06:37:00+00:00","og_image":[{"width":331,"height":331,"url":"https:\/\/repatransportbanden.tempurl.host\/wp-content\/uploads\/2021\/12\/Constructies.jpg","type":"image\/jpeg"}],"twitter_card":"summary_large_image","schema":{"@context":"https:\/\/schema.org","@graph":[{"@type":"WebPage","@id":"https:\/\/repatransportbanden.nl\/fr\/trommels-rollen\/constructies\/","url":"https:\/\/repatransportbanden.nl\/fr\/trommels-rollen\/constructies\/","name":"Constructions - repatransportbanden.nl","isPartOf":{"@id":"https:\/\/repatransportbanden.tempurl.host\/#website"},"primaryImageOfPage":{"@id":"https:\/\/repatransportbanden.nl\/fr\/trommels-rollen\/constructies\/#primaryimage"},"image":{"@id":"https:\/\/repatransportbanden.nl\/fr\/trommels-rollen\/constructies\/#primaryimage"},"thumbnailUrl":"https:\/\/repatransportbanden.nl\/wp-content\/uploads\/2021\/12\/Constructies.jpg","datePublished":"2021-12-16T08:15:09+00:00","dateModified":"2021-12-29T06:37:00+00:00","breadcrumb":{"@id":"https:\/\/repatransportbanden.nl\/fr\/trommels-rollen\/constructies\/#breadcrumb"},"inLanguage":"fr-FR","potentialAction":[{"@type":"ReadAction","target":["https:\/\/repatransportbanden.nl\/fr\/trommels-rollen\/constructies\/"]}]},{"@type":"ImageObject","inLanguage":"fr-FR","@id":"https:\/\/repatransportbanden.nl\/fr\/trommels-rollen\/constructies\/#primaryimage","url":"https:\/\/repatransportbanden.nl\/wp-content\/uploads\/2021\/12\/Constructies.jpg","contentUrl":"https:\/\/repatransportbanden.nl\/wp-content\/uploads\/2021\/12\/Constructies.jpg","width":331,"height":331},{"@type":"BreadcrumbList","@id":"https:\/\/repatransportbanden.nl\/fr\/trommels-rollen\/constructies\/#breadcrumb","itemListElement":[{"@type":"ListItem","position":1,"name":"d\u2019accueil","item":"https:\/\/repatransportbanden.nl\/fr\/"},{"@type":"ListItem","position":2,"name":"Tambours et rouleaux","item":"https:\/\/repatransportbanden.tempurl.host\/fr\/trommels-rollen\/"},{"@type":"ListItem","position":3,"name":"Constructions"}]},{"@type":"WebSite","@id":"https:\/\/repatransportbanden.tempurl.host\/#website","url":"https:\/\/repatransportbanden.tempurl.host\/","name":"repatransportbanden.nl","description":"","potentialAction":[{"@type":"SearchAction","target":{"@type":"EntryPoint","urlTemplate":"https:\/\/repatransportbanden.tempurl.host\/?s={search_term_string}"},"query-input":{"@type":"PropertyValueSpecification","valueRequired":true,"valueName":"search_term_string"}}],"inLanguage":"fr-FR"}]}},"_links":{"self":[{"href":"https:\/\/repatransportbanden.nl\/fr\/wp-json\/wp\/v2\/pages\/1708","targetHints":{"allow":["GET"]}}],"collection":[{"href":"https:\/\/repatransportbanden.nl\/fr\/wp-json\/wp\/v2\/pages"}],"about":[{"href":"https:\/\/repatransportbanden.nl\/fr\/wp-json\/wp\/v2\/types\/page"}],"author":[{"embeddable":true,"href":"https:\/\/repatransportbanden.nl\/fr\/wp-json\/wp\/v2\/users\/2"}],"replies":[{"embeddable":true,"href":"https:\/\/repatransportbanden.nl\/fr\/wp-json\/wp\/v2\/comments?post=1708"}],"version-history":[{"count":4,"href":"https:\/\/repatransportbanden.nl\/fr\/wp-json\/wp\/v2\/pages\/1708\/revisions"}],"predecessor-version":[{"id":3167,"href":"https:\/\/repatransportbanden.nl\/fr\/wp-json\/wp\/v2\/pages\/1708\/revisions\/3167"}],"up":[{"embeddable":true,"href":"https:\/\/repatransportbanden.nl\/fr\/wp-json\/wp\/v2\/pages\/2089"}],"wp:featuredmedia":[{"embeddable":true,"href":"https:\/\/repatransportbanden.nl\/fr\/wp-json\/wp\/v2\/media\/1386"}],"wp:attachment":[{"href":"https:\/\/repatransportbanden.nl\/fr\/wp-json\/wp\/v2\/media?parent=1708"}],"curies":[{"name":"wp","href":"https:\/\/api.w.org\/{rel}","templated":true}]}}