{"id":1702,"date":"2021-12-16T09:12:37","date_gmt":"2021-12-16T08:12:37","guid":{"rendered":"https:\/\/repatransportbanden.nl\/trommels-en-rollen\/ce-track-band-stuurframes\/"},"modified":"2022-01-28T00:01:03","modified_gmt":"2022-01-27T23:01:03","slug":"ce-track-band-stuurframes","status":"publish","type":"page","link":"https:\/\/repatransportbanden.nl\/fr\/trommels-rollen\/ce-track-band-stuurframes\/","title":{"rendered":"CE-TRACK band stuurframes"},"content":{"rendered":"\n<p>Notre CE-TRACK-ADJ est une station en auge r\u00e9glable et orientable compos\u00e9e de 3 parties, poss\u00e9dant plusieurs caract\u00e9ristiques uniques :<\/p>\n\n\n\n<ul class=\"wp-block-list\"><li>Peut \u00eatre utilis\u00e9e pour une rotation dans les deux sens. <strong><\/strong><\/li><li>Les rouleaux sont toujours dot\u00e9s d&rsquo;un rev\u00eatement vulcanis\u00e9 \u00e0 chaud pour que l\u2019adh\u00e9rence avec la bande transporteuse soit la meilleure possible. Le rev\u00eatement a \u00e9galement la propri\u00e9t\u00e9 de ne laisser s&rsquo;agglutiner que tr\u00e8s peu de salet\u00e9. <strong><\/strong><\/li><li>Les longueurs de rouleaux sont toujours conformes \u00e0 la norme DIN.<strong><\/strong><\/li><li>Sont utilis\u00e9s des rouleaux lat\u00e9raux coniques, de sorte qu\u2019intervienne imm\u00e9diatement une r\u00e9action du cadre lorsque la bande se d\u00e9place. <strong><\/strong><\/li><li>L&rsquo;angle de l&rsquo;auge peut \u00eatre r\u00e9gl\u00e9 de 5 \u00e0 45 degr\u00e9s, par intervalles de 5 degr\u00e9s.<strong><\/strong><\/li><li>La poutre inf\u00e9rieure est r\u00e9glable en longueur. <strong><\/strong><\/li><li>La station en auge est r\u00e9glable en hauteur. <strong><\/strong><\/li><\/ul>\n\n\n\n<div style=\"height:15px\" aria-hidden=\"true\" class=\"wp-block-spacer\"><\/div>\n\n\n\n<h3 class=\"wp-block-heading\" id=\"la-ce-track-adj-est-disponible-en-differentes-largeurs\">La CE-TRACK-ADJ est disponible en diff\u00e9rentes largeurs :<\/h3>\n\n\n\n<ul class=\"wp-block-list\"><li>BB650<\/li><li>BB800<\/li><li>BB1000<\/li><li>BB1200<\/li><li>BB1400<\/li><\/ul>\n\n\n\n<div style=\"height:29px\" aria-hidden=\"true\" class=\"wp-block-spacer\"><\/div>\n\n\n\n<div class=\"wp-block-columns is-layout-flex wp-container-core-columns-is-layout-9d6595d7 wp-block-columns-is-layout-flex\">\n<div class=\"wp-block-column is-layout-flow wp-block-column-is-layout-flow\">\n<figure class=\"wp-block-image size-full\"><img loading=\"lazy\" decoding=\"async\" width=\"686\" height=\"464\" src=\"https:\/\/repatransportbanden.nl\/wp-content\/uploads\/2021\/12\/Ce-Track1.jpg\" alt=\"\" class=\"wp-image-1368\" srcset=\"https:\/\/repatransportbanden.nl\/wp-content\/uploads\/2021\/12\/Ce-Track1.jpg 686w, https:\/\/repatransportbanden.nl\/wp-content\/uploads\/2021\/12\/Ce-Track1-300x203.jpg 300w\" sizes=\"auto, (max-width: 686px) 100vw, 686px\" \/><\/figure>\n<\/div>\n\n\n\n<div class=\"wp-block-column is-layout-flow wp-block-column-is-layout-flow\">\n<h2 class=\"wp-block-heading\" id=\"cadre-de-guidage-de-bande-ce-track\"><strong>Cadre de guidage de bande CE-TRACK<\/strong><\/h2>\n\n\n\n<p>Notre CE-TRACK est une station en auge dirigeable compos\u00e9e de 3 parties, poss\u00e9dant plusieurs caract\u00e9ristiques uniques :<\/p>\n\n\n\n<ul class=\"wp-block-list\"><li>Peut toujours \u00eatre utilis\u00e9e dans les deux sens de rotation.<\/li><\/ul>\n\n\n\n<ul class=\"wp-block-list\"><li>Les rouleaux sont toujours dot\u00e9s d&rsquo;un rev\u00eatement vulcanis\u00e9 \u00e0 chaud garantissant une adh\u00e9rence maximale avec la bande transporteuse. Par ailleurs, le rev\u00eatement a \u00e9galement la propri\u00e9t\u00e9 de ne laisser s&rsquo;agglutiner que tr\u00e8s peu de salet\u00e9. &nbsp;&nbsp;<\/li><\/ul>\n\n\n\n<p>Gr\u00e2ce \u00e0 l&rsquo;utilisation de rouleaux lat\u00e9raux coniques, le cadre s&rsquo;adapte imm\u00e9diatement aux d\u00e9placements de la bande.<\/p>\n<\/div>\n\n\n\n<div class=\"wp-block-column is-layout-flow wp-block-column-is-layout-flow\">\n<h3 class=\"wp-block-heading\" id=\"la-ce-track-adj-est-disponible-en-differentes-largeurs-1\"><strong>La CE-TRACK-ADJ est disponible en diff\u00e9rentes largeurs :<\/strong><\/h3>\n\n\n\n<ul class=\"wp-block-list\"><li>BB650<\/li><li>BB800<\/li><li>BB1000<\/li><li>BB1200<\/li><li>BB1400<\/li><li>BB1600<\/li><li>BB1800<\/li><li>BB2000<\/li><li>BB2200<\/li><\/ul>\n<\/div>\n<\/div>\n","protected":false},"excerpt":{"rendered":"<p>Notre CE-TRACK-ADJ est une station en auge r\u00e9glable et orientable compos\u00e9e de 3 parties, poss\u00e9dant plusieurs caract\u00e9ristiques uniques : Peut \u00eatre utilis\u00e9e pour une rotation dans les deux sens. Les rouleaux sont toujours dot\u00e9s d&rsquo;un rev\u00eatement vulcanis\u00e9 \u00e0 chaud pour que l\u2019adh\u00e9rence avec la bande transporteuse soit la meilleure possible. Le rev\u00eatement a \u00e9galement la&hellip; <a class=\"more-link\" href=\"https:\/\/repatransportbanden.nl\/fr\/trommels-rollen\/ce-track-band-stuurframes\/\">Continue reading <span class=\"screen-reader-text\">CE-TRACK band stuurframes<\/span><\/a><\/p>\n","protected":false},"author":2,"featured_media":1374,"parent":2089,"menu_order":0,"comment_status":"closed","ping_status":"closed","template":"templates\/template-service.php","meta":{"_acf_changed":false,"footnotes":""},"class_list":["post-1702","page","type-page","status-publish","has-post-thumbnail","hentry","entry"],"acf":[],"yoast_head":"<!-- This site is optimized with the Yoast SEO plugin v27.3 - https:\/\/yoast.com\/product\/yoast-seo-wordpress\/ -->\n<title>CE-TRACK band stuurframes - repatransportbanden.nl<\/title>\n<meta name=\"robots\" content=\"index, follow, max-snippet:-1, max-image-preview:large, max-video-preview:-1\" \/>\n<link rel=\"canonical\" href=\"https:\/\/repatransportbanden.nl\/fr\/trommels-rollen\/ce-track-band-stuurframes\/\" \/>\n<meta property=\"og:locale\" content=\"fr_FR\" \/>\n<meta property=\"og:type\" content=\"article\" \/>\n<meta property=\"og:title\" content=\"CE-TRACK band stuurframes - repatransportbanden.nl\" \/>\n<meta property=\"og:description\" content=\"Notre CE-TRACK-ADJ est une station en auge r\u00e9glable et orientable compos\u00e9e de 3 parties, poss\u00e9dant plusieurs caract\u00e9ristiques uniques : Peut \u00eatre utilis\u00e9e pour une rotation dans les deux sens. Les rouleaux sont toujours dot\u00e9s d&rsquo;un rev\u00eatement vulcanis\u00e9 \u00e0 chaud pour que l\u2019adh\u00e9rence avec la bande transporteuse soit la meilleure possible. Le rev\u00eatement a \u00e9galement la&hellip; Continue reading CE-TRACK band stuurframes\" \/>\n<meta property=\"og:url\" content=\"https:\/\/repatransportbanden.nl\/fr\/trommels-rollen\/ce-track-band-stuurframes\/\" \/>\n<meta property=\"og:site_name\" content=\"repatransportbanden.nl\" \/>\n<meta property=\"article:modified_time\" content=\"2022-01-27T23:01:03+00:00\" \/>\n<meta property=\"og:image\" content=\"https:\/\/repatransportbanden.tempurl.host\/wp-content\/uploads\/2021\/12\/Ce-Track.jpg\" \/>\n\t<meta property=\"og:image:width\" content=\"331\" \/>\n\t<meta property=\"og:image:height\" content=\"331\" \/>\n\t<meta property=\"og:image:type\" content=\"image\/jpeg\" \/>\n<meta name=\"twitter:card\" content=\"summary_large_image\" \/>\n<meta name=\"twitter:label1\" content=\"Dur\u00e9e de lecture estim\u00e9e\" \/>\n\t<meta name=\"twitter:data1\" content=\"2 minutes\" \/>\n<script type=\"application\/ld+json\" class=\"yoast-schema-graph\">{\"@context\":\"https:\\\/\\\/schema.org\",\"@graph\":[{\"@type\":\"WebPage\",\"@id\":\"https:\\\/\\\/repatransportbanden.nl\\\/fr\\\/trommels-rollen\\\/ce-track-band-stuurframes\\\/\",\"url\":\"https:\\\/\\\/repatransportbanden.nl\\\/fr\\\/trommels-rollen\\\/ce-track-band-stuurframes\\\/\",\"name\":\"CE-TRACK band stuurframes - repatransportbanden.nl\",\"isPartOf\":{\"@id\":\"https:\\\/\\\/repatransportbanden.tempurl.host\\\/#website\"},\"primaryImageOfPage\":{\"@id\":\"https:\\\/\\\/repatransportbanden.nl\\\/fr\\\/trommels-rollen\\\/ce-track-band-stuurframes\\\/#primaryimage\"},\"image\":{\"@id\":\"https:\\\/\\\/repatransportbanden.nl\\\/fr\\\/trommels-rollen\\\/ce-track-band-stuurframes\\\/#primaryimage\"},\"thumbnailUrl\":\"https:\\\/\\\/repatransportbanden.nl\\\/wp-content\\\/uploads\\\/2021\\\/12\\\/Ce-Track.jpg\",\"datePublished\":\"2021-12-16T08:12:37+00:00\",\"dateModified\":\"2022-01-27T23:01:03+00:00\",\"breadcrumb\":{\"@id\":\"https:\\\/\\\/repatransportbanden.nl\\\/fr\\\/trommels-rollen\\\/ce-track-band-stuurframes\\\/#breadcrumb\"},\"inLanguage\":\"fr-FR\",\"potentialAction\":[{\"@type\":\"ReadAction\",\"target\":[\"https:\\\/\\\/repatransportbanden.nl\\\/fr\\\/trommels-rollen\\\/ce-track-band-stuurframes\\\/\"]}]},{\"@type\":\"ImageObject\",\"inLanguage\":\"fr-FR\",\"@id\":\"https:\\\/\\\/repatransportbanden.nl\\\/fr\\\/trommels-rollen\\\/ce-track-band-stuurframes\\\/#primaryimage\",\"url\":\"https:\\\/\\\/repatransportbanden.nl\\\/wp-content\\\/uploads\\\/2021\\\/12\\\/Ce-Track.jpg\",\"contentUrl\":\"https:\\\/\\\/repatransportbanden.nl\\\/wp-content\\\/uploads\\\/2021\\\/12\\\/Ce-Track.jpg\",\"width\":331,\"height\":331},{\"@type\":\"BreadcrumbList\",\"@id\":\"https:\\\/\\\/repatransportbanden.nl\\\/fr\\\/trommels-rollen\\\/ce-track-band-stuurframes\\\/#breadcrumb\",\"itemListElement\":[{\"@type\":\"ListItem\",\"position\":1,\"name\":\"d\u2019accueil\",\"item\":\"https:\\\/\\\/repatransportbanden.nl\\\/fr\\\/\"},{\"@type\":\"ListItem\",\"position\":2,\"name\":\"Tambours et rouleaux\",\"item\":\"https:\\\/\\\/repatransportbanden.tempurl.host\\\/fr\\\/trommels-rollen\\\/\"},{\"@type\":\"ListItem\",\"position\":3,\"name\":\"CE-TRACK band stuurframes\"}]},{\"@type\":\"WebSite\",\"@id\":\"https:\\\/\\\/repatransportbanden.tempurl.host\\\/#website\",\"url\":\"https:\\\/\\\/repatransportbanden.tempurl.host\\\/\",\"name\":\"repatransportbanden.nl\",\"description\":\"\",\"potentialAction\":[{\"@type\":\"SearchAction\",\"target\":{\"@type\":\"EntryPoint\",\"urlTemplate\":\"https:\\\/\\\/repatransportbanden.tempurl.host\\\/?s={search_term_string}\"},\"query-input\":{\"@type\":\"PropertyValueSpecification\",\"valueRequired\":true,\"valueName\":\"search_term_string\"}}],\"inLanguage\":\"fr-FR\"}]}<\/script>\n<!-- \/ Yoast SEO plugin. -->","yoast_head_json":{"title":"CE-TRACK band stuurframes - repatransportbanden.nl","robots":{"index":"index","follow":"follow","max-snippet":"max-snippet:-1","max-image-preview":"max-image-preview:large","max-video-preview":"max-video-preview:-1"},"canonical":"https:\/\/repatransportbanden.nl\/fr\/trommels-rollen\/ce-track-band-stuurframes\/","og_locale":"fr_FR","og_type":"article","og_title":"CE-TRACK band stuurframes - repatransportbanden.nl","og_description":"Notre CE-TRACK-ADJ est une station en auge r\u00e9glable et orientable compos\u00e9e de 3 parties, poss\u00e9dant plusieurs caract\u00e9ristiques uniques : Peut \u00eatre utilis\u00e9e pour une rotation dans les deux sens. Les rouleaux sont toujours dot\u00e9s d&rsquo;un rev\u00eatement vulcanis\u00e9 \u00e0 chaud pour que l\u2019adh\u00e9rence avec la bande transporteuse soit la meilleure possible. Le rev\u00eatement a \u00e9galement la&hellip; Continue reading CE-TRACK band stuurframes","og_url":"https:\/\/repatransportbanden.nl\/fr\/trommels-rollen\/ce-track-band-stuurframes\/","og_site_name":"repatransportbanden.nl","article_modified_time":"2022-01-27T23:01:03+00:00","og_image":[{"width":331,"height":331,"url":"https:\/\/repatransportbanden.tempurl.host\/wp-content\/uploads\/2021\/12\/Ce-Track.jpg","type":"image\/jpeg"}],"twitter_card":"summary_large_image","twitter_misc":{"Dur\u00e9e de lecture estim\u00e9e":"2 minutes"},"schema":{"@context":"https:\/\/schema.org","@graph":[{"@type":"WebPage","@id":"https:\/\/repatransportbanden.nl\/fr\/trommels-rollen\/ce-track-band-stuurframes\/","url":"https:\/\/repatransportbanden.nl\/fr\/trommels-rollen\/ce-track-band-stuurframes\/","name":"CE-TRACK band stuurframes - repatransportbanden.nl","isPartOf":{"@id":"https:\/\/repatransportbanden.tempurl.host\/#website"},"primaryImageOfPage":{"@id":"https:\/\/repatransportbanden.nl\/fr\/trommels-rollen\/ce-track-band-stuurframes\/#primaryimage"},"image":{"@id":"https:\/\/repatransportbanden.nl\/fr\/trommels-rollen\/ce-track-band-stuurframes\/#primaryimage"},"thumbnailUrl":"https:\/\/repatransportbanden.nl\/wp-content\/uploads\/2021\/12\/Ce-Track.jpg","datePublished":"2021-12-16T08:12:37+00:00","dateModified":"2022-01-27T23:01:03+00:00","breadcrumb":{"@id":"https:\/\/repatransportbanden.nl\/fr\/trommels-rollen\/ce-track-band-stuurframes\/#breadcrumb"},"inLanguage":"fr-FR","potentialAction":[{"@type":"ReadAction","target":["https:\/\/repatransportbanden.nl\/fr\/trommels-rollen\/ce-track-band-stuurframes\/"]}]},{"@type":"ImageObject","inLanguage":"fr-FR","@id":"https:\/\/repatransportbanden.nl\/fr\/trommels-rollen\/ce-track-band-stuurframes\/#primaryimage","url":"https:\/\/repatransportbanden.nl\/wp-content\/uploads\/2021\/12\/Ce-Track.jpg","contentUrl":"https:\/\/repatransportbanden.nl\/wp-content\/uploads\/2021\/12\/Ce-Track.jpg","width":331,"height":331},{"@type":"BreadcrumbList","@id":"https:\/\/repatransportbanden.nl\/fr\/trommels-rollen\/ce-track-band-stuurframes\/#breadcrumb","itemListElement":[{"@type":"ListItem","position":1,"name":"d\u2019accueil","item":"https:\/\/repatransportbanden.nl\/fr\/"},{"@type":"ListItem","position":2,"name":"Tambours et rouleaux","item":"https:\/\/repatransportbanden.tempurl.host\/fr\/trommels-rollen\/"},{"@type":"ListItem","position":3,"name":"CE-TRACK band stuurframes"}]},{"@type":"WebSite","@id":"https:\/\/repatransportbanden.tempurl.host\/#website","url":"https:\/\/repatransportbanden.tempurl.host\/","name":"repatransportbanden.nl","description":"","potentialAction":[{"@type":"SearchAction","target":{"@type":"EntryPoint","urlTemplate":"https:\/\/repatransportbanden.tempurl.host\/?s={search_term_string}"},"query-input":{"@type":"PropertyValueSpecification","valueRequired":true,"valueName":"search_term_string"}}],"inLanguage":"fr-FR"}]}},"_links":{"self":[{"href":"https:\/\/repatransportbanden.nl\/fr\/wp-json\/wp\/v2\/pages\/1702","targetHints":{"allow":["GET"]}}],"collection":[{"href":"https:\/\/repatransportbanden.nl\/fr\/wp-json\/wp\/v2\/pages"}],"about":[{"href":"https:\/\/repatransportbanden.nl\/fr\/wp-json\/wp\/v2\/types\/page"}],"author":[{"embeddable":true,"href":"https:\/\/repatransportbanden.nl\/fr\/wp-json\/wp\/v2\/users\/2"}],"replies":[{"embeddable":true,"href":"https:\/\/repatransportbanden.nl\/fr\/wp-json\/wp\/v2\/comments?post=1702"}],"version-history":[{"count":5,"href":"https:\/\/repatransportbanden.nl\/fr\/wp-json\/wp\/v2\/pages\/1702\/revisions"}],"predecessor-version":[{"id":4928,"href":"https:\/\/repatransportbanden.nl\/fr\/wp-json\/wp\/v2\/pages\/1702\/revisions\/4928"}],"up":[{"embeddable":true,"href":"https:\/\/repatransportbanden.nl\/fr\/wp-json\/wp\/v2\/pages\/2089"}],"wp:featuredmedia":[{"embeddable":true,"href":"https:\/\/repatransportbanden.nl\/fr\/wp-json\/wp\/v2\/media\/1374"}],"wp:attachment":[{"href":"https:\/\/repatransportbanden.nl\/fr\/wp-json\/wp\/v2\/media?parent=1702"}],"curies":[{"name":"wp","href":"https:\/\/api.w.org\/{rel}","templated":true}]}}