{"id":1685,"date":"2021-12-16T09:09:05","date_gmt":"2021-12-16T08:09:05","guid":{"rendered":"https:\/\/repatransportbanden.nl\/services\/"},"modified":"2022-01-28T00:09:31","modified_gmt":"2022-01-27T23:09:31","slug":"services","status":"publish","type":"page","link":"https:\/\/repatransportbanden.nl\/fr\/services\/","title":{"rendered":"Services"},"content":{"rendered":"\n<h3 class=\"wp-block-heading\" id=\"montage-sur-place-service-24-sur-24\">Montage sur place \/ service 24 sur 24<\/h3>\n\n\n\n<p>REPA est une entreprise connue. Elle doit sa croissance \u00e0 sa capacit\u00e9 de montage sur site ainsi qu\u2019\u00e0 sa disponibilit\u00e9 de service ininterrompue (24 heures sur 24). Pour une entreprise de fabrication accordant autant d\u2019importance \u00e0 la prestation de service, cela est essentiel. En combinaison, bien s\u00fbr, avec un tr\u00e8s bel assortiment de bandes transporteuses de qualit\u00e9 sup\u00e9rieure propos\u00e9es \u00e0 des prix comp\u00e9titifs. Tout le monde sait que les temps d&rsquo;arr\u00eat d&rsquo;une ligne de production co\u00fbtent beaucoup d&rsquo;argent. Les dysfonctionnements des bandes transporteuses sont toujours malvenus : qui s&rsquo;est trouv\u00e9 en situation d&rsquo;organiser une \u00e9quipe de techniciens de maintenance pendant le weekend ou au cours de la nuit pourra vous le dire. REPA emploie plus de 32 monteurs polyvalents, tous form\u00e9s pour r\u00e9tablir le plus rapidement possible une situation d&rsquo;exploitation normale sur le site du client final et, donc, limiter les dommages. Mais pr\u00e9venir les calamit\u00e9s et les pannes est bien s\u00fbr encore plus efficace ! C&rsquo;est pourquoi REPA conclut \u00e9galement des contrats de maintenance avec ses clients. Sont effectu\u00e9es, entre autres, des tourn\u00e9es d&rsquo;inspection r\u00e9guli\u00e8res afin de pouvoir identifier \u00e0 l&rsquo;avance tout probl\u00e8me potentiel. Cette strat\u00e9gie permet \u00e9videmment d&rsquo;\u00e9viter la plupart des pannes.<\/p>\n\n\n\n<p>Avec nos derni\u00e8res presses refroidies par air (d\u00e9velopp\u00e9es chez Beltquip), nous pouvons rapidement et facilement vulcaniser des bandes sur site jusqu&rsquo;\u00e0 une largeur de 5000 mm.<\/p>\n","protected":false},"excerpt":{"rendered":"<p>Montage sur place \/ service 24 sur 24 REPA est une entreprise connue. Elle doit sa croissance \u00e0 sa capacit\u00e9 de montage sur site ainsi qu\u2019\u00e0 sa disponibilit\u00e9 de service ininterrompue (24 heures sur 24). Pour une entreprise de fabrication accordant autant d\u2019importance \u00e0 la prestation de service, cela est essentiel. En combinaison, bien s\u00fbr,&hellip; <a class=\"more-link\" href=\"https:\/\/repatransportbanden.nl\/fr\/services\/\">Continue reading <span class=\"screen-reader-text\">Services<\/span><\/a><\/p>\n","protected":false},"author":2,"featured_media":0,"parent":0,"menu_order":0,"comment_status":"closed","ping_status":"closed","template":"templates\/template-service.php","meta":{"_acf_changed":false,"footnotes":""},"class_list":["post-1685","page","type-page","status-publish","hentry","entry"],"acf":[],"yoast_head":"<!-- This site is optimized with the Yoast SEO plugin v27.3 - https:\/\/yoast.com\/product\/yoast-seo-wordpress\/ -->\n<title>Services - repatransportbanden.nl<\/title>\n<meta name=\"robots\" content=\"index, follow, max-snippet:-1, max-image-preview:large, max-video-preview:-1\" \/>\n<link rel=\"canonical\" href=\"https:\/\/repatransportbanden.nl\/fr\/services\/\" \/>\n<meta property=\"og:locale\" content=\"fr_FR\" \/>\n<meta property=\"og:type\" content=\"article\" \/>\n<meta property=\"og:title\" content=\"Services - repatransportbanden.nl\" \/>\n<meta property=\"og:description\" content=\"Montage sur place \/ service 24 sur 24 REPA est une entreprise connue. Elle doit sa croissance \u00e0 sa capacit\u00e9 de montage sur site ainsi qu\u2019\u00e0 sa disponibilit\u00e9 de service ininterrompue (24 heures sur 24). Pour une entreprise de fabrication accordant autant d\u2019importance \u00e0 la prestation de service, cela est essentiel. En combinaison, bien s\u00fbr,&hellip; Continue reading Services\" \/>\n<meta property=\"og:url\" content=\"https:\/\/repatransportbanden.nl\/fr\/services\/\" \/>\n<meta property=\"og:site_name\" content=\"repatransportbanden.nl\" \/>\n<meta property=\"article:modified_time\" content=\"2022-01-27T23:09:31+00:00\" \/>\n<meta name=\"twitter:card\" content=\"summary_large_image\" \/>\n<meta name=\"twitter:label1\" content=\"Dur\u00e9e de lecture estim\u00e9e\" \/>\n\t<meta name=\"twitter:data1\" content=\"2 minutes\" \/>\n<script type=\"application\/ld+json\" class=\"yoast-schema-graph\">{\"@context\":\"https:\\\/\\\/schema.org\",\"@graph\":[{\"@type\":\"WebPage\",\"@id\":\"https:\\\/\\\/repatransportbanden.nl\\\/fr\\\/services\\\/\",\"url\":\"https:\\\/\\\/repatransportbanden.nl\\\/fr\\\/services\\\/\",\"name\":\"Services - repatransportbanden.nl\",\"isPartOf\":{\"@id\":\"https:\\\/\\\/repatransportbanden.tempurl.host\\\/#website\"},\"datePublished\":\"2021-12-16T08:09:05+00:00\",\"dateModified\":\"2022-01-27T23:09:31+00:00\",\"breadcrumb\":{\"@id\":\"https:\\\/\\\/repatransportbanden.nl\\\/fr\\\/services\\\/#breadcrumb\"},\"inLanguage\":\"fr-FR\",\"potentialAction\":[{\"@type\":\"ReadAction\",\"target\":[\"https:\\\/\\\/repatransportbanden.nl\\\/fr\\\/services\\\/\"]}]},{\"@type\":\"BreadcrumbList\",\"@id\":\"https:\\\/\\\/repatransportbanden.nl\\\/fr\\\/services\\\/#breadcrumb\",\"itemListElement\":[{\"@type\":\"ListItem\",\"position\":1,\"name\":\"d\u2019accueil\",\"item\":\"https:\\\/\\\/repatransportbanden.nl\\\/fr\\\/\"},{\"@type\":\"ListItem\",\"position\":2,\"name\":\"Services\"}]},{\"@type\":\"WebSite\",\"@id\":\"https:\\\/\\\/repatransportbanden.tempurl.host\\\/#website\",\"url\":\"https:\\\/\\\/repatransportbanden.tempurl.host\\\/\",\"name\":\"repatransportbanden.nl\",\"description\":\"\",\"potentialAction\":[{\"@type\":\"SearchAction\",\"target\":{\"@type\":\"EntryPoint\",\"urlTemplate\":\"https:\\\/\\\/repatransportbanden.tempurl.host\\\/?s={search_term_string}\"},\"query-input\":{\"@type\":\"PropertyValueSpecification\",\"valueRequired\":true,\"valueName\":\"search_term_string\"}}],\"inLanguage\":\"fr-FR\"}]}<\/script>\n<!-- \/ Yoast SEO plugin. -->","yoast_head_json":{"title":"Services - repatransportbanden.nl","robots":{"index":"index","follow":"follow","max-snippet":"max-snippet:-1","max-image-preview":"max-image-preview:large","max-video-preview":"max-video-preview:-1"},"canonical":"https:\/\/repatransportbanden.nl\/fr\/services\/","og_locale":"fr_FR","og_type":"article","og_title":"Services - repatransportbanden.nl","og_description":"Montage sur place \/ service 24 sur 24 REPA est une entreprise connue. Elle doit sa croissance \u00e0 sa capacit\u00e9 de montage sur site ainsi qu\u2019\u00e0 sa disponibilit\u00e9 de service ininterrompue (24 heures sur 24). Pour une entreprise de fabrication accordant autant d\u2019importance \u00e0 la prestation de service, cela est essentiel. En combinaison, bien s\u00fbr,&hellip; Continue reading Services","og_url":"https:\/\/repatransportbanden.nl\/fr\/services\/","og_site_name":"repatransportbanden.nl","article_modified_time":"2022-01-27T23:09:31+00:00","twitter_card":"summary_large_image","twitter_misc":{"Dur\u00e9e de lecture estim\u00e9e":"2 minutes"},"schema":{"@context":"https:\/\/schema.org","@graph":[{"@type":"WebPage","@id":"https:\/\/repatransportbanden.nl\/fr\/services\/","url":"https:\/\/repatransportbanden.nl\/fr\/services\/","name":"Services - repatransportbanden.nl","isPartOf":{"@id":"https:\/\/repatransportbanden.tempurl.host\/#website"},"datePublished":"2021-12-16T08:09:05+00:00","dateModified":"2022-01-27T23:09:31+00:00","breadcrumb":{"@id":"https:\/\/repatransportbanden.nl\/fr\/services\/#breadcrumb"},"inLanguage":"fr-FR","potentialAction":[{"@type":"ReadAction","target":["https:\/\/repatransportbanden.nl\/fr\/services\/"]}]},{"@type":"BreadcrumbList","@id":"https:\/\/repatransportbanden.nl\/fr\/services\/#breadcrumb","itemListElement":[{"@type":"ListItem","position":1,"name":"d\u2019accueil","item":"https:\/\/repatransportbanden.nl\/fr\/"},{"@type":"ListItem","position":2,"name":"Services"}]},{"@type":"WebSite","@id":"https:\/\/repatransportbanden.tempurl.host\/#website","url":"https:\/\/repatransportbanden.tempurl.host\/","name":"repatransportbanden.nl","description":"","potentialAction":[{"@type":"SearchAction","target":{"@type":"EntryPoint","urlTemplate":"https:\/\/repatransportbanden.tempurl.host\/?s={search_term_string}"},"query-input":{"@type":"PropertyValueSpecification","valueRequired":true,"valueName":"search_term_string"}}],"inLanguage":"fr-FR"}]}},"_links":{"self":[{"href":"https:\/\/repatransportbanden.nl\/fr\/wp-json\/wp\/v2\/pages\/1685","targetHints":{"allow":["GET"]}}],"collection":[{"href":"https:\/\/repatransportbanden.nl\/fr\/wp-json\/wp\/v2\/pages"}],"about":[{"href":"https:\/\/repatransportbanden.nl\/fr\/wp-json\/wp\/v2\/types\/page"}],"author":[{"embeddable":true,"href":"https:\/\/repatransportbanden.nl\/fr\/wp-json\/wp\/v2\/users\/2"}],"replies":[{"embeddable":true,"href":"https:\/\/repatransportbanden.nl\/fr\/wp-json\/wp\/v2\/comments?post=1685"}],"version-history":[{"count":5,"href":"https:\/\/repatransportbanden.nl\/fr\/wp-json\/wp\/v2\/pages\/1685\/revisions"}],"predecessor-version":[{"id":4931,"href":"https:\/\/repatransportbanden.nl\/fr\/wp-json\/wp\/v2\/pages\/1685\/revisions\/4931"}],"wp:attachment":[{"href":"https:\/\/repatransportbanden.nl\/fr\/wp-json\/wp\/v2\/media?parent=1685"}],"curies":[{"name":"wp","href":"https:\/\/api.w.org\/{rel}","templated":true}]}}