{"id":1679,"date":"2021-12-16T09:07:33","date_gmt":"2021-12-16T08:07:33","guid":{"rendered":"https:\/\/repatransportbanden.nl\/rubber\/zoutbanden\/"},"modified":"2021-12-29T07:07:41","modified_gmt":"2021-12-29T06:07:41","slug":"zoutbanden","status":"publish","type":"page","link":"https:\/\/repatransportbanden.nl\/fr\/rubber\/zoutbanden\/","title":{"rendered":"Bandes \u00e0 saleuse"},"content":{"rendered":"\n<p>Les bandes transporteuses sont extr\u00eamement efficaces dans les machines d&rsquo;\u00e9pandage de sel. Gr\u00e2ce \u00e0 la bande pr\u00e9sente dans la machine, le sel est r\u00e9parti de mani\u00e8re homog\u00e8ne sur l&rsquo;ensemble du disque d&rsquo;\u00e9pandage. De plus, une bande transporteuse mont\u00e9e dans une machine \u00e0 \u00e9pandre, permet non seulement l\u2019\u00e9pandage du sel, mais aussi du sable ou des gravillons, par exemple.<\/p>\n\n\n\n<p>Les bandes transporteuses utilis\u00e9es dans les \u00e9pandeurs de sel sont \u00e9galement appel\u00e9es \u2018bandes \u00e0 saleuses\u2019. Elles sont sp\u00e9cialement con\u00e7ues pour fonctionner sur de tr\u00e8s petits tambours et doivent \u00eatre capables d&rsquo;atteindre des vitesses \u00e9lev\u00e9es.<\/p>\n\n\n\n<p>Les bandes \u00e0 saleuses ont un profil aplati et peuvent supporter une traction intense, ce qui rend leur guidage ais\u00e9. Il va sans dire que les bandes \u00e0 saleuse sont extr\u00eamement r\u00e9sistantes au sel et aux intemp\u00e9ries.<\/p>\n","protected":false},"excerpt":{"rendered":"<p>Les bandes transporteuses sont extr\u00eamement efficaces dans les machines d&rsquo;\u00e9pandage de sel. Gr\u00e2ce \u00e0 la bande pr\u00e9sente dans la machine, le sel est r\u00e9parti de mani\u00e8re homog\u00e8ne sur l&rsquo;ensemble du disque d&rsquo;\u00e9pandage. De plus, une bande transporteuse mont\u00e9e dans une machine \u00e0 \u00e9pandre, permet non seulement l\u2019\u00e9pandage du sel, mais aussi du sable ou des&hellip; <a class=\"more-link\" href=\"https:\/\/repatransportbanden.nl\/fr\/rubber\/zoutbanden\/\">Continue reading <span class=\"screen-reader-text\">Bandes \u00e0 saleuse<\/span><\/a><\/p>\n","protected":false},"author":2,"featured_media":1248,"parent":1594,"menu_order":0,"comment_status":"closed","ping_status":"closed","template":"templates\/template-service.php","meta":{"_acf_changed":false,"footnotes":""},"class_list":["post-1679","page","type-page","status-publish","has-post-thumbnail","hentry","entry"],"acf":[],"yoast_head":"<!-- This site is optimized with the Yoast SEO plugin v27.3 - https:\/\/yoast.com\/product\/yoast-seo-wordpress\/ -->\n<title>Bandes \u00e0 saleuse - repatransportbanden.nl<\/title>\n<meta name=\"robots\" content=\"index, follow, max-snippet:-1, max-image-preview:large, max-video-preview:-1\" \/>\n<link rel=\"canonical\" href=\"https:\/\/repatransportbanden.nl\/fr\/rubber\/zoutbanden\/\" \/>\n<meta property=\"og:locale\" content=\"fr_FR\" \/>\n<meta property=\"og:type\" content=\"article\" \/>\n<meta property=\"og:title\" content=\"Bandes \u00e0 saleuse - repatransportbanden.nl\" \/>\n<meta property=\"og:description\" content=\"Les bandes transporteuses sont extr\u00eamement efficaces dans les machines d&rsquo;\u00e9pandage de sel. Gr\u00e2ce \u00e0 la bande pr\u00e9sente dans la machine, le sel est r\u00e9parti de mani\u00e8re homog\u00e8ne sur l&rsquo;ensemble du disque d&rsquo;\u00e9pandage. De plus, une bande transporteuse mont\u00e9e dans une machine \u00e0 \u00e9pandre, permet non seulement l\u2019\u00e9pandage du sel, mais aussi du sable ou des&hellip; Continue reading Bandes \u00e0 saleuse\" \/>\n<meta property=\"og:url\" content=\"https:\/\/repatransportbanden.nl\/fr\/rubber\/zoutbanden\/\" \/>\n<meta property=\"og:site_name\" content=\"repatransportbanden.nl\" \/>\n<meta property=\"article:modified_time\" content=\"2021-12-29T06:07:41+00:00\" \/>\n<meta property=\"og:image\" content=\"https:\/\/repatransportbanden.tempurl.host\/wp-content\/uploads\/2021\/12\/Zoutbanden.jpg\" \/>\n\t<meta property=\"og:image:width\" content=\"331\" \/>\n\t<meta property=\"og:image:height\" content=\"331\" \/>\n\t<meta property=\"og:image:type\" content=\"image\/jpeg\" \/>\n<meta name=\"twitter:card\" content=\"summary_large_image\" \/>\n<meta name=\"twitter:label1\" content=\"Dur\u00e9e de lecture estim\u00e9e\" \/>\n\t<meta name=\"twitter:data1\" content=\"1 minute\" \/>\n<script type=\"application\/ld+json\" class=\"yoast-schema-graph\">{\"@context\":\"https:\\\/\\\/schema.org\",\"@graph\":[{\"@type\":\"WebPage\",\"@id\":\"https:\\\/\\\/repatransportbanden.nl\\\/fr\\\/rubber\\\/zoutbanden\\\/\",\"url\":\"https:\\\/\\\/repatransportbanden.nl\\\/fr\\\/rubber\\\/zoutbanden\\\/\",\"name\":\"Bandes \u00e0 saleuse - repatransportbanden.nl\",\"isPartOf\":{\"@id\":\"https:\\\/\\\/repatransportbanden.tempurl.host\\\/#website\"},\"primaryImageOfPage\":{\"@id\":\"https:\\\/\\\/repatransportbanden.nl\\\/fr\\\/rubber\\\/zoutbanden\\\/#primaryimage\"},\"image\":{\"@id\":\"https:\\\/\\\/repatransportbanden.nl\\\/fr\\\/rubber\\\/zoutbanden\\\/#primaryimage\"},\"thumbnailUrl\":\"https:\\\/\\\/repatransportbanden.nl\\\/wp-content\\\/uploads\\\/2021\\\/12\\\/Zoutbanden.jpg\",\"datePublished\":\"2021-12-16T08:07:33+00:00\",\"dateModified\":\"2021-12-29T06:07:41+00:00\",\"breadcrumb\":{\"@id\":\"https:\\\/\\\/repatransportbanden.nl\\\/fr\\\/rubber\\\/zoutbanden\\\/#breadcrumb\"},\"inLanguage\":\"fr-FR\",\"potentialAction\":[{\"@type\":\"ReadAction\",\"target\":[\"https:\\\/\\\/repatransportbanden.nl\\\/fr\\\/rubber\\\/zoutbanden\\\/\"]}]},{\"@type\":\"ImageObject\",\"inLanguage\":\"fr-FR\",\"@id\":\"https:\\\/\\\/repatransportbanden.nl\\\/fr\\\/rubber\\\/zoutbanden\\\/#primaryimage\",\"url\":\"https:\\\/\\\/repatransportbanden.nl\\\/wp-content\\\/uploads\\\/2021\\\/12\\\/Zoutbanden.jpg\",\"contentUrl\":\"https:\\\/\\\/repatransportbanden.nl\\\/wp-content\\\/uploads\\\/2021\\\/12\\\/Zoutbanden.jpg\",\"width\":331,\"height\":331},{\"@type\":\"BreadcrumbList\",\"@id\":\"https:\\\/\\\/repatransportbanden.nl\\\/fr\\\/rubber\\\/zoutbanden\\\/#breadcrumb\",\"itemListElement\":[{\"@type\":\"ListItem\",\"position\":1,\"name\":\"d\u2019accueil\",\"item\":\"https:\\\/\\\/repatransportbanden.nl\\\/fr\\\/\"},{\"@type\":\"ListItem\",\"position\":2,\"name\":\"Caoutchouc\",\"item\":\"https:\\\/\\\/repatransportbanden.tempurl.host\\\/fr\\\/rubber\\\/\"},{\"@type\":\"ListItem\",\"position\":3,\"name\":\"Bandes \u00e0 saleuse\"}]},{\"@type\":\"WebSite\",\"@id\":\"https:\\\/\\\/repatransportbanden.tempurl.host\\\/#website\",\"url\":\"https:\\\/\\\/repatransportbanden.tempurl.host\\\/\",\"name\":\"repatransportbanden.nl\",\"description\":\"\",\"potentialAction\":[{\"@type\":\"SearchAction\",\"target\":{\"@type\":\"EntryPoint\",\"urlTemplate\":\"https:\\\/\\\/repatransportbanden.tempurl.host\\\/?s={search_term_string}\"},\"query-input\":{\"@type\":\"PropertyValueSpecification\",\"valueRequired\":true,\"valueName\":\"search_term_string\"}}],\"inLanguage\":\"fr-FR\"}]}<\/script>\n<!-- \/ Yoast SEO plugin. -->","yoast_head_json":{"title":"Bandes \u00e0 saleuse - repatransportbanden.nl","robots":{"index":"index","follow":"follow","max-snippet":"max-snippet:-1","max-image-preview":"max-image-preview:large","max-video-preview":"max-video-preview:-1"},"canonical":"https:\/\/repatransportbanden.nl\/fr\/rubber\/zoutbanden\/","og_locale":"fr_FR","og_type":"article","og_title":"Bandes \u00e0 saleuse - repatransportbanden.nl","og_description":"Les bandes transporteuses sont extr\u00eamement efficaces dans les machines d&rsquo;\u00e9pandage de sel. Gr\u00e2ce \u00e0 la bande pr\u00e9sente dans la machine, le sel est r\u00e9parti de mani\u00e8re homog\u00e8ne sur l&rsquo;ensemble du disque d&rsquo;\u00e9pandage. De plus, une bande transporteuse mont\u00e9e dans une machine \u00e0 \u00e9pandre, permet non seulement l\u2019\u00e9pandage du sel, mais aussi du sable ou des&hellip; Continue reading Bandes \u00e0 saleuse","og_url":"https:\/\/repatransportbanden.nl\/fr\/rubber\/zoutbanden\/","og_site_name":"repatransportbanden.nl","article_modified_time":"2021-12-29T06:07:41+00:00","og_image":[{"width":331,"height":331,"url":"https:\/\/repatransportbanden.tempurl.host\/wp-content\/uploads\/2021\/12\/Zoutbanden.jpg","type":"image\/jpeg"}],"twitter_card":"summary_large_image","twitter_misc":{"Dur\u00e9e de lecture estim\u00e9e":"1 minute"},"schema":{"@context":"https:\/\/schema.org","@graph":[{"@type":"WebPage","@id":"https:\/\/repatransportbanden.nl\/fr\/rubber\/zoutbanden\/","url":"https:\/\/repatransportbanden.nl\/fr\/rubber\/zoutbanden\/","name":"Bandes \u00e0 saleuse - repatransportbanden.nl","isPartOf":{"@id":"https:\/\/repatransportbanden.tempurl.host\/#website"},"primaryImageOfPage":{"@id":"https:\/\/repatransportbanden.nl\/fr\/rubber\/zoutbanden\/#primaryimage"},"image":{"@id":"https:\/\/repatransportbanden.nl\/fr\/rubber\/zoutbanden\/#primaryimage"},"thumbnailUrl":"https:\/\/repatransportbanden.nl\/wp-content\/uploads\/2021\/12\/Zoutbanden.jpg","datePublished":"2021-12-16T08:07:33+00:00","dateModified":"2021-12-29T06:07:41+00:00","breadcrumb":{"@id":"https:\/\/repatransportbanden.nl\/fr\/rubber\/zoutbanden\/#breadcrumb"},"inLanguage":"fr-FR","potentialAction":[{"@type":"ReadAction","target":["https:\/\/repatransportbanden.nl\/fr\/rubber\/zoutbanden\/"]}]},{"@type":"ImageObject","inLanguage":"fr-FR","@id":"https:\/\/repatransportbanden.nl\/fr\/rubber\/zoutbanden\/#primaryimage","url":"https:\/\/repatransportbanden.nl\/wp-content\/uploads\/2021\/12\/Zoutbanden.jpg","contentUrl":"https:\/\/repatransportbanden.nl\/wp-content\/uploads\/2021\/12\/Zoutbanden.jpg","width":331,"height":331},{"@type":"BreadcrumbList","@id":"https:\/\/repatransportbanden.nl\/fr\/rubber\/zoutbanden\/#breadcrumb","itemListElement":[{"@type":"ListItem","position":1,"name":"d\u2019accueil","item":"https:\/\/repatransportbanden.nl\/fr\/"},{"@type":"ListItem","position":2,"name":"Caoutchouc","item":"https:\/\/repatransportbanden.tempurl.host\/fr\/rubber\/"},{"@type":"ListItem","position":3,"name":"Bandes \u00e0 saleuse"}]},{"@type":"WebSite","@id":"https:\/\/repatransportbanden.tempurl.host\/#website","url":"https:\/\/repatransportbanden.tempurl.host\/","name":"repatransportbanden.nl","description":"","potentialAction":[{"@type":"SearchAction","target":{"@type":"EntryPoint","urlTemplate":"https:\/\/repatransportbanden.tempurl.host\/?s={search_term_string}"},"query-input":{"@type":"PropertyValueSpecification","valueRequired":true,"valueName":"search_term_string"}}],"inLanguage":"fr-FR"}]}},"_links":{"self":[{"href":"https:\/\/repatransportbanden.nl\/fr\/wp-json\/wp\/v2\/pages\/1679","targetHints":{"allow":["GET"]}}],"collection":[{"href":"https:\/\/repatransportbanden.nl\/fr\/wp-json\/wp\/v2\/pages"}],"about":[{"href":"https:\/\/repatransportbanden.nl\/fr\/wp-json\/wp\/v2\/types\/page"}],"author":[{"embeddable":true,"href":"https:\/\/repatransportbanden.nl\/fr\/wp-json\/wp\/v2\/users\/2"}],"replies":[{"embeddable":true,"href":"https:\/\/repatransportbanden.nl\/fr\/wp-json\/wp\/v2\/comments?post=1679"}],"version-history":[{"count":4,"href":"https:\/\/repatransportbanden.nl\/fr\/wp-json\/wp\/v2\/pages\/1679\/revisions"}],"predecessor-version":[{"id":3153,"href":"https:\/\/repatransportbanden.nl\/fr\/wp-json\/wp\/v2\/pages\/1679\/revisions\/3153"}],"up":[{"embeddable":true,"href":"https:\/\/repatransportbanden.nl\/fr\/wp-json\/wp\/v2\/pages\/1594"}],"wp:featuredmedia":[{"embeddable":true,"href":"https:\/\/repatransportbanden.nl\/fr\/wp-json\/wp\/v2\/media\/1248"}],"wp:attachment":[{"href":"https:\/\/repatransportbanden.nl\/fr\/wp-json\/wp\/v2\/media?parent=1679"}],"curies":[{"name":"wp","href":"https:\/\/api.w.org\/{rel}","templated":true}]}}