{"id":1667,"date":"2021-12-16T09:05:06","date_gmt":"2021-12-16T08:05:06","guid":{"rendered":"https:\/\/repatransportbanden.nl\/rubber\/vlamdovende-banden\/"},"modified":"2021-12-29T06:55:33","modified_gmt":"2021-12-29T05:55:33","slug":"vlamdovende-banden","status":"publish","type":"page","link":"https:\/\/repatransportbanden.nl\/fr\/rubber\/vlamdovende-banden\/","title":{"rendered":"Bandes transporteuses autoextinguibles"},"content":{"rendered":"\n<p>Une temp\u00e9rature (extr\u00eamement) \u00e9lev\u00e9e peut miner l&rsquo;int\u00e9grit\u00e9 d&rsquo;une bande transporteuse, et, m\u00eame, l\u2019amener \u00e0 se rompre. Encore plus grave : lorsqu&rsquo;un incendie se d\u00e9clare sur ou \u00e0 proximit\u00e9 d&rsquo;une bande transporteuse. Dans les industries o\u00f9 ce risque est sup\u00e9rieur \u00e0 la moyenne, les bandes transporteuses \u00e0 retardement de flammes sont absolument indispensables. &nbsp;<\/p>\n\n\n\n<p>Les bandes transporteuses retardatrices de flammes peuvent activement \u00e9teindre ou au moins contenir les flammes. Il s&rsquo;agit l\u00e0 d&rsquo;une qualit\u00e9 tr\u00e8s pr\u00e9cieuse, car le feu peut rapidement se propager \u00e0 d&rsquo;autres parties d&rsquo;une installation, d&rsquo;une usine ou d&rsquo;un site, provoquant de nombreux d\u00e9g\u00e2ts et m\u00eame des explosions. &nbsp;<\/p>\n\n\n\n<p>Avec une bande transporteuse autoextinguible Repa, vous r\u00e9duirez consid\u00e9rablement les risques de ce type.<\/p>\n","protected":false},"excerpt":{"rendered":"<p>Une temp\u00e9rature (extr\u00eamement) \u00e9lev\u00e9e peut miner l&rsquo;int\u00e9grit\u00e9 d&rsquo;une bande transporteuse, et, m\u00eame, l\u2019amener \u00e0 se rompre. Encore plus grave : lorsqu&rsquo;un incendie se d\u00e9clare sur ou \u00e0 proximit\u00e9 d&rsquo;une bande transporteuse. Dans les industries o\u00f9 ce risque est sup\u00e9rieur \u00e0 la moyenne, les bandes transporteuses \u00e0 retardement de flammes sont absolument indispensables. &nbsp; Les bandes&hellip; <a class=\"more-link\" href=\"https:\/\/repatransportbanden.nl\/fr\/rubber\/vlamdovende-banden\/\">Continue reading <span class=\"screen-reader-text\">Bandes transporteuses autoextinguibles<\/span><\/a><\/p>\n","protected":false},"author":2,"featured_media":1221,"parent":1594,"menu_order":0,"comment_status":"closed","ping_status":"closed","template":"templates\/template-service.php","meta":{"_acf_changed":false,"footnotes":""},"class_list":["post-1667","page","type-page","status-publish","has-post-thumbnail","hentry","entry"],"acf":[],"yoast_head":"<!-- This site is optimized with the Yoast SEO plugin v27.4 - https:\/\/yoast.com\/product\/yoast-seo-wordpress\/ -->\n<title>Bandes transporteuses autoextinguibles - repatransportbanden.nl<\/title>\n<meta name=\"robots\" content=\"index, follow, max-snippet:-1, max-image-preview:large, max-video-preview:-1\" \/>\n<link rel=\"canonical\" href=\"https:\/\/repatransportbanden.nl\/fr\/rubber\/vlamdovende-banden\/\" \/>\n<meta property=\"og:locale\" content=\"fr_FR\" \/>\n<meta property=\"og:type\" content=\"article\" \/>\n<meta property=\"og:title\" content=\"Bandes transporteuses autoextinguibles - repatransportbanden.nl\" \/>\n<meta property=\"og:description\" content=\"Une temp\u00e9rature (extr\u00eamement) \u00e9lev\u00e9e peut miner l&rsquo;int\u00e9grit\u00e9 d&rsquo;une bande transporteuse, et, m\u00eame, l\u2019amener \u00e0 se rompre. Encore plus grave : lorsqu&rsquo;un incendie se d\u00e9clare sur ou \u00e0 proximit\u00e9 d&rsquo;une bande transporteuse. Dans les industries o\u00f9 ce risque est sup\u00e9rieur \u00e0 la moyenne, les bandes transporteuses \u00e0 retardement de flammes sont absolument indispensables. &nbsp; Les bandes&hellip; Continue reading Bandes transporteuses autoextinguibles\" \/>\n<meta property=\"og:url\" content=\"https:\/\/repatransportbanden.nl\/fr\/rubber\/vlamdovende-banden\/\" \/>\n<meta property=\"og:site_name\" content=\"repatransportbanden.nl\" \/>\n<meta property=\"article:modified_time\" content=\"2021-12-29T05:55:33+00:00\" \/>\n<meta property=\"og:image\" content=\"https:\/\/repatransportbanden.tempurl.host\/wp-content\/uploads\/2021\/12\/Vlamdovende-banden.jpg\" \/>\n\t<meta property=\"og:image:width\" content=\"331\" \/>\n\t<meta property=\"og:image:height\" content=\"331\" \/>\n\t<meta property=\"og:image:type\" content=\"image\/jpeg\" \/>\n<meta name=\"twitter:card\" content=\"summary_large_image\" \/>\n<meta name=\"twitter:label1\" content=\"Dur\u00e9e de lecture estim\u00e9e\" \/>\n\t<meta name=\"twitter:data1\" content=\"1 minute\" \/>\n<script type=\"application\/ld+json\" class=\"yoast-schema-graph\">{\"@context\":\"https:\\\/\\\/schema.org\",\"@graph\":[{\"@type\":\"WebPage\",\"@id\":\"https:\\\/\\\/repatransportbanden.nl\\\/fr\\\/rubber\\\/vlamdovende-banden\\\/\",\"url\":\"https:\\\/\\\/repatransportbanden.nl\\\/fr\\\/rubber\\\/vlamdovende-banden\\\/\",\"name\":\"Bandes transporteuses autoextinguibles - repatransportbanden.nl\",\"isPartOf\":{\"@id\":\"https:\\\/\\\/repatransportbanden.tempurl.host\\\/#website\"},\"primaryImageOfPage\":{\"@id\":\"https:\\\/\\\/repatransportbanden.nl\\\/fr\\\/rubber\\\/vlamdovende-banden\\\/#primaryimage\"},\"image\":{\"@id\":\"https:\\\/\\\/repatransportbanden.nl\\\/fr\\\/rubber\\\/vlamdovende-banden\\\/#primaryimage\"},\"thumbnailUrl\":\"https:\\\/\\\/repatransportbanden.nl\\\/wp-content\\\/uploads\\\/2021\\\/12\\\/Vlamdovende-banden.jpg\",\"datePublished\":\"2021-12-16T08:05:06+00:00\",\"dateModified\":\"2021-12-29T05:55:33+00:00\",\"breadcrumb\":{\"@id\":\"https:\\\/\\\/repatransportbanden.nl\\\/fr\\\/rubber\\\/vlamdovende-banden\\\/#breadcrumb\"},\"inLanguage\":\"fr-FR\",\"potentialAction\":[{\"@type\":\"ReadAction\",\"target\":[\"https:\\\/\\\/repatransportbanden.nl\\\/fr\\\/rubber\\\/vlamdovende-banden\\\/\"]}]},{\"@type\":\"ImageObject\",\"inLanguage\":\"fr-FR\",\"@id\":\"https:\\\/\\\/repatransportbanden.nl\\\/fr\\\/rubber\\\/vlamdovende-banden\\\/#primaryimage\",\"url\":\"https:\\\/\\\/repatransportbanden.nl\\\/wp-content\\\/uploads\\\/2021\\\/12\\\/Vlamdovende-banden.jpg\",\"contentUrl\":\"https:\\\/\\\/repatransportbanden.nl\\\/wp-content\\\/uploads\\\/2021\\\/12\\\/Vlamdovende-banden.jpg\",\"width\":331,\"height\":331},{\"@type\":\"BreadcrumbList\",\"@id\":\"https:\\\/\\\/repatransportbanden.nl\\\/fr\\\/rubber\\\/vlamdovende-banden\\\/#breadcrumb\",\"itemListElement\":[{\"@type\":\"ListItem\",\"position\":1,\"name\":\"d\u2019accueil\",\"item\":\"https:\\\/\\\/repatransportbanden.nl\\\/fr\\\/\"},{\"@type\":\"ListItem\",\"position\":2,\"name\":\"Caoutchouc\",\"item\":\"https:\\\/\\\/repatransportbanden.tempurl.host\\\/fr\\\/rubber\\\/\"},{\"@type\":\"ListItem\",\"position\":3,\"name\":\"Bandes transporteuses autoextinguibles\"}]},{\"@type\":\"WebSite\",\"@id\":\"https:\\\/\\\/repatransportbanden.tempurl.host\\\/#website\",\"url\":\"https:\\\/\\\/repatransportbanden.tempurl.host\\\/\",\"name\":\"repatransportbanden.nl\",\"description\":\"\",\"potentialAction\":[{\"@type\":\"SearchAction\",\"target\":{\"@type\":\"EntryPoint\",\"urlTemplate\":\"https:\\\/\\\/repatransportbanden.tempurl.host\\\/?s={search_term_string}\"},\"query-input\":{\"@type\":\"PropertyValueSpecification\",\"valueRequired\":true,\"valueName\":\"search_term_string\"}}],\"inLanguage\":\"fr-FR\"}]}<\/script>\n<!-- \/ Yoast SEO plugin. -->","yoast_head_json":{"title":"Bandes transporteuses autoextinguibles - repatransportbanden.nl","robots":{"index":"index","follow":"follow","max-snippet":"max-snippet:-1","max-image-preview":"max-image-preview:large","max-video-preview":"max-video-preview:-1"},"canonical":"https:\/\/repatransportbanden.nl\/fr\/rubber\/vlamdovende-banden\/","og_locale":"fr_FR","og_type":"article","og_title":"Bandes transporteuses autoextinguibles - repatransportbanden.nl","og_description":"Une temp\u00e9rature (extr\u00eamement) \u00e9lev\u00e9e peut miner l&rsquo;int\u00e9grit\u00e9 d&rsquo;une bande transporteuse, et, m\u00eame, l\u2019amener \u00e0 se rompre. Encore plus grave : lorsqu&rsquo;un incendie se d\u00e9clare sur ou \u00e0 proximit\u00e9 d&rsquo;une bande transporteuse. Dans les industries o\u00f9 ce risque est sup\u00e9rieur \u00e0 la moyenne, les bandes transporteuses \u00e0 retardement de flammes sont absolument indispensables. &nbsp; Les bandes&hellip; Continue reading Bandes transporteuses autoextinguibles","og_url":"https:\/\/repatransportbanden.nl\/fr\/rubber\/vlamdovende-banden\/","og_site_name":"repatransportbanden.nl","article_modified_time":"2021-12-29T05:55:33+00:00","og_image":[{"width":331,"height":331,"url":"https:\/\/repatransportbanden.tempurl.host\/wp-content\/uploads\/2021\/12\/Vlamdovende-banden.jpg","type":"image\/jpeg"}],"twitter_card":"summary_large_image","twitter_misc":{"Dur\u00e9e de lecture estim\u00e9e":"1 minute"},"schema":{"@context":"https:\/\/schema.org","@graph":[{"@type":"WebPage","@id":"https:\/\/repatransportbanden.nl\/fr\/rubber\/vlamdovende-banden\/","url":"https:\/\/repatransportbanden.nl\/fr\/rubber\/vlamdovende-banden\/","name":"Bandes transporteuses autoextinguibles - repatransportbanden.nl","isPartOf":{"@id":"https:\/\/repatransportbanden.tempurl.host\/#website"},"primaryImageOfPage":{"@id":"https:\/\/repatransportbanden.nl\/fr\/rubber\/vlamdovende-banden\/#primaryimage"},"image":{"@id":"https:\/\/repatransportbanden.nl\/fr\/rubber\/vlamdovende-banden\/#primaryimage"},"thumbnailUrl":"https:\/\/repatransportbanden.nl\/wp-content\/uploads\/2021\/12\/Vlamdovende-banden.jpg","datePublished":"2021-12-16T08:05:06+00:00","dateModified":"2021-12-29T05:55:33+00:00","breadcrumb":{"@id":"https:\/\/repatransportbanden.nl\/fr\/rubber\/vlamdovende-banden\/#breadcrumb"},"inLanguage":"fr-FR","potentialAction":[{"@type":"ReadAction","target":["https:\/\/repatransportbanden.nl\/fr\/rubber\/vlamdovende-banden\/"]}]},{"@type":"ImageObject","inLanguage":"fr-FR","@id":"https:\/\/repatransportbanden.nl\/fr\/rubber\/vlamdovende-banden\/#primaryimage","url":"https:\/\/repatransportbanden.nl\/wp-content\/uploads\/2021\/12\/Vlamdovende-banden.jpg","contentUrl":"https:\/\/repatransportbanden.nl\/wp-content\/uploads\/2021\/12\/Vlamdovende-banden.jpg","width":331,"height":331},{"@type":"BreadcrumbList","@id":"https:\/\/repatransportbanden.nl\/fr\/rubber\/vlamdovende-banden\/#breadcrumb","itemListElement":[{"@type":"ListItem","position":1,"name":"d\u2019accueil","item":"https:\/\/repatransportbanden.nl\/fr\/"},{"@type":"ListItem","position":2,"name":"Caoutchouc","item":"https:\/\/repatransportbanden.tempurl.host\/fr\/rubber\/"},{"@type":"ListItem","position":3,"name":"Bandes transporteuses autoextinguibles"}]},{"@type":"WebSite","@id":"https:\/\/repatransportbanden.tempurl.host\/#website","url":"https:\/\/repatransportbanden.tempurl.host\/","name":"repatransportbanden.nl","description":"","potentialAction":[{"@type":"SearchAction","target":{"@type":"EntryPoint","urlTemplate":"https:\/\/repatransportbanden.tempurl.host\/?s={search_term_string}"},"query-input":{"@type":"PropertyValueSpecification","valueRequired":true,"valueName":"search_term_string"}}],"inLanguage":"fr-FR"}]}},"_links":{"self":[{"href":"https:\/\/repatransportbanden.nl\/fr\/wp-json\/wp\/v2\/pages\/1667","targetHints":{"allow":["GET"]}}],"collection":[{"href":"https:\/\/repatransportbanden.nl\/fr\/wp-json\/wp\/v2\/pages"}],"about":[{"href":"https:\/\/repatransportbanden.nl\/fr\/wp-json\/wp\/v2\/types\/page"}],"author":[{"embeddable":true,"href":"https:\/\/repatransportbanden.nl\/fr\/wp-json\/wp\/v2\/users\/2"}],"replies":[{"embeddable":true,"href":"https:\/\/repatransportbanden.nl\/fr\/wp-json\/wp\/v2\/comments?post=1667"}],"version-history":[{"count":3,"href":"https:\/\/repatransportbanden.nl\/fr\/wp-json\/wp\/v2\/pages\/1667\/revisions"}],"predecessor-version":[{"id":3146,"href":"https:\/\/repatransportbanden.nl\/fr\/wp-json\/wp\/v2\/pages\/1667\/revisions\/3146"}],"up":[{"embeddable":true,"href":"https:\/\/repatransportbanden.nl\/fr\/wp-json\/wp\/v2\/pages\/1594"}],"wp:featuredmedia":[{"embeddable":true,"href":"https:\/\/repatransportbanden.nl\/fr\/wp-json\/wp\/v2\/media\/1221"}],"wp:attachment":[{"href":"https:\/\/repatransportbanden.nl\/fr\/wp-json\/wp\/v2\/media?parent=1667"}],"curies":[{"name":"wp","href":"https:\/\/api.w.org\/{rel}","templated":true}]}}