{"id":1661,"date":"2021-12-16T09:03:51","date_gmt":"2021-12-16T08:03:51","guid":{"rendered":"https:\/\/repatransportbanden.nl\/rubber\/vlakke-banden\/"},"modified":"2021-12-29T06:48:48","modified_gmt":"2021-12-29T05:48:48","slug":"vlakke-banden","status":"publish","type":"page","link":"https:\/\/repatransportbanden.nl\/fr\/rubber\/vlakke-banden\/","title":{"rendered":"Bandes transporteuses planes"},"content":{"rendered":"\n<p>Les bandes transporteuses sont au c\u0153ur de pratiquement tous les syst\u00e8mes de transport dans toutes sortes de branches. Qu&rsquo;il s&rsquo;agisse de recyclage, de traitement des mati\u00e8res premi\u00e8res ou de transport de bois, d&rsquo;acier ou de produits chimiques, les bandes transporteuses assurent le d\u00e9placement essentiel des substances et des marchandises au sein de l&rsquo;entreprise.<\/p>\n\n\n\n<p>Les bandes transporteuses planes en caoutchouc sont disponibles dans de nombreux types et dimensions. En cas d\u2019exigences sp\u00e9cifiques, elles peuvent \u00eatre fournies avec diverses am\u00e9nagements et propri\u00e9t\u00e9s. II existe, bien s\u00fbr, des bandes planes standard, mais force est de constater une demande accrue pour les bandes \u00e0 stabilit\u00e9 crois\u00e9e, les bandes glissantes et les bandes ripstop, \u00e9quip\u00e9es de c\u00e2bles en acier servant \u00e0 pr\u00e9venir les d\u00e9chirures. &nbsp;<\/p>\n\n\n\n<p>Pratiquement, tous les types de bandes planes sont disponibles en versions sp\u00e9ciales, con\u00e7ues pour prot\u00e9ger la bande contre l&rsquo;huile et la graisse, ou, encore, la chaleur (extr\u00eame).<\/p>\n","protected":false},"excerpt":{"rendered":"<p>Les bandes transporteuses sont au c\u0153ur de pratiquement tous les syst\u00e8mes de transport dans toutes sortes de branches. Qu&rsquo;il s&rsquo;agisse de recyclage, de traitement des mati\u00e8res premi\u00e8res ou de transport de bois, d&rsquo;acier ou de produits chimiques, les bandes transporteuses assurent le d\u00e9placement essentiel des substances et des marchandises au sein de l&rsquo;entreprise. Les bandes&hellip; <a class=\"more-link\" href=\"https:\/\/repatransportbanden.nl\/fr\/rubber\/vlakke-banden\/\">Continue reading <span class=\"screen-reader-text\">Bandes transporteuses planes<\/span><\/a><\/p>\n","protected":false},"author":2,"featured_media":1206,"parent":1594,"menu_order":0,"comment_status":"closed","ping_status":"closed","template":"templates\/template-service.php","meta":{"_acf_changed":false,"footnotes":""},"class_list":["post-1661","page","type-page","status-publish","has-post-thumbnail","hentry","entry"],"acf":[],"yoast_head":"<!-- This site is optimized with the Yoast SEO plugin v27.4 - https:\/\/yoast.com\/product\/yoast-seo-wordpress\/ -->\n<title>Bandes transporteuses planes - repatransportbanden.nl<\/title>\n<meta name=\"robots\" content=\"index, follow, max-snippet:-1, max-image-preview:large, max-video-preview:-1\" \/>\n<link rel=\"canonical\" href=\"https:\/\/repatransportbanden.nl\/fr\/rubber\/vlakke-banden\/\" \/>\n<meta property=\"og:locale\" content=\"fr_FR\" \/>\n<meta property=\"og:type\" content=\"article\" \/>\n<meta property=\"og:title\" content=\"Bandes transporteuses planes - repatransportbanden.nl\" \/>\n<meta property=\"og:description\" content=\"Les bandes transporteuses sont au c\u0153ur de pratiquement tous les syst\u00e8mes de transport dans toutes sortes de branches. Qu&rsquo;il s&rsquo;agisse de recyclage, de traitement des mati\u00e8res premi\u00e8res ou de transport de bois, d&rsquo;acier ou de produits chimiques, les bandes transporteuses assurent le d\u00e9placement essentiel des substances et des marchandises au sein de l&rsquo;entreprise. Les bandes&hellip; Continue reading Bandes transporteuses planes\" \/>\n<meta property=\"og:url\" content=\"https:\/\/repatransportbanden.nl\/fr\/rubber\/vlakke-banden\/\" \/>\n<meta property=\"og:site_name\" content=\"repatransportbanden.nl\" \/>\n<meta property=\"article:modified_time\" content=\"2021-12-29T05:48:48+00:00\" \/>\n<meta property=\"og:image\" content=\"https:\/\/repatransportbanden.tempurl.host\/wp-content\/uploads\/2021\/12\/Vlakke-banden.jpg\" \/>\n\t<meta property=\"og:image:width\" content=\"331\" \/>\n\t<meta property=\"og:image:height\" content=\"331\" \/>\n\t<meta property=\"og:image:type\" content=\"image\/jpeg\" \/>\n<meta name=\"twitter:card\" content=\"summary_large_image\" \/>\n<meta name=\"twitter:label1\" content=\"Dur\u00e9e de lecture estim\u00e9e\" \/>\n\t<meta name=\"twitter:data1\" content=\"1 minute\" \/>\n<script type=\"application\/ld+json\" class=\"yoast-schema-graph\">{\"@context\":\"https:\\\/\\\/schema.org\",\"@graph\":[{\"@type\":\"WebPage\",\"@id\":\"https:\\\/\\\/repatransportbanden.nl\\\/fr\\\/rubber\\\/vlakke-banden\\\/\",\"url\":\"https:\\\/\\\/repatransportbanden.nl\\\/fr\\\/rubber\\\/vlakke-banden\\\/\",\"name\":\"Bandes transporteuses planes - repatransportbanden.nl\",\"isPartOf\":{\"@id\":\"https:\\\/\\\/repatransportbanden.tempurl.host\\\/#website\"},\"primaryImageOfPage\":{\"@id\":\"https:\\\/\\\/repatransportbanden.nl\\\/fr\\\/rubber\\\/vlakke-banden\\\/#primaryimage\"},\"image\":{\"@id\":\"https:\\\/\\\/repatransportbanden.nl\\\/fr\\\/rubber\\\/vlakke-banden\\\/#primaryimage\"},\"thumbnailUrl\":\"https:\\\/\\\/repatransportbanden.nl\\\/wp-content\\\/uploads\\\/2021\\\/12\\\/Vlakke-banden.jpg\",\"datePublished\":\"2021-12-16T08:03:51+00:00\",\"dateModified\":\"2021-12-29T05:48:48+00:00\",\"breadcrumb\":{\"@id\":\"https:\\\/\\\/repatransportbanden.nl\\\/fr\\\/rubber\\\/vlakke-banden\\\/#breadcrumb\"},\"inLanguage\":\"fr-FR\",\"potentialAction\":[{\"@type\":\"ReadAction\",\"target\":[\"https:\\\/\\\/repatransportbanden.nl\\\/fr\\\/rubber\\\/vlakke-banden\\\/\"]}]},{\"@type\":\"ImageObject\",\"inLanguage\":\"fr-FR\",\"@id\":\"https:\\\/\\\/repatransportbanden.nl\\\/fr\\\/rubber\\\/vlakke-banden\\\/#primaryimage\",\"url\":\"https:\\\/\\\/repatransportbanden.nl\\\/wp-content\\\/uploads\\\/2021\\\/12\\\/Vlakke-banden.jpg\",\"contentUrl\":\"https:\\\/\\\/repatransportbanden.nl\\\/wp-content\\\/uploads\\\/2021\\\/12\\\/Vlakke-banden.jpg\",\"width\":331,\"height\":331},{\"@type\":\"BreadcrumbList\",\"@id\":\"https:\\\/\\\/repatransportbanden.nl\\\/fr\\\/rubber\\\/vlakke-banden\\\/#breadcrumb\",\"itemListElement\":[{\"@type\":\"ListItem\",\"position\":1,\"name\":\"d\u2019accueil\",\"item\":\"https:\\\/\\\/repatransportbanden.nl\\\/fr\\\/\"},{\"@type\":\"ListItem\",\"position\":2,\"name\":\"Caoutchouc\",\"item\":\"https:\\\/\\\/repatransportbanden.tempurl.host\\\/fr\\\/rubber\\\/\"},{\"@type\":\"ListItem\",\"position\":3,\"name\":\"Bandes transporteuses planes\"}]},{\"@type\":\"WebSite\",\"@id\":\"https:\\\/\\\/repatransportbanden.tempurl.host\\\/#website\",\"url\":\"https:\\\/\\\/repatransportbanden.tempurl.host\\\/\",\"name\":\"repatransportbanden.nl\",\"description\":\"\",\"potentialAction\":[{\"@type\":\"SearchAction\",\"target\":{\"@type\":\"EntryPoint\",\"urlTemplate\":\"https:\\\/\\\/repatransportbanden.tempurl.host\\\/?s={search_term_string}\"},\"query-input\":{\"@type\":\"PropertyValueSpecification\",\"valueRequired\":true,\"valueName\":\"search_term_string\"}}],\"inLanguage\":\"fr-FR\"}]}<\/script>\n<!-- \/ Yoast SEO plugin. -->","yoast_head_json":{"title":"Bandes transporteuses planes - repatransportbanden.nl","robots":{"index":"index","follow":"follow","max-snippet":"max-snippet:-1","max-image-preview":"max-image-preview:large","max-video-preview":"max-video-preview:-1"},"canonical":"https:\/\/repatransportbanden.nl\/fr\/rubber\/vlakke-banden\/","og_locale":"fr_FR","og_type":"article","og_title":"Bandes transporteuses planes - repatransportbanden.nl","og_description":"Les bandes transporteuses sont au c\u0153ur de pratiquement tous les syst\u00e8mes de transport dans toutes sortes de branches. Qu&rsquo;il s&rsquo;agisse de recyclage, de traitement des mati\u00e8res premi\u00e8res ou de transport de bois, d&rsquo;acier ou de produits chimiques, les bandes transporteuses assurent le d\u00e9placement essentiel des substances et des marchandises au sein de l&rsquo;entreprise. Les bandes&hellip; Continue reading Bandes transporteuses planes","og_url":"https:\/\/repatransportbanden.nl\/fr\/rubber\/vlakke-banden\/","og_site_name":"repatransportbanden.nl","article_modified_time":"2021-12-29T05:48:48+00:00","og_image":[{"width":331,"height":331,"url":"https:\/\/repatransportbanden.tempurl.host\/wp-content\/uploads\/2021\/12\/Vlakke-banden.jpg","type":"image\/jpeg"}],"twitter_card":"summary_large_image","twitter_misc":{"Dur\u00e9e de lecture estim\u00e9e":"1 minute"},"schema":{"@context":"https:\/\/schema.org","@graph":[{"@type":"WebPage","@id":"https:\/\/repatransportbanden.nl\/fr\/rubber\/vlakke-banden\/","url":"https:\/\/repatransportbanden.nl\/fr\/rubber\/vlakke-banden\/","name":"Bandes transporteuses planes - repatransportbanden.nl","isPartOf":{"@id":"https:\/\/repatransportbanden.tempurl.host\/#website"},"primaryImageOfPage":{"@id":"https:\/\/repatransportbanden.nl\/fr\/rubber\/vlakke-banden\/#primaryimage"},"image":{"@id":"https:\/\/repatransportbanden.nl\/fr\/rubber\/vlakke-banden\/#primaryimage"},"thumbnailUrl":"https:\/\/repatransportbanden.nl\/wp-content\/uploads\/2021\/12\/Vlakke-banden.jpg","datePublished":"2021-12-16T08:03:51+00:00","dateModified":"2021-12-29T05:48:48+00:00","breadcrumb":{"@id":"https:\/\/repatransportbanden.nl\/fr\/rubber\/vlakke-banden\/#breadcrumb"},"inLanguage":"fr-FR","potentialAction":[{"@type":"ReadAction","target":["https:\/\/repatransportbanden.nl\/fr\/rubber\/vlakke-banden\/"]}]},{"@type":"ImageObject","inLanguage":"fr-FR","@id":"https:\/\/repatransportbanden.nl\/fr\/rubber\/vlakke-banden\/#primaryimage","url":"https:\/\/repatransportbanden.nl\/wp-content\/uploads\/2021\/12\/Vlakke-banden.jpg","contentUrl":"https:\/\/repatransportbanden.nl\/wp-content\/uploads\/2021\/12\/Vlakke-banden.jpg","width":331,"height":331},{"@type":"BreadcrumbList","@id":"https:\/\/repatransportbanden.nl\/fr\/rubber\/vlakke-banden\/#breadcrumb","itemListElement":[{"@type":"ListItem","position":1,"name":"d\u2019accueil","item":"https:\/\/repatransportbanden.nl\/fr\/"},{"@type":"ListItem","position":2,"name":"Caoutchouc","item":"https:\/\/repatransportbanden.tempurl.host\/fr\/rubber\/"},{"@type":"ListItem","position":3,"name":"Bandes transporteuses planes"}]},{"@type":"WebSite","@id":"https:\/\/repatransportbanden.tempurl.host\/#website","url":"https:\/\/repatransportbanden.tempurl.host\/","name":"repatransportbanden.nl","description":"","potentialAction":[{"@type":"SearchAction","target":{"@type":"EntryPoint","urlTemplate":"https:\/\/repatransportbanden.tempurl.host\/?s={search_term_string}"},"query-input":{"@type":"PropertyValueSpecification","valueRequired":true,"valueName":"search_term_string"}}],"inLanguage":"fr-FR"}]}},"_links":{"self":[{"href":"https:\/\/repatransportbanden.nl\/fr\/wp-json\/wp\/v2\/pages\/1661","targetHints":{"allow":["GET"]}}],"collection":[{"href":"https:\/\/repatransportbanden.nl\/fr\/wp-json\/wp\/v2\/pages"}],"about":[{"href":"https:\/\/repatransportbanden.nl\/fr\/wp-json\/wp\/v2\/types\/page"}],"author":[{"embeddable":true,"href":"https:\/\/repatransportbanden.nl\/fr\/wp-json\/wp\/v2\/users\/2"}],"replies":[{"embeddable":true,"href":"https:\/\/repatransportbanden.nl\/fr\/wp-json\/wp\/v2\/comments?post=1661"}],"version-history":[{"count":4,"href":"https:\/\/repatransportbanden.nl\/fr\/wp-json\/wp\/v2\/pages\/1661\/revisions"}],"predecessor-version":[{"id":3143,"href":"https:\/\/repatransportbanden.nl\/fr\/wp-json\/wp\/v2\/pages\/1661\/revisions\/3143"}],"up":[{"embeddable":true,"href":"https:\/\/repatransportbanden.nl\/fr\/wp-json\/wp\/v2\/pages\/1594"}],"wp:featuredmedia":[{"embeddable":true,"href":"https:\/\/repatransportbanden.nl\/fr\/wp-json\/wp\/v2\/media\/1206"}],"wp:attachment":[{"href":"https:\/\/repatransportbanden.nl\/fr\/wp-json\/wp\/v2\/media?parent=1661"}],"curies":[{"name":"wp","href":"https:\/\/api.w.org\/{rel}","templated":true}]}}