{"id":1655,"date":"2021-12-16T09:02:49","date_gmt":"2021-12-16T08:02:49","guid":{"rendered":"https:\/\/repatransportbanden.nl\/rubber\/trommelbekleding\/"},"modified":"2021-12-29T06:45:10","modified_gmt":"2021-12-29T05:45:10","slug":"trommelbekleding","status":"publish","type":"page","link":"https:\/\/repatransportbanden.nl\/fr\/rubber\/trommelbekleding\/","title":{"rendered":"Garnissage de tambour"},"content":{"rendered":"\n<p>Les garnissages de tambour, les rev\u00eatements de cylindre et de rouleau sont destin\u00e9s \u00e0 cr\u00e9er davantage de friction entre la bande transporteuse et le tambour. Ce faisant, la bande glisse moins rapidement. Il en r\u00e9sulte un meilleur fonctionnement de la bande et, de ce fait, une am\u00e9lioration des performances globales de l&rsquo;installation.<\/p>\n\n\n\n<p>En raison des effets mentionn\u00e9s ci-dessus, un garnissage de tambour de haute qualit\u00e9 est essentiel pour votre installation de bande transporteuse. Le garnissage assure une prolongation consid\u00e9rable de la dur\u00e9e de vie du mat\u00e9riel. Non seulement du tambour, mais aussi de la bande.<\/p>\n\n\n\n<p>REPA peut fournir de nombreux types de rev\u00eatement de tambours, chacun ayant ses propres caract\u00e9ristiques, pour ce qui regarde, par exemple, la forme, la duret\u00e9, la composition et la r\u00e9sistance aux huiles et aux graisses.<\/p>\n","protected":false},"excerpt":{"rendered":"<p>Les garnissages de tambour, les rev\u00eatements de cylindre et de rouleau sont destin\u00e9s \u00e0 cr\u00e9er davantage de friction entre la bande transporteuse et le tambour. Ce faisant, la bande glisse moins rapidement. Il en r\u00e9sulte un meilleur fonctionnement de la bande et, de ce fait, une am\u00e9lioration des performances globales de l&rsquo;installation. En raison des&hellip; <a class=\"more-link\" href=\"https:\/\/repatransportbanden.nl\/fr\/rubber\/trommelbekleding\/\">Continue reading <span class=\"screen-reader-text\">Garnissage de tambour<\/span><\/a><\/p>\n","protected":false},"author":2,"featured_media":1191,"parent":1594,"menu_order":0,"comment_status":"closed","ping_status":"closed","template":"templates\/template-service.php","meta":{"_acf_changed":false,"footnotes":""},"class_list":["post-1655","page","type-page","status-publish","has-post-thumbnail","hentry","entry"],"acf":[],"yoast_head":"<!-- This site is optimized with the Yoast SEO plugin v27.3 - https:\/\/yoast.com\/product\/yoast-seo-wordpress\/ -->\n<title>Garnissage de tambour - repatransportbanden.nl<\/title>\n<meta name=\"robots\" content=\"index, follow, max-snippet:-1, max-image-preview:large, max-video-preview:-1\" \/>\n<link rel=\"canonical\" href=\"https:\/\/repatransportbanden.nl\/fr\/rubber\/trommelbekleding\/\" \/>\n<meta property=\"og:locale\" content=\"fr_FR\" \/>\n<meta property=\"og:type\" content=\"article\" \/>\n<meta property=\"og:title\" content=\"Garnissage de tambour - repatransportbanden.nl\" \/>\n<meta property=\"og:description\" content=\"Les garnissages de tambour, les rev\u00eatements de cylindre et de rouleau sont destin\u00e9s \u00e0 cr\u00e9er davantage de friction entre la bande transporteuse et le tambour. Ce faisant, la bande glisse moins rapidement. Il en r\u00e9sulte un meilleur fonctionnement de la bande et, de ce fait, une am\u00e9lioration des performances globales de l&rsquo;installation. En raison des&hellip; Continue reading Garnissage de tambour\" \/>\n<meta property=\"og:url\" content=\"https:\/\/repatransportbanden.nl\/fr\/rubber\/trommelbekleding\/\" \/>\n<meta property=\"og:site_name\" content=\"repatransportbanden.nl\" \/>\n<meta property=\"article:modified_time\" content=\"2021-12-29T05:45:10+00:00\" \/>\n<meta property=\"og:image\" content=\"https:\/\/repatransportbanden.tempurl.host\/wp-content\/uploads\/2021\/12\/Trommelbekleding.jpg\" \/>\n\t<meta property=\"og:image:width\" content=\"331\" \/>\n\t<meta property=\"og:image:height\" content=\"331\" \/>\n\t<meta property=\"og:image:type\" content=\"image\/jpeg\" \/>\n<meta name=\"twitter:card\" content=\"summary_large_image\" \/>\n<meta name=\"twitter:label1\" content=\"Dur\u00e9e de lecture estim\u00e9e\" \/>\n\t<meta name=\"twitter:data1\" content=\"1 minute\" \/>\n<script type=\"application\/ld+json\" class=\"yoast-schema-graph\">{\"@context\":\"https:\\\/\\\/schema.org\",\"@graph\":[{\"@type\":\"WebPage\",\"@id\":\"https:\\\/\\\/repatransportbanden.nl\\\/fr\\\/rubber\\\/trommelbekleding\\\/\",\"url\":\"https:\\\/\\\/repatransportbanden.nl\\\/fr\\\/rubber\\\/trommelbekleding\\\/\",\"name\":\"Garnissage de tambour - repatransportbanden.nl\",\"isPartOf\":{\"@id\":\"https:\\\/\\\/repatransportbanden.tempurl.host\\\/#website\"},\"primaryImageOfPage\":{\"@id\":\"https:\\\/\\\/repatransportbanden.nl\\\/fr\\\/rubber\\\/trommelbekleding\\\/#primaryimage\"},\"image\":{\"@id\":\"https:\\\/\\\/repatransportbanden.nl\\\/fr\\\/rubber\\\/trommelbekleding\\\/#primaryimage\"},\"thumbnailUrl\":\"https:\\\/\\\/repatransportbanden.nl\\\/wp-content\\\/uploads\\\/2021\\\/12\\\/Trommelbekleding.jpg\",\"datePublished\":\"2021-12-16T08:02:49+00:00\",\"dateModified\":\"2021-12-29T05:45:10+00:00\",\"breadcrumb\":{\"@id\":\"https:\\\/\\\/repatransportbanden.nl\\\/fr\\\/rubber\\\/trommelbekleding\\\/#breadcrumb\"},\"inLanguage\":\"fr-FR\",\"potentialAction\":[{\"@type\":\"ReadAction\",\"target\":[\"https:\\\/\\\/repatransportbanden.nl\\\/fr\\\/rubber\\\/trommelbekleding\\\/\"]}]},{\"@type\":\"ImageObject\",\"inLanguage\":\"fr-FR\",\"@id\":\"https:\\\/\\\/repatransportbanden.nl\\\/fr\\\/rubber\\\/trommelbekleding\\\/#primaryimage\",\"url\":\"https:\\\/\\\/repatransportbanden.nl\\\/wp-content\\\/uploads\\\/2021\\\/12\\\/Trommelbekleding.jpg\",\"contentUrl\":\"https:\\\/\\\/repatransportbanden.nl\\\/wp-content\\\/uploads\\\/2021\\\/12\\\/Trommelbekleding.jpg\",\"width\":331,\"height\":331},{\"@type\":\"BreadcrumbList\",\"@id\":\"https:\\\/\\\/repatransportbanden.nl\\\/fr\\\/rubber\\\/trommelbekleding\\\/#breadcrumb\",\"itemListElement\":[{\"@type\":\"ListItem\",\"position\":1,\"name\":\"d\u2019accueil\",\"item\":\"https:\\\/\\\/repatransportbanden.nl\\\/fr\\\/\"},{\"@type\":\"ListItem\",\"position\":2,\"name\":\"Caoutchouc\",\"item\":\"https:\\\/\\\/repatransportbanden.tempurl.host\\\/fr\\\/rubber\\\/\"},{\"@type\":\"ListItem\",\"position\":3,\"name\":\"Garnissage de tambour\"}]},{\"@type\":\"WebSite\",\"@id\":\"https:\\\/\\\/repatransportbanden.tempurl.host\\\/#website\",\"url\":\"https:\\\/\\\/repatransportbanden.tempurl.host\\\/\",\"name\":\"repatransportbanden.nl\",\"description\":\"\",\"potentialAction\":[{\"@type\":\"SearchAction\",\"target\":{\"@type\":\"EntryPoint\",\"urlTemplate\":\"https:\\\/\\\/repatransportbanden.tempurl.host\\\/?s={search_term_string}\"},\"query-input\":{\"@type\":\"PropertyValueSpecification\",\"valueRequired\":true,\"valueName\":\"search_term_string\"}}],\"inLanguage\":\"fr-FR\"}]}<\/script>\n<!-- \/ Yoast SEO plugin. -->","yoast_head_json":{"title":"Garnissage de tambour - repatransportbanden.nl","robots":{"index":"index","follow":"follow","max-snippet":"max-snippet:-1","max-image-preview":"max-image-preview:large","max-video-preview":"max-video-preview:-1"},"canonical":"https:\/\/repatransportbanden.nl\/fr\/rubber\/trommelbekleding\/","og_locale":"fr_FR","og_type":"article","og_title":"Garnissage de tambour - repatransportbanden.nl","og_description":"Les garnissages de tambour, les rev\u00eatements de cylindre et de rouleau sont destin\u00e9s \u00e0 cr\u00e9er davantage de friction entre la bande transporteuse et le tambour. Ce faisant, la bande glisse moins rapidement. Il en r\u00e9sulte un meilleur fonctionnement de la bande et, de ce fait, une am\u00e9lioration des performances globales de l&rsquo;installation. En raison des&hellip; Continue reading Garnissage de tambour","og_url":"https:\/\/repatransportbanden.nl\/fr\/rubber\/trommelbekleding\/","og_site_name":"repatransportbanden.nl","article_modified_time":"2021-12-29T05:45:10+00:00","og_image":[{"width":331,"height":331,"url":"https:\/\/repatransportbanden.tempurl.host\/wp-content\/uploads\/2021\/12\/Trommelbekleding.jpg","type":"image\/jpeg"}],"twitter_card":"summary_large_image","twitter_misc":{"Dur\u00e9e de lecture estim\u00e9e":"1 minute"},"schema":{"@context":"https:\/\/schema.org","@graph":[{"@type":"WebPage","@id":"https:\/\/repatransportbanden.nl\/fr\/rubber\/trommelbekleding\/","url":"https:\/\/repatransportbanden.nl\/fr\/rubber\/trommelbekleding\/","name":"Garnissage de tambour - repatransportbanden.nl","isPartOf":{"@id":"https:\/\/repatransportbanden.tempurl.host\/#website"},"primaryImageOfPage":{"@id":"https:\/\/repatransportbanden.nl\/fr\/rubber\/trommelbekleding\/#primaryimage"},"image":{"@id":"https:\/\/repatransportbanden.nl\/fr\/rubber\/trommelbekleding\/#primaryimage"},"thumbnailUrl":"https:\/\/repatransportbanden.nl\/wp-content\/uploads\/2021\/12\/Trommelbekleding.jpg","datePublished":"2021-12-16T08:02:49+00:00","dateModified":"2021-12-29T05:45:10+00:00","breadcrumb":{"@id":"https:\/\/repatransportbanden.nl\/fr\/rubber\/trommelbekleding\/#breadcrumb"},"inLanguage":"fr-FR","potentialAction":[{"@type":"ReadAction","target":["https:\/\/repatransportbanden.nl\/fr\/rubber\/trommelbekleding\/"]}]},{"@type":"ImageObject","inLanguage":"fr-FR","@id":"https:\/\/repatransportbanden.nl\/fr\/rubber\/trommelbekleding\/#primaryimage","url":"https:\/\/repatransportbanden.nl\/wp-content\/uploads\/2021\/12\/Trommelbekleding.jpg","contentUrl":"https:\/\/repatransportbanden.nl\/wp-content\/uploads\/2021\/12\/Trommelbekleding.jpg","width":331,"height":331},{"@type":"BreadcrumbList","@id":"https:\/\/repatransportbanden.nl\/fr\/rubber\/trommelbekleding\/#breadcrumb","itemListElement":[{"@type":"ListItem","position":1,"name":"d\u2019accueil","item":"https:\/\/repatransportbanden.nl\/fr\/"},{"@type":"ListItem","position":2,"name":"Caoutchouc","item":"https:\/\/repatransportbanden.tempurl.host\/fr\/rubber\/"},{"@type":"ListItem","position":3,"name":"Garnissage de tambour"}]},{"@type":"WebSite","@id":"https:\/\/repatransportbanden.tempurl.host\/#website","url":"https:\/\/repatransportbanden.tempurl.host\/","name":"repatransportbanden.nl","description":"","potentialAction":[{"@type":"SearchAction","target":{"@type":"EntryPoint","urlTemplate":"https:\/\/repatransportbanden.tempurl.host\/?s={search_term_string}"},"query-input":{"@type":"PropertyValueSpecification","valueRequired":true,"valueName":"search_term_string"}}],"inLanguage":"fr-FR"}]}},"_links":{"self":[{"href":"https:\/\/repatransportbanden.nl\/fr\/wp-json\/wp\/v2\/pages\/1655","targetHints":{"allow":["GET"]}}],"collection":[{"href":"https:\/\/repatransportbanden.nl\/fr\/wp-json\/wp\/v2\/pages"}],"about":[{"href":"https:\/\/repatransportbanden.nl\/fr\/wp-json\/wp\/v2\/types\/page"}],"author":[{"embeddable":true,"href":"https:\/\/repatransportbanden.nl\/fr\/wp-json\/wp\/v2\/users\/2"}],"replies":[{"embeddable":true,"href":"https:\/\/repatransportbanden.nl\/fr\/wp-json\/wp\/v2\/comments?post=1655"}],"version-history":[{"count":3,"href":"https:\/\/repatransportbanden.nl\/fr\/wp-json\/wp\/v2\/pages\/1655\/revisions"}],"predecessor-version":[{"id":3139,"href":"https:\/\/repatransportbanden.nl\/fr\/wp-json\/wp\/v2\/pages\/1655\/revisions\/3139"}],"up":[{"embeddable":true,"href":"https:\/\/repatransportbanden.nl\/fr\/wp-json\/wp\/v2\/pages\/1594"}],"wp:featuredmedia":[{"embeddable":true,"href":"https:\/\/repatransportbanden.nl\/fr\/wp-json\/wp\/v2\/media\/1191"}],"wp:attachment":[{"href":"https:\/\/repatransportbanden.nl\/fr\/wp-json\/wp\/v2\/media?parent=1655"}],"curies":[{"name":"wp","href":"https:\/\/api.w.org\/{rel}","templated":true}]}}