{"id":1649,"date":"2021-12-16T08:59:47","date_gmt":"2021-12-16T07:59:47","guid":{"rendered":"https:\/\/repatransportbanden.nl\/rubber\/supergripbanden\/"},"modified":"2021-12-29T06:40:04","modified_gmt":"2021-12-29T05:40:04","slug":"supergripbanden","status":"publish","type":"page","link":"https:\/\/repatransportbanden.nl\/fr\/rubber\/supergripbanden\/","title":{"rendered":"Bandes supergrip"},"content":{"rendered":"\n<p>Les bandes Supergrip (\u2018super adh\u00e9rentes\u2019) sont des bandes transporteuses sp\u00e9ciales utilis\u00e9es l\u00e0 o\u00f9 une stabilit\u00e9 et une adh\u00e9rence suppl\u00e9mentaires sont importantes. &nbsp;<\/p>\n\n\n\n<p>Que l\u2019on pense, par exemple, \u00e0 la manutention des bagages dans les a\u00e9roports, o\u00f9 il importe que les valises et les sacs restent toujours \u00e0 leur place. Par ailleurs, les bandes Supergrip sont largement utilis\u00e9es dans les secteurs du transport et de l&rsquo;alimentation. Elles sont, au demeurant, \u00e9galement largement employ\u00e9es dans les parcs d&rsquo;attractions.<\/p>\n\n\n\n<p>Chez REPA, vous trouverez toujours la bonne bande Supergrip correspondant \u00e0 votre branche.<\/p>\n\n\n\n<p>Nos bandes Supergrip \u2013 ou bandes rough top \u2013 sont livrables avec une partie inf\u00e9rieure en caoutchouc ou \u00e9quip\u00e9e d\u2019une structure \u00e0 tissage renforc\u00e9, afin de pouvoir fonctionner sur diff\u00e9rents syst\u00e8mes et surfaces.<\/p>\n","protected":false},"excerpt":{"rendered":"<p>Les bandes Supergrip (\u2018super adh\u00e9rentes\u2019) sont des bandes transporteuses sp\u00e9ciales utilis\u00e9es l\u00e0 o\u00f9 une stabilit\u00e9 et une adh\u00e9rence suppl\u00e9mentaires sont importantes. &nbsp; Que l\u2019on pense, par exemple, \u00e0 la manutention des bagages dans les a\u00e9roports, o\u00f9 il importe que les valises et les sacs restent toujours \u00e0 leur place. Par ailleurs, les bandes Supergrip sont&hellip; <a class=\"more-link\" href=\"https:\/\/repatransportbanden.nl\/fr\/rubber\/supergripbanden\/\">Continue reading <span class=\"screen-reader-text\">Bandes supergrip<\/span><\/a><\/p>\n","protected":false},"author":2,"featured_media":1182,"parent":1594,"menu_order":0,"comment_status":"closed","ping_status":"closed","template":"templates\/template-service.php","meta":{"_acf_changed":false,"footnotes":""},"class_list":["post-1649","page","type-page","status-publish","has-post-thumbnail","hentry","entry"],"acf":[],"yoast_head":"<!-- This site is optimized with the Yoast SEO plugin v27.3 - https:\/\/yoast.com\/product\/yoast-seo-wordpress\/ -->\n<title>Bandes supergrip - repatransportbanden.nl<\/title>\n<meta name=\"robots\" content=\"index, follow, max-snippet:-1, max-image-preview:large, max-video-preview:-1\" \/>\n<link rel=\"canonical\" href=\"https:\/\/repatransportbanden.nl\/fr\/rubber\/supergripbanden\/\" \/>\n<meta property=\"og:locale\" content=\"fr_FR\" \/>\n<meta property=\"og:type\" content=\"article\" \/>\n<meta property=\"og:title\" content=\"Bandes supergrip - repatransportbanden.nl\" \/>\n<meta property=\"og:description\" content=\"Les bandes Supergrip (\u2018super adh\u00e9rentes\u2019) sont des bandes transporteuses sp\u00e9ciales utilis\u00e9es l\u00e0 o\u00f9 une stabilit\u00e9 et une adh\u00e9rence suppl\u00e9mentaires sont importantes. &nbsp; Que l\u2019on pense, par exemple, \u00e0 la manutention des bagages dans les a\u00e9roports, o\u00f9 il importe que les valises et les sacs restent toujours \u00e0 leur place. Par ailleurs, les bandes Supergrip sont&hellip; Continue reading Bandes supergrip\" \/>\n<meta property=\"og:url\" content=\"https:\/\/repatransportbanden.nl\/fr\/rubber\/supergripbanden\/\" \/>\n<meta property=\"og:site_name\" content=\"repatransportbanden.nl\" \/>\n<meta property=\"article:modified_time\" content=\"2021-12-29T05:40:04+00:00\" \/>\n<meta property=\"og:image\" content=\"https:\/\/repatransportbanden.tempurl.host\/wp-content\/uploads\/2021\/12\/Supergripbanden.jpg\" \/>\n\t<meta property=\"og:image:width\" content=\"331\" \/>\n\t<meta property=\"og:image:height\" content=\"331\" \/>\n\t<meta property=\"og:image:type\" content=\"image\/jpeg\" \/>\n<meta name=\"twitter:card\" content=\"summary_large_image\" \/>\n<meta name=\"twitter:label1\" content=\"Dur\u00e9e de lecture estim\u00e9e\" \/>\n\t<meta name=\"twitter:data1\" content=\"1 minute\" \/>\n<script type=\"application\/ld+json\" class=\"yoast-schema-graph\">{\"@context\":\"https:\\\/\\\/schema.org\",\"@graph\":[{\"@type\":\"WebPage\",\"@id\":\"https:\\\/\\\/repatransportbanden.nl\\\/fr\\\/rubber\\\/supergripbanden\\\/\",\"url\":\"https:\\\/\\\/repatransportbanden.nl\\\/fr\\\/rubber\\\/supergripbanden\\\/\",\"name\":\"Bandes supergrip - repatransportbanden.nl\",\"isPartOf\":{\"@id\":\"https:\\\/\\\/repatransportbanden.tempurl.host\\\/#website\"},\"primaryImageOfPage\":{\"@id\":\"https:\\\/\\\/repatransportbanden.nl\\\/fr\\\/rubber\\\/supergripbanden\\\/#primaryimage\"},\"image\":{\"@id\":\"https:\\\/\\\/repatransportbanden.nl\\\/fr\\\/rubber\\\/supergripbanden\\\/#primaryimage\"},\"thumbnailUrl\":\"https:\\\/\\\/repatransportbanden.nl\\\/wp-content\\\/uploads\\\/2021\\\/12\\\/Supergripbanden.jpg\",\"datePublished\":\"2021-12-16T07:59:47+00:00\",\"dateModified\":\"2021-12-29T05:40:04+00:00\",\"breadcrumb\":{\"@id\":\"https:\\\/\\\/repatransportbanden.nl\\\/fr\\\/rubber\\\/supergripbanden\\\/#breadcrumb\"},\"inLanguage\":\"fr-FR\",\"potentialAction\":[{\"@type\":\"ReadAction\",\"target\":[\"https:\\\/\\\/repatransportbanden.nl\\\/fr\\\/rubber\\\/supergripbanden\\\/\"]}]},{\"@type\":\"ImageObject\",\"inLanguage\":\"fr-FR\",\"@id\":\"https:\\\/\\\/repatransportbanden.nl\\\/fr\\\/rubber\\\/supergripbanden\\\/#primaryimage\",\"url\":\"https:\\\/\\\/repatransportbanden.nl\\\/wp-content\\\/uploads\\\/2021\\\/12\\\/Supergripbanden.jpg\",\"contentUrl\":\"https:\\\/\\\/repatransportbanden.nl\\\/wp-content\\\/uploads\\\/2021\\\/12\\\/Supergripbanden.jpg\",\"width\":331,\"height\":331},{\"@type\":\"BreadcrumbList\",\"@id\":\"https:\\\/\\\/repatransportbanden.nl\\\/fr\\\/rubber\\\/supergripbanden\\\/#breadcrumb\",\"itemListElement\":[{\"@type\":\"ListItem\",\"position\":1,\"name\":\"d\u2019accueil\",\"item\":\"https:\\\/\\\/repatransportbanden.nl\\\/fr\\\/\"},{\"@type\":\"ListItem\",\"position\":2,\"name\":\"Caoutchouc\",\"item\":\"https:\\\/\\\/repatransportbanden.tempurl.host\\\/fr\\\/rubber\\\/\"},{\"@type\":\"ListItem\",\"position\":3,\"name\":\"Bandes supergrip\"}]},{\"@type\":\"WebSite\",\"@id\":\"https:\\\/\\\/repatransportbanden.tempurl.host\\\/#website\",\"url\":\"https:\\\/\\\/repatransportbanden.tempurl.host\\\/\",\"name\":\"repatransportbanden.nl\",\"description\":\"\",\"potentialAction\":[{\"@type\":\"SearchAction\",\"target\":{\"@type\":\"EntryPoint\",\"urlTemplate\":\"https:\\\/\\\/repatransportbanden.tempurl.host\\\/?s={search_term_string}\"},\"query-input\":{\"@type\":\"PropertyValueSpecification\",\"valueRequired\":true,\"valueName\":\"search_term_string\"}}],\"inLanguage\":\"fr-FR\"}]}<\/script>\n<!-- \/ Yoast SEO plugin. -->","yoast_head_json":{"title":"Bandes supergrip - repatransportbanden.nl","robots":{"index":"index","follow":"follow","max-snippet":"max-snippet:-1","max-image-preview":"max-image-preview:large","max-video-preview":"max-video-preview:-1"},"canonical":"https:\/\/repatransportbanden.nl\/fr\/rubber\/supergripbanden\/","og_locale":"fr_FR","og_type":"article","og_title":"Bandes supergrip - repatransportbanden.nl","og_description":"Les bandes Supergrip (\u2018super adh\u00e9rentes\u2019) sont des bandes transporteuses sp\u00e9ciales utilis\u00e9es l\u00e0 o\u00f9 une stabilit\u00e9 et une adh\u00e9rence suppl\u00e9mentaires sont importantes. &nbsp; Que l\u2019on pense, par exemple, \u00e0 la manutention des bagages dans les a\u00e9roports, o\u00f9 il importe que les valises et les sacs restent toujours \u00e0 leur place. Par ailleurs, les bandes Supergrip sont&hellip; Continue reading Bandes supergrip","og_url":"https:\/\/repatransportbanden.nl\/fr\/rubber\/supergripbanden\/","og_site_name":"repatransportbanden.nl","article_modified_time":"2021-12-29T05:40:04+00:00","og_image":[{"width":331,"height":331,"url":"https:\/\/repatransportbanden.tempurl.host\/wp-content\/uploads\/2021\/12\/Supergripbanden.jpg","type":"image\/jpeg"}],"twitter_card":"summary_large_image","twitter_misc":{"Dur\u00e9e de lecture estim\u00e9e":"1 minute"},"schema":{"@context":"https:\/\/schema.org","@graph":[{"@type":"WebPage","@id":"https:\/\/repatransportbanden.nl\/fr\/rubber\/supergripbanden\/","url":"https:\/\/repatransportbanden.nl\/fr\/rubber\/supergripbanden\/","name":"Bandes supergrip - repatransportbanden.nl","isPartOf":{"@id":"https:\/\/repatransportbanden.tempurl.host\/#website"},"primaryImageOfPage":{"@id":"https:\/\/repatransportbanden.nl\/fr\/rubber\/supergripbanden\/#primaryimage"},"image":{"@id":"https:\/\/repatransportbanden.nl\/fr\/rubber\/supergripbanden\/#primaryimage"},"thumbnailUrl":"https:\/\/repatransportbanden.nl\/wp-content\/uploads\/2021\/12\/Supergripbanden.jpg","datePublished":"2021-12-16T07:59:47+00:00","dateModified":"2021-12-29T05:40:04+00:00","breadcrumb":{"@id":"https:\/\/repatransportbanden.nl\/fr\/rubber\/supergripbanden\/#breadcrumb"},"inLanguage":"fr-FR","potentialAction":[{"@type":"ReadAction","target":["https:\/\/repatransportbanden.nl\/fr\/rubber\/supergripbanden\/"]}]},{"@type":"ImageObject","inLanguage":"fr-FR","@id":"https:\/\/repatransportbanden.nl\/fr\/rubber\/supergripbanden\/#primaryimage","url":"https:\/\/repatransportbanden.nl\/wp-content\/uploads\/2021\/12\/Supergripbanden.jpg","contentUrl":"https:\/\/repatransportbanden.nl\/wp-content\/uploads\/2021\/12\/Supergripbanden.jpg","width":331,"height":331},{"@type":"BreadcrumbList","@id":"https:\/\/repatransportbanden.nl\/fr\/rubber\/supergripbanden\/#breadcrumb","itemListElement":[{"@type":"ListItem","position":1,"name":"d\u2019accueil","item":"https:\/\/repatransportbanden.nl\/fr\/"},{"@type":"ListItem","position":2,"name":"Caoutchouc","item":"https:\/\/repatransportbanden.tempurl.host\/fr\/rubber\/"},{"@type":"ListItem","position":3,"name":"Bandes supergrip"}]},{"@type":"WebSite","@id":"https:\/\/repatransportbanden.tempurl.host\/#website","url":"https:\/\/repatransportbanden.tempurl.host\/","name":"repatransportbanden.nl","description":"","potentialAction":[{"@type":"SearchAction","target":{"@type":"EntryPoint","urlTemplate":"https:\/\/repatransportbanden.tempurl.host\/?s={search_term_string}"},"query-input":{"@type":"PropertyValueSpecification","valueRequired":true,"valueName":"search_term_string"}}],"inLanguage":"fr-FR"}]}},"_links":{"self":[{"href":"https:\/\/repatransportbanden.nl\/fr\/wp-json\/wp\/v2\/pages\/1649","targetHints":{"allow":["GET"]}}],"collection":[{"href":"https:\/\/repatransportbanden.nl\/fr\/wp-json\/wp\/v2\/pages"}],"about":[{"href":"https:\/\/repatransportbanden.nl\/fr\/wp-json\/wp\/v2\/types\/page"}],"author":[{"embeddable":true,"href":"https:\/\/repatransportbanden.nl\/fr\/wp-json\/wp\/v2\/users\/2"}],"replies":[{"embeddable":true,"href":"https:\/\/repatransportbanden.nl\/fr\/wp-json\/wp\/v2\/comments?post=1649"}],"version-history":[{"count":3,"href":"https:\/\/repatransportbanden.nl\/fr\/wp-json\/wp\/v2\/pages\/1649\/revisions"}],"predecessor-version":[{"id":3136,"href":"https:\/\/repatransportbanden.nl\/fr\/wp-json\/wp\/v2\/pages\/1649\/revisions\/3136"}],"up":[{"embeddable":true,"href":"https:\/\/repatransportbanden.nl\/fr\/wp-json\/wp\/v2\/pages\/1594"}],"wp:featuredmedia":[{"embeddable":true,"href":"https:\/\/repatransportbanden.nl\/fr\/wp-json\/wp\/v2\/media\/1182"}],"wp:attachment":[{"href":"https:\/\/repatransportbanden.nl\/fr\/wp-json\/wp\/v2\/media?parent=1649"}],"curies":[{"name":"wp","href":"https:\/\/api.w.org\/{rel}","templated":true}]}}