{"id":1643,"date":"2021-12-16T08:58:10","date_gmt":"2021-12-16T07:58:10","guid":{"rendered":"https:\/\/repatransportbanden.nl\/rubber\/solid-woven-banden\/"},"modified":"2021-12-29T06:23:34","modified_gmt":"2021-12-29T05:23:34","slug":"solid-woven-banden","status":"publish","type":"page","link":"https:\/\/repatransportbanden.nl\/fr\/rubber\/solid-woven-banden\/","title":{"rendered":"Bandes solid woven"},"content":{"rendered":"\n<p>Dans certaines industries et situations, les bandes transporteuses doivent avoir une certaine \u00e9paisseur, ce qui leur permet de r\u00e9sister \u00e0 une force de traction et \u00e0 un impact importants. Dans de tels cas, on opte g\u00e9n\u00e9ralement pour des courroies Solid Woven (SW).<\/p>\n\n\n\n<p>Ces bandes transporteuses sont compos\u00e9es d&rsquo;une seule couche, mais tiss\u00e9es de mani\u00e8re tr\u00e8s \u00e9paisse. La bande b\u00e9n\u00e9ficie ainsi d&rsquo;une protection optimale contre les d\u00e9chirures ou autres influences dommageables. &nbsp;<\/p>\n\n\n\n<p>Les bandes Solid Woven sont tr\u00e8s robustes et tr\u00e8s faciles \u00e0 guider. Cela les rend polyvalentes. D&rsquo;une part, elles peuvent \u00eatre utilis\u00e9es pour des travaux tr\u00e8s lourds et transporter de lourdes charges et, d&rsquo;autre part, elles peuvent \u00eatre employ\u00e9es dans des machines plus petites, pour lesquelles une vitesse \u00e9lev\u00e9e est requise.<\/p>\n","protected":false},"excerpt":{"rendered":"<p>Dans certaines industries et situations, les bandes transporteuses doivent avoir une certaine \u00e9paisseur, ce qui leur permet de r\u00e9sister \u00e0 une force de traction et \u00e0 un impact importants. Dans de tels cas, on opte g\u00e9n\u00e9ralement pour des courroies Solid Woven (SW). Ces bandes transporteuses sont compos\u00e9es d&rsquo;une seule couche, mais tiss\u00e9es de mani\u00e8re tr\u00e8s&hellip; <a class=\"more-link\" href=\"https:\/\/repatransportbanden.nl\/fr\/rubber\/solid-woven-banden\/\">Continue reading <span class=\"screen-reader-text\">Bandes solid woven<\/span><\/a><\/p>\n","protected":false},"author":2,"featured_media":1164,"parent":1594,"menu_order":0,"comment_status":"closed","ping_status":"closed","template":"templates\/template-service.php","meta":{"_acf_changed":false,"footnotes":""},"class_list":["post-1643","page","type-page","status-publish","has-post-thumbnail","hentry","entry"],"acf":[],"yoast_head":"<!-- This site is optimized with the Yoast SEO plugin v27.4 - https:\/\/yoast.com\/product\/yoast-seo-wordpress\/ -->\n<title>Bandes solid woven - repatransportbanden.nl<\/title>\n<meta name=\"robots\" content=\"index, follow, max-snippet:-1, max-image-preview:large, max-video-preview:-1\" \/>\n<link rel=\"canonical\" href=\"https:\/\/repatransportbanden.nl\/fr\/rubber\/solid-woven-banden\/\" \/>\n<meta property=\"og:locale\" content=\"fr_FR\" \/>\n<meta property=\"og:type\" content=\"article\" \/>\n<meta property=\"og:title\" content=\"Bandes solid woven - repatransportbanden.nl\" \/>\n<meta property=\"og:description\" content=\"Dans certaines industries et situations, les bandes transporteuses doivent avoir une certaine \u00e9paisseur, ce qui leur permet de r\u00e9sister \u00e0 une force de traction et \u00e0 un impact importants. Dans de tels cas, on opte g\u00e9n\u00e9ralement pour des courroies Solid Woven (SW). Ces bandes transporteuses sont compos\u00e9es d&rsquo;une seule couche, mais tiss\u00e9es de mani\u00e8re tr\u00e8s&hellip; Continue reading Bandes solid woven\" \/>\n<meta property=\"og:url\" content=\"https:\/\/repatransportbanden.nl\/fr\/rubber\/solid-woven-banden\/\" \/>\n<meta property=\"og:site_name\" content=\"repatransportbanden.nl\" \/>\n<meta property=\"article:modified_time\" content=\"2021-12-29T05:23:34+00:00\" \/>\n<meta property=\"og:image\" content=\"https:\/\/repatransportbanden.tempurl.host\/wp-content\/uploads\/2021\/12\/solid-woven-banden.jpg\" \/>\n\t<meta property=\"og:image:width\" content=\"331\" \/>\n\t<meta property=\"og:image:height\" content=\"331\" \/>\n\t<meta property=\"og:image:type\" content=\"image\/jpeg\" \/>\n<meta name=\"twitter:card\" content=\"summary_large_image\" \/>\n<meta name=\"twitter:label1\" content=\"Dur\u00e9e de lecture estim\u00e9e\" \/>\n\t<meta name=\"twitter:data1\" content=\"1 minute\" \/>\n<script type=\"application\/ld+json\" class=\"yoast-schema-graph\">{\"@context\":\"https:\\\/\\\/schema.org\",\"@graph\":[{\"@type\":\"WebPage\",\"@id\":\"https:\\\/\\\/repatransportbanden.nl\\\/fr\\\/rubber\\\/solid-woven-banden\\\/\",\"url\":\"https:\\\/\\\/repatransportbanden.nl\\\/fr\\\/rubber\\\/solid-woven-banden\\\/\",\"name\":\"Bandes solid woven - repatransportbanden.nl\",\"isPartOf\":{\"@id\":\"https:\\\/\\\/repatransportbanden.tempurl.host\\\/#website\"},\"primaryImageOfPage\":{\"@id\":\"https:\\\/\\\/repatransportbanden.nl\\\/fr\\\/rubber\\\/solid-woven-banden\\\/#primaryimage\"},\"image\":{\"@id\":\"https:\\\/\\\/repatransportbanden.nl\\\/fr\\\/rubber\\\/solid-woven-banden\\\/#primaryimage\"},\"thumbnailUrl\":\"https:\\\/\\\/repatransportbanden.nl\\\/wp-content\\\/uploads\\\/2021\\\/12\\\/solid-woven-banden.jpg\",\"datePublished\":\"2021-12-16T07:58:10+00:00\",\"dateModified\":\"2021-12-29T05:23:34+00:00\",\"breadcrumb\":{\"@id\":\"https:\\\/\\\/repatransportbanden.nl\\\/fr\\\/rubber\\\/solid-woven-banden\\\/#breadcrumb\"},\"inLanguage\":\"fr-FR\",\"potentialAction\":[{\"@type\":\"ReadAction\",\"target\":[\"https:\\\/\\\/repatransportbanden.nl\\\/fr\\\/rubber\\\/solid-woven-banden\\\/\"]}]},{\"@type\":\"ImageObject\",\"inLanguage\":\"fr-FR\",\"@id\":\"https:\\\/\\\/repatransportbanden.nl\\\/fr\\\/rubber\\\/solid-woven-banden\\\/#primaryimage\",\"url\":\"https:\\\/\\\/repatransportbanden.nl\\\/wp-content\\\/uploads\\\/2021\\\/12\\\/solid-woven-banden.jpg\",\"contentUrl\":\"https:\\\/\\\/repatransportbanden.nl\\\/wp-content\\\/uploads\\\/2021\\\/12\\\/solid-woven-banden.jpg\",\"width\":331,\"height\":331},{\"@type\":\"BreadcrumbList\",\"@id\":\"https:\\\/\\\/repatransportbanden.nl\\\/fr\\\/rubber\\\/solid-woven-banden\\\/#breadcrumb\",\"itemListElement\":[{\"@type\":\"ListItem\",\"position\":1,\"name\":\"d\u2019accueil\",\"item\":\"https:\\\/\\\/repatransportbanden.nl\\\/fr\\\/\"},{\"@type\":\"ListItem\",\"position\":2,\"name\":\"Caoutchouc\",\"item\":\"https:\\\/\\\/repatransportbanden.tempurl.host\\\/fr\\\/rubber\\\/\"},{\"@type\":\"ListItem\",\"position\":3,\"name\":\"Bandes solid woven\"}]},{\"@type\":\"WebSite\",\"@id\":\"https:\\\/\\\/repatransportbanden.tempurl.host\\\/#website\",\"url\":\"https:\\\/\\\/repatransportbanden.tempurl.host\\\/\",\"name\":\"repatransportbanden.nl\",\"description\":\"\",\"potentialAction\":[{\"@type\":\"SearchAction\",\"target\":{\"@type\":\"EntryPoint\",\"urlTemplate\":\"https:\\\/\\\/repatransportbanden.tempurl.host\\\/?s={search_term_string}\"},\"query-input\":{\"@type\":\"PropertyValueSpecification\",\"valueRequired\":true,\"valueName\":\"search_term_string\"}}],\"inLanguage\":\"fr-FR\"}]}<\/script>\n<!-- \/ Yoast SEO plugin. -->","yoast_head_json":{"title":"Bandes solid woven - repatransportbanden.nl","robots":{"index":"index","follow":"follow","max-snippet":"max-snippet:-1","max-image-preview":"max-image-preview:large","max-video-preview":"max-video-preview:-1"},"canonical":"https:\/\/repatransportbanden.nl\/fr\/rubber\/solid-woven-banden\/","og_locale":"fr_FR","og_type":"article","og_title":"Bandes solid woven - repatransportbanden.nl","og_description":"Dans certaines industries et situations, les bandes transporteuses doivent avoir une certaine \u00e9paisseur, ce qui leur permet de r\u00e9sister \u00e0 une force de traction et \u00e0 un impact importants. Dans de tels cas, on opte g\u00e9n\u00e9ralement pour des courroies Solid Woven (SW). Ces bandes transporteuses sont compos\u00e9es d&rsquo;une seule couche, mais tiss\u00e9es de mani\u00e8re tr\u00e8s&hellip; Continue reading Bandes solid woven","og_url":"https:\/\/repatransportbanden.nl\/fr\/rubber\/solid-woven-banden\/","og_site_name":"repatransportbanden.nl","article_modified_time":"2021-12-29T05:23:34+00:00","og_image":[{"width":331,"height":331,"url":"https:\/\/repatransportbanden.tempurl.host\/wp-content\/uploads\/2021\/12\/solid-woven-banden.jpg","type":"image\/jpeg"}],"twitter_card":"summary_large_image","twitter_misc":{"Dur\u00e9e de lecture estim\u00e9e":"1 minute"},"schema":{"@context":"https:\/\/schema.org","@graph":[{"@type":"WebPage","@id":"https:\/\/repatransportbanden.nl\/fr\/rubber\/solid-woven-banden\/","url":"https:\/\/repatransportbanden.nl\/fr\/rubber\/solid-woven-banden\/","name":"Bandes solid woven - repatransportbanden.nl","isPartOf":{"@id":"https:\/\/repatransportbanden.tempurl.host\/#website"},"primaryImageOfPage":{"@id":"https:\/\/repatransportbanden.nl\/fr\/rubber\/solid-woven-banden\/#primaryimage"},"image":{"@id":"https:\/\/repatransportbanden.nl\/fr\/rubber\/solid-woven-banden\/#primaryimage"},"thumbnailUrl":"https:\/\/repatransportbanden.nl\/wp-content\/uploads\/2021\/12\/solid-woven-banden.jpg","datePublished":"2021-12-16T07:58:10+00:00","dateModified":"2021-12-29T05:23:34+00:00","breadcrumb":{"@id":"https:\/\/repatransportbanden.nl\/fr\/rubber\/solid-woven-banden\/#breadcrumb"},"inLanguage":"fr-FR","potentialAction":[{"@type":"ReadAction","target":["https:\/\/repatransportbanden.nl\/fr\/rubber\/solid-woven-banden\/"]}]},{"@type":"ImageObject","inLanguage":"fr-FR","@id":"https:\/\/repatransportbanden.nl\/fr\/rubber\/solid-woven-banden\/#primaryimage","url":"https:\/\/repatransportbanden.nl\/wp-content\/uploads\/2021\/12\/solid-woven-banden.jpg","contentUrl":"https:\/\/repatransportbanden.nl\/wp-content\/uploads\/2021\/12\/solid-woven-banden.jpg","width":331,"height":331},{"@type":"BreadcrumbList","@id":"https:\/\/repatransportbanden.nl\/fr\/rubber\/solid-woven-banden\/#breadcrumb","itemListElement":[{"@type":"ListItem","position":1,"name":"d\u2019accueil","item":"https:\/\/repatransportbanden.nl\/fr\/"},{"@type":"ListItem","position":2,"name":"Caoutchouc","item":"https:\/\/repatransportbanden.tempurl.host\/fr\/rubber\/"},{"@type":"ListItem","position":3,"name":"Bandes solid woven"}]},{"@type":"WebSite","@id":"https:\/\/repatransportbanden.tempurl.host\/#website","url":"https:\/\/repatransportbanden.tempurl.host\/","name":"repatransportbanden.nl","description":"","potentialAction":[{"@type":"SearchAction","target":{"@type":"EntryPoint","urlTemplate":"https:\/\/repatransportbanden.tempurl.host\/?s={search_term_string}"},"query-input":{"@type":"PropertyValueSpecification","valueRequired":true,"valueName":"search_term_string"}}],"inLanguage":"fr-FR"}]}},"_links":{"self":[{"href":"https:\/\/repatransportbanden.nl\/fr\/wp-json\/wp\/v2\/pages\/1643","targetHints":{"allow":["GET"]}}],"collection":[{"href":"https:\/\/repatransportbanden.nl\/fr\/wp-json\/wp\/v2\/pages"}],"about":[{"href":"https:\/\/repatransportbanden.nl\/fr\/wp-json\/wp\/v2\/types\/page"}],"author":[{"embeddable":true,"href":"https:\/\/repatransportbanden.nl\/fr\/wp-json\/wp\/v2\/users\/2"}],"replies":[{"embeddable":true,"href":"https:\/\/repatransportbanden.nl\/fr\/wp-json\/wp\/v2\/comments?post=1643"}],"version-history":[{"count":2,"href":"https:\/\/repatransportbanden.nl\/fr\/wp-json\/wp\/v2\/pages\/1643\/revisions"}],"predecessor-version":[{"id":3133,"href":"https:\/\/repatransportbanden.nl\/fr\/wp-json\/wp\/v2\/pages\/1643\/revisions\/3133"}],"up":[{"embeddable":true,"href":"https:\/\/repatransportbanden.nl\/fr\/wp-json\/wp\/v2\/pages\/1594"}],"wp:featuredmedia":[{"embeddable":true,"href":"https:\/\/repatransportbanden.nl\/fr\/wp-json\/wp\/v2\/media\/1164"}],"wp:attachment":[{"href":"https:\/\/repatransportbanden.nl\/fr\/wp-json\/wp\/v2\/media?parent=1643"}],"curies":[{"name":"wp","href":"https:\/\/api.w.org\/{rel}","templated":true}]}}