{"id":1638,"date":"2021-12-16T08:56:22","date_gmt":"2021-12-16T07:56:22","guid":{"rendered":"https:\/\/repatransportbanden.nl\/rubber\/overige-toebehoren-en-accessoires\/"},"modified":"2021-12-28T11:09:55","modified_gmt":"2021-12-28T10:09:55","slug":"overige-toebehoren-en-accessoires","status":"publish","type":"page","link":"https:\/\/repatransportbanden.nl\/fr\/rubber\/overige-toebehoren-en-accessoires\/","title":{"rendered":"Autres accessoires et \u00e9quipements"},"content":{"rendered":"\n<p>Repa propose, outre des bandes transporteuses, \u00e9galement une gamme \u00e9largie d&rsquo;accessoires. Nous proposons des profils en V, des stations en auge, des rouleaux de guidage de bande, des barres d&rsquo;impact ainsi que de nombreux autres produits. &nbsp;&nbsp;&nbsp;<\/p>\n\n\n\n<p>Nous vous invitons donc \u00e0 consulter l\u2019aper\u00e7u REPA de tous les accessoires et \u00e9quipements. Vous trouverez presque toujours un produit correspondant \u00e0 vos besoins. Dans le cas contraire, n\u2019h\u00e9sitez pas \u00e0 nous contacter. Si vous ne trouvez pas ce que vous cherchez, notre gamme de produits \u00e9tant continuellement en pleine expansion, il est possible que nous puissions encore vous aider.<\/p>\n","protected":false},"excerpt":{"rendered":"<p>Repa propose, outre des bandes transporteuses, \u00e9galement une gamme \u00e9largie d&rsquo;accessoires. Nous proposons des profils en V, des stations en auge, des rouleaux de guidage de bande, des barres d&rsquo;impact ainsi que de nombreux autres produits. &nbsp;&nbsp;&nbsp; Nous vous invitons donc \u00e0 consulter l\u2019aper\u00e7u REPA de tous les accessoires et \u00e9quipements. Vous trouverez presque toujours&hellip; <a class=\"more-link\" href=\"https:\/\/repatransportbanden.nl\/fr\/rubber\/overige-toebehoren-en-accessoires\/\">Continue reading <span class=\"screen-reader-text\">Autres accessoires et \u00e9quipements<\/span><\/a><\/p>\n","protected":false},"author":2,"featured_media":1113,"parent":1594,"menu_order":0,"comment_status":"closed","ping_status":"closed","template":"templates\/template-service.php","meta":{"_acf_changed":false,"footnotes":""},"class_list":["post-1638","page","type-page","status-publish","has-post-thumbnail","hentry","entry"],"acf":[],"yoast_head":"<!-- This site is optimized with the Yoast SEO plugin v27.4 - https:\/\/yoast.com\/product\/yoast-seo-wordpress\/ -->\n<title>Autres accessoires et \u00e9quipements - repatransportbanden.nl<\/title>\n<meta name=\"robots\" content=\"index, follow, max-snippet:-1, max-image-preview:large, max-video-preview:-1\" \/>\n<link rel=\"canonical\" href=\"https:\/\/repatransportbanden.nl\/fr\/rubber\/overige-toebehoren-en-accessoires\/\" \/>\n<meta property=\"og:locale\" content=\"fr_FR\" \/>\n<meta property=\"og:type\" content=\"article\" \/>\n<meta property=\"og:title\" content=\"Autres accessoires et \u00e9quipements - repatransportbanden.nl\" \/>\n<meta property=\"og:description\" content=\"Repa propose, outre des bandes transporteuses, \u00e9galement une gamme \u00e9largie d&rsquo;accessoires. Nous proposons des profils en V, des stations en auge, des rouleaux de guidage de bande, des barres d&rsquo;impact ainsi que de nombreux autres produits. &nbsp;&nbsp;&nbsp; Nous vous invitons donc \u00e0 consulter l\u2019aper\u00e7u REPA de tous les accessoires et \u00e9quipements. Vous trouverez presque toujours&hellip; Continue reading Autres accessoires et \u00e9quipements\" \/>\n<meta property=\"og:url\" content=\"https:\/\/repatransportbanden.nl\/fr\/rubber\/overige-toebehoren-en-accessoires\/\" \/>\n<meta property=\"og:site_name\" content=\"repatransportbanden.nl\" \/>\n<meta property=\"article:modified_time\" content=\"2021-12-28T10:09:55+00:00\" \/>\n<meta property=\"og:image\" content=\"https:\/\/repatransportbanden.tempurl.host\/wp-content\/uploads\/2021\/12\/Overige-toebehoren.jpg\" \/>\n\t<meta property=\"og:image:width\" content=\"331\" \/>\n\t<meta property=\"og:image:height\" content=\"331\" \/>\n\t<meta property=\"og:image:type\" content=\"image\/jpeg\" \/>\n<meta name=\"twitter:card\" content=\"summary_large_image\" \/>\n<meta name=\"twitter:label1\" content=\"Dur\u00e9e de lecture estim\u00e9e\" \/>\n\t<meta name=\"twitter:data1\" content=\"1 minute\" \/>\n<script type=\"application\/ld+json\" class=\"yoast-schema-graph\">{\"@context\":\"https:\\\/\\\/schema.org\",\"@graph\":[{\"@type\":\"WebPage\",\"@id\":\"https:\\\/\\\/repatransportbanden.nl\\\/fr\\\/rubber\\\/overige-toebehoren-en-accessoires\\\/\",\"url\":\"https:\\\/\\\/repatransportbanden.nl\\\/fr\\\/rubber\\\/overige-toebehoren-en-accessoires\\\/\",\"name\":\"Autres accessoires et \u00e9quipements - repatransportbanden.nl\",\"isPartOf\":{\"@id\":\"https:\\\/\\\/repatransportbanden.tempurl.host\\\/#website\"},\"primaryImageOfPage\":{\"@id\":\"https:\\\/\\\/repatransportbanden.nl\\\/fr\\\/rubber\\\/overige-toebehoren-en-accessoires\\\/#primaryimage\"},\"image\":{\"@id\":\"https:\\\/\\\/repatransportbanden.nl\\\/fr\\\/rubber\\\/overige-toebehoren-en-accessoires\\\/#primaryimage\"},\"thumbnailUrl\":\"https:\\\/\\\/repatransportbanden.nl\\\/wp-content\\\/uploads\\\/2021\\\/12\\\/Overige-toebehoren.jpg\",\"datePublished\":\"2021-12-16T07:56:22+00:00\",\"dateModified\":\"2021-12-28T10:09:55+00:00\",\"breadcrumb\":{\"@id\":\"https:\\\/\\\/repatransportbanden.nl\\\/fr\\\/rubber\\\/overige-toebehoren-en-accessoires\\\/#breadcrumb\"},\"inLanguage\":\"fr-FR\",\"potentialAction\":[{\"@type\":\"ReadAction\",\"target\":[\"https:\\\/\\\/repatransportbanden.nl\\\/fr\\\/rubber\\\/overige-toebehoren-en-accessoires\\\/\"]}]},{\"@type\":\"ImageObject\",\"inLanguage\":\"fr-FR\",\"@id\":\"https:\\\/\\\/repatransportbanden.nl\\\/fr\\\/rubber\\\/overige-toebehoren-en-accessoires\\\/#primaryimage\",\"url\":\"https:\\\/\\\/repatransportbanden.nl\\\/wp-content\\\/uploads\\\/2021\\\/12\\\/Overige-toebehoren.jpg\",\"contentUrl\":\"https:\\\/\\\/repatransportbanden.nl\\\/wp-content\\\/uploads\\\/2021\\\/12\\\/Overige-toebehoren.jpg\",\"width\":331,\"height\":331},{\"@type\":\"BreadcrumbList\",\"@id\":\"https:\\\/\\\/repatransportbanden.nl\\\/fr\\\/rubber\\\/overige-toebehoren-en-accessoires\\\/#breadcrumb\",\"itemListElement\":[{\"@type\":\"ListItem\",\"position\":1,\"name\":\"d\u2019accueil\",\"item\":\"https:\\\/\\\/repatransportbanden.nl\\\/fr\\\/\"},{\"@type\":\"ListItem\",\"position\":2,\"name\":\"Caoutchouc\",\"item\":\"https:\\\/\\\/repatransportbanden.tempurl.host\\\/fr\\\/rubber\\\/\"},{\"@type\":\"ListItem\",\"position\":3,\"name\":\"Autres accessoires et \u00e9quipements\"}]},{\"@type\":\"WebSite\",\"@id\":\"https:\\\/\\\/repatransportbanden.tempurl.host\\\/#website\",\"url\":\"https:\\\/\\\/repatransportbanden.tempurl.host\\\/\",\"name\":\"repatransportbanden.nl\",\"description\":\"\",\"potentialAction\":[{\"@type\":\"SearchAction\",\"target\":{\"@type\":\"EntryPoint\",\"urlTemplate\":\"https:\\\/\\\/repatransportbanden.tempurl.host\\\/?s={search_term_string}\"},\"query-input\":{\"@type\":\"PropertyValueSpecification\",\"valueRequired\":true,\"valueName\":\"search_term_string\"}}],\"inLanguage\":\"fr-FR\"}]}<\/script>\n<!-- \/ Yoast SEO plugin. -->","yoast_head_json":{"title":"Autres accessoires et \u00e9quipements - repatransportbanden.nl","robots":{"index":"index","follow":"follow","max-snippet":"max-snippet:-1","max-image-preview":"max-image-preview:large","max-video-preview":"max-video-preview:-1"},"canonical":"https:\/\/repatransportbanden.nl\/fr\/rubber\/overige-toebehoren-en-accessoires\/","og_locale":"fr_FR","og_type":"article","og_title":"Autres accessoires et \u00e9quipements - repatransportbanden.nl","og_description":"Repa propose, outre des bandes transporteuses, \u00e9galement une gamme \u00e9largie d&rsquo;accessoires. Nous proposons des profils en V, des stations en auge, des rouleaux de guidage de bande, des barres d&rsquo;impact ainsi que de nombreux autres produits. &nbsp;&nbsp;&nbsp; Nous vous invitons donc \u00e0 consulter l\u2019aper\u00e7u REPA de tous les accessoires et \u00e9quipements. Vous trouverez presque toujours&hellip; Continue reading Autres accessoires et \u00e9quipements","og_url":"https:\/\/repatransportbanden.nl\/fr\/rubber\/overige-toebehoren-en-accessoires\/","og_site_name":"repatransportbanden.nl","article_modified_time":"2021-12-28T10:09:55+00:00","og_image":[{"width":331,"height":331,"url":"https:\/\/repatransportbanden.tempurl.host\/wp-content\/uploads\/2021\/12\/Overige-toebehoren.jpg","type":"image\/jpeg"}],"twitter_card":"summary_large_image","twitter_misc":{"Dur\u00e9e de lecture estim\u00e9e":"1 minute"},"schema":{"@context":"https:\/\/schema.org","@graph":[{"@type":"WebPage","@id":"https:\/\/repatransportbanden.nl\/fr\/rubber\/overige-toebehoren-en-accessoires\/","url":"https:\/\/repatransportbanden.nl\/fr\/rubber\/overige-toebehoren-en-accessoires\/","name":"Autres accessoires et \u00e9quipements - repatransportbanden.nl","isPartOf":{"@id":"https:\/\/repatransportbanden.tempurl.host\/#website"},"primaryImageOfPage":{"@id":"https:\/\/repatransportbanden.nl\/fr\/rubber\/overige-toebehoren-en-accessoires\/#primaryimage"},"image":{"@id":"https:\/\/repatransportbanden.nl\/fr\/rubber\/overige-toebehoren-en-accessoires\/#primaryimage"},"thumbnailUrl":"https:\/\/repatransportbanden.nl\/wp-content\/uploads\/2021\/12\/Overige-toebehoren.jpg","datePublished":"2021-12-16T07:56:22+00:00","dateModified":"2021-12-28T10:09:55+00:00","breadcrumb":{"@id":"https:\/\/repatransportbanden.nl\/fr\/rubber\/overige-toebehoren-en-accessoires\/#breadcrumb"},"inLanguage":"fr-FR","potentialAction":[{"@type":"ReadAction","target":["https:\/\/repatransportbanden.nl\/fr\/rubber\/overige-toebehoren-en-accessoires\/"]}]},{"@type":"ImageObject","inLanguage":"fr-FR","@id":"https:\/\/repatransportbanden.nl\/fr\/rubber\/overige-toebehoren-en-accessoires\/#primaryimage","url":"https:\/\/repatransportbanden.nl\/wp-content\/uploads\/2021\/12\/Overige-toebehoren.jpg","contentUrl":"https:\/\/repatransportbanden.nl\/wp-content\/uploads\/2021\/12\/Overige-toebehoren.jpg","width":331,"height":331},{"@type":"BreadcrumbList","@id":"https:\/\/repatransportbanden.nl\/fr\/rubber\/overige-toebehoren-en-accessoires\/#breadcrumb","itemListElement":[{"@type":"ListItem","position":1,"name":"d\u2019accueil","item":"https:\/\/repatransportbanden.nl\/fr\/"},{"@type":"ListItem","position":2,"name":"Caoutchouc","item":"https:\/\/repatransportbanden.tempurl.host\/fr\/rubber\/"},{"@type":"ListItem","position":3,"name":"Autres accessoires et \u00e9quipements"}]},{"@type":"WebSite","@id":"https:\/\/repatransportbanden.tempurl.host\/#website","url":"https:\/\/repatransportbanden.tempurl.host\/","name":"repatransportbanden.nl","description":"","potentialAction":[{"@type":"SearchAction","target":{"@type":"EntryPoint","urlTemplate":"https:\/\/repatransportbanden.tempurl.host\/?s={search_term_string}"},"query-input":{"@type":"PropertyValueSpecification","valueRequired":true,"valueName":"search_term_string"}}],"inLanguage":"fr-FR"}]}},"_links":{"self":[{"href":"https:\/\/repatransportbanden.nl\/fr\/wp-json\/wp\/v2\/pages\/1638","targetHints":{"allow":["GET"]}}],"collection":[{"href":"https:\/\/repatransportbanden.nl\/fr\/wp-json\/wp\/v2\/pages"}],"about":[{"href":"https:\/\/repatransportbanden.nl\/fr\/wp-json\/wp\/v2\/types\/page"}],"author":[{"embeddable":true,"href":"https:\/\/repatransportbanden.nl\/fr\/wp-json\/wp\/v2\/users\/2"}],"replies":[{"embeddable":true,"href":"https:\/\/repatransportbanden.nl\/fr\/wp-json\/wp\/v2\/comments?post=1638"}],"version-history":[{"count":4,"href":"https:\/\/repatransportbanden.nl\/fr\/wp-json\/wp\/v2\/pages\/1638\/revisions"}],"predecessor-version":[{"id":3121,"href":"https:\/\/repatransportbanden.nl\/fr\/wp-json\/wp\/v2\/pages\/1638\/revisions\/3121"}],"up":[{"embeddable":true,"href":"https:\/\/repatransportbanden.nl\/fr\/wp-json\/wp\/v2\/pages\/1594"}],"wp:featuredmedia":[{"embeddable":true,"href":"https:\/\/repatransportbanden.nl\/fr\/wp-json\/wp\/v2\/media\/1113"}],"wp:attachment":[{"href":"https:\/\/repatransportbanden.nl\/fr\/wp-json\/wp\/v2\/media?parent=1638"}],"curies":[{"name":"wp","href":"https:\/\/api.w.org\/{rel}","templated":true}]}}