{"id":1634,"date":"2021-12-16T08:55:42","date_gmt":"2021-12-16T07:55:42","guid":{"rendered":"https:\/\/repatransportbanden.nl\/rubber\/rubber-snaren\/"},"modified":"2021-12-29T06:20:30","modified_gmt":"2021-12-29T05:20:30","slug":"rubber-snaren","status":"publish","type":"page","link":"https:\/\/repatransportbanden.nl\/fr\/rubber\/rubber-snaren\/","title":{"rendered":"Profils en caoutchouc"},"content":{"rendered":"\n<p>Les bandes transporteuses peuvent \u00eatre soumises \u00e0 des forces lat\u00e9rales consid\u00e9rables. Il peut donc arriver que la bande transporteuse d\u00e9raille. Pour pr\u00e9venir ce type d\u2019incident et assurer la plus grande stabilit\u00e9 possible, il est donc conseill\u00e9 de mettre en place des profils de guidage sur les bandes.<\/p>\n\n\n\n<p>Il existe diff\u00e9rents types de profils de guidage, tels que les courroies en forme de V ou de bloc. Les bandes peuvent \u00eatre dot\u00e9es de profil par un proc\u00e9d\u00e9 de vulcanisation \u00e0 chaud ou \u00e0 froid. Ce choix d\u00e9pend de l&rsquo;industrie sp\u00e9cifique dans laquelle vous travaillez et des applications pour lesquelles vous utilisez la bande.<\/p>\n","protected":false},"excerpt":{"rendered":"<p>Les bandes transporteuses peuvent \u00eatre soumises \u00e0 des forces lat\u00e9rales consid\u00e9rables. Il peut donc arriver que la bande transporteuse d\u00e9raille. Pour pr\u00e9venir ce type d\u2019incident et assurer la plus grande stabilit\u00e9 possible, il est donc conseill\u00e9 de mettre en place des profils de guidage sur les bandes. Il existe diff\u00e9rents types de profils de guidage,&hellip; <a class=\"more-link\" href=\"https:\/\/repatransportbanden.nl\/fr\/rubber\/rubber-snaren\/\">Continue reading <span class=\"screen-reader-text\">Profils en caoutchouc<\/span><\/a><\/p>\n","protected":false},"author":2,"featured_media":1155,"parent":1594,"menu_order":0,"comment_status":"closed","ping_status":"closed","template":"templates\/template-service.php","meta":{"_acf_changed":false,"footnotes":""},"class_list":["post-1634","page","type-page","status-publish","has-post-thumbnail","hentry","entry"],"acf":[],"yoast_head":"<!-- This site is optimized with the Yoast SEO plugin v27.3 - https:\/\/yoast.com\/product\/yoast-seo-wordpress\/ -->\n<title>Profils en caoutchouc - repatransportbanden.nl<\/title>\n<meta name=\"robots\" content=\"index, follow, max-snippet:-1, max-image-preview:large, max-video-preview:-1\" \/>\n<link rel=\"canonical\" href=\"https:\/\/repatransportbanden.nl\/fr\/rubber\/rubber-snaren\/\" \/>\n<meta property=\"og:locale\" content=\"fr_FR\" \/>\n<meta property=\"og:type\" content=\"article\" \/>\n<meta property=\"og:title\" content=\"Profils en caoutchouc - repatransportbanden.nl\" \/>\n<meta property=\"og:description\" content=\"Les bandes transporteuses peuvent \u00eatre soumises \u00e0 des forces lat\u00e9rales consid\u00e9rables. Il peut donc arriver que la bande transporteuse d\u00e9raille. Pour pr\u00e9venir ce type d\u2019incident et assurer la plus grande stabilit\u00e9 possible, il est donc conseill\u00e9 de mettre en place des profils de guidage sur les bandes. Il existe diff\u00e9rents types de profils de guidage,&hellip; Continue reading Profils en caoutchouc\" \/>\n<meta property=\"og:url\" content=\"https:\/\/repatransportbanden.nl\/fr\/rubber\/rubber-snaren\/\" \/>\n<meta property=\"og:site_name\" content=\"repatransportbanden.nl\" \/>\n<meta property=\"article:modified_time\" content=\"2021-12-29T05:20:30+00:00\" \/>\n<meta property=\"og:image\" content=\"https:\/\/repatransportbanden.tempurl.host\/wp-content\/uploads\/2021\/12\/Rubber-snaren.jpg\" \/>\n\t<meta property=\"og:image:width\" content=\"331\" \/>\n\t<meta property=\"og:image:height\" content=\"331\" \/>\n\t<meta property=\"og:image:type\" content=\"image\/jpeg\" \/>\n<meta name=\"twitter:card\" content=\"summary_large_image\" \/>\n<meta name=\"twitter:label1\" content=\"Dur\u00e9e de lecture estim\u00e9e\" \/>\n\t<meta name=\"twitter:data1\" content=\"1 minute\" \/>\n<script type=\"application\/ld+json\" class=\"yoast-schema-graph\">{\"@context\":\"https:\\\/\\\/schema.org\",\"@graph\":[{\"@type\":\"WebPage\",\"@id\":\"https:\\\/\\\/repatransportbanden.nl\\\/fr\\\/rubber\\\/rubber-snaren\\\/\",\"url\":\"https:\\\/\\\/repatransportbanden.nl\\\/fr\\\/rubber\\\/rubber-snaren\\\/\",\"name\":\"Profils en caoutchouc - repatransportbanden.nl\",\"isPartOf\":{\"@id\":\"https:\\\/\\\/repatransportbanden.tempurl.host\\\/#website\"},\"primaryImageOfPage\":{\"@id\":\"https:\\\/\\\/repatransportbanden.nl\\\/fr\\\/rubber\\\/rubber-snaren\\\/#primaryimage\"},\"image\":{\"@id\":\"https:\\\/\\\/repatransportbanden.nl\\\/fr\\\/rubber\\\/rubber-snaren\\\/#primaryimage\"},\"thumbnailUrl\":\"https:\\\/\\\/repatransportbanden.nl\\\/wp-content\\\/uploads\\\/2021\\\/12\\\/Rubber-snaren.jpg\",\"datePublished\":\"2021-12-16T07:55:42+00:00\",\"dateModified\":\"2021-12-29T05:20:30+00:00\",\"breadcrumb\":{\"@id\":\"https:\\\/\\\/repatransportbanden.nl\\\/fr\\\/rubber\\\/rubber-snaren\\\/#breadcrumb\"},\"inLanguage\":\"fr-FR\",\"potentialAction\":[{\"@type\":\"ReadAction\",\"target\":[\"https:\\\/\\\/repatransportbanden.nl\\\/fr\\\/rubber\\\/rubber-snaren\\\/\"]}]},{\"@type\":\"ImageObject\",\"inLanguage\":\"fr-FR\",\"@id\":\"https:\\\/\\\/repatransportbanden.nl\\\/fr\\\/rubber\\\/rubber-snaren\\\/#primaryimage\",\"url\":\"https:\\\/\\\/repatransportbanden.nl\\\/wp-content\\\/uploads\\\/2021\\\/12\\\/Rubber-snaren.jpg\",\"contentUrl\":\"https:\\\/\\\/repatransportbanden.nl\\\/wp-content\\\/uploads\\\/2021\\\/12\\\/Rubber-snaren.jpg\",\"width\":331,\"height\":331},{\"@type\":\"BreadcrumbList\",\"@id\":\"https:\\\/\\\/repatransportbanden.nl\\\/fr\\\/rubber\\\/rubber-snaren\\\/#breadcrumb\",\"itemListElement\":[{\"@type\":\"ListItem\",\"position\":1,\"name\":\"d\u2019accueil\",\"item\":\"https:\\\/\\\/repatransportbanden.nl\\\/fr\\\/\"},{\"@type\":\"ListItem\",\"position\":2,\"name\":\"Caoutchouc\",\"item\":\"https:\\\/\\\/repatransportbanden.tempurl.host\\\/fr\\\/rubber\\\/\"},{\"@type\":\"ListItem\",\"position\":3,\"name\":\"Profils en caoutchouc\"}]},{\"@type\":\"WebSite\",\"@id\":\"https:\\\/\\\/repatransportbanden.tempurl.host\\\/#website\",\"url\":\"https:\\\/\\\/repatransportbanden.tempurl.host\\\/\",\"name\":\"repatransportbanden.nl\",\"description\":\"\",\"potentialAction\":[{\"@type\":\"SearchAction\",\"target\":{\"@type\":\"EntryPoint\",\"urlTemplate\":\"https:\\\/\\\/repatransportbanden.tempurl.host\\\/?s={search_term_string}\"},\"query-input\":{\"@type\":\"PropertyValueSpecification\",\"valueRequired\":true,\"valueName\":\"search_term_string\"}}],\"inLanguage\":\"fr-FR\"}]}<\/script>\n<!-- \/ Yoast SEO plugin. -->","yoast_head_json":{"title":"Profils en caoutchouc - repatransportbanden.nl","robots":{"index":"index","follow":"follow","max-snippet":"max-snippet:-1","max-image-preview":"max-image-preview:large","max-video-preview":"max-video-preview:-1"},"canonical":"https:\/\/repatransportbanden.nl\/fr\/rubber\/rubber-snaren\/","og_locale":"fr_FR","og_type":"article","og_title":"Profils en caoutchouc - repatransportbanden.nl","og_description":"Les bandes transporteuses peuvent \u00eatre soumises \u00e0 des forces lat\u00e9rales consid\u00e9rables. Il peut donc arriver que la bande transporteuse d\u00e9raille. Pour pr\u00e9venir ce type d\u2019incident et assurer la plus grande stabilit\u00e9 possible, il est donc conseill\u00e9 de mettre en place des profils de guidage sur les bandes. Il existe diff\u00e9rents types de profils de guidage,&hellip; Continue reading Profils en caoutchouc","og_url":"https:\/\/repatransportbanden.nl\/fr\/rubber\/rubber-snaren\/","og_site_name":"repatransportbanden.nl","article_modified_time":"2021-12-29T05:20:30+00:00","og_image":[{"width":331,"height":331,"url":"https:\/\/repatransportbanden.tempurl.host\/wp-content\/uploads\/2021\/12\/Rubber-snaren.jpg","type":"image\/jpeg"}],"twitter_card":"summary_large_image","twitter_misc":{"Dur\u00e9e de lecture estim\u00e9e":"1 minute"},"schema":{"@context":"https:\/\/schema.org","@graph":[{"@type":"WebPage","@id":"https:\/\/repatransportbanden.nl\/fr\/rubber\/rubber-snaren\/","url":"https:\/\/repatransportbanden.nl\/fr\/rubber\/rubber-snaren\/","name":"Profils en caoutchouc - repatransportbanden.nl","isPartOf":{"@id":"https:\/\/repatransportbanden.tempurl.host\/#website"},"primaryImageOfPage":{"@id":"https:\/\/repatransportbanden.nl\/fr\/rubber\/rubber-snaren\/#primaryimage"},"image":{"@id":"https:\/\/repatransportbanden.nl\/fr\/rubber\/rubber-snaren\/#primaryimage"},"thumbnailUrl":"https:\/\/repatransportbanden.nl\/wp-content\/uploads\/2021\/12\/Rubber-snaren.jpg","datePublished":"2021-12-16T07:55:42+00:00","dateModified":"2021-12-29T05:20:30+00:00","breadcrumb":{"@id":"https:\/\/repatransportbanden.nl\/fr\/rubber\/rubber-snaren\/#breadcrumb"},"inLanguage":"fr-FR","potentialAction":[{"@type":"ReadAction","target":["https:\/\/repatransportbanden.nl\/fr\/rubber\/rubber-snaren\/"]}]},{"@type":"ImageObject","inLanguage":"fr-FR","@id":"https:\/\/repatransportbanden.nl\/fr\/rubber\/rubber-snaren\/#primaryimage","url":"https:\/\/repatransportbanden.nl\/wp-content\/uploads\/2021\/12\/Rubber-snaren.jpg","contentUrl":"https:\/\/repatransportbanden.nl\/wp-content\/uploads\/2021\/12\/Rubber-snaren.jpg","width":331,"height":331},{"@type":"BreadcrumbList","@id":"https:\/\/repatransportbanden.nl\/fr\/rubber\/rubber-snaren\/#breadcrumb","itemListElement":[{"@type":"ListItem","position":1,"name":"d\u2019accueil","item":"https:\/\/repatransportbanden.nl\/fr\/"},{"@type":"ListItem","position":2,"name":"Caoutchouc","item":"https:\/\/repatransportbanden.tempurl.host\/fr\/rubber\/"},{"@type":"ListItem","position":3,"name":"Profils en caoutchouc"}]},{"@type":"WebSite","@id":"https:\/\/repatransportbanden.tempurl.host\/#website","url":"https:\/\/repatransportbanden.tempurl.host\/","name":"repatransportbanden.nl","description":"","potentialAction":[{"@type":"SearchAction","target":{"@type":"EntryPoint","urlTemplate":"https:\/\/repatransportbanden.tempurl.host\/?s={search_term_string}"},"query-input":{"@type":"PropertyValueSpecification","valueRequired":true,"valueName":"search_term_string"}}],"inLanguage":"fr-FR"}]}},"_links":{"self":[{"href":"https:\/\/repatransportbanden.nl\/fr\/wp-json\/wp\/v2\/pages\/1634","targetHints":{"allow":["GET"]}}],"collection":[{"href":"https:\/\/repatransportbanden.nl\/fr\/wp-json\/wp\/v2\/pages"}],"about":[{"href":"https:\/\/repatransportbanden.nl\/fr\/wp-json\/wp\/v2\/types\/page"}],"author":[{"embeddable":true,"href":"https:\/\/repatransportbanden.nl\/fr\/wp-json\/wp\/v2\/users\/2"}],"replies":[{"embeddable":true,"href":"https:\/\/repatransportbanden.nl\/fr\/wp-json\/wp\/v2\/comments?post=1634"}],"version-history":[{"count":4,"href":"https:\/\/repatransportbanden.nl\/fr\/wp-json\/wp\/v2\/pages\/1634\/revisions"}],"predecessor-version":[{"id":3131,"href":"https:\/\/repatransportbanden.nl\/fr\/wp-json\/wp\/v2\/pages\/1634\/revisions\/3131"}],"up":[{"embeddable":true,"href":"https:\/\/repatransportbanden.nl\/fr\/wp-json\/wp\/v2\/pages\/1594"}],"wp:featuredmedia":[{"embeddable":true,"href":"https:\/\/repatransportbanden.nl\/fr\/wp-json\/wp\/v2\/media\/1155"}],"wp:attachment":[{"href":"https:\/\/repatransportbanden.nl\/fr\/wp-json\/wp\/v2\/media?parent=1634"}],"curies":[{"name":"wp","href":"https:\/\/api.w.org\/{rel}","templated":true}]}}