{"id":1628,"date":"2021-12-16T08:54:07","date_gmt":"2021-12-16T07:54:07","guid":{"rendered":"https:\/\/repatransportbanden.nl\/rubber\/reparatiematerialen\/"},"modified":"2021-12-28T11:15:08","modified_gmt":"2021-12-28T10:15:08","slug":"reparatiematerialen","status":"publish","type":"page","link":"https:\/\/repatransportbanden.nl\/fr\/rubber\/reparatiematerialen\/","title":{"rendered":"Mat\u00e9riaux de r\u00e9paration"},"content":{"rendered":"\n<p>Il n&rsquo;est pas toujours n\u00e9cessaire d&rsquo;acqu\u00e9rir de nouvelles bandes lorsque les bandes transporteuses que vous utilisez sont endommag\u00e9es. Tout d\u00e9pend du type et de la gravit\u00e9 des dommages. Chez REPA, nous disposons de nombreux moyens pour restaurer les bandes transporteuses.<\/p>\n\n\n\n<p>Dans presque tous les cas, nous pouvons r\u00e9parer les bandes transporteuses endommag\u00e9es en utilisant des bandes ou des patchs de r\u00e9paration sp\u00e9ciaux. Si cela n&rsquo;est pas possible, nous pouvons \u00e9galement utiliser, par exemple, des agrafes de bande, une vulcanisation \u00e0 chaud ou du caoutchouc \u00e0 deux composants.<\/p>\n","protected":false},"excerpt":{"rendered":"<p>Il n&rsquo;est pas toujours n\u00e9cessaire d&rsquo;acqu\u00e9rir de nouvelles bandes lorsque les bandes transporteuses que vous utilisez sont endommag\u00e9es. Tout d\u00e9pend du type et de la gravit\u00e9 des dommages. Chez REPA, nous disposons de nombreux moyens pour restaurer les bandes transporteuses. Dans presque tous les cas, nous pouvons r\u00e9parer les bandes transporteuses endommag\u00e9es en utilisant des&hellip; <a class=\"more-link\" href=\"https:\/\/repatransportbanden.nl\/fr\/rubber\/reparatiematerialen\/\">Continue reading <span class=\"screen-reader-text\">Mat\u00e9riaux de r\u00e9paration<\/span><\/a><\/p>\n","protected":false},"author":2,"featured_media":1143,"parent":1594,"menu_order":0,"comment_status":"closed","ping_status":"closed","template":"templates\/template-service.php","meta":{"_acf_changed":false,"footnotes":""},"class_list":["post-1628","page","type-page","status-publish","has-post-thumbnail","hentry","entry"],"acf":[],"yoast_head":"<!-- This site is optimized with the Yoast SEO plugin v27.3 - https:\/\/yoast.com\/product\/yoast-seo-wordpress\/ -->\n<title>Mat\u00e9riaux de r\u00e9paration - repatransportbanden.nl<\/title>\n<meta name=\"robots\" content=\"index, follow, max-snippet:-1, max-image-preview:large, max-video-preview:-1\" \/>\n<link rel=\"canonical\" href=\"https:\/\/repatransportbanden.nl\/fr\/rubber\/reparatiematerialen\/\" \/>\n<meta property=\"og:locale\" content=\"fr_FR\" \/>\n<meta property=\"og:type\" content=\"article\" \/>\n<meta property=\"og:title\" content=\"Mat\u00e9riaux de r\u00e9paration - repatransportbanden.nl\" \/>\n<meta property=\"og:description\" content=\"Il n&rsquo;est pas toujours n\u00e9cessaire d&rsquo;acqu\u00e9rir de nouvelles bandes lorsque les bandes transporteuses que vous utilisez sont endommag\u00e9es. Tout d\u00e9pend du type et de la gravit\u00e9 des dommages. Chez REPA, nous disposons de nombreux moyens pour restaurer les bandes transporteuses. Dans presque tous les cas, nous pouvons r\u00e9parer les bandes transporteuses endommag\u00e9es en utilisant des&hellip; Continue reading Mat\u00e9riaux de r\u00e9paration\" \/>\n<meta property=\"og:url\" content=\"https:\/\/repatransportbanden.nl\/fr\/rubber\/reparatiematerialen\/\" \/>\n<meta property=\"og:site_name\" content=\"repatransportbanden.nl\" \/>\n<meta property=\"article:modified_time\" content=\"2021-12-28T10:15:08+00:00\" \/>\n<meta property=\"og:image\" content=\"https:\/\/repatransportbanden.tempurl.host\/wp-content\/uploads\/2021\/12\/Reparatiematerialen.jpg\" \/>\n\t<meta property=\"og:image:width\" content=\"331\" \/>\n\t<meta property=\"og:image:height\" content=\"331\" \/>\n\t<meta property=\"og:image:type\" content=\"image\/jpeg\" \/>\n<meta name=\"twitter:card\" content=\"summary_large_image\" \/>\n<script type=\"application\/ld+json\" class=\"yoast-schema-graph\">{\"@context\":\"https:\\\/\\\/schema.org\",\"@graph\":[{\"@type\":\"WebPage\",\"@id\":\"https:\\\/\\\/repatransportbanden.nl\\\/fr\\\/rubber\\\/reparatiematerialen\\\/\",\"url\":\"https:\\\/\\\/repatransportbanden.nl\\\/fr\\\/rubber\\\/reparatiematerialen\\\/\",\"name\":\"Mat\u00e9riaux de r\u00e9paration - repatransportbanden.nl\",\"isPartOf\":{\"@id\":\"https:\\\/\\\/repatransportbanden.tempurl.host\\\/#website\"},\"primaryImageOfPage\":{\"@id\":\"https:\\\/\\\/repatransportbanden.nl\\\/fr\\\/rubber\\\/reparatiematerialen\\\/#primaryimage\"},\"image\":{\"@id\":\"https:\\\/\\\/repatransportbanden.nl\\\/fr\\\/rubber\\\/reparatiematerialen\\\/#primaryimage\"},\"thumbnailUrl\":\"https:\\\/\\\/repatransportbanden.nl\\\/wp-content\\\/uploads\\\/2021\\\/12\\\/Reparatiematerialen.jpg\",\"datePublished\":\"2021-12-16T07:54:07+00:00\",\"dateModified\":\"2021-12-28T10:15:08+00:00\",\"breadcrumb\":{\"@id\":\"https:\\\/\\\/repatransportbanden.nl\\\/fr\\\/rubber\\\/reparatiematerialen\\\/#breadcrumb\"},\"inLanguage\":\"fr-FR\",\"potentialAction\":[{\"@type\":\"ReadAction\",\"target\":[\"https:\\\/\\\/repatransportbanden.nl\\\/fr\\\/rubber\\\/reparatiematerialen\\\/\"]}]},{\"@type\":\"ImageObject\",\"inLanguage\":\"fr-FR\",\"@id\":\"https:\\\/\\\/repatransportbanden.nl\\\/fr\\\/rubber\\\/reparatiematerialen\\\/#primaryimage\",\"url\":\"https:\\\/\\\/repatransportbanden.nl\\\/wp-content\\\/uploads\\\/2021\\\/12\\\/Reparatiematerialen.jpg\",\"contentUrl\":\"https:\\\/\\\/repatransportbanden.nl\\\/wp-content\\\/uploads\\\/2021\\\/12\\\/Reparatiematerialen.jpg\",\"width\":331,\"height\":331},{\"@type\":\"BreadcrumbList\",\"@id\":\"https:\\\/\\\/repatransportbanden.nl\\\/fr\\\/rubber\\\/reparatiematerialen\\\/#breadcrumb\",\"itemListElement\":[{\"@type\":\"ListItem\",\"position\":1,\"name\":\"d\u2019accueil\",\"item\":\"https:\\\/\\\/repatransportbanden.nl\\\/fr\\\/\"},{\"@type\":\"ListItem\",\"position\":2,\"name\":\"Caoutchouc\",\"item\":\"https:\\\/\\\/repatransportbanden.tempurl.host\\\/fr\\\/rubber\\\/\"},{\"@type\":\"ListItem\",\"position\":3,\"name\":\"Mat\u00e9riaux de r\u00e9paration\"}]},{\"@type\":\"WebSite\",\"@id\":\"https:\\\/\\\/repatransportbanden.tempurl.host\\\/#website\",\"url\":\"https:\\\/\\\/repatransportbanden.tempurl.host\\\/\",\"name\":\"repatransportbanden.nl\",\"description\":\"\",\"potentialAction\":[{\"@type\":\"SearchAction\",\"target\":{\"@type\":\"EntryPoint\",\"urlTemplate\":\"https:\\\/\\\/repatransportbanden.tempurl.host\\\/?s={search_term_string}\"},\"query-input\":{\"@type\":\"PropertyValueSpecification\",\"valueRequired\":true,\"valueName\":\"search_term_string\"}}],\"inLanguage\":\"fr-FR\"}]}<\/script>\n<!-- \/ Yoast SEO plugin. -->","yoast_head_json":{"title":"Mat\u00e9riaux de r\u00e9paration - repatransportbanden.nl","robots":{"index":"index","follow":"follow","max-snippet":"max-snippet:-1","max-image-preview":"max-image-preview:large","max-video-preview":"max-video-preview:-1"},"canonical":"https:\/\/repatransportbanden.nl\/fr\/rubber\/reparatiematerialen\/","og_locale":"fr_FR","og_type":"article","og_title":"Mat\u00e9riaux de r\u00e9paration - repatransportbanden.nl","og_description":"Il n&rsquo;est pas toujours n\u00e9cessaire d&rsquo;acqu\u00e9rir de nouvelles bandes lorsque les bandes transporteuses que vous utilisez sont endommag\u00e9es. Tout d\u00e9pend du type et de la gravit\u00e9 des dommages. Chez REPA, nous disposons de nombreux moyens pour restaurer les bandes transporteuses. Dans presque tous les cas, nous pouvons r\u00e9parer les bandes transporteuses endommag\u00e9es en utilisant des&hellip; Continue reading Mat\u00e9riaux de r\u00e9paration","og_url":"https:\/\/repatransportbanden.nl\/fr\/rubber\/reparatiematerialen\/","og_site_name":"repatransportbanden.nl","article_modified_time":"2021-12-28T10:15:08+00:00","og_image":[{"width":331,"height":331,"url":"https:\/\/repatransportbanden.tempurl.host\/wp-content\/uploads\/2021\/12\/Reparatiematerialen.jpg","type":"image\/jpeg"}],"twitter_card":"summary_large_image","schema":{"@context":"https:\/\/schema.org","@graph":[{"@type":"WebPage","@id":"https:\/\/repatransportbanden.nl\/fr\/rubber\/reparatiematerialen\/","url":"https:\/\/repatransportbanden.nl\/fr\/rubber\/reparatiematerialen\/","name":"Mat\u00e9riaux de r\u00e9paration - repatransportbanden.nl","isPartOf":{"@id":"https:\/\/repatransportbanden.tempurl.host\/#website"},"primaryImageOfPage":{"@id":"https:\/\/repatransportbanden.nl\/fr\/rubber\/reparatiematerialen\/#primaryimage"},"image":{"@id":"https:\/\/repatransportbanden.nl\/fr\/rubber\/reparatiematerialen\/#primaryimage"},"thumbnailUrl":"https:\/\/repatransportbanden.nl\/wp-content\/uploads\/2021\/12\/Reparatiematerialen.jpg","datePublished":"2021-12-16T07:54:07+00:00","dateModified":"2021-12-28T10:15:08+00:00","breadcrumb":{"@id":"https:\/\/repatransportbanden.nl\/fr\/rubber\/reparatiematerialen\/#breadcrumb"},"inLanguage":"fr-FR","potentialAction":[{"@type":"ReadAction","target":["https:\/\/repatransportbanden.nl\/fr\/rubber\/reparatiematerialen\/"]}]},{"@type":"ImageObject","inLanguage":"fr-FR","@id":"https:\/\/repatransportbanden.nl\/fr\/rubber\/reparatiematerialen\/#primaryimage","url":"https:\/\/repatransportbanden.nl\/wp-content\/uploads\/2021\/12\/Reparatiematerialen.jpg","contentUrl":"https:\/\/repatransportbanden.nl\/wp-content\/uploads\/2021\/12\/Reparatiematerialen.jpg","width":331,"height":331},{"@type":"BreadcrumbList","@id":"https:\/\/repatransportbanden.nl\/fr\/rubber\/reparatiematerialen\/#breadcrumb","itemListElement":[{"@type":"ListItem","position":1,"name":"d\u2019accueil","item":"https:\/\/repatransportbanden.nl\/fr\/"},{"@type":"ListItem","position":2,"name":"Caoutchouc","item":"https:\/\/repatransportbanden.tempurl.host\/fr\/rubber\/"},{"@type":"ListItem","position":3,"name":"Mat\u00e9riaux de r\u00e9paration"}]},{"@type":"WebSite","@id":"https:\/\/repatransportbanden.tempurl.host\/#website","url":"https:\/\/repatransportbanden.tempurl.host\/","name":"repatransportbanden.nl","description":"","potentialAction":[{"@type":"SearchAction","target":{"@type":"EntryPoint","urlTemplate":"https:\/\/repatransportbanden.tempurl.host\/?s={search_term_string}"},"query-input":{"@type":"PropertyValueSpecification","valueRequired":true,"valueName":"search_term_string"}}],"inLanguage":"fr-FR"}]}},"_links":{"self":[{"href":"https:\/\/repatransportbanden.nl\/fr\/wp-json\/wp\/v2\/pages\/1628","targetHints":{"allow":["GET"]}}],"collection":[{"href":"https:\/\/repatransportbanden.nl\/fr\/wp-json\/wp\/v2\/pages"}],"about":[{"href":"https:\/\/repatransportbanden.nl\/fr\/wp-json\/wp\/v2\/types\/page"}],"author":[{"embeddable":true,"href":"https:\/\/repatransportbanden.nl\/fr\/wp-json\/wp\/v2\/users\/2"}],"replies":[{"embeddable":true,"href":"https:\/\/repatransportbanden.nl\/fr\/wp-json\/wp\/v2\/comments?post=1628"}],"version-history":[{"count":3,"href":"https:\/\/repatransportbanden.nl\/fr\/wp-json\/wp\/v2\/pages\/1628\/revisions"}],"predecessor-version":[{"id":3127,"href":"https:\/\/repatransportbanden.nl\/fr\/wp-json\/wp\/v2\/pages\/1628\/revisions\/3127"}],"up":[{"embeddable":true,"href":"https:\/\/repatransportbanden.nl\/fr\/wp-json\/wp\/v2\/pages\/1594"}],"wp:featuredmedia":[{"embeddable":true,"href":"https:\/\/repatransportbanden.nl\/fr\/wp-json\/wp\/v2\/media\/1143"}],"wp:attachment":[{"href":"https:\/\/repatransportbanden.nl\/fr\/wp-json\/wp\/v2\/media?parent=1628"}],"curies":[{"name":"wp","href":"https:\/\/api.w.org\/{rel}","templated":true}]}}