{"id":1622,"date":"2021-12-16T08:52:11","date_gmt":"2021-12-16T07:52:11","guid":{"rendered":"https:\/\/repatransportbanden.nl\/rubber\/profielbanden\/"},"modified":"2021-12-28T11:12:32","modified_gmt":"2021-12-28T10:12:32","slug":"profielbanden","status":"publish","type":"page","link":"https:\/\/repatransportbanden.nl\/fr\/rubber\/profielbanden\/","title":{"rendered":"Bandes profil\u00e9es"},"content":{"rendered":"\n<p>Les bandes profil\u00e9es sont des bandes transporteuses sp\u00e9ciales con\u00e7ues pour transporter des produits sous un angle donn\u00e9. Ces bandes sont n\u00e9cessaires dans nombre de secteurs, dont, notamment, celui de la logistique, de l&rsquo;agriculture et de la construction de routes. &nbsp;<\/p>\n\n\n\n<p>Repa dispose d&rsquo;un important assortiment de bandes profil\u00e9es \u00e9quip\u00e9es de diff\u00e9rents types de profils. Dans les types de profils les plus courants, on trouve le profil en V ou en chevron, mais nous fournissons \u00e9galement de nombreuses autres variantes. Quel que soit votre souhait ou le d\u00e9fi qui est le v\u00f4tre, nous aurons toujours la bande qu&rsquo;il vous faut.<\/p>\n\n\n\n<p>Le choix d&rsquo;une bande \u00e0 profils ne se limite pas au choix d\u2019un type de profil. La hauteur et la largeur du profil ainsi que la largeur de la bande jouent \u00e9galement un r\u00f4le important dans le choix que vous devez faire.<\/p>\n","protected":false},"excerpt":{"rendered":"<p>Les bandes profil\u00e9es sont des bandes transporteuses sp\u00e9ciales con\u00e7ues pour transporter des produits sous un angle donn\u00e9. Ces bandes sont n\u00e9cessaires dans nombre de secteurs, dont, notamment, celui de la logistique, de l&rsquo;agriculture et de la construction de routes. &nbsp; Repa dispose d&rsquo;un important assortiment de bandes profil\u00e9es \u00e9quip\u00e9es de diff\u00e9rents types de profils. Dans&hellip; <a class=\"more-link\" href=\"https:\/\/repatransportbanden.nl\/fr\/rubber\/profielbanden\/\">Continue reading <span class=\"screen-reader-text\">Bandes profil\u00e9es<\/span><\/a><\/p>\n","protected":false},"author":2,"featured_media":1125,"parent":1594,"menu_order":0,"comment_status":"closed","ping_status":"closed","template":"templates\/template-service.php","meta":{"_acf_changed":false,"footnotes":""},"class_list":["post-1622","page","type-page","status-publish","has-post-thumbnail","hentry","entry"],"acf":[],"yoast_head":"<!-- This site is optimized with the Yoast SEO plugin v27.3 - https:\/\/yoast.com\/product\/yoast-seo-wordpress\/ -->\n<title>Bandes profil\u00e9es - repatransportbanden.nl<\/title>\n<meta name=\"robots\" content=\"index, follow, max-snippet:-1, max-image-preview:large, max-video-preview:-1\" \/>\n<link rel=\"canonical\" href=\"https:\/\/repatransportbanden.nl\/fr\/rubber\/profielbanden\/\" \/>\n<meta property=\"og:locale\" content=\"fr_FR\" \/>\n<meta property=\"og:type\" content=\"article\" \/>\n<meta property=\"og:title\" content=\"Bandes profil\u00e9es - repatransportbanden.nl\" \/>\n<meta property=\"og:description\" content=\"Les bandes profil\u00e9es sont des bandes transporteuses sp\u00e9ciales con\u00e7ues pour transporter des produits sous un angle donn\u00e9. Ces bandes sont n\u00e9cessaires dans nombre de secteurs, dont, notamment, celui de la logistique, de l&rsquo;agriculture et de la construction de routes. &nbsp; Repa dispose d&rsquo;un important assortiment de bandes profil\u00e9es \u00e9quip\u00e9es de diff\u00e9rents types de profils. Dans&hellip; Continue reading Bandes profil\u00e9es\" \/>\n<meta property=\"og:url\" content=\"https:\/\/repatransportbanden.nl\/fr\/rubber\/profielbanden\/\" \/>\n<meta property=\"og:site_name\" content=\"repatransportbanden.nl\" \/>\n<meta property=\"article:modified_time\" content=\"2021-12-28T10:12:32+00:00\" \/>\n<meta property=\"og:image\" content=\"https:\/\/repatransportbanden.tempurl.host\/wp-content\/uploads\/2021\/12\/Profielbanden.jpg\" \/>\n\t<meta property=\"og:image:width\" content=\"331\" \/>\n\t<meta property=\"og:image:height\" content=\"331\" \/>\n\t<meta property=\"og:image:type\" content=\"image\/jpeg\" \/>\n<meta name=\"twitter:card\" content=\"summary_large_image\" \/>\n<meta name=\"twitter:label1\" content=\"Dur\u00e9e de lecture estim\u00e9e\" \/>\n\t<meta name=\"twitter:data1\" content=\"1 minute\" \/>\n<script type=\"application\/ld+json\" class=\"yoast-schema-graph\">{\"@context\":\"https:\\\/\\\/schema.org\",\"@graph\":[{\"@type\":\"WebPage\",\"@id\":\"https:\\\/\\\/repatransportbanden.nl\\\/fr\\\/rubber\\\/profielbanden\\\/\",\"url\":\"https:\\\/\\\/repatransportbanden.nl\\\/fr\\\/rubber\\\/profielbanden\\\/\",\"name\":\"Bandes profil\u00e9es - repatransportbanden.nl\",\"isPartOf\":{\"@id\":\"https:\\\/\\\/repatransportbanden.tempurl.host\\\/#website\"},\"primaryImageOfPage\":{\"@id\":\"https:\\\/\\\/repatransportbanden.nl\\\/fr\\\/rubber\\\/profielbanden\\\/#primaryimage\"},\"image\":{\"@id\":\"https:\\\/\\\/repatransportbanden.nl\\\/fr\\\/rubber\\\/profielbanden\\\/#primaryimage\"},\"thumbnailUrl\":\"https:\\\/\\\/repatransportbanden.nl\\\/wp-content\\\/uploads\\\/2021\\\/12\\\/Profielbanden.jpg\",\"datePublished\":\"2021-12-16T07:52:11+00:00\",\"dateModified\":\"2021-12-28T10:12:32+00:00\",\"breadcrumb\":{\"@id\":\"https:\\\/\\\/repatransportbanden.nl\\\/fr\\\/rubber\\\/profielbanden\\\/#breadcrumb\"},\"inLanguage\":\"fr-FR\",\"potentialAction\":[{\"@type\":\"ReadAction\",\"target\":[\"https:\\\/\\\/repatransportbanden.nl\\\/fr\\\/rubber\\\/profielbanden\\\/\"]}]},{\"@type\":\"ImageObject\",\"inLanguage\":\"fr-FR\",\"@id\":\"https:\\\/\\\/repatransportbanden.nl\\\/fr\\\/rubber\\\/profielbanden\\\/#primaryimage\",\"url\":\"https:\\\/\\\/repatransportbanden.nl\\\/wp-content\\\/uploads\\\/2021\\\/12\\\/Profielbanden.jpg\",\"contentUrl\":\"https:\\\/\\\/repatransportbanden.nl\\\/wp-content\\\/uploads\\\/2021\\\/12\\\/Profielbanden.jpg\",\"width\":331,\"height\":331},{\"@type\":\"BreadcrumbList\",\"@id\":\"https:\\\/\\\/repatransportbanden.nl\\\/fr\\\/rubber\\\/profielbanden\\\/#breadcrumb\",\"itemListElement\":[{\"@type\":\"ListItem\",\"position\":1,\"name\":\"d\u2019accueil\",\"item\":\"https:\\\/\\\/repatransportbanden.nl\\\/fr\\\/\"},{\"@type\":\"ListItem\",\"position\":2,\"name\":\"Caoutchouc\",\"item\":\"https:\\\/\\\/repatransportbanden.tempurl.host\\\/fr\\\/rubber\\\/\"},{\"@type\":\"ListItem\",\"position\":3,\"name\":\"Bandes profil\u00e9es\"}]},{\"@type\":\"WebSite\",\"@id\":\"https:\\\/\\\/repatransportbanden.tempurl.host\\\/#website\",\"url\":\"https:\\\/\\\/repatransportbanden.tempurl.host\\\/\",\"name\":\"repatransportbanden.nl\",\"description\":\"\",\"potentialAction\":[{\"@type\":\"SearchAction\",\"target\":{\"@type\":\"EntryPoint\",\"urlTemplate\":\"https:\\\/\\\/repatransportbanden.tempurl.host\\\/?s={search_term_string}\"},\"query-input\":{\"@type\":\"PropertyValueSpecification\",\"valueRequired\":true,\"valueName\":\"search_term_string\"}}],\"inLanguage\":\"fr-FR\"}]}<\/script>\n<!-- \/ Yoast SEO plugin. -->","yoast_head_json":{"title":"Bandes profil\u00e9es - repatransportbanden.nl","robots":{"index":"index","follow":"follow","max-snippet":"max-snippet:-1","max-image-preview":"max-image-preview:large","max-video-preview":"max-video-preview:-1"},"canonical":"https:\/\/repatransportbanden.nl\/fr\/rubber\/profielbanden\/","og_locale":"fr_FR","og_type":"article","og_title":"Bandes profil\u00e9es - repatransportbanden.nl","og_description":"Les bandes profil\u00e9es sont des bandes transporteuses sp\u00e9ciales con\u00e7ues pour transporter des produits sous un angle donn\u00e9. Ces bandes sont n\u00e9cessaires dans nombre de secteurs, dont, notamment, celui de la logistique, de l&rsquo;agriculture et de la construction de routes. &nbsp; Repa dispose d&rsquo;un important assortiment de bandes profil\u00e9es \u00e9quip\u00e9es de diff\u00e9rents types de profils. Dans&hellip; Continue reading Bandes profil\u00e9es","og_url":"https:\/\/repatransportbanden.nl\/fr\/rubber\/profielbanden\/","og_site_name":"repatransportbanden.nl","article_modified_time":"2021-12-28T10:12:32+00:00","og_image":[{"width":331,"height":331,"url":"https:\/\/repatransportbanden.tempurl.host\/wp-content\/uploads\/2021\/12\/Profielbanden.jpg","type":"image\/jpeg"}],"twitter_card":"summary_large_image","twitter_misc":{"Dur\u00e9e de lecture estim\u00e9e":"1 minute"},"schema":{"@context":"https:\/\/schema.org","@graph":[{"@type":"WebPage","@id":"https:\/\/repatransportbanden.nl\/fr\/rubber\/profielbanden\/","url":"https:\/\/repatransportbanden.nl\/fr\/rubber\/profielbanden\/","name":"Bandes profil\u00e9es - repatransportbanden.nl","isPartOf":{"@id":"https:\/\/repatransportbanden.tempurl.host\/#website"},"primaryImageOfPage":{"@id":"https:\/\/repatransportbanden.nl\/fr\/rubber\/profielbanden\/#primaryimage"},"image":{"@id":"https:\/\/repatransportbanden.nl\/fr\/rubber\/profielbanden\/#primaryimage"},"thumbnailUrl":"https:\/\/repatransportbanden.nl\/wp-content\/uploads\/2021\/12\/Profielbanden.jpg","datePublished":"2021-12-16T07:52:11+00:00","dateModified":"2021-12-28T10:12:32+00:00","breadcrumb":{"@id":"https:\/\/repatransportbanden.nl\/fr\/rubber\/profielbanden\/#breadcrumb"},"inLanguage":"fr-FR","potentialAction":[{"@type":"ReadAction","target":["https:\/\/repatransportbanden.nl\/fr\/rubber\/profielbanden\/"]}]},{"@type":"ImageObject","inLanguage":"fr-FR","@id":"https:\/\/repatransportbanden.nl\/fr\/rubber\/profielbanden\/#primaryimage","url":"https:\/\/repatransportbanden.nl\/wp-content\/uploads\/2021\/12\/Profielbanden.jpg","contentUrl":"https:\/\/repatransportbanden.nl\/wp-content\/uploads\/2021\/12\/Profielbanden.jpg","width":331,"height":331},{"@type":"BreadcrumbList","@id":"https:\/\/repatransportbanden.nl\/fr\/rubber\/profielbanden\/#breadcrumb","itemListElement":[{"@type":"ListItem","position":1,"name":"d\u2019accueil","item":"https:\/\/repatransportbanden.nl\/fr\/"},{"@type":"ListItem","position":2,"name":"Caoutchouc","item":"https:\/\/repatransportbanden.tempurl.host\/fr\/rubber\/"},{"@type":"ListItem","position":3,"name":"Bandes profil\u00e9es"}]},{"@type":"WebSite","@id":"https:\/\/repatransportbanden.tempurl.host\/#website","url":"https:\/\/repatransportbanden.tempurl.host\/","name":"repatransportbanden.nl","description":"","potentialAction":[{"@type":"SearchAction","target":{"@type":"EntryPoint","urlTemplate":"https:\/\/repatransportbanden.tempurl.host\/?s={search_term_string}"},"query-input":{"@type":"PropertyValueSpecification","valueRequired":true,"valueName":"search_term_string"}}],"inLanguage":"fr-FR"}]}},"_links":{"self":[{"href":"https:\/\/repatransportbanden.nl\/fr\/wp-json\/wp\/v2\/pages\/1622","targetHints":{"allow":["GET"]}}],"collection":[{"href":"https:\/\/repatransportbanden.nl\/fr\/wp-json\/wp\/v2\/pages"}],"about":[{"href":"https:\/\/repatransportbanden.nl\/fr\/wp-json\/wp\/v2\/types\/page"}],"author":[{"embeddable":true,"href":"https:\/\/repatransportbanden.nl\/fr\/wp-json\/wp\/v2\/users\/2"}],"replies":[{"embeddable":true,"href":"https:\/\/repatransportbanden.nl\/fr\/wp-json\/wp\/v2\/comments?post=1622"}],"version-history":[{"count":3,"href":"https:\/\/repatransportbanden.nl\/fr\/wp-json\/wp\/v2\/pages\/1622\/revisions"}],"predecessor-version":[{"id":3124,"href":"https:\/\/repatransportbanden.nl\/fr\/wp-json\/wp\/v2\/pages\/1622\/revisions\/3124"}],"up":[{"embeddable":true,"href":"https:\/\/repatransportbanden.nl\/fr\/wp-json\/wp\/v2\/pages\/1594"}],"wp:featuredmedia":[{"embeddable":true,"href":"https:\/\/repatransportbanden.nl\/fr\/wp-json\/wp\/v2\/media\/1125"}],"wp:attachment":[{"href":"https:\/\/repatransportbanden.nl\/fr\/wp-json\/wp\/v2\/media?parent=1622"}],"curies":[{"name":"wp","href":"https:\/\/api.w.org\/{rel}","templated":true}]}}