{"id":1612,"date":"2021-12-16T08:50:09","date_gmt":"2021-12-16T07:50:09","guid":{"rendered":"https:\/\/repatransportbanden.nl\/rubber\/hittebestendige-banden\/"},"modified":"2021-12-28T10:55:07","modified_gmt":"2021-12-28T09:55:07","slug":"hittebestendige-banden","status":"publish","type":"page","link":"https:\/\/repatransportbanden.nl\/fr\/rubber\/hittebestendige-banden\/","title":{"rendered":"Bandes r\u00e9sistantes \u00e0 la chaleur"},"content":{"rendered":"\n<p>Dans les situations o\u00f9 des substances ou des produits chauds doivent \u00eatre transport\u00e9s par bande transporteuse, l\u2019utilisation de bandes r\u00e9sistantes \u00e0 la chaleur est absolument n\u00e9cessaire. Pensez, par exemple, \u00e0 l&rsquo;industrie sid\u00e9rurgique, au secteur du recyclage ou au secteur portuaire.<\/p>\n\n\n\n<p>Lorsque des bandes transporteuses sont expos\u00e9es \u00e0 des temp\u00e9ratures tr\u00e8s \u00e9lev\u00e9es pendant une longue p\u00e9riode, leur qualit\u00e9 peut rapidement se d\u00e9t\u00e9riorer. Il peut alors arriver, par exemple, que non seulement les couvercles et les incrustations se d\u00e9tachent, mais aussi que la soudure se d\u00e9t\u00e9riore. Il peut s\u2019en suivre une rupture de la bande ayant pour cons\u00e9quence une stagnation de la production.<\/p>\n\n\n\n<p>Avec les bandes transporteuses de haute qualit\u00e9 de Repa, sp\u00e9cialement con\u00e7ues pour r\u00e9sister \u00e0 la chaleur, ces accidents ne peuvent se produire.<\/p>\n","protected":false},"excerpt":{"rendered":"<p>Dans les situations o\u00f9 des substances ou des produits chauds doivent \u00eatre transport\u00e9s par bande transporteuse, l\u2019utilisation de bandes r\u00e9sistantes \u00e0 la chaleur est absolument n\u00e9cessaire. Pensez, par exemple, \u00e0 l&rsquo;industrie sid\u00e9rurgique, au secteur du recyclage ou au secteur portuaire. Lorsque des bandes transporteuses sont expos\u00e9es \u00e0 des temp\u00e9ratures tr\u00e8s \u00e9lev\u00e9es pendant une longue p\u00e9riode,&hellip; <a class=\"more-link\" href=\"https:\/\/repatransportbanden.nl\/fr\/rubber\/hittebestendige-banden\/\">Continue reading <span class=\"screen-reader-text\">Bandes r\u00e9sistantes \u00e0 la chaleur<\/span><\/a><\/p>\n","protected":false},"author":2,"featured_media":1089,"parent":1594,"menu_order":0,"comment_status":"closed","ping_status":"closed","template":"templates\/template-service.php","meta":{"_acf_changed":false,"footnotes":""},"class_list":["post-1612","page","type-page","status-publish","has-post-thumbnail","hentry","entry"],"acf":[],"yoast_head":"<!-- This site is optimized with the Yoast SEO plugin v27.3 - https:\/\/yoast.com\/product\/yoast-seo-wordpress\/ -->\n<title>Bandes r\u00e9sistantes \u00e0 la chaleur - repatransportbanden.nl<\/title>\n<meta name=\"robots\" content=\"index, follow, max-snippet:-1, max-image-preview:large, max-video-preview:-1\" \/>\n<link rel=\"canonical\" href=\"https:\/\/repatransportbanden.nl\/fr\/rubber\/hittebestendige-banden\/\" \/>\n<meta property=\"og:locale\" content=\"fr_FR\" \/>\n<meta property=\"og:type\" content=\"article\" \/>\n<meta property=\"og:title\" content=\"Bandes r\u00e9sistantes \u00e0 la chaleur - repatransportbanden.nl\" \/>\n<meta property=\"og:description\" content=\"Dans les situations o\u00f9 des substances ou des produits chauds doivent \u00eatre transport\u00e9s par bande transporteuse, l\u2019utilisation de bandes r\u00e9sistantes \u00e0 la chaleur est absolument n\u00e9cessaire. Pensez, par exemple, \u00e0 l&rsquo;industrie sid\u00e9rurgique, au secteur du recyclage ou au secteur portuaire. Lorsque des bandes transporteuses sont expos\u00e9es \u00e0 des temp\u00e9ratures tr\u00e8s \u00e9lev\u00e9es pendant une longue p\u00e9riode,&hellip; Continue reading Bandes r\u00e9sistantes \u00e0 la chaleur\" \/>\n<meta property=\"og:url\" content=\"https:\/\/repatransportbanden.nl\/fr\/rubber\/hittebestendige-banden\/\" \/>\n<meta property=\"og:site_name\" content=\"repatransportbanden.nl\" \/>\n<meta property=\"article:modified_time\" content=\"2021-12-28T09:55:07+00:00\" \/>\n<meta property=\"og:image\" content=\"https:\/\/repatransportbanden.tempurl.host\/wp-content\/uploads\/2021\/12\/Hittebestendige-banden.jpg\" \/>\n\t<meta property=\"og:image:width\" content=\"331\" \/>\n\t<meta property=\"og:image:height\" content=\"331\" \/>\n\t<meta property=\"og:image:type\" content=\"image\/jpeg\" \/>\n<meta name=\"twitter:card\" content=\"summary_large_image\" \/>\n<meta name=\"twitter:label1\" content=\"Dur\u00e9e de lecture estim\u00e9e\" \/>\n\t<meta name=\"twitter:data1\" content=\"1 minute\" \/>\n<script type=\"application\/ld+json\" class=\"yoast-schema-graph\">{\"@context\":\"https:\\\/\\\/schema.org\",\"@graph\":[{\"@type\":\"WebPage\",\"@id\":\"https:\\\/\\\/repatransportbanden.nl\\\/fr\\\/rubber\\\/hittebestendige-banden\\\/\",\"url\":\"https:\\\/\\\/repatransportbanden.nl\\\/fr\\\/rubber\\\/hittebestendige-banden\\\/\",\"name\":\"Bandes r\u00e9sistantes \u00e0 la chaleur - repatransportbanden.nl\",\"isPartOf\":{\"@id\":\"https:\\\/\\\/repatransportbanden.tempurl.host\\\/#website\"},\"primaryImageOfPage\":{\"@id\":\"https:\\\/\\\/repatransportbanden.nl\\\/fr\\\/rubber\\\/hittebestendige-banden\\\/#primaryimage\"},\"image\":{\"@id\":\"https:\\\/\\\/repatransportbanden.nl\\\/fr\\\/rubber\\\/hittebestendige-banden\\\/#primaryimage\"},\"thumbnailUrl\":\"https:\\\/\\\/repatransportbanden.nl\\\/wp-content\\\/uploads\\\/2021\\\/12\\\/Hittebestendige-banden.jpg\",\"datePublished\":\"2021-12-16T07:50:09+00:00\",\"dateModified\":\"2021-12-28T09:55:07+00:00\",\"breadcrumb\":{\"@id\":\"https:\\\/\\\/repatransportbanden.nl\\\/fr\\\/rubber\\\/hittebestendige-banden\\\/#breadcrumb\"},\"inLanguage\":\"fr-FR\",\"potentialAction\":[{\"@type\":\"ReadAction\",\"target\":[\"https:\\\/\\\/repatransportbanden.nl\\\/fr\\\/rubber\\\/hittebestendige-banden\\\/\"]}]},{\"@type\":\"ImageObject\",\"inLanguage\":\"fr-FR\",\"@id\":\"https:\\\/\\\/repatransportbanden.nl\\\/fr\\\/rubber\\\/hittebestendige-banden\\\/#primaryimage\",\"url\":\"https:\\\/\\\/repatransportbanden.nl\\\/wp-content\\\/uploads\\\/2021\\\/12\\\/Hittebestendige-banden.jpg\",\"contentUrl\":\"https:\\\/\\\/repatransportbanden.nl\\\/wp-content\\\/uploads\\\/2021\\\/12\\\/Hittebestendige-banden.jpg\",\"width\":331,\"height\":331},{\"@type\":\"BreadcrumbList\",\"@id\":\"https:\\\/\\\/repatransportbanden.nl\\\/fr\\\/rubber\\\/hittebestendige-banden\\\/#breadcrumb\",\"itemListElement\":[{\"@type\":\"ListItem\",\"position\":1,\"name\":\"d\u2019accueil\",\"item\":\"https:\\\/\\\/repatransportbanden.nl\\\/fr\\\/\"},{\"@type\":\"ListItem\",\"position\":2,\"name\":\"Caoutchouc\",\"item\":\"https:\\\/\\\/repatransportbanden.tempurl.host\\\/fr\\\/rubber\\\/\"},{\"@type\":\"ListItem\",\"position\":3,\"name\":\"Bandes r\u00e9sistantes \u00e0 la chaleur\"}]},{\"@type\":\"WebSite\",\"@id\":\"https:\\\/\\\/repatransportbanden.tempurl.host\\\/#website\",\"url\":\"https:\\\/\\\/repatransportbanden.tempurl.host\\\/\",\"name\":\"repatransportbanden.nl\",\"description\":\"\",\"potentialAction\":[{\"@type\":\"SearchAction\",\"target\":{\"@type\":\"EntryPoint\",\"urlTemplate\":\"https:\\\/\\\/repatransportbanden.tempurl.host\\\/?s={search_term_string}\"},\"query-input\":{\"@type\":\"PropertyValueSpecification\",\"valueRequired\":true,\"valueName\":\"search_term_string\"}}],\"inLanguage\":\"fr-FR\"}]}<\/script>\n<!-- \/ Yoast SEO plugin. -->","yoast_head_json":{"title":"Bandes r\u00e9sistantes \u00e0 la chaleur - repatransportbanden.nl","robots":{"index":"index","follow":"follow","max-snippet":"max-snippet:-1","max-image-preview":"max-image-preview:large","max-video-preview":"max-video-preview:-1"},"canonical":"https:\/\/repatransportbanden.nl\/fr\/rubber\/hittebestendige-banden\/","og_locale":"fr_FR","og_type":"article","og_title":"Bandes r\u00e9sistantes \u00e0 la chaleur - repatransportbanden.nl","og_description":"Dans les situations o\u00f9 des substances ou des produits chauds doivent \u00eatre transport\u00e9s par bande transporteuse, l\u2019utilisation de bandes r\u00e9sistantes \u00e0 la chaleur est absolument n\u00e9cessaire. Pensez, par exemple, \u00e0 l&rsquo;industrie sid\u00e9rurgique, au secteur du recyclage ou au secteur portuaire. Lorsque des bandes transporteuses sont expos\u00e9es \u00e0 des temp\u00e9ratures tr\u00e8s \u00e9lev\u00e9es pendant une longue p\u00e9riode,&hellip; Continue reading Bandes r\u00e9sistantes \u00e0 la chaleur","og_url":"https:\/\/repatransportbanden.nl\/fr\/rubber\/hittebestendige-banden\/","og_site_name":"repatransportbanden.nl","article_modified_time":"2021-12-28T09:55:07+00:00","og_image":[{"width":331,"height":331,"url":"https:\/\/repatransportbanden.tempurl.host\/wp-content\/uploads\/2021\/12\/Hittebestendige-banden.jpg","type":"image\/jpeg"}],"twitter_card":"summary_large_image","twitter_misc":{"Dur\u00e9e de lecture estim\u00e9e":"1 minute"},"schema":{"@context":"https:\/\/schema.org","@graph":[{"@type":"WebPage","@id":"https:\/\/repatransportbanden.nl\/fr\/rubber\/hittebestendige-banden\/","url":"https:\/\/repatransportbanden.nl\/fr\/rubber\/hittebestendige-banden\/","name":"Bandes r\u00e9sistantes \u00e0 la chaleur - repatransportbanden.nl","isPartOf":{"@id":"https:\/\/repatransportbanden.tempurl.host\/#website"},"primaryImageOfPage":{"@id":"https:\/\/repatransportbanden.nl\/fr\/rubber\/hittebestendige-banden\/#primaryimage"},"image":{"@id":"https:\/\/repatransportbanden.nl\/fr\/rubber\/hittebestendige-banden\/#primaryimage"},"thumbnailUrl":"https:\/\/repatransportbanden.nl\/wp-content\/uploads\/2021\/12\/Hittebestendige-banden.jpg","datePublished":"2021-12-16T07:50:09+00:00","dateModified":"2021-12-28T09:55:07+00:00","breadcrumb":{"@id":"https:\/\/repatransportbanden.nl\/fr\/rubber\/hittebestendige-banden\/#breadcrumb"},"inLanguage":"fr-FR","potentialAction":[{"@type":"ReadAction","target":["https:\/\/repatransportbanden.nl\/fr\/rubber\/hittebestendige-banden\/"]}]},{"@type":"ImageObject","inLanguage":"fr-FR","@id":"https:\/\/repatransportbanden.nl\/fr\/rubber\/hittebestendige-banden\/#primaryimage","url":"https:\/\/repatransportbanden.nl\/wp-content\/uploads\/2021\/12\/Hittebestendige-banden.jpg","contentUrl":"https:\/\/repatransportbanden.nl\/wp-content\/uploads\/2021\/12\/Hittebestendige-banden.jpg","width":331,"height":331},{"@type":"BreadcrumbList","@id":"https:\/\/repatransportbanden.nl\/fr\/rubber\/hittebestendige-banden\/#breadcrumb","itemListElement":[{"@type":"ListItem","position":1,"name":"d\u2019accueil","item":"https:\/\/repatransportbanden.nl\/fr\/"},{"@type":"ListItem","position":2,"name":"Caoutchouc","item":"https:\/\/repatransportbanden.tempurl.host\/fr\/rubber\/"},{"@type":"ListItem","position":3,"name":"Bandes r\u00e9sistantes \u00e0 la chaleur"}]},{"@type":"WebSite","@id":"https:\/\/repatransportbanden.tempurl.host\/#website","url":"https:\/\/repatransportbanden.tempurl.host\/","name":"repatransportbanden.nl","description":"","potentialAction":[{"@type":"SearchAction","target":{"@type":"EntryPoint","urlTemplate":"https:\/\/repatransportbanden.tempurl.host\/?s={search_term_string}"},"query-input":{"@type":"PropertyValueSpecification","valueRequired":true,"valueName":"search_term_string"}}],"inLanguage":"fr-FR"}]}},"_links":{"self":[{"href":"https:\/\/repatransportbanden.nl\/fr\/wp-json\/wp\/v2\/pages\/1612","targetHints":{"allow":["GET"]}}],"collection":[{"href":"https:\/\/repatransportbanden.nl\/fr\/wp-json\/wp\/v2\/pages"}],"about":[{"href":"https:\/\/repatransportbanden.nl\/fr\/wp-json\/wp\/v2\/types\/page"}],"author":[{"embeddable":true,"href":"https:\/\/repatransportbanden.nl\/fr\/wp-json\/wp\/v2\/users\/2"}],"replies":[{"embeddable":true,"href":"https:\/\/repatransportbanden.nl\/fr\/wp-json\/wp\/v2\/comments?post=1612"}],"version-history":[{"count":3,"href":"https:\/\/repatransportbanden.nl\/fr\/wp-json\/wp\/v2\/pages\/1612\/revisions"}],"predecessor-version":[{"id":3116,"href":"https:\/\/repatransportbanden.nl\/fr\/wp-json\/wp\/v2\/pages\/1612\/revisions\/3116"}],"up":[{"embeddable":true,"href":"https:\/\/repatransportbanden.nl\/fr\/wp-json\/wp\/v2\/pages\/1594"}],"wp:featuredmedia":[{"embeddable":true,"href":"https:\/\/repatransportbanden.nl\/fr\/wp-json\/wp\/v2\/media\/1089"}],"wp:attachment":[{"href":"https:\/\/repatransportbanden.nl\/fr\/wp-json\/wp\/v2\/media?parent=1612"}],"curies":[{"name":"wp","href":"https:\/\/api.w.org\/{rel}","templated":true}]}}