{"id":1606,"date":"2021-12-16T08:49:10","date_gmt":"2021-12-16T07:49:10","guid":{"rendered":"https:\/\/repatransportbanden.nl\/rubber\/elevatorbanden\/"},"modified":"2021-12-28T10:39:53","modified_gmt":"2021-12-28T09:39:53","slug":"elevatorbanden","status":"publish","type":"page","link":"https:\/\/repatransportbanden.nl\/fr\/rubber\/elevatorbanden\/","title":{"rendered":"Bandes transporteuses \u00e9l\u00e9vatrices"},"content":{"rendered":"\n<p>Les bandes transporteuses \u00e9l\u00e9vatrices sont sp\u00e9cifiquement destin\u00e9es aux mouvements verticaux de mat\u00e9riaux ou de produits en vrac.<\/p>\n\n\n\n<p>Le choix d&rsquo;une bande \u00e9l\u00e9vatrice de bonne qualit\u00e9 est essentiel pour autant que l\u2019on veuille \u00e9viter les arr\u00eats et les calamit\u00e9s.&nbsp;Notre programme comprend diff\u00e9rents types de bandes \u00e9l\u00e9vatrices, souvent renforc\u00e9es par des couches de polyester\/polyamide sp\u00e9cialement tiss\u00e9es ou \u00e9quip\u00e9es de renforts en tissage d\u2019acier. Elles sont disponibles dans des qualit\u00e9s r\u00e9sistantes aux huiles et aux graisses ou bien dans des qualit\u00e9s destin\u00e9es \u00e0 l\u2019industrie alimentaire ou, encore, avec des propri\u00e9t\u00e9s de retardement de flamme, de r\u00e9sistance \u00e0 l&rsquo;abrasion et \u00e0 la chaleur.<\/p>\n\n\n\n<p>Repa dispose de kilom\u00e8tres de bande \u00e9l\u00e9vatrice dans son stock et peut donc livrer tr\u00e8s rapidement.<\/p>\n","protected":false},"excerpt":{"rendered":"<p>Les bandes transporteuses \u00e9l\u00e9vatrices sont sp\u00e9cifiquement destin\u00e9es aux mouvements verticaux de mat\u00e9riaux ou de produits en vrac. Le choix d&rsquo;une bande \u00e9l\u00e9vatrice de bonne qualit\u00e9 est essentiel pour autant que l\u2019on veuille \u00e9viter les arr\u00eats et les calamit\u00e9s.&nbsp;Notre programme comprend diff\u00e9rents types de bandes \u00e9l\u00e9vatrices, souvent renforc\u00e9es par des couches de polyester\/polyamide sp\u00e9cialement tiss\u00e9es ou&hellip; <a class=\"more-link\" href=\"https:\/\/repatransportbanden.nl\/fr\/rubber\/elevatorbanden\/\">Continue reading <span class=\"screen-reader-text\">Bandes transporteuses \u00e9l\u00e9vatrices<\/span><\/a><\/p>\n","protected":false},"author":2,"featured_media":1074,"parent":1594,"menu_order":0,"comment_status":"closed","ping_status":"closed","template":"templates\/template-service.php","meta":{"_acf_changed":false,"footnotes":""},"class_list":["post-1606","page","type-page","status-publish","has-post-thumbnail","hentry","entry"],"acf":[],"yoast_head":"<!-- This site is optimized with the Yoast SEO plugin v27.3 - https:\/\/yoast.com\/product\/yoast-seo-wordpress\/ -->\n<title>Bandes transporteuses \u00e9l\u00e9vatrices - repatransportbanden.nl<\/title>\n<meta name=\"robots\" content=\"index, follow, max-snippet:-1, max-image-preview:large, max-video-preview:-1\" \/>\n<link rel=\"canonical\" href=\"https:\/\/repatransportbanden.nl\/fr\/rubber\/elevatorbanden\/\" \/>\n<meta property=\"og:locale\" content=\"fr_FR\" \/>\n<meta property=\"og:type\" content=\"article\" \/>\n<meta property=\"og:title\" content=\"Bandes transporteuses \u00e9l\u00e9vatrices - repatransportbanden.nl\" \/>\n<meta property=\"og:description\" content=\"Les bandes transporteuses \u00e9l\u00e9vatrices sont sp\u00e9cifiquement destin\u00e9es aux mouvements verticaux de mat\u00e9riaux ou de produits en vrac. Le choix d&rsquo;une bande \u00e9l\u00e9vatrice de bonne qualit\u00e9 est essentiel pour autant que l\u2019on veuille \u00e9viter les arr\u00eats et les calamit\u00e9s.&nbsp;Notre programme comprend diff\u00e9rents types de bandes \u00e9l\u00e9vatrices, souvent renforc\u00e9es par des couches de polyester\/polyamide sp\u00e9cialement tiss\u00e9es ou&hellip; Continue reading Bandes transporteuses \u00e9l\u00e9vatrices\" \/>\n<meta property=\"og:url\" content=\"https:\/\/repatransportbanden.nl\/fr\/rubber\/elevatorbanden\/\" \/>\n<meta property=\"og:site_name\" content=\"repatransportbanden.nl\" \/>\n<meta property=\"article:modified_time\" content=\"2021-12-28T09:39:53+00:00\" \/>\n<meta property=\"og:image\" content=\"https:\/\/repatransportbanden.tempurl.host\/wp-content\/uploads\/2021\/12\/Elevatorbanden01.jpg\" \/>\n\t<meta property=\"og:image:width\" content=\"331\" \/>\n\t<meta property=\"og:image:height\" content=\"331\" \/>\n\t<meta property=\"og:image:type\" content=\"image\/jpeg\" \/>\n<meta name=\"twitter:card\" content=\"summary_large_image\" \/>\n<meta name=\"twitter:label1\" content=\"Dur\u00e9e de lecture estim\u00e9e\" \/>\n\t<meta name=\"twitter:data1\" content=\"1 minute\" \/>\n<script type=\"application\/ld+json\" class=\"yoast-schema-graph\">{\"@context\":\"https:\\\/\\\/schema.org\",\"@graph\":[{\"@type\":\"WebPage\",\"@id\":\"https:\\\/\\\/repatransportbanden.nl\\\/fr\\\/rubber\\\/elevatorbanden\\\/\",\"url\":\"https:\\\/\\\/repatransportbanden.nl\\\/fr\\\/rubber\\\/elevatorbanden\\\/\",\"name\":\"Bandes transporteuses \u00e9l\u00e9vatrices - repatransportbanden.nl\",\"isPartOf\":{\"@id\":\"https:\\\/\\\/repatransportbanden.tempurl.host\\\/#website\"},\"primaryImageOfPage\":{\"@id\":\"https:\\\/\\\/repatransportbanden.nl\\\/fr\\\/rubber\\\/elevatorbanden\\\/#primaryimage\"},\"image\":{\"@id\":\"https:\\\/\\\/repatransportbanden.nl\\\/fr\\\/rubber\\\/elevatorbanden\\\/#primaryimage\"},\"thumbnailUrl\":\"https:\\\/\\\/repatransportbanden.nl\\\/wp-content\\\/uploads\\\/2021\\\/12\\\/Elevatorbanden01.jpg\",\"datePublished\":\"2021-12-16T07:49:10+00:00\",\"dateModified\":\"2021-12-28T09:39:53+00:00\",\"breadcrumb\":{\"@id\":\"https:\\\/\\\/repatransportbanden.nl\\\/fr\\\/rubber\\\/elevatorbanden\\\/#breadcrumb\"},\"inLanguage\":\"fr-FR\",\"potentialAction\":[{\"@type\":\"ReadAction\",\"target\":[\"https:\\\/\\\/repatransportbanden.nl\\\/fr\\\/rubber\\\/elevatorbanden\\\/\"]}]},{\"@type\":\"ImageObject\",\"inLanguage\":\"fr-FR\",\"@id\":\"https:\\\/\\\/repatransportbanden.nl\\\/fr\\\/rubber\\\/elevatorbanden\\\/#primaryimage\",\"url\":\"https:\\\/\\\/repatransportbanden.nl\\\/wp-content\\\/uploads\\\/2021\\\/12\\\/Elevatorbanden01.jpg\",\"contentUrl\":\"https:\\\/\\\/repatransportbanden.nl\\\/wp-content\\\/uploads\\\/2021\\\/12\\\/Elevatorbanden01.jpg\",\"width\":331,\"height\":331},{\"@type\":\"BreadcrumbList\",\"@id\":\"https:\\\/\\\/repatransportbanden.nl\\\/fr\\\/rubber\\\/elevatorbanden\\\/#breadcrumb\",\"itemListElement\":[{\"@type\":\"ListItem\",\"position\":1,\"name\":\"d\u2019accueil\",\"item\":\"https:\\\/\\\/repatransportbanden.nl\\\/fr\\\/\"},{\"@type\":\"ListItem\",\"position\":2,\"name\":\"Caoutchouc\",\"item\":\"https:\\\/\\\/repatransportbanden.tempurl.host\\\/fr\\\/rubber\\\/\"},{\"@type\":\"ListItem\",\"position\":3,\"name\":\"Bandes transporteuses \u00e9l\u00e9vatrices\"}]},{\"@type\":\"WebSite\",\"@id\":\"https:\\\/\\\/repatransportbanden.tempurl.host\\\/#website\",\"url\":\"https:\\\/\\\/repatransportbanden.tempurl.host\\\/\",\"name\":\"repatransportbanden.nl\",\"description\":\"\",\"potentialAction\":[{\"@type\":\"SearchAction\",\"target\":{\"@type\":\"EntryPoint\",\"urlTemplate\":\"https:\\\/\\\/repatransportbanden.tempurl.host\\\/?s={search_term_string}\"},\"query-input\":{\"@type\":\"PropertyValueSpecification\",\"valueRequired\":true,\"valueName\":\"search_term_string\"}}],\"inLanguage\":\"fr-FR\"}]}<\/script>\n<!-- \/ Yoast SEO plugin. -->","yoast_head_json":{"title":"Bandes transporteuses \u00e9l\u00e9vatrices - repatransportbanden.nl","robots":{"index":"index","follow":"follow","max-snippet":"max-snippet:-1","max-image-preview":"max-image-preview:large","max-video-preview":"max-video-preview:-1"},"canonical":"https:\/\/repatransportbanden.nl\/fr\/rubber\/elevatorbanden\/","og_locale":"fr_FR","og_type":"article","og_title":"Bandes transporteuses \u00e9l\u00e9vatrices - repatransportbanden.nl","og_description":"Les bandes transporteuses \u00e9l\u00e9vatrices sont sp\u00e9cifiquement destin\u00e9es aux mouvements verticaux de mat\u00e9riaux ou de produits en vrac. Le choix d&rsquo;une bande \u00e9l\u00e9vatrice de bonne qualit\u00e9 est essentiel pour autant que l\u2019on veuille \u00e9viter les arr\u00eats et les calamit\u00e9s.&nbsp;Notre programme comprend diff\u00e9rents types de bandes \u00e9l\u00e9vatrices, souvent renforc\u00e9es par des couches de polyester\/polyamide sp\u00e9cialement tiss\u00e9es ou&hellip; Continue reading Bandes transporteuses \u00e9l\u00e9vatrices","og_url":"https:\/\/repatransportbanden.nl\/fr\/rubber\/elevatorbanden\/","og_site_name":"repatransportbanden.nl","article_modified_time":"2021-12-28T09:39:53+00:00","og_image":[{"width":331,"height":331,"url":"https:\/\/repatransportbanden.tempurl.host\/wp-content\/uploads\/2021\/12\/Elevatorbanden01.jpg","type":"image\/jpeg"}],"twitter_card":"summary_large_image","twitter_misc":{"Dur\u00e9e de lecture estim\u00e9e":"1 minute"},"schema":{"@context":"https:\/\/schema.org","@graph":[{"@type":"WebPage","@id":"https:\/\/repatransportbanden.nl\/fr\/rubber\/elevatorbanden\/","url":"https:\/\/repatransportbanden.nl\/fr\/rubber\/elevatorbanden\/","name":"Bandes transporteuses \u00e9l\u00e9vatrices - repatransportbanden.nl","isPartOf":{"@id":"https:\/\/repatransportbanden.tempurl.host\/#website"},"primaryImageOfPage":{"@id":"https:\/\/repatransportbanden.nl\/fr\/rubber\/elevatorbanden\/#primaryimage"},"image":{"@id":"https:\/\/repatransportbanden.nl\/fr\/rubber\/elevatorbanden\/#primaryimage"},"thumbnailUrl":"https:\/\/repatransportbanden.nl\/wp-content\/uploads\/2021\/12\/Elevatorbanden01.jpg","datePublished":"2021-12-16T07:49:10+00:00","dateModified":"2021-12-28T09:39:53+00:00","breadcrumb":{"@id":"https:\/\/repatransportbanden.nl\/fr\/rubber\/elevatorbanden\/#breadcrumb"},"inLanguage":"fr-FR","potentialAction":[{"@type":"ReadAction","target":["https:\/\/repatransportbanden.nl\/fr\/rubber\/elevatorbanden\/"]}]},{"@type":"ImageObject","inLanguage":"fr-FR","@id":"https:\/\/repatransportbanden.nl\/fr\/rubber\/elevatorbanden\/#primaryimage","url":"https:\/\/repatransportbanden.nl\/wp-content\/uploads\/2021\/12\/Elevatorbanden01.jpg","contentUrl":"https:\/\/repatransportbanden.nl\/wp-content\/uploads\/2021\/12\/Elevatorbanden01.jpg","width":331,"height":331},{"@type":"BreadcrumbList","@id":"https:\/\/repatransportbanden.nl\/fr\/rubber\/elevatorbanden\/#breadcrumb","itemListElement":[{"@type":"ListItem","position":1,"name":"d\u2019accueil","item":"https:\/\/repatransportbanden.nl\/fr\/"},{"@type":"ListItem","position":2,"name":"Caoutchouc","item":"https:\/\/repatransportbanden.tempurl.host\/fr\/rubber\/"},{"@type":"ListItem","position":3,"name":"Bandes transporteuses \u00e9l\u00e9vatrices"}]},{"@type":"WebSite","@id":"https:\/\/repatransportbanden.tempurl.host\/#website","url":"https:\/\/repatransportbanden.tempurl.host\/","name":"repatransportbanden.nl","description":"","potentialAction":[{"@type":"SearchAction","target":{"@type":"EntryPoint","urlTemplate":"https:\/\/repatransportbanden.tempurl.host\/?s={search_term_string}"},"query-input":{"@type":"PropertyValueSpecification","valueRequired":true,"valueName":"search_term_string"}}],"inLanguage":"fr-FR"}]}},"_links":{"self":[{"href":"https:\/\/repatransportbanden.nl\/fr\/wp-json\/wp\/v2\/pages\/1606","targetHints":{"allow":["GET"]}}],"collection":[{"href":"https:\/\/repatransportbanden.nl\/fr\/wp-json\/wp\/v2\/pages"}],"about":[{"href":"https:\/\/repatransportbanden.nl\/fr\/wp-json\/wp\/v2\/types\/page"}],"author":[{"embeddable":true,"href":"https:\/\/repatransportbanden.nl\/fr\/wp-json\/wp\/v2\/users\/2"}],"replies":[{"embeddable":true,"href":"https:\/\/repatransportbanden.nl\/fr\/wp-json\/wp\/v2\/comments?post=1606"}],"version-history":[{"count":3,"href":"https:\/\/repatransportbanden.nl\/fr\/wp-json\/wp\/v2\/pages\/1606\/revisions"}],"predecessor-version":[{"id":3113,"href":"https:\/\/repatransportbanden.nl\/fr\/wp-json\/wp\/v2\/pages\/1606\/revisions\/3113"}],"up":[{"embeddable":true,"href":"https:\/\/repatransportbanden.nl\/fr\/wp-json\/wp\/v2\/pages\/1594"}],"wp:featuredmedia":[{"embeddable":true,"href":"https:\/\/repatransportbanden.nl\/fr\/wp-json\/wp\/v2\/media\/1074"}],"wp:attachment":[{"href":"https:\/\/repatransportbanden.nl\/fr\/wp-json\/wp\/v2\/media?parent=1606"}],"curies":[{"name":"wp","href":"https:\/\/api.w.org\/{rel}","templated":true}]}}