{"id":1600,"date":"2021-12-16T08:48:00","date_gmt":"2021-12-16T07:48:00","guid":{"rendered":"https:\/\/repatransportbanden.nl\/rubber\/bekledingsmateriaal\/"},"modified":"2021-12-28T10:28:29","modified_gmt":"2021-12-28T09:28:29","slug":"bekledingsmateriaal","status":"publish","type":"page","link":"https:\/\/repatransportbanden.nl\/fr\/rubber\/bekledingsmateriaal\/","title":{"rendered":"Mat\u00e9riau de rev\u00eatement"},"content":{"rendered":"\n<p>Vous voulez r\u00e9duire l&rsquo;usure de votre convoyeur ? \u00c0 moins que vous ayez affaire \u00e0 de fortes nuisances sonores li\u00e9es \u00e0 diff\u00e9rents composants et \u00e0 diff\u00e9rentes machines entrant dans la composition de votre installation ? La solution : utiliser un mat\u00e9riau de rev\u00eatement sp\u00e9cial.<\/p>\n\n\n\n<p>Tous les types de composants, y compris les points de d\u00e9versement, les entonnoirs et les conducteurs, peuvent \u00eatre recouverts d&rsquo;un mat\u00e9riau de rev\u00eatement en caoutchouc dont les propri\u00e9t\u00e9s offrent diff\u00e9rents avantages. Ces rev\u00eatements sont g\u00e9n\u00e9ralement r\u00e9sistants \u00e0 l&rsquo;abrasion et \u00e0 la d\u00e9chirure et sont tr\u00e8s isolants. Ils peuvent supporter, en outre, des forces et des charges \u00e9lev\u00e9es.<\/p>\n\n\n\n<p>Repa peut fournir tous ces mat\u00e9riaux de rev\u00eatement dans diff\u00e9rentes couleurs et &#8211; selon vos souhaits &#8211; munis ou non d\u2019une couche adh\u00e9sive.<\/p>\n","protected":false},"excerpt":{"rendered":"<p>Vous voulez r\u00e9duire l&rsquo;usure de votre convoyeur ? \u00c0 moins que vous ayez affaire \u00e0 de fortes nuisances sonores li\u00e9es \u00e0 diff\u00e9rents composants et \u00e0 diff\u00e9rentes machines entrant dans la composition de votre installation ? La solution : utiliser un mat\u00e9riau de rev\u00eatement sp\u00e9cial. Tous les types de composants, y compris les points de d\u00e9versement,&hellip; <a class=\"more-link\" href=\"https:\/\/repatransportbanden.nl\/fr\/rubber\/bekledingsmateriaal\/\">Continue reading <span class=\"screen-reader-text\">Mat\u00e9riau de rev\u00eatement<\/span><\/a><\/p>\n","protected":false},"author":2,"featured_media":1047,"parent":1594,"menu_order":0,"comment_status":"closed","ping_status":"closed","template":"templates\/template-service.php","meta":{"_acf_changed":false,"footnotes":""},"class_list":["post-1600","page","type-page","status-publish","has-post-thumbnail","hentry","entry"],"acf":[],"yoast_head":"<!-- This site is optimized with the Yoast SEO plugin v27.3 - https:\/\/yoast.com\/product\/yoast-seo-wordpress\/ -->\n<title>Mat\u00e9riau de rev\u00eatement - repatransportbanden.nl<\/title>\n<meta name=\"robots\" content=\"index, follow, max-snippet:-1, max-image-preview:large, max-video-preview:-1\" \/>\n<link rel=\"canonical\" href=\"https:\/\/repatransportbanden.nl\/fr\/rubber\/bekledingsmateriaal\/\" \/>\n<meta property=\"og:locale\" content=\"fr_FR\" \/>\n<meta property=\"og:type\" content=\"article\" \/>\n<meta property=\"og:title\" content=\"Mat\u00e9riau de rev\u00eatement - repatransportbanden.nl\" \/>\n<meta property=\"og:description\" content=\"Vous voulez r\u00e9duire l&rsquo;usure de votre convoyeur ? \u00c0 moins que vous ayez affaire \u00e0 de fortes nuisances sonores li\u00e9es \u00e0 diff\u00e9rents composants et \u00e0 diff\u00e9rentes machines entrant dans la composition de votre installation ? La solution : utiliser un mat\u00e9riau de rev\u00eatement sp\u00e9cial. Tous les types de composants, y compris les points de d\u00e9versement,&hellip; Continue reading Mat\u00e9riau de rev\u00eatement\" \/>\n<meta property=\"og:url\" content=\"https:\/\/repatransportbanden.nl\/fr\/rubber\/bekledingsmateriaal\/\" \/>\n<meta property=\"og:site_name\" content=\"repatransportbanden.nl\" \/>\n<meta property=\"article:modified_time\" content=\"2021-12-28T09:28:29+00:00\" \/>\n<meta property=\"og:image\" content=\"https:\/\/repatransportbanden.tempurl.host\/wp-content\/uploads\/2021\/12\/Bekledingsmateriaal.jpg\" \/>\n\t<meta property=\"og:image:width\" content=\"331\" \/>\n\t<meta property=\"og:image:height\" content=\"331\" \/>\n\t<meta property=\"og:image:type\" content=\"image\/jpeg\" \/>\n<meta name=\"twitter:card\" content=\"summary_large_image\" \/>\n<meta name=\"twitter:label1\" content=\"Dur\u00e9e de lecture estim\u00e9e\" \/>\n\t<meta name=\"twitter:data1\" content=\"1 minute\" \/>\n<script type=\"application\/ld+json\" class=\"yoast-schema-graph\">{\"@context\":\"https:\\\/\\\/schema.org\",\"@graph\":[{\"@type\":\"WebPage\",\"@id\":\"https:\\\/\\\/repatransportbanden.nl\\\/fr\\\/rubber\\\/bekledingsmateriaal\\\/\",\"url\":\"https:\\\/\\\/repatransportbanden.nl\\\/fr\\\/rubber\\\/bekledingsmateriaal\\\/\",\"name\":\"Mat\u00e9riau de rev\u00eatement - repatransportbanden.nl\",\"isPartOf\":{\"@id\":\"https:\\\/\\\/repatransportbanden.tempurl.host\\\/#website\"},\"primaryImageOfPage\":{\"@id\":\"https:\\\/\\\/repatransportbanden.nl\\\/fr\\\/rubber\\\/bekledingsmateriaal\\\/#primaryimage\"},\"image\":{\"@id\":\"https:\\\/\\\/repatransportbanden.nl\\\/fr\\\/rubber\\\/bekledingsmateriaal\\\/#primaryimage\"},\"thumbnailUrl\":\"https:\\\/\\\/repatransportbanden.nl\\\/wp-content\\\/uploads\\\/2021\\\/12\\\/Bekledingsmateriaal.jpg\",\"datePublished\":\"2021-12-16T07:48:00+00:00\",\"dateModified\":\"2021-12-28T09:28:29+00:00\",\"breadcrumb\":{\"@id\":\"https:\\\/\\\/repatransportbanden.nl\\\/fr\\\/rubber\\\/bekledingsmateriaal\\\/#breadcrumb\"},\"inLanguage\":\"fr-FR\",\"potentialAction\":[{\"@type\":\"ReadAction\",\"target\":[\"https:\\\/\\\/repatransportbanden.nl\\\/fr\\\/rubber\\\/bekledingsmateriaal\\\/\"]}]},{\"@type\":\"ImageObject\",\"inLanguage\":\"fr-FR\",\"@id\":\"https:\\\/\\\/repatransportbanden.nl\\\/fr\\\/rubber\\\/bekledingsmateriaal\\\/#primaryimage\",\"url\":\"https:\\\/\\\/repatransportbanden.nl\\\/wp-content\\\/uploads\\\/2021\\\/12\\\/Bekledingsmateriaal.jpg\",\"contentUrl\":\"https:\\\/\\\/repatransportbanden.nl\\\/wp-content\\\/uploads\\\/2021\\\/12\\\/Bekledingsmateriaal.jpg\",\"width\":331,\"height\":331},{\"@type\":\"BreadcrumbList\",\"@id\":\"https:\\\/\\\/repatransportbanden.nl\\\/fr\\\/rubber\\\/bekledingsmateriaal\\\/#breadcrumb\",\"itemListElement\":[{\"@type\":\"ListItem\",\"position\":1,\"name\":\"d\u2019accueil\",\"item\":\"https:\\\/\\\/repatransportbanden.nl\\\/fr\\\/\"},{\"@type\":\"ListItem\",\"position\":2,\"name\":\"Caoutchouc\",\"item\":\"https:\\\/\\\/repatransportbanden.tempurl.host\\\/fr\\\/rubber\\\/\"},{\"@type\":\"ListItem\",\"position\":3,\"name\":\"Mat\u00e9riau de rev\u00eatement\"}]},{\"@type\":\"WebSite\",\"@id\":\"https:\\\/\\\/repatransportbanden.tempurl.host\\\/#website\",\"url\":\"https:\\\/\\\/repatransportbanden.tempurl.host\\\/\",\"name\":\"repatransportbanden.nl\",\"description\":\"\",\"potentialAction\":[{\"@type\":\"SearchAction\",\"target\":{\"@type\":\"EntryPoint\",\"urlTemplate\":\"https:\\\/\\\/repatransportbanden.tempurl.host\\\/?s={search_term_string}\"},\"query-input\":{\"@type\":\"PropertyValueSpecification\",\"valueRequired\":true,\"valueName\":\"search_term_string\"}}],\"inLanguage\":\"fr-FR\"}]}<\/script>\n<!-- \/ Yoast SEO plugin. -->","yoast_head_json":{"title":"Mat\u00e9riau de rev\u00eatement - repatransportbanden.nl","robots":{"index":"index","follow":"follow","max-snippet":"max-snippet:-1","max-image-preview":"max-image-preview:large","max-video-preview":"max-video-preview:-1"},"canonical":"https:\/\/repatransportbanden.nl\/fr\/rubber\/bekledingsmateriaal\/","og_locale":"fr_FR","og_type":"article","og_title":"Mat\u00e9riau de rev\u00eatement - repatransportbanden.nl","og_description":"Vous voulez r\u00e9duire l&rsquo;usure de votre convoyeur ? \u00c0 moins que vous ayez affaire \u00e0 de fortes nuisances sonores li\u00e9es \u00e0 diff\u00e9rents composants et \u00e0 diff\u00e9rentes machines entrant dans la composition de votre installation ? La solution : utiliser un mat\u00e9riau de rev\u00eatement sp\u00e9cial. Tous les types de composants, y compris les points de d\u00e9versement,&hellip; Continue reading Mat\u00e9riau de rev\u00eatement","og_url":"https:\/\/repatransportbanden.nl\/fr\/rubber\/bekledingsmateriaal\/","og_site_name":"repatransportbanden.nl","article_modified_time":"2021-12-28T09:28:29+00:00","og_image":[{"width":331,"height":331,"url":"https:\/\/repatransportbanden.tempurl.host\/wp-content\/uploads\/2021\/12\/Bekledingsmateriaal.jpg","type":"image\/jpeg"}],"twitter_card":"summary_large_image","twitter_misc":{"Dur\u00e9e de lecture estim\u00e9e":"1 minute"},"schema":{"@context":"https:\/\/schema.org","@graph":[{"@type":"WebPage","@id":"https:\/\/repatransportbanden.nl\/fr\/rubber\/bekledingsmateriaal\/","url":"https:\/\/repatransportbanden.nl\/fr\/rubber\/bekledingsmateriaal\/","name":"Mat\u00e9riau de rev\u00eatement - repatransportbanden.nl","isPartOf":{"@id":"https:\/\/repatransportbanden.tempurl.host\/#website"},"primaryImageOfPage":{"@id":"https:\/\/repatransportbanden.nl\/fr\/rubber\/bekledingsmateriaal\/#primaryimage"},"image":{"@id":"https:\/\/repatransportbanden.nl\/fr\/rubber\/bekledingsmateriaal\/#primaryimage"},"thumbnailUrl":"https:\/\/repatransportbanden.nl\/wp-content\/uploads\/2021\/12\/Bekledingsmateriaal.jpg","datePublished":"2021-12-16T07:48:00+00:00","dateModified":"2021-12-28T09:28:29+00:00","breadcrumb":{"@id":"https:\/\/repatransportbanden.nl\/fr\/rubber\/bekledingsmateriaal\/#breadcrumb"},"inLanguage":"fr-FR","potentialAction":[{"@type":"ReadAction","target":["https:\/\/repatransportbanden.nl\/fr\/rubber\/bekledingsmateriaal\/"]}]},{"@type":"ImageObject","inLanguage":"fr-FR","@id":"https:\/\/repatransportbanden.nl\/fr\/rubber\/bekledingsmateriaal\/#primaryimage","url":"https:\/\/repatransportbanden.nl\/wp-content\/uploads\/2021\/12\/Bekledingsmateriaal.jpg","contentUrl":"https:\/\/repatransportbanden.nl\/wp-content\/uploads\/2021\/12\/Bekledingsmateriaal.jpg","width":331,"height":331},{"@type":"BreadcrumbList","@id":"https:\/\/repatransportbanden.nl\/fr\/rubber\/bekledingsmateriaal\/#breadcrumb","itemListElement":[{"@type":"ListItem","position":1,"name":"d\u2019accueil","item":"https:\/\/repatransportbanden.nl\/fr\/"},{"@type":"ListItem","position":2,"name":"Caoutchouc","item":"https:\/\/repatransportbanden.tempurl.host\/fr\/rubber\/"},{"@type":"ListItem","position":3,"name":"Mat\u00e9riau de rev\u00eatement"}]},{"@type":"WebSite","@id":"https:\/\/repatransportbanden.tempurl.host\/#website","url":"https:\/\/repatransportbanden.tempurl.host\/","name":"repatransportbanden.nl","description":"","potentialAction":[{"@type":"SearchAction","target":{"@type":"EntryPoint","urlTemplate":"https:\/\/repatransportbanden.tempurl.host\/?s={search_term_string}"},"query-input":{"@type":"PropertyValueSpecification","valueRequired":true,"valueName":"search_term_string"}}],"inLanguage":"fr-FR"}]}},"_links":{"self":[{"href":"https:\/\/repatransportbanden.nl\/fr\/wp-json\/wp\/v2\/pages\/1600","targetHints":{"allow":["GET"]}}],"collection":[{"href":"https:\/\/repatransportbanden.nl\/fr\/wp-json\/wp\/v2\/pages"}],"about":[{"href":"https:\/\/repatransportbanden.nl\/fr\/wp-json\/wp\/v2\/types\/page"}],"author":[{"embeddable":true,"href":"https:\/\/repatransportbanden.nl\/fr\/wp-json\/wp\/v2\/users\/2"}],"replies":[{"embeddable":true,"href":"https:\/\/repatransportbanden.nl\/fr\/wp-json\/wp\/v2\/comments?post=1600"}],"version-history":[{"count":3,"href":"https:\/\/repatransportbanden.nl\/fr\/wp-json\/wp\/v2\/pages\/1600\/revisions"}],"predecessor-version":[{"id":3110,"href":"https:\/\/repatransportbanden.nl\/fr\/wp-json\/wp\/v2\/pages\/1600\/revisions\/3110"}],"up":[{"embeddable":true,"href":"https:\/\/repatransportbanden.nl\/fr\/wp-json\/wp\/v2\/pages\/1594"}],"wp:featuredmedia":[{"embeddable":true,"href":"https:\/\/repatransportbanden.nl\/fr\/wp-json\/wp\/v2\/media\/1047"}],"wp:attachment":[{"href":"https:\/\/repatransportbanden.nl\/fr\/wp-json\/wp\/v2\/media?parent=1600"}],"curies":[{"name":"wp","href":"https:\/\/api.w.org\/{rel}","templated":true}]}}