{"id":1585,"date":"2021-12-16T08:44:51","date_gmt":"2021-12-16T07:44:51","guid":{"rendered":"https:\/\/repatransportbanden.nl\/kunststof\/vol-pu-band\/"},"modified":"2022-01-18T15:21:50","modified_gmt":"2022-01-18T14:21:50","slug":"vol-pu-band","status":"publish","type":"page","link":"https:\/\/repatransportbanden.nl\/fr\/kunststof\/vol-pu-band\/","title":{"rendered":"Bande pur PU"},"content":{"rendered":"\n<p>Du fait des exigences de plus en plus strictes en vigueur dans l&rsquo;industrie alimentaire, un autre type de bande transporteuse est apparu sur le march\u00e9 au fil des ans. Il s\u2019agit de ce que l&rsquo;on appelle commun\u00e9ment une bande pur PU (bande PU homog\u00e8ne). Autrement dit, pas de tissu dans les bandes, lesquelles ne peuvent donc pas s&rsquo;effilocher suite \u00e0 un dommage m\u00e9canique. Les bandes transporteuses conventionnelles doivent toujours \u00eatre tendues pour que la friction exerc\u00e9e sur le tambour d&rsquo;entra\u00eenement suffise \u00e0 les mettre en mouvement. La bande int\u00e9grale PU est entra\u00een\u00e9e par des engrenages et comporte des cames sur sa partie inf\u00e9rieure. De ce fait, ce type de bande ne n\u00e9cessite que peu ou pas de tension pour \u00eatre entra\u00een\u00e9e. Ce type de bande est facile \u00e0 nettoyer et est conforme \u00e0 l\u2019ensemble de la l\u00e9gislation de l&rsquo;UE et de la FDA.<\/p>\n\n\n\n<p>La bande int\u00e9grale PU est principalement utilis\u00e9e dans l\u2019industrie alimentaire pour la viande et le poisson, le traitement des l\u00e9gumes, les produits laitiers, etc.<\/p>\n","protected":false},"excerpt":{"rendered":"<p>Du fait des exigences de plus en plus strictes en vigueur dans l&rsquo;industrie alimentaire, un autre type de bande transporteuse est apparu sur le march\u00e9 au fil des ans. Il s\u2019agit de ce que l&rsquo;on appelle commun\u00e9ment une bande pur PU (bande PU homog\u00e8ne). Autrement dit, pas de tissu dans les bandes, lesquelles ne peuvent&hellip; <a class=\"more-link\" href=\"https:\/\/repatransportbanden.nl\/fr\/kunststof\/vol-pu-band\/\">Continue reading <span class=\"screen-reader-text\">Bande pur PU<\/span><\/a><\/p>\n","protected":false},"author":2,"featured_media":5102,"parent":1519,"menu_order":0,"comment_status":"closed","ping_status":"closed","template":"templates\/template-service.php","meta":{"_acf_changed":false,"footnotes":""},"class_list":["post-1585","page","type-page","status-publish","has-post-thumbnail","hentry","entry"],"acf":[],"yoast_head":"<!-- This site is optimized with the Yoast SEO plugin v27.3 - https:\/\/yoast.com\/product\/yoast-seo-wordpress\/ -->\n<title>Bande pur PU - repatransportbanden.nl<\/title>\n<meta name=\"robots\" content=\"index, follow, max-snippet:-1, max-image-preview:large, max-video-preview:-1\" \/>\n<link rel=\"canonical\" href=\"https:\/\/repatransportbanden.nl\/fr\/kunststof\/vol-pu-band\/\" \/>\n<meta property=\"og:locale\" content=\"fr_FR\" \/>\n<meta property=\"og:type\" content=\"article\" \/>\n<meta property=\"og:title\" content=\"Bande pur PU - repatransportbanden.nl\" \/>\n<meta property=\"og:description\" content=\"Du fait des exigences de plus en plus strictes en vigueur dans l&rsquo;industrie alimentaire, un autre type de bande transporteuse est apparu sur le march\u00e9 au fil des ans. Il s\u2019agit de ce que l&rsquo;on appelle commun\u00e9ment une bande pur PU (bande PU homog\u00e8ne). Autrement dit, pas de tissu dans les bandes, lesquelles ne peuvent&hellip; Continue reading Bande pur PU\" \/>\n<meta property=\"og:url\" content=\"https:\/\/repatransportbanden.nl\/fr\/kunststof\/vol-pu-band\/\" \/>\n<meta property=\"og:site_name\" content=\"repatransportbanden.nl\" \/>\n<meta property=\"article:modified_time\" content=\"2022-01-18T14:21:50+00:00\" \/>\n<meta property=\"og:image\" content=\"https:\/\/repatransportbanden.tempurl.host\/wp-content\/uploads\/2021\/12\/transportbandensmallimg8.jpg\" \/>\n\t<meta property=\"og:image:width\" content=\"331\" \/>\n\t<meta property=\"og:image:height\" content=\"331\" \/>\n\t<meta property=\"og:image:type\" content=\"image\/jpeg\" \/>\n<meta name=\"twitter:card\" content=\"summary_large_image\" \/>\n<meta name=\"twitter:label1\" content=\"Dur\u00e9e de lecture estim\u00e9e\" \/>\n\t<meta name=\"twitter:data1\" content=\"1 minute\" \/>\n<script type=\"application\/ld+json\" class=\"yoast-schema-graph\">{\"@context\":\"https:\\\/\\\/schema.org\",\"@graph\":[{\"@type\":\"WebPage\",\"@id\":\"https:\\\/\\\/repatransportbanden.nl\\\/fr\\\/kunststof\\\/vol-pu-band\\\/\",\"url\":\"https:\\\/\\\/repatransportbanden.nl\\\/fr\\\/kunststof\\\/vol-pu-band\\\/\",\"name\":\"Bande pur PU - repatransportbanden.nl\",\"isPartOf\":{\"@id\":\"https:\\\/\\\/repatransportbanden.tempurl.host\\\/#website\"},\"primaryImageOfPage\":{\"@id\":\"https:\\\/\\\/repatransportbanden.nl\\\/fr\\\/kunststof\\\/vol-pu-band\\\/#primaryimage\"},\"image\":{\"@id\":\"https:\\\/\\\/repatransportbanden.nl\\\/fr\\\/kunststof\\\/vol-pu-band\\\/#primaryimage\"},\"thumbnailUrl\":\"https:\\\/\\\/repatransportbanden.nl\\\/wp-content\\\/uploads\\\/2022\\\/02\\\/vol-pu.png\",\"datePublished\":\"2021-12-16T07:44:51+00:00\",\"dateModified\":\"2022-01-18T14:21:50+00:00\",\"breadcrumb\":{\"@id\":\"https:\\\/\\\/repatransportbanden.nl\\\/fr\\\/kunststof\\\/vol-pu-band\\\/#breadcrumb\"},\"inLanguage\":\"fr-FR\",\"potentialAction\":[{\"@type\":\"ReadAction\",\"target\":[\"https:\\\/\\\/repatransportbanden.nl\\\/fr\\\/kunststof\\\/vol-pu-band\\\/\"]}]},{\"@type\":\"ImageObject\",\"inLanguage\":\"fr-FR\",\"@id\":\"https:\\\/\\\/repatransportbanden.nl\\\/fr\\\/kunststof\\\/vol-pu-band\\\/#primaryimage\",\"url\":\"https:\\\/\\\/repatransportbanden.nl\\\/wp-content\\\/uploads\\\/2022\\\/02\\\/vol-pu.png\",\"contentUrl\":\"https:\\\/\\\/repatransportbanden.nl\\\/wp-content\\\/uploads\\\/2022\\\/02\\\/vol-pu.png\",\"width\":331,\"height\":331},{\"@type\":\"BreadcrumbList\",\"@id\":\"https:\\\/\\\/repatransportbanden.nl\\\/fr\\\/kunststof\\\/vol-pu-band\\\/#breadcrumb\",\"itemListElement\":[{\"@type\":\"ListItem\",\"position\":1,\"name\":\"d\u2019accueil\",\"item\":\"https:\\\/\\\/repatransportbanden.nl\\\/fr\\\/\"},{\"@type\":\"ListItem\",\"position\":2,\"name\":\"Plastique\",\"item\":\"https:\\\/\\\/repatransportbanden.tempurl.host\\\/fr\\\/kunststof\\\/\"},{\"@type\":\"ListItem\",\"position\":3,\"name\":\"Bande pur PU\"}]},{\"@type\":\"WebSite\",\"@id\":\"https:\\\/\\\/repatransportbanden.tempurl.host\\\/#website\",\"url\":\"https:\\\/\\\/repatransportbanden.tempurl.host\\\/\",\"name\":\"repatransportbanden.nl\",\"description\":\"\",\"potentialAction\":[{\"@type\":\"SearchAction\",\"target\":{\"@type\":\"EntryPoint\",\"urlTemplate\":\"https:\\\/\\\/repatransportbanden.tempurl.host\\\/?s={search_term_string}\"},\"query-input\":{\"@type\":\"PropertyValueSpecification\",\"valueRequired\":true,\"valueName\":\"search_term_string\"}}],\"inLanguage\":\"fr-FR\"}]}<\/script>\n<!-- \/ Yoast SEO plugin. -->","yoast_head_json":{"title":"Bande pur PU - repatransportbanden.nl","robots":{"index":"index","follow":"follow","max-snippet":"max-snippet:-1","max-image-preview":"max-image-preview:large","max-video-preview":"max-video-preview:-1"},"canonical":"https:\/\/repatransportbanden.nl\/fr\/kunststof\/vol-pu-band\/","og_locale":"fr_FR","og_type":"article","og_title":"Bande pur PU - repatransportbanden.nl","og_description":"Du fait des exigences de plus en plus strictes en vigueur dans l&rsquo;industrie alimentaire, un autre type de bande transporteuse est apparu sur le march\u00e9 au fil des ans. Il s\u2019agit de ce que l&rsquo;on appelle commun\u00e9ment une bande pur PU (bande PU homog\u00e8ne). Autrement dit, pas de tissu dans les bandes, lesquelles ne peuvent&hellip; Continue reading Bande pur PU","og_url":"https:\/\/repatransportbanden.nl\/fr\/kunststof\/vol-pu-band\/","og_site_name":"repatransportbanden.nl","article_modified_time":"2022-01-18T14:21:50+00:00","og_image":[{"width":331,"height":331,"url":"https:\/\/repatransportbanden.tempurl.host\/wp-content\/uploads\/2021\/12\/transportbandensmallimg8.jpg","type":"image\/jpeg"}],"twitter_card":"summary_large_image","twitter_misc":{"Dur\u00e9e de lecture estim\u00e9e":"1 minute"},"schema":{"@context":"https:\/\/schema.org","@graph":[{"@type":"WebPage","@id":"https:\/\/repatransportbanden.nl\/fr\/kunststof\/vol-pu-band\/","url":"https:\/\/repatransportbanden.nl\/fr\/kunststof\/vol-pu-band\/","name":"Bande pur PU - repatransportbanden.nl","isPartOf":{"@id":"https:\/\/repatransportbanden.tempurl.host\/#website"},"primaryImageOfPage":{"@id":"https:\/\/repatransportbanden.nl\/fr\/kunststof\/vol-pu-band\/#primaryimage"},"image":{"@id":"https:\/\/repatransportbanden.nl\/fr\/kunststof\/vol-pu-band\/#primaryimage"},"thumbnailUrl":"https:\/\/repatransportbanden.nl\/wp-content\/uploads\/2022\/02\/vol-pu.png","datePublished":"2021-12-16T07:44:51+00:00","dateModified":"2022-01-18T14:21:50+00:00","breadcrumb":{"@id":"https:\/\/repatransportbanden.nl\/fr\/kunststof\/vol-pu-band\/#breadcrumb"},"inLanguage":"fr-FR","potentialAction":[{"@type":"ReadAction","target":["https:\/\/repatransportbanden.nl\/fr\/kunststof\/vol-pu-band\/"]}]},{"@type":"ImageObject","inLanguage":"fr-FR","@id":"https:\/\/repatransportbanden.nl\/fr\/kunststof\/vol-pu-band\/#primaryimage","url":"https:\/\/repatransportbanden.nl\/wp-content\/uploads\/2022\/02\/vol-pu.png","contentUrl":"https:\/\/repatransportbanden.nl\/wp-content\/uploads\/2022\/02\/vol-pu.png","width":331,"height":331},{"@type":"BreadcrumbList","@id":"https:\/\/repatransportbanden.nl\/fr\/kunststof\/vol-pu-band\/#breadcrumb","itemListElement":[{"@type":"ListItem","position":1,"name":"d\u2019accueil","item":"https:\/\/repatransportbanden.nl\/fr\/"},{"@type":"ListItem","position":2,"name":"Plastique","item":"https:\/\/repatransportbanden.tempurl.host\/fr\/kunststof\/"},{"@type":"ListItem","position":3,"name":"Bande pur PU"}]},{"@type":"WebSite","@id":"https:\/\/repatransportbanden.tempurl.host\/#website","url":"https:\/\/repatransportbanden.tempurl.host\/","name":"repatransportbanden.nl","description":"","potentialAction":[{"@type":"SearchAction","target":{"@type":"EntryPoint","urlTemplate":"https:\/\/repatransportbanden.tempurl.host\/?s={search_term_string}"},"query-input":{"@type":"PropertyValueSpecification","valueRequired":true,"valueName":"search_term_string"}}],"inLanguage":"fr-FR"}]}},"_links":{"self":[{"href":"https:\/\/repatransportbanden.nl\/fr\/wp-json\/wp\/v2\/pages\/1585","targetHints":{"allow":["GET"]}}],"collection":[{"href":"https:\/\/repatransportbanden.nl\/fr\/wp-json\/wp\/v2\/pages"}],"about":[{"href":"https:\/\/repatransportbanden.nl\/fr\/wp-json\/wp\/v2\/types\/page"}],"author":[{"embeddable":true,"href":"https:\/\/repatransportbanden.nl\/fr\/wp-json\/wp\/v2\/users\/2"}],"replies":[{"embeddable":true,"href":"https:\/\/repatransportbanden.nl\/fr\/wp-json\/wp\/v2\/comments?post=1585"}],"version-history":[{"count":5,"href":"https:\/\/repatransportbanden.nl\/fr\/wp-json\/wp\/v2\/pages\/1585\/revisions"}],"predecessor-version":[{"id":4589,"href":"https:\/\/repatransportbanden.nl\/fr\/wp-json\/wp\/v2\/pages\/1585\/revisions\/4589"}],"up":[{"embeddable":true,"href":"https:\/\/repatransportbanden.nl\/fr\/wp-json\/wp\/v2\/pages\/1519"}],"wp:featuredmedia":[{"embeddable":true,"href":"https:\/\/repatransportbanden.nl\/fr\/wp-json\/wp\/v2\/media\/5102"}],"wp:attachment":[{"href":"https:\/\/repatransportbanden.nl\/fr\/wp-json\/wp\/v2\/media?parent=1585"}],"curies":[{"name":"wp","href":"https:\/\/api.w.org\/{rel}","templated":true}]}}