{"id":1573,"date":"2021-12-16T08:40:53","date_gmt":"2021-12-16T07:40:53","guid":{"rendered":"https:\/\/repatransportbanden.nl\/kunststof\/pu-rondsnaren-en-v-snaren\/"},"modified":"2021-12-27T15:10:16","modified_gmt":"2021-12-27T14:10:16","slug":"pu-rondsnaren-en-v-snaren","status":"publish","type":"page","link":"https:\/\/repatransportbanden.nl\/fr\/kunststof\/pu-rondsnaren-en-v-snaren\/","title":{"rendered":"Courroie ronde en PU et courroie en V"},"content":{"rendered":"\n<p>Dans de nombreuses applications de l&rsquo;industrie alimentaire, les courroies rondes et trap\u00e9zo\u00efdales de qualit\u00e9 alimentaire en polyur\u00e9thane et en polyester sont les mieux adapt\u00e9es aux exigences sp\u00e9cifiques des lignes de d\u00e9coration et d&#8217;emballage et \u00e0 celles du traitement des viandes tranch\u00e9es et des fromages. Cependant, les courroies rondes sont aussi couramment utilis\u00e9es pour la mise en boucle des bandes transporteuses \u00e0 rouleaux. Les courroies peuvent \u00e9galement \u00eatre fournies avec une \u00e2me afin que leur allongement soit minimal. Par ailleurs, elles peuvent \u00eatre soud\u00e9es sur place par les techniciens charg\u00e9s du montage.<\/p>\n","protected":false},"excerpt":{"rendered":"<p>Dans de nombreuses applications de l&rsquo;industrie alimentaire, les courroies rondes et trap\u00e9zo\u00efdales de qualit\u00e9 alimentaire en polyur\u00e9thane et en polyester sont les mieux adapt\u00e9es aux exigences sp\u00e9cifiques des lignes de d\u00e9coration et d&#8217;emballage et \u00e0 celles du traitement des viandes tranch\u00e9es et des fromages. Cependant, les courroies rondes sont aussi couramment utilis\u00e9es pour la mise&hellip; <a class=\"more-link\" href=\"https:\/\/repatransportbanden.nl\/fr\/kunststof\/pu-rondsnaren-en-v-snaren\/\">Continue reading <span class=\"screen-reader-text\">Courroie ronde en PU et courroie en V<\/span><\/a><\/p>\n","protected":false},"author":2,"featured_media":5088,"parent":1519,"menu_order":0,"comment_status":"closed","ping_status":"closed","template":"templates\/template-service.php","meta":{"_acf_changed":false,"footnotes":""},"class_list":["post-1573","page","type-page","status-publish","has-post-thumbnail","hentry","entry"],"acf":[],"yoast_head":"<!-- This site is optimized with the Yoast SEO plugin v27.4 - https:\/\/yoast.com\/product\/yoast-seo-wordpress\/ -->\n<title>Courroie ronde en PU et courroie en V - repatransportbanden.nl<\/title>\n<meta name=\"robots\" content=\"index, follow, max-snippet:-1, max-image-preview:large, max-video-preview:-1\" \/>\n<link rel=\"canonical\" href=\"https:\/\/repatransportbanden.nl\/fr\/kunststof\/pu-rondsnaren-en-v-snaren\/\" \/>\n<meta property=\"og:locale\" content=\"fr_FR\" \/>\n<meta property=\"og:type\" content=\"article\" \/>\n<meta property=\"og:title\" content=\"Courroie ronde en PU et courroie en V - repatransportbanden.nl\" \/>\n<meta property=\"og:description\" content=\"Dans de nombreuses applications de l&rsquo;industrie alimentaire, les courroies rondes et trap\u00e9zo\u00efdales de qualit\u00e9 alimentaire en polyur\u00e9thane et en polyester sont les mieux adapt\u00e9es aux exigences sp\u00e9cifiques des lignes de d\u00e9coration et d&#8217;emballage et \u00e0 celles du traitement des viandes tranch\u00e9es et des fromages. Cependant, les courroies rondes sont aussi couramment utilis\u00e9es pour la mise&hellip; Continue reading Courroie ronde en PU et courroie en V\" \/>\n<meta property=\"og:url\" content=\"https:\/\/repatransportbanden.nl\/fr\/kunststof\/pu-rondsnaren-en-v-snaren\/\" \/>\n<meta property=\"og:site_name\" content=\"repatransportbanden.nl\" \/>\n<meta property=\"article:modified_time\" content=\"2021-12-27T14:10:16+00:00\" \/>\n<meta property=\"og:image\" content=\"https:\/\/repatransportbanden.tempurl.host\/wp-content\/uploads\/2021\/12\/transportbandensmallimg9.jpg\" \/>\n\t<meta property=\"og:image:width\" content=\"331\" \/>\n\t<meta property=\"og:image:height\" content=\"331\" \/>\n\t<meta property=\"og:image:type\" content=\"image\/jpeg\" \/>\n<meta name=\"twitter:card\" content=\"summary_large_image\" \/>\n<script type=\"application\/ld+json\" class=\"yoast-schema-graph\">{\"@context\":\"https:\\\/\\\/schema.org\",\"@graph\":[{\"@type\":\"WebPage\",\"@id\":\"https:\\\/\\\/repatransportbanden.nl\\\/fr\\\/kunststof\\\/pu-rondsnaren-en-v-snaren\\\/\",\"url\":\"https:\\\/\\\/repatransportbanden.nl\\\/fr\\\/kunststof\\\/pu-rondsnaren-en-v-snaren\\\/\",\"name\":\"Courroie ronde en PU et courroie en V - repatransportbanden.nl\",\"isPartOf\":{\"@id\":\"https:\\\/\\\/repatransportbanden.tempurl.host\\\/#website\"},\"primaryImageOfPage\":{\"@id\":\"https:\\\/\\\/repatransportbanden.nl\\\/fr\\\/kunststof\\\/pu-rondsnaren-en-v-snaren\\\/#primaryimage\"},\"image\":{\"@id\":\"https:\\\/\\\/repatransportbanden.nl\\\/fr\\\/kunststof\\\/pu-rondsnaren-en-v-snaren\\\/#primaryimage\"},\"thumbnailUrl\":\"https:\\\/\\\/repatransportbanden.nl\\\/wp-content\\\/uploads\\\/2022\\\/02\\\/snaar.png\",\"datePublished\":\"2021-12-16T07:40:53+00:00\",\"dateModified\":\"2021-12-27T14:10:16+00:00\",\"breadcrumb\":{\"@id\":\"https:\\\/\\\/repatransportbanden.nl\\\/fr\\\/kunststof\\\/pu-rondsnaren-en-v-snaren\\\/#breadcrumb\"},\"inLanguage\":\"fr-FR\",\"potentialAction\":[{\"@type\":\"ReadAction\",\"target\":[\"https:\\\/\\\/repatransportbanden.nl\\\/fr\\\/kunststof\\\/pu-rondsnaren-en-v-snaren\\\/\"]}]},{\"@type\":\"ImageObject\",\"inLanguage\":\"fr-FR\",\"@id\":\"https:\\\/\\\/repatransportbanden.nl\\\/fr\\\/kunststof\\\/pu-rondsnaren-en-v-snaren\\\/#primaryimage\",\"url\":\"https:\\\/\\\/repatransportbanden.nl\\\/wp-content\\\/uploads\\\/2022\\\/02\\\/snaar.png\",\"contentUrl\":\"https:\\\/\\\/repatransportbanden.nl\\\/wp-content\\\/uploads\\\/2022\\\/02\\\/snaar.png\",\"width\":331,\"height\":331},{\"@type\":\"BreadcrumbList\",\"@id\":\"https:\\\/\\\/repatransportbanden.nl\\\/fr\\\/kunststof\\\/pu-rondsnaren-en-v-snaren\\\/#breadcrumb\",\"itemListElement\":[{\"@type\":\"ListItem\",\"position\":1,\"name\":\"d\u2019accueil\",\"item\":\"https:\\\/\\\/repatransportbanden.nl\\\/fr\\\/\"},{\"@type\":\"ListItem\",\"position\":2,\"name\":\"Plastique\",\"item\":\"https:\\\/\\\/repatransportbanden.tempurl.host\\\/fr\\\/kunststof\\\/\"},{\"@type\":\"ListItem\",\"position\":3,\"name\":\"Courroie ronde en PU et courroie en V\"}]},{\"@type\":\"WebSite\",\"@id\":\"https:\\\/\\\/repatransportbanden.tempurl.host\\\/#website\",\"url\":\"https:\\\/\\\/repatransportbanden.tempurl.host\\\/\",\"name\":\"repatransportbanden.nl\",\"description\":\"\",\"potentialAction\":[{\"@type\":\"SearchAction\",\"target\":{\"@type\":\"EntryPoint\",\"urlTemplate\":\"https:\\\/\\\/repatransportbanden.tempurl.host\\\/?s={search_term_string}\"},\"query-input\":{\"@type\":\"PropertyValueSpecification\",\"valueRequired\":true,\"valueName\":\"search_term_string\"}}],\"inLanguage\":\"fr-FR\"}]}<\/script>\n<!-- \/ Yoast SEO plugin. -->","yoast_head_json":{"title":"Courroie ronde en PU et courroie en V - repatransportbanden.nl","robots":{"index":"index","follow":"follow","max-snippet":"max-snippet:-1","max-image-preview":"max-image-preview:large","max-video-preview":"max-video-preview:-1"},"canonical":"https:\/\/repatransportbanden.nl\/fr\/kunststof\/pu-rondsnaren-en-v-snaren\/","og_locale":"fr_FR","og_type":"article","og_title":"Courroie ronde en PU et courroie en V - repatransportbanden.nl","og_description":"Dans de nombreuses applications de l&rsquo;industrie alimentaire, les courroies rondes et trap\u00e9zo\u00efdales de qualit\u00e9 alimentaire en polyur\u00e9thane et en polyester sont les mieux adapt\u00e9es aux exigences sp\u00e9cifiques des lignes de d\u00e9coration et d&#8217;emballage et \u00e0 celles du traitement des viandes tranch\u00e9es et des fromages. Cependant, les courroies rondes sont aussi couramment utilis\u00e9es pour la mise&hellip; Continue reading Courroie ronde en PU et courroie en V","og_url":"https:\/\/repatransportbanden.nl\/fr\/kunststof\/pu-rondsnaren-en-v-snaren\/","og_site_name":"repatransportbanden.nl","article_modified_time":"2021-12-27T14:10:16+00:00","og_image":[{"width":331,"height":331,"url":"https:\/\/repatransportbanden.tempurl.host\/wp-content\/uploads\/2021\/12\/transportbandensmallimg9.jpg","type":"image\/jpeg"}],"twitter_card":"summary_large_image","schema":{"@context":"https:\/\/schema.org","@graph":[{"@type":"WebPage","@id":"https:\/\/repatransportbanden.nl\/fr\/kunststof\/pu-rondsnaren-en-v-snaren\/","url":"https:\/\/repatransportbanden.nl\/fr\/kunststof\/pu-rondsnaren-en-v-snaren\/","name":"Courroie ronde en PU et courroie en V - repatransportbanden.nl","isPartOf":{"@id":"https:\/\/repatransportbanden.tempurl.host\/#website"},"primaryImageOfPage":{"@id":"https:\/\/repatransportbanden.nl\/fr\/kunststof\/pu-rondsnaren-en-v-snaren\/#primaryimage"},"image":{"@id":"https:\/\/repatransportbanden.nl\/fr\/kunststof\/pu-rondsnaren-en-v-snaren\/#primaryimage"},"thumbnailUrl":"https:\/\/repatransportbanden.nl\/wp-content\/uploads\/2022\/02\/snaar.png","datePublished":"2021-12-16T07:40:53+00:00","dateModified":"2021-12-27T14:10:16+00:00","breadcrumb":{"@id":"https:\/\/repatransportbanden.nl\/fr\/kunststof\/pu-rondsnaren-en-v-snaren\/#breadcrumb"},"inLanguage":"fr-FR","potentialAction":[{"@type":"ReadAction","target":["https:\/\/repatransportbanden.nl\/fr\/kunststof\/pu-rondsnaren-en-v-snaren\/"]}]},{"@type":"ImageObject","inLanguage":"fr-FR","@id":"https:\/\/repatransportbanden.nl\/fr\/kunststof\/pu-rondsnaren-en-v-snaren\/#primaryimage","url":"https:\/\/repatransportbanden.nl\/wp-content\/uploads\/2022\/02\/snaar.png","contentUrl":"https:\/\/repatransportbanden.nl\/wp-content\/uploads\/2022\/02\/snaar.png","width":331,"height":331},{"@type":"BreadcrumbList","@id":"https:\/\/repatransportbanden.nl\/fr\/kunststof\/pu-rondsnaren-en-v-snaren\/#breadcrumb","itemListElement":[{"@type":"ListItem","position":1,"name":"d\u2019accueil","item":"https:\/\/repatransportbanden.nl\/fr\/"},{"@type":"ListItem","position":2,"name":"Plastique","item":"https:\/\/repatransportbanden.tempurl.host\/fr\/kunststof\/"},{"@type":"ListItem","position":3,"name":"Courroie ronde en PU et courroie en V"}]},{"@type":"WebSite","@id":"https:\/\/repatransportbanden.tempurl.host\/#website","url":"https:\/\/repatransportbanden.tempurl.host\/","name":"repatransportbanden.nl","description":"","potentialAction":[{"@type":"SearchAction","target":{"@type":"EntryPoint","urlTemplate":"https:\/\/repatransportbanden.tempurl.host\/?s={search_term_string}"},"query-input":{"@type":"PropertyValueSpecification","valueRequired":true,"valueName":"search_term_string"}}],"inLanguage":"fr-FR"}]}},"_links":{"self":[{"href":"https:\/\/repatransportbanden.nl\/fr\/wp-json\/wp\/v2\/pages\/1573","targetHints":{"allow":["GET"]}}],"collection":[{"href":"https:\/\/repatransportbanden.nl\/fr\/wp-json\/wp\/v2\/pages"}],"about":[{"href":"https:\/\/repatransportbanden.nl\/fr\/wp-json\/wp\/v2\/types\/page"}],"author":[{"embeddable":true,"href":"https:\/\/repatransportbanden.nl\/fr\/wp-json\/wp\/v2\/users\/2"}],"replies":[{"embeddable":true,"href":"https:\/\/repatransportbanden.nl\/fr\/wp-json\/wp\/v2\/comments?post=1573"}],"version-history":[{"count":4,"href":"https:\/\/repatransportbanden.nl\/fr\/wp-json\/wp\/v2\/pages\/1573\/revisions"}],"predecessor-version":[{"id":3099,"href":"https:\/\/repatransportbanden.nl\/fr\/wp-json\/wp\/v2\/pages\/1573\/revisions\/3099"}],"up":[{"embeddable":true,"href":"https:\/\/repatransportbanden.nl\/fr\/wp-json\/wp\/v2\/pages\/1519"}],"wp:featuredmedia":[{"embeddable":true,"href":"https:\/\/repatransportbanden.nl\/fr\/wp-json\/wp\/v2\/media\/5088"}],"wp:attachment":[{"href":"https:\/\/repatransportbanden.nl\/fr\/wp-json\/wp\/v2\/media?parent=1573"}],"curies":[{"name":"wp","href":"https:\/\/api.w.org\/{rel}","templated":true}]}}