{"id":1567,"date":"2021-12-16T08:39:55","date_gmt":"2021-12-16T07:39:55","guid":{"rendered":"https:\/\/repatransportbanden.nl\/kunststof\/heavy-duty-pu-transportband\/"},"modified":"2025-06-17T16:49:33","modified_gmt":"2025-06-17T14:49:33","slug":"heavy-duty-pu-transportband","status":"publish","type":"page","link":"https:\/\/repatransportbanden.nl\/fr\/kunststof\/heavy-duty-pu-transportband\/","title":{"rendered":"Bandes transporteuses PU Heavy Duty \u2013 robustes, r\u00e9sistantes \u00e0 l\u2019usure et pr\u00eates pour les conditions extr\u00eames"},"content":{"rendered":"\n<p><\/p>\n\n\n\n<p>Pour les environnements les plus exigeants \u2013 comme le <strong>recyclage de l\u2019acier, les d\u00e9chets de construction et de d\u00e9molition ou le transport d\u2019ordures m\u00e9nag\u00e8res<\/strong> \u2013 REPA a d\u00e9velopp\u00e9 sa propre bande PU Heavy Duty : la <strong>1SW 24m-2 B\/PU avec armature tiss\u00e9e pleine<\/strong>. Con\u00e7ue pour une longue dur\u00e9e de vie, un fonctionnement fiable et une propret\u00e9 optimale autour du convoyeur.<\/p>\n\n\n\n<p><strong>D\u00e9veloppement exclusif REPA : 1SW 24m-2 B\/PU avec armature tiss\u00e9e pleine<\/strong><\/p>\n\n\n\n<p>Cette bande combine une <strong>armature tiss\u00e9e pleine ultra-r\u00e9sistante<\/strong> avec une <strong>\u00e9paisse nappage PU<\/strong>. Elle offre des avantages cl\u00e9s :<\/p>\n\n\n\n<ul class=\"wp-block-list\">\n<li><strong>Tr\u00e8s haute r\u00e9sistance \u00e0 la coupure et \u00e0 l\u2019abrasion<\/strong><\/li>\n\n\n\n<li><strong>R\u00e9sistance aux huiles et graisses<\/strong><\/li>\n\n\n\n<li><strong>Surface anti-adh\u00e9rente<\/strong> \u2013 emp\u00eache l\u2019accumulation de mati\u00e8res sur la bande et autour du convoyeur<\/li>\n\n\n\n<li><strong>R\u00e9sistance aux chocs \u00e9lev\u00e9s<\/strong> \u2013 parfaite pour des mat\u00e9riaux tranchants, humides ou encombrants<\/li>\n\n\n\n<li><strong>Tr\u00e8s bonne stabilit\u00e9 de guidage<\/strong>, m\u00eame sur des largeurs importantes<\/li>\n<\/ul>\n\n\n\n<p>D\u00e9couvrez la vid\u00e9o sur cette page pour voir la performance de cette bande sur le terrain.<\/p>\n\n\n\n<p><strong>\u00c9galement disponible en stock<\/strong><\/p>\n\n\n\n<p>Outre la 1SW 24m-2 B\/PU, REPA propose une gamme compl\u00e8te de bandes PU Heavy Duty, <strong>toutes disponibles imm\u00e9diatement en stock<\/strong>. Chaque mod\u00e8le est con\u00e7u pour le transport de charges lourdes et b\u00e9n\u00e9ficie d\u2019une <strong>structure stable en largeur<\/strong> pour un bon centrage :<\/p>\n\n\n\n<ul class=\"wp-block-list\">\n<li><strong>2MHA 20m-2 B\/PU\/PVC<\/strong> \u2013 avec couches amortissantes et grande stabilit\u00e9 lat\u00e9rale<\/li>\n\n\n\n<li><strong>2MH 15-2 TR\/PU\/PVC<\/strong> \u2013 version polyvalente avec nappage PU transparent<\/li>\n\n\n\n<li><strong>2MHA 15-2 B\/PU\/PVC<\/strong> \u2013 solution robuste et stable pour diverses applications industrielles<\/li>\n\n\n\n<li><strong>3MHA 20m-2 B\/PU\/PVC<\/strong> \u2013 mod\u00e8le extra-r\u00e9sistant avec triple armature<\/li>\n\n\n\n<li><strong>1SW 20-2 R\/PU<\/strong> \u2013 variante avec nappage PU rouge<\/li>\n<\/ul>\n\n\n\n<p><strong>Pr\u00eates \u00e0 l\u2019emploi<\/strong><\/p>\n\n\n\n<p>Toutes nos bandes transporteuses PU Heavy Duty sont disponibles directement en stock. Contactez notre \u00e9quipe pour un conseil personnalis\u00e9 et une livraison rapide adapt\u00e9e \u00e0 vos besoins.<\/p>\n\n\n\n<div class=\"wp-block-columns is-layout-flex wp-container-core-columns-is-layout-9d6595d7 wp-block-columns-is-layout-flex\">\n<div class=\"wp-block-column is-layout-flow wp-block-column-is-layout-flow\">\n<figure class=\"wp-block-video\"><video width=\"920\" height=\"580\" controls src=\"https:\/\/repatransportbanden.nl\/wp-content\/uploads\/2025\/06\/6927d013-416c-4ed7-8777-e94edf2efafc.mp4\"><\/video><\/figure>\n<\/div>\n\n\n\n<div class=\"wp-block-column is-layout-flow wp-block-column-is-layout-flow\">\n<figure class=\"wp-block-video\"><video width=\"920\" height=\"580\" controls src=\"https:\/\/repatransportbanden.nl\/wp-content\/uploads\/2025\/06\/334fa129-8100-4374-96da-f0f7e04e17ff.mp4\"><\/video><\/figure>\n<\/div>\n<\/div>\n","protected":false},"excerpt":{"rendered":"<p>Pour les environnements les plus exigeants \u2013 comme le recyclage de l\u2019acier, les d\u00e9chets de construction et de d\u00e9molition ou le transport d\u2019ordures m\u00e9nag\u00e8res \u2013 REPA a d\u00e9velopp\u00e9 sa propre bande PU Heavy Duty : la 1SW 24m-2 B\/PU avec armature tiss\u00e9e pleine. Con\u00e7ue pour une longue dur\u00e9e de vie, un fonctionnement fiable et une&hellip; <a class=\"more-link\" href=\"https:\/\/repatransportbanden.nl\/fr\/kunststof\/heavy-duty-pu-transportband\/\">Continue reading <span class=\"screen-reader-text\">Bandes transporteuses PU Heavy Duty \u2013 robustes, r\u00e9sistantes \u00e0 l\u2019usure et pr\u00eates pour les conditions extr\u00eames<\/span><\/a><\/p>\n","protected":false},"author":2,"featured_media":948,"parent":1519,"menu_order":0,"comment_status":"closed","ping_status":"closed","template":"templates\/template-service.php","meta":{"_acf_changed":false,"footnotes":""},"class_list":["post-1567","page","type-page","status-publish","has-post-thumbnail","hentry","entry"],"acf":[],"yoast_head":"<!-- This site is optimized with the Yoast SEO plugin v27.3 - https:\/\/yoast.com\/product\/yoast-seo-wordpress\/ -->\n<title>Bandes transporteuses PU Heavy Duty \u2013 robustes, r\u00e9sistantes \u00e0 l\u2019usure et pr\u00eates pour les conditions extr\u00eames - repatransportbanden.nl<\/title>\n<meta name=\"robots\" content=\"index, follow, max-snippet:-1, max-image-preview:large, max-video-preview:-1\" \/>\n<link rel=\"canonical\" href=\"https:\/\/repatransportbanden.nl\/fr\/kunststof\/heavy-duty-pu-transportband\/\" \/>\n<meta property=\"og:locale\" content=\"fr_FR\" \/>\n<meta property=\"og:type\" content=\"article\" \/>\n<meta property=\"og:title\" content=\"Bandes transporteuses PU Heavy Duty \u2013 robustes, r\u00e9sistantes \u00e0 l\u2019usure et pr\u00eates pour les conditions extr\u00eames - repatransportbanden.nl\" \/>\n<meta property=\"og:description\" content=\"Pour les environnements les plus exigeants \u2013 comme le recyclage de l\u2019acier, les d\u00e9chets de construction et de d\u00e9molition ou le transport d\u2019ordures m\u00e9nag\u00e8res \u2013 REPA a d\u00e9velopp\u00e9 sa propre bande PU Heavy Duty : la 1SW 24m-2 B\/PU avec armature tiss\u00e9e pleine. Con\u00e7ue pour une longue dur\u00e9e de vie, un fonctionnement fiable et une&hellip; Continue reading Bandes transporteuses PU Heavy Duty \u2013 robustes, r\u00e9sistantes \u00e0 l\u2019usure et pr\u00eates pour les conditions extr\u00eames\" \/>\n<meta property=\"og:url\" content=\"https:\/\/repatransportbanden.nl\/fr\/kunststof\/heavy-duty-pu-transportband\/\" \/>\n<meta property=\"og:site_name\" content=\"repatransportbanden.nl\" \/>\n<meta property=\"article:modified_time\" content=\"2025-06-17T14:49:33+00:00\" \/>\n<meta property=\"og:image\" content=\"https:\/\/repatransportbanden.nl\/wp-content\/uploads\/2021\/12\/transportbandensmallimg2.jpg\" \/>\n\t<meta property=\"og:image:width\" content=\"331\" \/>\n\t<meta property=\"og:image:height\" content=\"331\" \/>\n\t<meta property=\"og:image:type\" content=\"image\/jpeg\" \/>\n<meta name=\"twitter:card\" content=\"summary_large_image\" \/>\n<meta name=\"twitter:label1\" content=\"Dur\u00e9e de lecture estim\u00e9e\" \/>\n\t<meta name=\"twitter:data1\" content=\"2 minutes\" \/>\n<script type=\"application\/ld+json\" class=\"yoast-schema-graph\">{\"@context\":\"https:\\\/\\\/schema.org\",\"@graph\":[{\"@type\":\"WebPage\",\"@id\":\"https:\\\/\\\/repatransportbanden.nl\\\/fr\\\/kunststof\\\/heavy-duty-pu-transportband\\\/\",\"url\":\"https:\\\/\\\/repatransportbanden.nl\\\/fr\\\/kunststof\\\/heavy-duty-pu-transportband\\\/\",\"name\":\"Bandes transporteuses PU Heavy Duty \u2013 robustes, r\u00e9sistantes \u00e0 l\u2019usure et pr\u00eates pour les conditions extr\u00eames - repatransportbanden.nl\",\"isPartOf\":{\"@id\":\"https:\\\/\\\/repatransportbanden.tempurl.host\\\/#website\"},\"primaryImageOfPage\":{\"@id\":\"https:\\\/\\\/repatransportbanden.nl\\\/fr\\\/kunststof\\\/heavy-duty-pu-transportband\\\/#primaryimage\"},\"image\":{\"@id\":\"https:\\\/\\\/repatransportbanden.nl\\\/fr\\\/kunststof\\\/heavy-duty-pu-transportband\\\/#primaryimage\"},\"thumbnailUrl\":\"https:\\\/\\\/repatransportbanden.nl\\\/wp-content\\\/uploads\\\/2021\\\/12\\\/transportbandensmallimg2.jpg\",\"datePublished\":\"2021-12-16T07:39:55+00:00\",\"dateModified\":\"2025-06-17T14:49:33+00:00\",\"breadcrumb\":{\"@id\":\"https:\\\/\\\/repatransportbanden.nl\\\/fr\\\/kunststof\\\/heavy-duty-pu-transportband\\\/#breadcrumb\"},\"inLanguage\":\"fr-FR\",\"potentialAction\":[{\"@type\":\"ReadAction\",\"target\":[\"https:\\\/\\\/repatransportbanden.nl\\\/fr\\\/kunststof\\\/heavy-duty-pu-transportband\\\/\"]}]},{\"@type\":\"ImageObject\",\"inLanguage\":\"fr-FR\",\"@id\":\"https:\\\/\\\/repatransportbanden.nl\\\/fr\\\/kunststof\\\/heavy-duty-pu-transportband\\\/#primaryimage\",\"url\":\"https:\\\/\\\/repatransportbanden.nl\\\/wp-content\\\/uploads\\\/2021\\\/12\\\/transportbandensmallimg2.jpg\",\"contentUrl\":\"https:\\\/\\\/repatransportbanden.nl\\\/wp-content\\\/uploads\\\/2021\\\/12\\\/transportbandensmallimg2.jpg\",\"width\":331,\"height\":331},{\"@type\":\"BreadcrumbList\",\"@id\":\"https:\\\/\\\/repatransportbanden.nl\\\/fr\\\/kunststof\\\/heavy-duty-pu-transportband\\\/#breadcrumb\",\"itemListElement\":[{\"@type\":\"ListItem\",\"position\":1,\"name\":\"d\u2019accueil\",\"item\":\"https:\\\/\\\/repatransportbanden.nl\\\/fr\\\/\"},{\"@type\":\"ListItem\",\"position\":2,\"name\":\"Plastique\",\"item\":\"https:\\\/\\\/repatransportbanden.tempurl.host\\\/fr\\\/kunststof\\\/\"},{\"@type\":\"ListItem\",\"position\":3,\"name\":\"Bandes transporteuses PU Heavy Duty \u2013 robustes, r\u00e9sistantes \u00e0 l\u2019usure et pr\u00eates pour les conditions extr\u00eames\"}]},{\"@type\":\"WebSite\",\"@id\":\"https:\\\/\\\/repatransportbanden.tempurl.host\\\/#website\",\"url\":\"https:\\\/\\\/repatransportbanden.tempurl.host\\\/\",\"name\":\"repatransportbanden.nl\",\"description\":\"\",\"potentialAction\":[{\"@type\":\"SearchAction\",\"target\":{\"@type\":\"EntryPoint\",\"urlTemplate\":\"https:\\\/\\\/repatransportbanden.tempurl.host\\\/?s={search_term_string}\"},\"query-input\":{\"@type\":\"PropertyValueSpecification\",\"valueRequired\":true,\"valueName\":\"search_term_string\"}}],\"inLanguage\":\"fr-FR\"}]}<\/script>\n<!-- \/ Yoast SEO plugin. -->","yoast_head_json":{"title":"Bandes transporteuses PU Heavy Duty \u2013 robustes, r\u00e9sistantes \u00e0 l\u2019usure et pr\u00eates pour les conditions extr\u00eames - repatransportbanden.nl","robots":{"index":"index","follow":"follow","max-snippet":"max-snippet:-1","max-image-preview":"max-image-preview:large","max-video-preview":"max-video-preview:-1"},"canonical":"https:\/\/repatransportbanden.nl\/fr\/kunststof\/heavy-duty-pu-transportband\/","og_locale":"fr_FR","og_type":"article","og_title":"Bandes transporteuses PU Heavy Duty \u2013 robustes, r\u00e9sistantes \u00e0 l\u2019usure et pr\u00eates pour les conditions extr\u00eames - repatransportbanden.nl","og_description":"Pour les environnements les plus exigeants \u2013 comme le recyclage de l\u2019acier, les d\u00e9chets de construction et de d\u00e9molition ou le transport d\u2019ordures m\u00e9nag\u00e8res \u2013 REPA a d\u00e9velopp\u00e9 sa propre bande PU Heavy Duty : la 1SW 24m-2 B\/PU avec armature tiss\u00e9e pleine. Con\u00e7ue pour une longue dur\u00e9e de vie, un fonctionnement fiable et une&hellip; Continue reading Bandes transporteuses PU Heavy Duty \u2013 robustes, r\u00e9sistantes \u00e0 l\u2019usure et pr\u00eates pour les conditions extr\u00eames","og_url":"https:\/\/repatransportbanden.nl\/fr\/kunststof\/heavy-duty-pu-transportband\/","og_site_name":"repatransportbanden.nl","article_modified_time":"2025-06-17T14:49:33+00:00","og_image":[{"width":331,"height":331,"url":"https:\/\/repatransportbanden.nl\/wp-content\/uploads\/2021\/12\/transportbandensmallimg2.jpg","type":"image\/jpeg"}],"twitter_card":"summary_large_image","twitter_misc":{"Dur\u00e9e de lecture estim\u00e9e":"2 minutes"},"schema":{"@context":"https:\/\/schema.org","@graph":[{"@type":"WebPage","@id":"https:\/\/repatransportbanden.nl\/fr\/kunststof\/heavy-duty-pu-transportband\/","url":"https:\/\/repatransportbanden.nl\/fr\/kunststof\/heavy-duty-pu-transportband\/","name":"Bandes transporteuses PU Heavy Duty \u2013 robustes, r\u00e9sistantes \u00e0 l\u2019usure et pr\u00eates pour les conditions extr\u00eames - repatransportbanden.nl","isPartOf":{"@id":"https:\/\/repatransportbanden.tempurl.host\/#website"},"primaryImageOfPage":{"@id":"https:\/\/repatransportbanden.nl\/fr\/kunststof\/heavy-duty-pu-transportband\/#primaryimage"},"image":{"@id":"https:\/\/repatransportbanden.nl\/fr\/kunststof\/heavy-duty-pu-transportband\/#primaryimage"},"thumbnailUrl":"https:\/\/repatransportbanden.nl\/wp-content\/uploads\/2021\/12\/transportbandensmallimg2.jpg","datePublished":"2021-12-16T07:39:55+00:00","dateModified":"2025-06-17T14:49:33+00:00","breadcrumb":{"@id":"https:\/\/repatransportbanden.nl\/fr\/kunststof\/heavy-duty-pu-transportband\/#breadcrumb"},"inLanguage":"fr-FR","potentialAction":[{"@type":"ReadAction","target":["https:\/\/repatransportbanden.nl\/fr\/kunststof\/heavy-duty-pu-transportband\/"]}]},{"@type":"ImageObject","inLanguage":"fr-FR","@id":"https:\/\/repatransportbanden.nl\/fr\/kunststof\/heavy-duty-pu-transportband\/#primaryimage","url":"https:\/\/repatransportbanden.nl\/wp-content\/uploads\/2021\/12\/transportbandensmallimg2.jpg","contentUrl":"https:\/\/repatransportbanden.nl\/wp-content\/uploads\/2021\/12\/transportbandensmallimg2.jpg","width":331,"height":331},{"@type":"BreadcrumbList","@id":"https:\/\/repatransportbanden.nl\/fr\/kunststof\/heavy-duty-pu-transportband\/#breadcrumb","itemListElement":[{"@type":"ListItem","position":1,"name":"d\u2019accueil","item":"https:\/\/repatransportbanden.nl\/fr\/"},{"@type":"ListItem","position":2,"name":"Plastique","item":"https:\/\/repatransportbanden.tempurl.host\/fr\/kunststof\/"},{"@type":"ListItem","position":3,"name":"Bandes transporteuses PU Heavy Duty \u2013 robustes, r\u00e9sistantes \u00e0 l\u2019usure et pr\u00eates pour les conditions extr\u00eames"}]},{"@type":"WebSite","@id":"https:\/\/repatransportbanden.tempurl.host\/#website","url":"https:\/\/repatransportbanden.tempurl.host\/","name":"repatransportbanden.nl","description":"","potentialAction":[{"@type":"SearchAction","target":{"@type":"EntryPoint","urlTemplate":"https:\/\/repatransportbanden.tempurl.host\/?s={search_term_string}"},"query-input":{"@type":"PropertyValueSpecification","valueRequired":true,"valueName":"search_term_string"}}],"inLanguage":"fr-FR"}]}},"_links":{"self":[{"href":"https:\/\/repatransportbanden.nl\/fr\/wp-json\/wp\/v2\/pages\/1567","targetHints":{"allow":["GET"]}}],"collection":[{"href":"https:\/\/repatransportbanden.nl\/fr\/wp-json\/wp\/v2\/pages"}],"about":[{"href":"https:\/\/repatransportbanden.nl\/fr\/wp-json\/wp\/v2\/types\/page"}],"author":[{"embeddable":true,"href":"https:\/\/repatransportbanden.nl\/fr\/wp-json\/wp\/v2\/users\/2"}],"replies":[{"embeddable":true,"href":"https:\/\/repatransportbanden.nl\/fr\/wp-json\/wp\/v2\/comments?post=1567"}],"version-history":[{"count":4,"href":"https:\/\/repatransportbanden.nl\/fr\/wp-json\/wp\/v2\/pages\/1567\/revisions"}],"predecessor-version":[{"id":15533,"href":"https:\/\/repatransportbanden.nl\/fr\/wp-json\/wp\/v2\/pages\/1567\/revisions\/15533"}],"up":[{"embeddable":true,"href":"https:\/\/repatransportbanden.nl\/fr\/wp-json\/wp\/v2\/pages\/1519"}],"wp:featuredmedia":[{"embeddable":true,"href":"https:\/\/repatransportbanden.nl\/fr\/wp-json\/wp\/v2\/media\/948"}],"wp:attachment":[{"href":"https:\/\/repatransportbanden.nl\/fr\/wp-json\/wp\/v2\/media?parent=1567"}],"curies":[{"name":"wp","href":"https:\/\/api.w.org\/{rel}","templated":true}]}}