{"id":1559,"date":"2021-12-16T08:37:27","date_gmt":"2021-12-16T07:37:27","guid":{"rendered":"https:\/\/repatransportbanden.nl\/kunststof\/golfrandbanden\/"},"modified":"2022-01-20T16:35:05","modified_gmt":"2022-01-20T15:35:05","slug":"golfrandbanden","status":"publish","type":"page","link":"https:\/\/repatransportbanden.nl\/fr\/kunststof\/golfrandbanden\/","title":{"rendered":"Bandes \u00e0 bord ondul\u00e9"},"content":{"rendered":"\n<p>Les bandes transporteuses \u00e0 bords ondul\u00e9s sont tr\u00e8s efficaces. Elles sont robustes, \u00e9quilibr\u00e9es et peuvent transporter de grandes quantit\u00e9s de produits, et ce, sous un angle \u00e9largi. REPA Transportbanden vous fournira la bande \u00e0 bord ondul\u00e9 dont vous avez exactement besoin, fabriqu\u00e9e sur mesure.<\/p>\n\n\n\n<p>Les bandes \u00e0 bord ondul\u00e9 offrent de nombreux avantages. Avec ces bandes, il est possible de transporter toutes sortes de produits sur la m\u00eame bande. De plus, elles n\u2019ont besoin que rarement d\u2019un entretien, \u00e9tant donn\u00e9 qu\u2019elles forment un tout avec les bords ondul\u00e9s et contiennent, donc, dans l\u2019ensemble, beaucoup moins de pi\u00e8ces mobiles.<\/p>\n\n\n\n<p>Le d\u00e9placement de la bande requiert peu de force, puisqu\u2019il est possible d\u2019utiliser un angle de 90 degr\u00e9s. Le sens de transport vertical permet \u00e9galement d&rsquo;utiliser plus efficacement la surface disponible.<\/p>\n\n\n\n<p>Les bandes \u00e0 bords ondul\u00e9s sont compos\u00e9es de plusieurs \u00e9l\u00e9ments. L\u2019\u00e9l\u00e9ment principal est la bande elle-m\u00eame, laquelle peut \u00eatre une bande \u00e0 stabilit\u00e9 crois\u00e9e, ST, EP ou CP. On opte g\u00e9n\u00e9ralement pour une bande \u00e0 stabilit\u00e9 crois\u00e9e, parce que ce type de bande est, bien s\u00fbr, tr\u00e8s stable. La bande de base est ensuite \u00e9quip\u00e9e de tasseaux et de bords ondul\u00e9s. &nbsp;&nbsp;<\/p>\n\n\n\n<p>Notre expertise, notre exp\u00e9rience et notre stock nous permettent de fabriquer, pour vous, la bande souhait\u00e9e, quelle qu\u2019elle soit.<\/p>\n","protected":false},"excerpt":{"rendered":"<p>Les bandes transporteuses \u00e0 bords ondul\u00e9s sont tr\u00e8s efficaces. Elles sont robustes, \u00e9quilibr\u00e9es et peuvent transporter de grandes quantit\u00e9s de produits, et ce, sous un angle \u00e9largi. REPA Transportbanden vous fournira la bande \u00e0 bord ondul\u00e9 dont vous avez exactement besoin, fabriqu\u00e9e sur mesure. Les bandes \u00e0 bord ondul\u00e9 offrent de nombreux avantages. Avec ces&hellip; <a class=\"more-link\" href=\"https:\/\/repatransportbanden.nl\/fr\/kunststof\/golfrandbanden\/\">Continue reading <span class=\"screen-reader-text\">Bandes \u00e0 bord ondul\u00e9<\/span><\/a><\/p>\n","protected":false},"author":2,"featured_media":5081,"parent":1519,"menu_order":0,"comment_status":"closed","ping_status":"closed","template":"templates\/template-service.php","meta":{"_acf_changed":false,"footnotes":""},"class_list":["post-1559","page","type-page","status-publish","has-post-thumbnail","hentry","entry"],"acf":[],"yoast_head":"<!-- This site is optimized with the Yoast SEO plugin v27.3 - https:\/\/yoast.com\/product\/yoast-seo-wordpress\/ -->\n<title>Bandes \u00e0 bord ondul\u00e9 - repatransportbanden.nl<\/title>\n<meta name=\"robots\" content=\"index, follow, max-snippet:-1, max-image-preview:large, max-video-preview:-1\" \/>\n<link rel=\"canonical\" href=\"https:\/\/repatransportbanden.nl\/fr\/kunststof\/golfrandbanden\/\" \/>\n<meta property=\"og:locale\" content=\"fr_FR\" \/>\n<meta property=\"og:type\" content=\"article\" \/>\n<meta property=\"og:title\" content=\"Bandes \u00e0 bord ondul\u00e9 - repatransportbanden.nl\" \/>\n<meta property=\"og:description\" content=\"Les bandes transporteuses \u00e0 bords ondul\u00e9s sont tr\u00e8s efficaces. Elles sont robustes, \u00e9quilibr\u00e9es et peuvent transporter de grandes quantit\u00e9s de produits, et ce, sous un angle \u00e9largi. REPA Transportbanden vous fournira la bande \u00e0 bord ondul\u00e9 dont vous avez exactement besoin, fabriqu\u00e9e sur mesure. Les bandes \u00e0 bord ondul\u00e9 offrent de nombreux avantages. Avec ces&hellip; Continue reading Bandes \u00e0 bord ondul\u00e9\" \/>\n<meta property=\"og:url\" content=\"https:\/\/repatransportbanden.nl\/fr\/kunststof\/golfrandbanden\/\" \/>\n<meta property=\"og:site_name\" content=\"repatransportbanden.nl\" \/>\n<meta property=\"article:modified_time\" content=\"2022-01-20T15:35:05+00:00\" \/>\n<meta property=\"og:image\" content=\"https:\/\/repatransportbanden.tempurl.host\/wp-content\/uploads\/2021\/12\/transportbandensmallimg10.jpg\" \/>\n\t<meta property=\"og:image:width\" content=\"331\" \/>\n\t<meta property=\"og:image:height\" content=\"331\" \/>\n\t<meta property=\"og:image:type\" content=\"image\/jpeg\" \/>\n<meta name=\"twitter:card\" content=\"summary_large_image\" \/>\n<meta name=\"twitter:label1\" content=\"Dur\u00e9e de lecture estim\u00e9e\" \/>\n\t<meta name=\"twitter:data1\" content=\"2 minutes\" \/>\n<script type=\"application\/ld+json\" class=\"yoast-schema-graph\">{\"@context\":\"https:\\\/\\\/schema.org\",\"@graph\":[{\"@type\":\"WebPage\",\"@id\":\"https:\\\/\\\/repatransportbanden.nl\\\/fr\\\/kunststof\\\/golfrandbanden\\\/\",\"url\":\"https:\\\/\\\/repatransportbanden.nl\\\/fr\\\/kunststof\\\/golfrandbanden\\\/\",\"name\":\"Bandes \u00e0 bord ondul\u00e9 - repatransportbanden.nl\",\"isPartOf\":{\"@id\":\"https:\\\/\\\/repatransportbanden.tempurl.host\\\/#website\"},\"primaryImageOfPage\":{\"@id\":\"https:\\\/\\\/repatransportbanden.nl\\\/fr\\\/kunststof\\\/golfrandbanden\\\/#primaryimage\"},\"image\":{\"@id\":\"https:\\\/\\\/repatransportbanden.nl\\\/fr\\\/kunststof\\\/golfrandbanden\\\/#primaryimage\"},\"thumbnailUrl\":\"https:\\\/\\\/repatransportbanden.nl\\\/wp-content\\\/uploads\\\/2022\\\/02\\\/golf.png\",\"datePublished\":\"2021-12-16T07:37:27+00:00\",\"dateModified\":\"2022-01-20T15:35:05+00:00\",\"breadcrumb\":{\"@id\":\"https:\\\/\\\/repatransportbanden.nl\\\/fr\\\/kunststof\\\/golfrandbanden\\\/#breadcrumb\"},\"inLanguage\":\"fr-FR\",\"potentialAction\":[{\"@type\":\"ReadAction\",\"target\":[\"https:\\\/\\\/repatransportbanden.nl\\\/fr\\\/kunststof\\\/golfrandbanden\\\/\"]}]},{\"@type\":\"ImageObject\",\"inLanguage\":\"fr-FR\",\"@id\":\"https:\\\/\\\/repatransportbanden.nl\\\/fr\\\/kunststof\\\/golfrandbanden\\\/#primaryimage\",\"url\":\"https:\\\/\\\/repatransportbanden.nl\\\/wp-content\\\/uploads\\\/2022\\\/02\\\/golf.png\",\"contentUrl\":\"https:\\\/\\\/repatransportbanden.nl\\\/wp-content\\\/uploads\\\/2022\\\/02\\\/golf.png\",\"width\":331,\"height\":331},{\"@type\":\"BreadcrumbList\",\"@id\":\"https:\\\/\\\/repatransportbanden.nl\\\/fr\\\/kunststof\\\/golfrandbanden\\\/#breadcrumb\",\"itemListElement\":[{\"@type\":\"ListItem\",\"position\":1,\"name\":\"d\u2019accueil\",\"item\":\"https:\\\/\\\/repatransportbanden.nl\\\/fr\\\/\"},{\"@type\":\"ListItem\",\"position\":2,\"name\":\"Plastique\",\"item\":\"https:\\\/\\\/repatransportbanden.tempurl.host\\\/fr\\\/kunststof\\\/\"},{\"@type\":\"ListItem\",\"position\":3,\"name\":\"Bandes \u00e0 bord ondul\u00e9\"}]},{\"@type\":\"WebSite\",\"@id\":\"https:\\\/\\\/repatransportbanden.tempurl.host\\\/#website\",\"url\":\"https:\\\/\\\/repatransportbanden.tempurl.host\\\/\",\"name\":\"repatransportbanden.nl\",\"description\":\"\",\"potentialAction\":[{\"@type\":\"SearchAction\",\"target\":{\"@type\":\"EntryPoint\",\"urlTemplate\":\"https:\\\/\\\/repatransportbanden.tempurl.host\\\/?s={search_term_string}\"},\"query-input\":{\"@type\":\"PropertyValueSpecification\",\"valueRequired\":true,\"valueName\":\"search_term_string\"}}],\"inLanguage\":\"fr-FR\"}]}<\/script>\n<!-- \/ Yoast SEO plugin. -->","yoast_head_json":{"title":"Bandes \u00e0 bord ondul\u00e9 - repatransportbanden.nl","robots":{"index":"index","follow":"follow","max-snippet":"max-snippet:-1","max-image-preview":"max-image-preview:large","max-video-preview":"max-video-preview:-1"},"canonical":"https:\/\/repatransportbanden.nl\/fr\/kunststof\/golfrandbanden\/","og_locale":"fr_FR","og_type":"article","og_title":"Bandes \u00e0 bord ondul\u00e9 - repatransportbanden.nl","og_description":"Les bandes transporteuses \u00e0 bords ondul\u00e9s sont tr\u00e8s efficaces. Elles sont robustes, \u00e9quilibr\u00e9es et peuvent transporter de grandes quantit\u00e9s de produits, et ce, sous un angle \u00e9largi. REPA Transportbanden vous fournira la bande \u00e0 bord ondul\u00e9 dont vous avez exactement besoin, fabriqu\u00e9e sur mesure. Les bandes \u00e0 bord ondul\u00e9 offrent de nombreux avantages. Avec ces&hellip; Continue reading Bandes \u00e0 bord ondul\u00e9","og_url":"https:\/\/repatransportbanden.nl\/fr\/kunststof\/golfrandbanden\/","og_site_name":"repatransportbanden.nl","article_modified_time":"2022-01-20T15:35:05+00:00","og_image":[{"width":331,"height":331,"url":"https:\/\/repatransportbanden.tempurl.host\/wp-content\/uploads\/2021\/12\/transportbandensmallimg10.jpg","type":"image\/jpeg"}],"twitter_card":"summary_large_image","twitter_misc":{"Dur\u00e9e de lecture estim\u00e9e":"2 minutes"},"schema":{"@context":"https:\/\/schema.org","@graph":[{"@type":"WebPage","@id":"https:\/\/repatransportbanden.nl\/fr\/kunststof\/golfrandbanden\/","url":"https:\/\/repatransportbanden.nl\/fr\/kunststof\/golfrandbanden\/","name":"Bandes \u00e0 bord ondul\u00e9 - repatransportbanden.nl","isPartOf":{"@id":"https:\/\/repatransportbanden.tempurl.host\/#website"},"primaryImageOfPage":{"@id":"https:\/\/repatransportbanden.nl\/fr\/kunststof\/golfrandbanden\/#primaryimage"},"image":{"@id":"https:\/\/repatransportbanden.nl\/fr\/kunststof\/golfrandbanden\/#primaryimage"},"thumbnailUrl":"https:\/\/repatransportbanden.nl\/wp-content\/uploads\/2022\/02\/golf.png","datePublished":"2021-12-16T07:37:27+00:00","dateModified":"2022-01-20T15:35:05+00:00","breadcrumb":{"@id":"https:\/\/repatransportbanden.nl\/fr\/kunststof\/golfrandbanden\/#breadcrumb"},"inLanguage":"fr-FR","potentialAction":[{"@type":"ReadAction","target":["https:\/\/repatransportbanden.nl\/fr\/kunststof\/golfrandbanden\/"]}]},{"@type":"ImageObject","inLanguage":"fr-FR","@id":"https:\/\/repatransportbanden.nl\/fr\/kunststof\/golfrandbanden\/#primaryimage","url":"https:\/\/repatransportbanden.nl\/wp-content\/uploads\/2022\/02\/golf.png","contentUrl":"https:\/\/repatransportbanden.nl\/wp-content\/uploads\/2022\/02\/golf.png","width":331,"height":331},{"@type":"BreadcrumbList","@id":"https:\/\/repatransportbanden.nl\/fr\/kunststof\/golfrandbanden\/#breadcrumb","itemListElement":[{"@type":"ListItem","position":1,"name":"d\u2019accueil","item":"https:\/\/repatransportbanden.nl\/fr\/"},{"@type":"ListItem","position":2,"name":"Plastique","item":"https:\/\/repatransportbanden.tempurl.host\/fr\/kunststof\/"},{"@type":"ListItem","position":3,"name":"Bandes \u00e0 bord ondul\u00e9"}]},{"@type":"WebSite","@id":"https:\/\/repatransportbanden.tempurl.host\/#website","url":"https:\/\/repatransportbanden.tempurl.host\/","name":"repatransportbanden.nl","description":"","potentialAction":[{"@type":"SearchAction","target":{"@type":"EntryPoint","urlTemplate":"https:\/\/repatransportbanden.tempurl.host\/?s={search_term_string}"},"query-input":{"@type":"PropertyValueSpecification","valueRequired":true,"valueName":"search_term_string"}}],"inLanguage":"fr-FR"}]}},"_links":{"self":[{"href":"https:\/\/repatransportbanden.nl\/fr\/wp-json\/wp\/v2\/pages\/1559","targetHints":{"allow":["GET"]}}],"collection":[{"href":"https:\/\/repatransportbanden.nl\/fr\/wp-json\/wp\/v2\/pages"}],"about":[{"href":"https:\/\/repatransportbanden.nl\/fr\/wp-json\/wp\/v2\/types\/page"}],"author":[{"embeddable":true,"href":"https:\/\/repatransportbanden.nl\/fr\/wp-json\/wp\/v2\/users\/2"}],"replies":[{"embeddable":true,"href":"https:\/\/repatransportbanden.nl\/fr\/wp-json\/wp\/v2\/comments?post=1559"}],"version-history":[{"count":5,"href":"https:\/\/repatransportbanden.nl\/fr\/wp-json\/wp\/v2\/pages\/1559\/revisions"}],"predecessor-version":[{"id":4723,"href":"https:\/\/repatransportbanden.nl\/fr\/wp-json\/wp\/v2\/pages\/1559\/revisions\/4723"}],"up":[{"embeddable":true,"href":"https:\/\/repatransportbanden.nl\/fr\/wp-json\/wp\/v2\/pages\/1519"}],"wp:featuredmedia":[{"embeddable":true,"href":"https:\/\/repatransportbanden.nl\/fr\/wp-json\/wp\/v2\/media\/5081"}],"wp:attachment":[{"href":"https:\/\/repatransportbanden.nl\/fr\/wp-json\/wp\/v2\/media?parent=1559"}],"curies":[{"name":"wp","href":"https:\/\/api.w.org\/{rel}","templated":true}]}}