{"id":1553,"date":"2021-12-16T08:35:42","date_gmt":"2021-12-16T07:35:42","guid":{"rendered":"https:\/\/repatransportbanden.nl\/kunststof\/gaasbanden\/"},"modified":"2021-12-27T09:03:30","modified_gmt":"2021-12-27T08:03:30","slug":"gaasbanden","status":"publish","type":"page","link":"https:\/\/repatransportbanden.nl\/fr\/kunststof\/gaasbanden\/","title":{"rendered":"Bandes \u00e0 mailles"},"content":{"rendered":"\n<p>Nos bandes \u00e0 mailles en polyester conviennent parfaitement au transport de denr\u00e9es alimentaires et sont enti\u00e8rement conformes aux r\u00e9glementations de l&rsquo;UE et de la FDA\/USDA. Les bandes \u00e0 mailles sont r\u00e9sistantes \u00e0 l&rsquo;usure, ont de bonnes propri\u00e9t\u00e9s de guidage et r\u00e9sistent aux huiles et aux graisses.&nbsp;Les bandes \u00e0 mailles m\u00e9talliques sont \u00e9galement utilis\u00e9es dans les machines de rin\u00e7age, pour, par exemple, les bulbes \u00e0 fleurs, les pommes de terre, les oignons, les fruits, etc.<\/p>\n\n\n\n<p>Les courroies \u00e0 mailles m\u00e9talliques sont produites en conformit\u00e9 avec les sp\u00e9cifications du client. Tout d\u00e9pend, bien s\u00fbr, de l&rsquo;application, du produit \u00e0 transporter et des circonstances. La dimension des mailles du treillis \u00e9tant essentielle, ce dernier composant est disponible avec des mailles de diff\u00e9rentes dimensions. Les bandes \u00e0 mailles peuvent \u00eatre renforc\u00e9es par des bords longitudinaux et transversaux en PVC\/PU ou PE. Bien s\u00fbr, chez REPA, nous pouvons fabriquer les bandes en question de mani\u00e8re compl\u00e8te, avec tasseaux, courroies de direction, bords de d\u00e9bordement, bords ondul\u00e9s, connecteurs, etc.<\/p>\n","protected":false},"excerpt":{"rendered":"<p>Nos bandes \u00e0 mailles en polyester conviennent parfaitement au transport de denr\u00e9es alimentaires et sont enti\u00e8rement conformes aux r\u00e9glementations de l&rsquo;UE et de la FDA\/USDA. Les bandes \u00e0 mailles sont r\u00e9sistantes \u00e0 l&rsquo;usure, ont de bonnes propri\u00e9t\u00e9s de guidage et r\u00e9sistent aux huiles et aux graisses.&nbsp;Les bandes \u00e0 mailles m\u00e9talliques sont \u00e9galement utilis\u00e9es dans les&hellip; <a class=\"more-link\" href=\"https:\/\/repatransportbanden.nl\/fr\/kunststof\/gaasbanden\/\">Continue reading <span class=\"screen-reader-text\">Bandes \u00e0 mailles<\/span><\/a><\/p>\n","protected":false},"author":2,"featured_media":5074,"parent":1519,"menu_order":0,"comment_status":"closed","ping_status":"closed","template":"templates\/template-service.php","meta":{"_acf_changed":false,"footnotes":""},"class_list":["post-1553","page","type-page","status-publish","has-post-thumbnail","hentry","entry"],"acf":[],"yoast_head":"<!-- This site is optimized with the Yoast SEO plugin v27.3 - https:\/\/yoast.com\/product\/yoast-seo-wordpress\/ -->\n<title>Bandes \u00e0 mailles - repatransportbanden.nl<\/title>\n<meta name=\"robots\" content=\"index, follow, max-snippet:-1, max-image-preview:large, max-video-preview:-1\" \/>\n<link rel=\"canonical\" href=\"https:\/\/repatransportbanden.nl\/fr\/kunststof\/gaasbanden\/\" \/>\n<meta property=\"og:locale\" content=\"fr_FR\" \/>\n<meta property=\"og:type\" content=\"article\" \/>\n<meta property=\"og:title\" content=\"Bandes \u00e0 mailles - repatransportbanden.nl\" \/>\n<meta property=\"og:description\" content=\"Nos bandes \u00e0 mailles en polyester conviennent parfaitement au transport de denr\u00e9es alimentaires et sont enti\u00e8rement conformes aux r\u00e9glementations de l&rsquo;UE et de la FDA\/USDA. Les bandes \u00e0 mailles sont r\u00e9sistantes \u00e0 l&rsquo;usure, ont de bonnes propri\u00e9t\u00e9s de guidage et r\u00e9sistent aux huiles et aux graisses.&nbsp;Les bandes \u00e0 mailles m\u00e9talliques sont \u00e9galement utilis\u00e9es dans les&hellip; Continue reading Bandes \u00e0 mailles\" \/>\n<meta property=\"og:url\" content=\"https:\/\/repatransportbanden.nl\/fr\/kunststof\/gaasbanden\/\" \/>\n<meta property=\"og:site_name\" content=\"repatransportbanden.nl\" \/>\n<meta property=\"article:modified_time\" content=\"2021-12-27T08:03:30+00:00\" \/>\n<meta property=\"og:image\" content=\"https:\/\/repatransportbanden.tempurl.host\/wp-content\/uploads\/2021\/12\/transportbandensmallimg7.jpg\" \/>\n\t<meta property=\"og:image:width\" content=\"331\" \/>\n\t<meta property=\"og:image:height\" content=\"331\" \/>\n\t<meta property=\"og:image:type\" content=\"image\/jpeg\" \/>\n<meta name=\"twitter:card\" content=\"summary_large_image\" \/>\n<meta name=\"twitter:label1\" content=\"Dur\u00e9e de lecture estim\u00e9e\" \/>\n\t<meta name=\"twitter:data1\" content=\"1 minute\" \/>\n<script type=\"application\/ld+json\" class=\"yoast-schema-graph\">{\"@context\":\"https:\\\/\\\/schema.org\",\"@graph\":[{\"@type\":\"WebPage\",\"@id\":\"https:\\\/\\\/repatransportbanden.nl\\\/fr\\\/kunststof\\\/gaasbanden\\\/\",\"url\":\"https:\\\/\\\/repatransportbanden.nl\\\/fr\\\/kunststof\\\/gaasbanden\\\/\",\"name\":\"Bandes \u00e0 mailles - repatransportbanden.nl\",\"isPartOf\":{\"@id\":\"https:\\\/\\\/repatransportbanden.tempurl.host\\\/#website\"},\"primaryImageOfPage\":{\"@id\":\"https:\\\/\\\/repatransportbanden.nl\\\/fr\\\/kunststof\\\/gaasbanden\\\/#primaryimage\"},\"image\":{\"@id\":\"https:\\\/\\\/repatransportbanden.nl\\\/fr\\\/kunststof\\\/gaasbanden\\\/#primaryimage\"},\"thumbnailUrl\":\"https:\\\/\\\/repatransportbanden.nl\\\/wp-content\\\/uploads\\\/2022\\\/02\\\/gaas.png\",\"datePublished\":\"2021-12-16T07:35:42+00:00\",\"dateModified\":\"2021-12-27T08:03:30+00:00\",\"breadcrumb\":{\"@id\":\"https:\\\/\\\/repatransportbanden.nl\\\/fr\\\/kunststof\\\/gaasbanden\\\/#breadcrumb\"},\"inLanguage\":\"fr-FR\",\"potentialAction\":[{\"@type\":\"ReadAction\",\"target\":[\"https:\\\/\\\/repatransportbanden.nl\\\/fr\\\/kunststof\\\/gaasbanden\\\/\"]}]},{\"@type\":\"ImageObject\",\"inLanguage\":\"fr-FR\",\"@id\":\"https:\\\/\\\/repatransportbanden.nl\\\/fr\\\/kunststof\\\/gaasbanden\\\/#primaryimage\",\"url\":\"https:\\\/\\\/repatransportbanden.nl\\\/wp-content\\\/uploads\\\/2022\\\/02\\\/gaas.png\",\"contentUrl\":\"https:\\\/\\\/repatransportbanden.nl\\\/wp-content\\\/uploads\\\/2022\\\/02\\\/gaas.png\",\"width\":331,\"height\":331},{\"@type\":\"BreadcrumbList\",\"@id\":\"https:\\\/\\\/repatransportbanden.nl\\\/fr\\\/kunststof\\\/gaasbanden\\\/#breadcrumb\",\"itemListElement\":[{\"@type\":\"ListItem\",\"position\":1,\"name\":\"d\u2019accueil\",\"item\":\"https:\\\/\\\/repatransportbanden.nl\\\/fr\\\/\"},{\"@type\":\"ListItem\",\"position\":2,\"name\":\"Plastique\",\"item\":\"https:\\\/\\\/repatransportbanden.tempurl.host\\\/fr\\\/kunststof\\\/\"},{\"@type\":\"ListItem\",\"position\":3,\"name\":\"Bandes \u00e0 mailles\"}]},{\"@type\":\"WebSite\",\"@id\":\"https:\\\/\\\/repatransportbanden.tempurl.host\\\/#website\",\"url\":\"https:\\\/\\\/repatransportbanden.tempurl.host\\\/\",\"name\":\"repatransportbanden.nl\",\"description\":\"\",\"potentialAction\":[{\"@type\":\"SearchAction\",\"target\":{\"@type\":\"EntryPoint\",\"urlTemplate\":\"https:\\\/\\\/repatransportbanden.tempurl.host\\\/?s={search_term_string}\"},\"query-input\":{\"@type\":\"PropertyValueSpecification\",\"valueRequired\":true,\"valueName\":\"search_term_string\"}}],\"inLanguage\":\"fr-FR\"}]}<\/script>\n<!-- \/ Yoast SEO plugin. -->","yoast_head_json":{"title":"Bandes \u00e0 mailles - repatransportbanden.nl","robots":{"index":"index","follow":"follow","max-snippet":"max-snippet:-1","max-image-preview":"max-image-preview:large","max-video-preview":"max-video-preview:-1"},"canonical":"https:\/\/repatransportbanden.nl\/fr\/kunststof\/gaasbanden\/","og_locale":"fr_FR","og_type":"article","og_title":"Bandes \u00e0 mailles - repatransportbanden.nl","og_description":"Nos bandes \u00e0 mailles en polyester conviennent parfaitement au transport de denr\u00e9es alimentaires et sont enti\u00e8rement conformes aux r\u00e9glementations de l&rsquo;UE et de la FDA\/USDA. Les bandes \u00e0 mailles sont r\u00e9sistantes \u00e0 l&rsquo;usure, ont de bonnes propri\u00e9t\u00e9s de guidage et r\u00e9sistent aux huiles et aux graisses.&nbsp;Les bandes \u00e0 mailles m\u00e9talliques sont \u00e9galement utilis\u00e9es dans les&hellip; Continue reading Bandes \u00e0 mailles","og_url":"https:\/\/repatransportbanden.nl\/fr\/kunststof\/gaasbanden\/","og_site_name":"repatransportbanden.nl","article_modified_time":"2021-12-27T08:03:30+00:00","og_image":[{"width":331,"height":331,"url":"https:\/\/repatransportbanden.tempurl.host\/wp-content\/uploads\/2021\/12\/transportbandensmallimg7.jpg","type":"image\/jpeg"}],"twitter_card":"summary_large_image","twitter_misc":{"Dur\u00e9e de lecture estim\u00e9e":"1 minute"},"schema":{"@context":"https:\/\/schema.org","@graph":[{"@type":"WebPage","@id":"https:\/\/repatransportbanden.nl\/fr\/kunststof\/gaasbanden\/","url":"https:\/\/repatransportbanden.nl\/fr\/kunststof\/gaasbanden\/","name":"Bandes \u00e0 mailles - repatransportbanden.nl","isPartOf":{"@id":"https:\/\/repatransportbanden.tempurl.host\/#website"},"primaryImageOfPage":{"@id":"https:\/\/repatransportbanden.nl\/fr\/kunststof\/gaasbanden\/#primaryimage"},"image":{"@id":"https:\/\/repatransportbanden.nl\/fr\/kunststof\/gaasbanden\/#primaryimage"},"thumbnailUrl":"https:\/\/repatransportbanden.nl\/wp-content\/uploads\/2022\/02\/gaas.png","datePublished":"2021-12-16T07:35:42+00:00","dateModified":"2021-12-27T08:03:30+00:00","breadcrumb":{"@id":"https:\/\/repatransportbanden.nl\/fr\/kunststof\/gaasbanden\/#breadcrumb"},"inLanguage":"fr-FR","potentialAction":[{"@type":"ReadAction","target":["https:\/\/repatransportbanden.nl\/fr\/kunststof\/gaasbanden\/"]}]},{"@type":"ImageObject","inLanguage":"fr-FR","@id":"https:\/\/repatransportbanden.nl\/fr\/kunststof\/gaasbanden\/#primaryimage","url":"https:\/\/repatransportbanden.nl\/wp-content\/uploads\/2022\/02\/gaas.png","contentUrl":"https:\/\/repatransportbanden.nl\/wp-content\/uploads\/2022\/02\/gaas.png","width":331,"height":331},{"@type":"BreadcrumbList","@id":"https:\/\/repatransportbanden.nl\/fr\/kunststof\/gaasbanden\/#breadcrumb","itemListElement":[{"@type":"ListItem","position":1,"name":"d\u2019accueil","item":"https:\/\/repatransportbanden.nl\/fr\/"},{"@type":"ListItem","position":2,"name":"Plastique","item":"https:\/\/repatransportbanden.tempurl.host\/fr\/kunststof\/"},{"@type":"ListItem","position":3,"name":"Bandes \u00e0 mailles"}]},{"@type":"WebSite","@id":"https:\/\/repatransportbanden.tempurl.host\/#website","url":"https:\/\/repatransportbanden.tempurl.host\/","name":"repatransportbanden.nl","description":"","potentialAction":[{"@type":"SearchAction","target":{"@type":"EntryPoint","urlTemplate":"https:\/\/repatransportbanden.tempurl.host\/?s={search_term_string}"},"query-input":{"@type":"PropertyValueSpecification","valueRequired":true,"valueName":"search_term_string"}}],"inLanguage":"fr-FR"}]}},"_links":{"self":[{"href":"https:\/\/repatransportbanden.nl\/fr\/wp-json\/wp\/v2\/pages\/1553","targetHints":{"allow":["GET"]}}],"collection":[{"href":"https:\/\/repatransportbanden.nl\/fr\/wp-json\/wp\/v2\/pages"}],"about":[{"href":"https:\/\/repatransportbanden.nl\/fr\/wp-json\/wp\/v2\/types\/page"}],"author":[{"embeddable":true,"href":"https:\/\/repatransportbanden.nl\/fr\/wp-json\/wp\/v2\/users\/2"}],"replies":[{"embeddable":true,"href":"https:\/\/repatransportbanden.nl\/fr\/wp-json\/wp\/v2\/comments?post=1553"}],"version-history":[{"count":3,"href":"https:\/\/repatransportbanden.nl\/fr\/wp-json\/wp\/v2\/pages\/1553\/revisions"}],"predecessor-version":[{"id":3088,"href":"https:\/\/repatransportbanden.nl\/fr\/wp-json\/wp\/v2\/pages\/1553\/revisions\/3088"}],"up":[{"embeddable":true,"href":"https:\/\/repatransportbanden.nl\/fr\/wp-json\/wp\/v2\/pages\/1519"}],"wp:featuredmedia":[{"embeddable":true,"href":"https:\/\/repatransportbanden.nl\/fr\/wp-json\/wp\/v2\/media\/5074"}],"wp:attachment":[{"href":"https:\/\/repatransportbanden.nl\/fr\/wp-json\/wp\/v2\/media?parent=1553"}],"curies":[{"name":"wp","href":"https:\/\/api.w.org\/{rel}","templated":true}]}}