{"id":1547,"date":"2021-12-16T08:34:17","date_gmt":"2021-12-16T07:34:17","guid":{"rendered":"https:\/\/repatransportbanden.nl\/kunststof\/energiezuinige-transportband\/"},"modified":"2021-12-27T08:57:21","modified_gmt":"2021-12-27T07:57:21","slug":"energiezuinige-transportband","status":"publish","type":"page","link":"https:\/\/repatransportbanden.nl\/fr\/kunststof\/energiezuinige-transportband\/","title":{"rendered":"Bande transporteuse \u00e0 haut rendement \u00e9nerg\u00e9tique"},"content":{"rendered":"\n<p>La bande transporteuse \u00e0 haut rendement \u00e9nerg\u00e9tique a \u00e9t\u00e9 sp\u00e9cialement d\u00e9velopp\u00e9e pour les clients travaillant fr\u00e9quemment avec des bandes fonctionnant sur des plaques de glissement. Gr\u00e2ce au tissu sp\u00e9cial qui recouvre le dessous de la bande, le moteur utilise de 25 \u00e0 50 % de puissance en moins. La bande transporteuse sp\u00e9ciale \u00e0 haut rendement \u00e9nerg\u00e9tique est \u00e9galement ignifuge et antistatique. En combinaison avec les eco-glides (bandes de glissage) REPA, le niveau d&rsquo;\u00e9conomie d&rsquo;\u00e9nergie d\u00e9passe les 50%. Pendant deux ans, REPA a test\u00e9 et mesur\u00e9 dans un grand a\u00e9roport cet aspect dans la pratique et les r\u00e9sultats obtenus ont d\u00e9pass\u00e9 ses attentes. Les bandes de glissage sp\u00e9ciales (REPA eco-glides) peuvent \u00e9galement \u00eatre mont\u00e9es sur les points de d\u00e9versement ou les goulottes. Du fait de la faible r\u00e9sistance de ces bandes, aucune accumulation de produits ne se forme : tous les produits glissent en douceur sur la bande. <\/p>\n","protected":false},"excerpt":{"rendered":"<p>La bande transporteuse \u00e0 haut rendement \u00e9nerg\u00e9tique a \u00e9t\u00e9 sp\u00e9cialement d\u00e9velopp\u00e9e pour les clients travaillant fr\u00e9quemment avec des bandes fonctionnant sur des plaques de glissement. Gr\u00e2ce au tissu sp\u00e9cial qui recouvre le dessous de la bande, le moteur utilise de 25 \u00e0 50 % de puissance en moins. La bande transporteuse sp\u00e9ciale \u00e0 haut rendement&hellip; <a class=\"more-link\" href=\"https:\/\/repatransportbanden.nl\/fr\/kunststof\/energiezuinige-transportband\/\">Continue reading <span class=\"screen-reader-text\">Bande transporteuse \u00e0 haut rendement \u00e9nerg\u00e9tique<\/span><\/a><\/p>\n","protected":false},"author":2,"featured_media":5067,"parent":1519,"menu_order":0,"comment_status":"closed","ping_status":"closed","template":"templates\/template-service.php","meta":{"_acf_changed":false,"footnotes":""},"class_list":["post-1547","page","type-page","status-publish","has-post-thumbnail","hentry","entry"],"acf":[],"yoast_head":"<!-- This site is optimized with the Yoast SEO plugin v27.3 - https:\/\/yoast.com\/product\/yoast-seo-wordpress\/ -->\n<title>Bande transporteuse \u00e0 haut rendement \u00e9nerg\u00e9tique - repatransportbanden.nl<\/title>\n<meta name=\"robots\" content=\"index, follow, max-snippet:-1, max-image-preview:large, max-video-preview:-1\" \/>\n<link rel=\"canonical\" href=\"https:\/\/repatransportbanden.nl\/fr\/kunststof\/energiezuinige-transportband\/\" \/>\n<meta property=\"og:locale\" content=\"fr_FR\" \/>\n<meta property=\"og:type\" content=\"article\" \/>\n<meta property=\"og:title\" content=\"Bande transporteuse \u00e0 haut rendement \u00e9nerg\u00e9tique - repatransportbanden.nl\" \/>\n<meta property=\"og:description\" content=\"La bande transporteuse \u00e0 haut rendement \u00e9nerg\u00e9tique a \u00e9t\u00e9 sp\u00e9cialement d\u00e9velopp\u00e9e pour les clients travaillant fr\u00e9quemment avec des bandes fonctionnant sur des plaques de glissement. Gr\u00e2ce au tissu sp\u00e9cial qui recouvre le dessous de la bande, le moteur utilise de 25 \u00e0 50 % de puissance en moins. La bande transporteuse sp\u00e9ciale \u00e0 haut rendement&hellip; Continue reading Bande transporteuse \u00e0 haut rendement \u00e9nerg\u00e9tique\" \/>\n<meta property=\"og:url\" content=\"https:\/\/repatransportbanden.nl\/fr\/kunststof\/energiezuinige-transportband\/\" \/>\n<meta property=\"og:site_name\" content=\"repatransportbanden.nl\" \/>\n<meta property=\"article:modified_time\" content=\"2021-12-27T07:57:21+00:00\" \/>\n<meta property=\"og:image\" content=\"https:\/\/repatransportbanden.tempurl.host\/wp-content\/uploads\/2021\/12\/transportbandensmallimg5.jpg\" \/>\n\t<meta property=\"og:image:width\" content=\"331\" \/>\n\t<meta property=\"og:image:height\" content=\"331\" \/>\n\t<meta property=\"og:image:type\" content=\"image\/jpeg\" \/>\n<meta name=\"twitter:card\" content=\"summary_large_image\" \/>\n<meta name=\"twitter:label1\" content=\"Dur\u00e9e de lecture estim\u00e9e\" \/>\n\t<meta name=\"twitter:data1\" content=\"1 minute\" \/>\n<script type=\"application\/ld+json\" class=\"yoast-schema-graph\">{\"@context\":\"https:\\\/\\\/schema.org\",\"@graph\":[{\"@type\":\"WebPage\",\"@id\":\"https:\\\/\\\/repatransportbanden.nl\\\/fr\\\/kunststof\\\/energiezuinige-transportband\\\/\",\"url\":\"https:\\\/\\\/repatransportbanden.nl\\\/fr\\\/kunststof\\\/energiezuinige-transportband\\\/\",\"name\":\"Bande transporteuse \u00e0 haut rendement \u00e9nerg\u00e9tique - repatransportbanden.nl\",\"isPartOf\":{\"@id\":\"https:\\\/\\\/repatransportbanden.tempurl.host\\\/#website\"},\"primaryImageOfPage\":{\"@id\":\"https:\\\/\\\/repatransportbanden.nl\\\/fr\\\/kunststof\\\/energiezuinige-transportband\\\/#primaryimage\"},\"image\":{\"@id\":\"https:\\\/\\\/repatransportbanden.nl\\\/fr\\\/kunststof\\\/energiezuinige-transportband\\\/#primaryimage\"},\"thumbnailUrl\":\"https:\\\/\\\/repatransportbanden.nl\\\/wp-content\\\/uploads\\\/2022\\\/02\\\/energie.png\",\"datePublished\":\"2021-12-16T07:34:17+00:00\",\"dateModified\":\"2021-12-27T07:57:21+00:00\",\"breadcrumb\":{\"@id\":\"https:\\\/\\\/repatransportbanden.nl\\\/fr\\\/kunststof\\\/energiezuinige-transportband\\\/#breadcrumb\"},\"inLanguage\":\"fr-FR\",\"potentialAction\":[{\"@type\":\"ReadAction\",\"target\":[\"https:\\\/\\\/repatransportbanden.nl\\\/fr\\\/kunststof\\\/energiezuinige-transportband\\\/\"]}]},{\"@type\":\"ImageObject\",\"inLanguage\":\"fr-FR\",\"@id\":\"https:\\\/\\\/repatransportbanden.nl\\\/fr\\\/kunststof\\\/energiezuinige-transportband\\\/#primaryimage\",\"url\":\"https:\\\/\\\/repatransportbanden.nl\\\/wp-content\\\/uploads\\\/2022\\\/02\\\/energie.png\",\"contentUrl\":\"https:\\\/\\\/repatransportbanden.nl\\\/wp-content\\\/uploads\\\/2022\\\/02\\\/energie.png\",\"width\":331,\"height\":331},{\"@type\":\"BreadcrumbList\",\"@id\":\"https:\\\/\\\/repatransportbanden.nl\\\/fr\\\/kunststof\\\/energiezuinige-transportband\\\/#breadcrumb\",\"itemListElement\":[{\"@type\":\"ListItem\",\"position\":1,\"name\":\"d\u2019accueil\",\"item\":\"https:\\\/\\\/repatransportbanden.nl\\\/fr\\\/\"},{\"@type\":\"ListItem\",\"position\":2,\"name\":\"Plastique\",\"item\":\"https:\\\/\\\/repatransportbanden.tempurl.host\\\/fr\\\/kunststof\\\/\"},{\"@type\":\"ListItem\",\"position\":3,\"name\":\"Bande transporteuse \u00e0 haut rendement \u00e9nerg\u00e9tique\"}]},{\"@type\":\"WebSite\",\"@id\":\"https:\\\/\\\/repatransportbanden.tempurl.host\\\/#website\",\"url\":\"https:\\\/\\\/repatransportbanden.tempurl.host\\\/\",\"name\":\"repatransportbanden.nl\",\"description\":\"\",\"potentialAction\":[{\"@type\":\"SearchAction\",\"target\":{\"@type\":\"EntryPoint\",\"urlTemplate\":\"https:\\\/\\\/repatransportbanden.tempurl.host\\\/?s={search_term_string}\"},\"query-input\":{\"@type\":\"PropertyValueSpecification\",\"valueRequired\":true,\"valueName\":\"search_term_string\"}}],\"inLanguage\":\"fr-FR\"}]}<\/script>\n<!-- \/ Yoast SEO plugin. -->","yoast_head_json":{"title":"Bande transporteuse \u00e0 haut rendement \u00e9nerg\u00e9tique - repatransportbanden.nl","robots":{"index":"index","follow":"follow","max-snippet":"max-snippet:-1","max-image-preview":"max-image-preview:large","max-video-preview":"max-video-preview:-1"},"canonical":"https:\/\/repatransportbanden.nl\/fr\/kunststof\/energiezuinige-transportband\/","og_locale":"fr_FR","og_type":"article","og_title":"Bande transporteuse \u00e0 haut rendement \u00e9nerg\u00e9tique - repatransportbanden.nl","og_description":"La bande transporteuse \u00e0 haut rendement \u00e9nerg\u00e9tique a \u00e9t\u00e9 sp\u00e9cialement d\u00e9velopp\u00e9e pour les clients travaillant fr\u00e9quemment avec des bandes fonctionnant sur des plaques de glissement. Gr\u00e2ce au tissu sp\u00e9cial qui recouvre le dessous de la bande, le moteur utilise de 25 \u00e0 50 % de puissance en moins. La bande transporteuse sp\u00e9ciale \u00e0 haut rendement&hellip; Continue reading Bande transporteuse \u00e0 haut rendement \u00e9nerg\u00e9tique","og_url":"https:\/\/repatransportbanden.nl\/fr\/kunststof\/energiezuinige-transportband\/","og_site_name":"repatransportbanden.nl","article_modified_time":"2021-12-27T07:57:21+00:00","og_image":[{"width":331,"height":331,"url":"https:\/\/repatransportbanden.tempurl.host\/wp-content\/uploads\/2021\/12\/transportbandensmallimg5.jpg","type":"image\/jpeg"}],"twitter_card":"summary_large_image","twitter_misc":{"Dur\u00e9e de lecture estim\u00e9e":"1 minute"},"schema":{"@context":"https:\/\/schema.org","@graph":[{"@type":"WebPage","@id":"https:\/\/repatransportbanden.nl\/fr\/kunststof\/energiezuinige-transportband\/","url":"https:\/\/repatransportbanden.nl\/fr\/kunststof\/energiezuinige-transportband\/","name":"Bande transporteuse \u00e0 haut rendement \u00e9nerg\u00e9tique - repatransportbanden.nl","isPartOf":{"@id":"https:\/\/repatransportbanden.tempurl.host\/#website"},"primaryImageOfPage":{"@id":"https:\/\/repatransportbanden.nl\/fr\/kunststof\/energiezuinige-transportband\/#primaryimage"},"image":{"@id":"https:\/\/repatransportbanden.nl\/fr\/kunststof\/energiezuinige-transportband\/#primaryimage"},"thumbnailUrl":"https:\/\/repatransportbanden.nl\/wp-content\/uploads\/2022\/02\/energie.png","datePublished":"2021-12-16T07:34:17+00:00","dateModified":"2021-12-27T07:57:21+00:00","breadcrumb":{"@id":"https:\/\/repatransportbanden.nl\/fr\/kunststof\/energiezuinige-transportband\/#breadcrumb"},"inLanguage":"fr-FR","potentialAction":[{"@type":"ReadAction","target":["https:\/\/repatransportbanden.nl\/fr\/kunststof\/energiezuinige-transportband\/"]}]},{"@type":"ImageObject","inLanguage":"fr-FR","@id":"https:\/\/repatransportbanden.nl\/fr\/kunststof\/energiezuinige-transportband\/#primaryimage","url":"https:\/\/repatransportbanden.nl\/wp-content\/uploads\/2022\/02\/energie.png","contentUrl":"https:\/\/repatransportbanden.nl\/wp-content\/uploads\/2022\/02\/energie.png","width":331,"height":331},{"@type":"BreadcrumbList","@id":"https:\/\/repatransportbanden.nl\/fr\/kunststof\/energiezuinige-transportband\/#breadcrumb","itemListElement":[{"@type":"ListItem","position":1,"name":"d\u2019accueil","item":"https:\/\/repatransportbanden.nl\/fr\/"},{"@type":"ListItem","position":2,"name":"Plastique","item":"https:\/\/repatransportbanden.tempurl.host\/fr\/kunststof\/"},{"@type":"ListItem","position":3,"name":"Bande transporteuse \u00e0 haut rendement \u00e9nerg\u00e9tique"}]},{"@type":"WebSite","@id":"https:\/\/repatransportbanden.tempurl.host\/#website","url":"https:\/\/repatransportbanden.tempurl.host\/","name":"repatransportbanden.nl","description":"","potentialAction":[{"@type":"SearchAction","target":{"@type":"EntryPoint","urlTemplate":"https:\/\/repatransportbanden.tempurl.host\/?s={search_term_string}"},"query-input":{"@type":"PropertyValueSpecification","valueRequired":true,"valueName":"search_term_string"}}],"inLanguage":"fr-FR"}]}},"_links":{"self":[{"href":"https:\/\/repatransportbanden.nl\/fr\/wp-json\/wp\/v2\/pages\/1547","targetHints":{"allow":["GET"]}}],"collection":[{"href":"https:\/\/repatransportbanden.nl\/fr\/wp-json\/wp\/v2\/pages"}],"about":[{"href":"https:\/\/repatransportbanden.nl\/fr\/wp-json\/wp\/v2\/types\/page"}],"author":[{"embeddable":true,"href":"https:\/\/repatransportbanden.nl\/fr\/wp-json\/wp\/v2\/users\/2"}],"replies":[{"embeddable":true,"href":"https:\/\/repatransportbanden.nl\/fr\/wp-json\/wp\/v2\/comments?post=1547"}],"version-history":[{"count":3,"href":"https:\/\/repatransportbanden.nl\/fr\/wp-json\/wp\/v2\/pages\/1547\/revisions"}],"predecessor-version":[{"id":3085,"href":"https:\/\/repatransportbanden.nl\/fr\/wp-json\/wp\/v2\/pages\/1547\/revisions\/3085"}],"up":[{"embeddable":true,"href":"https:\/\/repatransportbanden.nl\/fr\/wp-json\/wp\/v2\/pages\/1519"}],"wp:featuredmedia":[{"embeddable":true,"href":"https:\/\/repatransportbanden.nl\/fr\/wp-json\/wp\/v2\/media\/5067"}],"wp:attachment":[{"href":"https:\/\/repatransportbanden.nl\/fr\/wp-json\/wp\/v2\/media?parent=1547"}],"curies":[{"name":"wp","href":"https:\/\/api.w.org\/{rel}","templated":true}]}}