{"id":1541,"date":"2021-12-16T08:32:55","date_gmt":"2021-12-16T07:32:55","guid":{"rendered":"https:\/\/repatransportbanden.nl\/kunststof\/egel-en-kegelbanden\/"},"modified":"2021-12-27T08:52:45","modified_gmt":"2021-12-27T07:52:45","slug":"egel-en-kegelbanden","status":"publish","type":"page","link":"https:\/\/repatransportbanden.nl\/fr\/kunststof\/egel-en-kegelbanden\/","title":{"rendered":"Bandes \u00e0 aiguilles (bandes h\u00e9risson) et \u00e0 c\u00f4nes"},"content":{"rendered":"\n<p>REPA produit en interne des bandes h\u00e9risson et \u00e0 c\u00f4nes, principalement pour le secteur agricole. Elles conviennent parfaitement, entre autres, au traitement des pommes de terre et des bulbes de fleurs. REPA peut produire des bandes de toutes dimensions. Les bandes sont g\u00e9n\u00e9ralement \u00e9quip\u00e9es de courroies de guidage. REPA fabrique des bandes transporteuses \u00e0 aiguilles pour les produits les plus d\u00e9licats. Les aiguilles de ces bandes sont plus fines et plus souples. Ces bandes conviennent au transport de divers l\u00e9gumes et fruits. Elles sont fabriqu\u00e9es sur mesure par REPA et sont \u00e9galement disponibles en bleu.<\/p>\n\n\n\n<p>Le grand avantage d&rsquo;une bande \u00e0 c\u00f4nes est qu&rsquo;elle se pr\u00eate parfaitement \u00e0 des conditions plus dures, comme la capture de pierres et de mottes dures dans les cultures. Cela tient \u00e0 l&rsquo;\u00e9paisseur des c\u00f4nes et \u00e0 la forme m\u00eame : la face inf\u00e9rieure \u00e9tant conique, la rupture ou la d\u00e9chirure n&rsquo;est pas possible ! Les produits sont propres lorsqu\u2019ils tombent de la bande tandis que le feuillage et la salet\u00e9 restent pris entre les c\u00f4nes et sont \u00e9limin\u00e9s en fin de bande \u00e0 l&rsquo;aide d&rsquo;un peigne.<\/p>\n\n\n\n<p>La bande h\u00e9risson, appel\u00e9e \u00e9galement \u2018bande d\u00e9cortiquante\u2019, a \u00e9t\u00e9 sp\u00e9cialement con\u00e7ue pour le secteur des bulbes \u00e0 fleurs. Ses pointes sont plus fines, ont une forme cylindrique et sont fabriqu\u00e9es dans un caoutchouc souple pour ne pas endommager les bulbes \u00e0 fleurs. En faisant tourner deux bandes l&rsquo;une au-dessus de l&rsquo;autre, chacune \u00e0 une vitesse diff\u00e9rente, les bulbes \u00e0 fleurs sont, pour ainsi dire, polis. Et la salet\u00e9 est enlev\u00e9e en fin de bande \u00e0 l&rsquo;aide d&rsquo;un peigne.<\/p>\n","protected":false},"excerpt":{"rendered":"<p>REPA produit en interne des bandes h\u00e9risson et \u00e0 c\u00f4nes, principalement pour le secteur agricole. Elles conviennent parfaitement, entre autres, au traitement des pommes de terre et des bulbes de fleurs. REPA peut produire des bandes de toutes dimensions. Les bandes sont g\u00e9n\u00e9ralement \u00e9quip\u00e9es de courroies de guidage. REPA fabrique des bandes transporteuses \u00e0 aiguilles&hellip; <a class=\"more-link\" href=\"https:\/\/repatransportbanden.nl\/fr\/kunststof\/egel-en-kegelbanden\/\">Continue reading <span class=\"screen-reader-text\">Bandes \u00e0 aiguilles (bandes h\u00e9risson) et \u00e0 c\u00f4nes<\/span><\/a><\/p>\n","protected":false},"author":2,"featured_media":5060,"parent":1519,"menu_order":0,"comment_status":"closed","ping_status":"closed","template":"templates\/template-service.php","meta":{"_acf_changed":false,"footnotes":""},"class_list":["post-1541","page","type-page","status-publish","has-post-thumbnail","hentry","entry"],"acf":[],"yoast_head":"<!-- This site is optimized with the Yoast SEO plugin v27.4 - https:\/\/yoast.com\/product\/yoast-seo-wordpress\/ -->\n<title>Bandes \u00e0 aiguilles (bandes h\u00e9risson) et \u00e0 c\u00f4nes - repatransportbanden.nl<\/title>\n<meta name=\"robots\" content=\"index, follow, max-snippet:-1, max-image-preview:large, max-video-preview:-1\" \/>\n<link rel=\"canonical\" href=\"https:\/\/repatransportbanden.nl\/fr\/kunststof\/egel-en-kegelbanden\/\" \/>\n<meta property=\"og:locale\" content=\"fr_FR\" \/>\n<meta property=\"og:type\" content=\"article\" \/>\n<meta property=\"og:title\" content=\"Bandes \u00e0 aiguilles (bandes h\u00e9risson) et \u00e0 c\u00f4nes - repatransportbanden.nl\" \/>\n<meta property=\"og:description\" content=\"REPA produit en interne des bandes h\u00e9risson et \u00e0 c\u00f4nes, principalement pour le secteur agricole. Elles conviennent parfaitement, entre autres, au traitement des pommes de terre et des bulbes de fleurs. REPA peut produire des bandes de toutes dimensions. Les bandes sont g\u00e9n\u00e9ralement \u00e9quip\u00e9es de courroies de guidage. REPA fabrique des bandes transporteuses \u00e0 aiguilles&hellip; Continue reading Bandes \u00e0 aiguilles (bandes h\u00e9risson) et \u00e0 c\u00f4nes\" \/>\n<meta property=\"og:url\" content=\"https:\/\/repatransportbanden.nl\/fr\/kunststof\/egel-en-kegelbanden\/\" \/>\n<meta property=\"og:site_name\" content=\"repatransportbanden.nl\" \/>\n<meta property=\"article:modified_time\" content=\"2021-12-27T07:52:45+00:00\" \/>\n<meta property=\"og:image\" content=\"https:\/\/repatransportbanden.tempurl.host\/wp-content\/uploads\/2021\/12\/transportbandensmallimg4.jpg\" \/>\n\t<meta property=\"og:image:width\" content=\"331\" \/>\n\t<meta property=\"og:image:height\" content=\"331\" \/>\n\t<meta property=\"og:image:type\" content=\"image\/jpeg\" \/>\n<meta name=\"twitter:card\" content=\"summary_large_image\" \/>\n<meta name=\"twitter:label1\" content=\"Dur\u00e9e de lecture estim\u00e9e\" \/>\n\t<meta name=\"twitter:data1\" content=\"1 minute\" \/>\n<script type=\"application\/ld+json\" class=\"yoast-schema-graph\">{\"@context\":\"https:\\\/\\\/schema.org\",\"@graph\":[{\"@type\":\"WebPage\",\"@id\":\"https:\\\/\\\/repatransportbanden.nl\\\/fr\\\/kunststof\\\/egel-en-kegelbanden\\\/\",\"url\":\"https:\\\/\\\/repatransportbanden.nl\\\/fr\\\/kunststof\\\/egel-en-kegelbanden\\\/\",\"name\":\"Bandes \u00e0 aiguilles (bandes h\u00e9risson) et \u00e0 c\u00f4nes - repatransportbanden.nl\",\"isPartOf\":{\"@id\":\"https:\\\/\\\/repatransportbanden.tempurl.host\\\/#website\"},\"primaryImageOfPage\":{\"@id\":\"https:\\\/\\\/repatransportbanden.nl\\\/fr\\\/kunststof\\\/egel-en-kegelbanden\\\/#primaryimage\"},\"image\":{\"@id\":\"https:\\\/\\\/repatransportbanden.nl\\\/fr\\\/kunststof\\\/egel-en-kegelbanden\\\/#primaryimage\"},\"thumbnailUrl\":\"https:\\\/\\\/repatransportbanden.nl\\\/wp-content\\\/uploads\\\/2022\\\/02\\\/egel.png\",\"datePublished\":\"2021-12-16T07:32:55+00:00\",\"dateModified\":\"2021-12-27T07:52:45+00:00\",\"breadcrumb\":{\"@id\":\"https:\\\/\\\/repatransportbanden.nl\\\/fr\\\/kunststof\\\/egel-en-kegelbanden\\\/#breadcrumb\"},\"inLanguage\":\"fr-FR\",\"potentialAction\":[{\"@type\":\"ReadAction\",\"target\":[\"https:\\\/\\\/repatransportbanden.nl\\\/fr\\\/kunststof\\\/egel-en-kegelbanden\\\/\"]}]},{\"@type\":\"ImageObject\",\"inLanguage\":\"fr-FR\",\"@id\":\"https:\\\/\\\/repatransportbanden.nl\\\/fr\\\/kunststof\\\/egel-en-kegelbanden\\\/#primaryimage\",\"url\":\"https:\\\/\\\/repatransportbanden.nl\\\/wp-content\\\/uploads\\\/2022\\\/02\\\/egel.png\",\"contentUrl\":\"https:\\\/\\\/repatransportbanden.nl\\\/wp-content\\\/uploads\\\/2022\\\/02\\\/egel.png\",\"width\":331,\"height\":331},{\"@type\":\"BreadcrumbList\",\"@id\":\"https:\\\/\\\/repatransportbanden.nl\\\/fr\\\/kunststof\\\/egel-en-kegelbanden\\\/#breadcrumb\",\"itemListElement\":[{\"@type\":\"ListItem\",\"position\":1,\"name\":\"d\u2019accueil\",\"item\":\"https:\\\/\\\/repatransportbanden.nl\\\/fr\\\/\"},{\"@type\":\"ListItem\",\"position\":2,\"name\":\"Plastique\",\"item\":\"https:\\\/\\\/repatransportbanden.tempurl.host\\\/fr\\\/kunststof\\\/\"},{\"@type\":\"ListItem\",\"position\":3,\"name\":\"Bandes \u00e0 aiguilles (bandes h\u00e9risson) et \u00e0 c\u00f4nes\"}]},{\"@type\":\"WebSite\",\"@id\":\"https:\\\/\\\/repatransportbanden.tempurl.host\\\/#website\",\"url\":\"https:\\\/\\\/repatransportbanden.tempurl.host\\\/\",\"name\":\"repatransportbanden.nl\",\"description\":\"\",\"potentialAction\":[{\"@type\":\"SearchAction\",\"target\":{\"@type\":\"EntryPoint\",\"urlTemplate\":\"https:\\\/\\\/repatransportbanden.tempurl.host\\\/?s={search_term_string}\"},\"query-input\":{\"@type\":\"PropertyValueSpecification\",\"valueRequired\":true,\"valueName\":\"search_term_string\"}}],\"inLanguage\":\"fr-FR\"}]}<\/script>\n<!-- \/ Yoast SEO plugin. -->","yoast_head_json":{"title":"Bandes \u00e0 aiguilles (bandes h\u00e9risson) et \u00e0 c\u00f4nes - repatransportbanden.nl","robots":{"index":"index","follow":"follow","max-snippet":"max-snippet:-1","max-image-preview":"max-image-preview:large","max-video-preview":"max-video-preview:-1"},"canonical":"https:\/\/repatransportbanden.nl\/fr\/kunststof\/egel-en-kegelbanden\/","og_locale":"fr_FR","og_type":"article","og_title":"Bandes \u00e0 aiguilles (bandes h\u00e9risson) et \u00e0 c\u00f4nes - repatransportbanden.nl","og_description":"REPA produit en interne des bandes h\u00e9risson et \u00e0 c\u00f4nes, principalement pour le secteur agricole. Elles conviennent parfaitement, entre autres, au traitement des pommes de terre et des bulbes de fleurs. REPA peut produire des bandes de toutes dimensions. Les bandes sont g\u00e9n\u00e9ralement \u00e9quip\u00e9es de courroies de guidage. REPA fabrique des bandes transporteuses \u00e0 aiguilles&hellip; Continue reading Bandes \u00e0 aiguilles (bandes h\u00e9risson) et \u00e0 c\u00f4nes","og_url":"https:\/\/repatransportbanden.nl\/fr\/kunststof\/egel-en-kegelbanden\/","og_site_name":"repatransportbanden.nl","article_modified_time":"2021-12-27T07:52:45+00:00","og_image":[{"width":331,"height":331,"url":"https:\/\/repatransportbanden.tempurl.host\/wp-content\/uploads\/2021\/12\/transportbandensmallimg4.jpg","type":"image\/jpeg"}],"twitter_card":"summary_large_image","twitter_misc":{"Dur\u00e9e de lecture estim\u00e9e":"1 minute"},"schema":{"@context":"https:\/\/schema.org","@graph":[{"@type":"WebPage","@id":"https:\/\/repatransportbanden.nl\/fr\/kunststof\/egel-en-kegelbanden\/","url":"https:\/\/repatransportbanden.nl\/fr\/kunststof\/egel-en-kegelbanden\/","name":"Bandes \u00e0 aiguilles (bandes h\u00e9risson) et \u00e0 c\u00f4nes - repatransportbanden.nl","isPartOf":{"@id":"https:\/\/repatransportbanden.tempurl.host\/#website"},"primaryImageOfPage":{"@id":"https:\/\/repatransportbanden.nl\/fr\/kunststof\/egel-en-kegelbanden\/#primaryimage"},"image":{"@id":"https:\/\/repatransportbanden.nl\/fr\/kunststof\/egel-en-kegelbanden\/#primaryimage"},"thumbnailUrl":"https:\/\/repatransportbanden.nl\/wp-content\/uploads\/2022\/02\/egel.png","datePublished":"2021-12-16T07:32:55+00:00","dateModified":"2021-12-27T07:52:45+00:00","breadcrumb":{"@id":"https:\/\/repatransportbanden.nl\/fr\/kunststof\/egel-en-kegelbanden\/#breadcrumb"},"inLanguage":"fr-FR","potentialAction":[{"@type":"ReadAction","target":["https:\/\/repatransportbanden.nl\/fr\/kunststof\/egel-en-kegelbanden\/"]}]},{"@type":"ImageObject","inLanguage":"fr-FR","@id":"https:\/\/repatransportbanden.nl\/fr\/kunststof\/egel-en-kegelbanden\/#primaryimage","url":"https:\/\/repatransportbanden.nl\/wp-content\/uploads\/2022\/02\/egel.png","contentUrl":"https:\/\/repatransportbanden.nl\/wp-content\/uploads\/2022\/02\/egel.png","width":331,"height":331},{"@type":"BreadcrumbList","@id":"https:\/\/repatransportbanden.nl\/fr\/kunststof\/egel-en-kegelbanden\/#breadcrumb","itemListElement":[{"@type":"ListItem","position":1,"name":"d\u2019accueil","item":"https:\/\/repatransportbanden.nl\/fr\/"},{"@type":"ListItem","position":2,"name":"Plastique","item":"https:\/\/repatransportbanden.tempurl.host\/fr\/kunststof\/"},{"@type":"ListItem","position":3,"name":"Bandes \u00e0 aiguilles (bandes h\u00e9risson) et \u00e0 c\u00f4nes"}]},{"@type":"WebSite","@id":"https:\/\/repatransportbanden.tempurl.host\/#website","url":"https:\/\/repatransportbanden.tempurl.host\/","name":"repatransportbanden.nl","description":"","potentialAction":[{"@type":"SearchAction","target":{"@type":"EntryPoint","urlTemplate":"https:\/\/repatransportbanden.tempurl.host\/?s={search_term_string}"},"query-input":{"@type":"PropertyValueSpecification","valueRequired":true,"valueName":"search_term_string"}}],"inLanguage":"fr-FR"}]}},"_links":{"self":[{"href":"https:\/\/repatransportbanden.nl\/fr\/wp-json\/wp\/v2\/pages\/1541","targetHints":{"allow":["GET"]}}],"collection":[{"href":"https:\/\/repatransportbanden.nl\/fr\/wp-json\/wp\/v2\/pages"}],"about":[{"href":"https:\/\/repatransportbanden.nl\/fr\/wp-json\/wp\/v2\/types\/page"}],"author":[{"embeddable":true,"href":"https:\/\/repatransportbanden.nl\/fr\/wp-json\/wp\/v2\/users\/2"}],"replies":[{"embeddable":true,"href":"https:\/\/repatransportbanden.nl\/fr\/wp-json\/wp\/v2\/comments?post=1541"}],"version-history":[{"count":5,"href":"https:\/\/repatransportbanden.nl\/fr\/wp-json\/wp\/v2\/pages\/1541\/revisions"}],"predecessor-version":[{"id":3081,"href":"https:\/\/repatransportbanden.nl\/fr\/wp-json\/wp\/v2\/pages\/1541\/revisions\/3081"}],"up":[{"embeddable":true,"href":"https:\/\/repatransportbanden.nl\/fr\/wp-json\/wp\/v2\/pages\/1519"}],"wp:featuredmedia":[{"embeddable":true,"href":"https:\/\/repatransportbanden.nl\/fr\/wp-json\/wp\/v2\/media\/5060"}],"wp:attachment":[{"href":"https:\/\/repatransportbanden.nl\/fr\/wp-json\/wp\/v2\/media?parent=1541"}],"curies":[{"name":"wp","href":"https:\/\/api.w.org\/{rel}","templated":true}]}}