{"id":1535,"date":"2021-12-16T08:30:58","date_gmt":"2021-12-16T07:30:58","guid":{"rendered":"https:\/\/repatransportbanden.nl\/kunststof\/dakjesbanden-en-sponbanden\/"},"modified":"2021-12-27T08:36:18","modified_gmt":"2021-12-27T07:36:18","slug":"dakjesbanden-en-sponbanden","status":"publish","type":"page","link":"https:\/\/repatransportbanden.nl\/fr\/kunststof\/dakjesbanden-en-sponbanden\/","title":{"rendered":"Bandes \u00e0 toits et bandes en \u00e9ponge"},"content":{"rendered":"\n<p>Les horticulteurs utilisent diff\u00e9rents types de bandes transporteuses. Dans les lignes de traitement des fleurs, par exemple, les bandes transporteuses dites \u00ab\u00a0en toits\u00a0\u00bb sont utilis\u00e9es de mani\u00e8re standard. Sur ces bandes, les tiges de fleurs sont regroup\u00e9es en fin de ligne et resserr\u00e9es au moyen d&rsquo;une bande sp\u00e9ciale en \u00e9ponge pour \u00e9viter qu&rsquo;elles ne soient endommag\u00e9es. Apr\u00e8s quoi, les tiges sont coup\u00e9es et un \u00e9lastique est plac\u00e9 autour du bouquet. Les bandes en toits (bande \u00e0 bouquets) sont produites chez REPA en diff\u00e9rentes tailles et couleurs. Le mat\u00e9riau \u00e9ponge est disponible en plusieurs \u00e9paisseurs. Nous pouvons \u00e9galement le fournir dans diff\u00e9rents types de duret\u00e9 ou de densit\u00e9 (structure).<\/p>\n","protected":false},"excerpt":{"rendered":"<p>Les horticulteurs utilisent diff\u00e9rents types de bandes transporteuses. Dans les lignes de traitement des fleurs, par exemple, les bandes transporteuses dites \u00ab\u00a0en toits\u00a0\u00bb sont utilis\u00e9es de mani\u00e8re standard. Sur ces bandes, les tiges de fleurs sont regroup\u00e9es en fin de ligne et resserr\u00e9es au moyen d&rsquo;une bande sp\u00e9ciale en \u00e9ponge pour \u00e9viter qu&rsquo;elles ne soient&hellip; <a class=\"more-link\" href=\"https:\/\/repatransportbanden.nl\/fr\/kunststof\/dakjesbanden-en-sponbanden\/\">Continue reading <span class=\"screen-reader-text\">Bandes \u00e0 toits et bandes en \u00e9ponge<\/span><\/a><\/p>\n","protected":false},"author":2,"featured_media":5053,"parent":1519,"menu_order":0,"comment_status":"closed","ping_status":"closed","template":"templates\/template-service.php","meta":{"_acf_changed":false,"footnotes":""},"class_list":["post-1535","page","type-page","status-publish","has-post-thumbnail","hentry","entry"],"acf":[],"yoast_head":"<!-- This site is optimized with the Yoast SEO plugin v27.3 - https:\/\/yoast.com\/product\/yoast-seo-wordpress\/ -->\n<title>Bandes \u00e0 toits et bandes en \u00e9ponge - repatransportbanden.nl<\/title>\n<meta name=\"robots\" content=\"index, follow, max-snippet:-1, max-image-preview:large, max-video-preview:-1\" \/>\n<link rel=\"canonical\" href=\"https:\/\/repatransportbanden.nl\/fr\/kunststof\/dakjesbanden-en-sponbanden\/\" \/>\n<meta property=\"og:locale\" content=\"fr_FR\" \/>\n<meta property=\"og:type\" content=\"article\" \/>\n<meta property=\"og:title\" content=\"Bandes \u00e0 toits et bandes en \u00e9ponge - repatransportbanden.nl\" \/>\n<meta property=\"og:description\" content=\"Les horticulteurs utilisent diff\u00e9rents types de bandes transporteuses. Dans les lignes de traitement des fleurs, par exemple, les bandes transporteuses dites \u00ab\u00a0en toits\u00a0\u00bb sont utilis\u00e9es de mani\u00e8re standard. Sur ces bandes, les tiges de fleurs sont regroup\u00e9es en fin de ligne et resserr\u00e9es au moyen d&rsquo;une bande sp\u00e9ciale en \u00e9ponge pour \u00e9viter qu&rsquo;elles ne soient&hellip; Continue reading Bandes \u00e0 toits et bandes en \u00e9ponge\" \/>\n<meta property=\"og:url\" content=\"https:\/\/repatransportbanden.nl\/fr\/kunststof\/dakjesbanden-en-sponbanden\/\" \/>\n<meta property=\"og:site_name\" content=\"repatransportbanden.nl\" \/>\n<meta property=\"article:modified_time\" content=\"2021-12-27T07:36:18+00:00\" \/>\n<meta property=\"og:image\" content=\"https:\/\/repatransportbanden.tempurl.host\/wp-content\/uploads\/2021\/12\/transportbandensmallimg7.jpg\" \/>\n\t<meta property=\"og:image:width\" content=\"331\" \/>\n\t<meta property=\"og:image:height\" content=\"331\" \/>\n\t<meta property=\"og:image:type\" content=\"image\/jpeg\" \/>\n<meta name=\"twitter:card\" content=\"summary_large_image\" \/>\n<meta name=\"twitter:label1\" content=\"Dur\u00e9e de lecture estim\u00e9e\" \/>\n\t<meta name=\"twitter:data1\" content=\"1 minute\" \/>\n<script type=\"application\/ld+json\" class=\"yoast-schema-graph\">{\"@context\":\"https:\\\/\\\/schema.org\",\"@graph\":[{\"@type\":\"WebPage\",\"@id\":\"https:\\\/\\\/repatransportbanden.nl\\\/fr\\\/kunststof\\\/dakjesbanden-en-sponbanden\\\/\",\"url\":\"https:\\\/\\\/repatransportbanden.nl\\\/fr\\\/kunststof\\\/dakjesbanden-en-sponbanden\\\/\",\"name\":\"Bandes \u00e0 toits et bandes en \u00e9ponge - repatransportbanden.nl\",\"isPartOf\":{\"@id\":\"https:\\\/\\\/repatransportbanden.tempurl.host\\\/#website\"},\"primaryImageOfPage\":{\"@id\":\"https:\\\/\\\/repatransportbanden.nl\\\/fr\\\/kunststof\\\/dakjesbanden-en-sponbanden\\\/#primaryimage\"},\"image\":{\"@id\":\"https:\\\/\\\/repatransportbanden.nl\\\/fr\\\/kunststof\\\/dakjesbanden-en-sponbanden\\\/#primaryimage\"},\"thumbnailUrl\":\"https:\\\/\\\/repatransportbanden.nl\\\/wp-content\\\/uploads\\\/2022\\\/02\\\/dakjes.png\",\"datePublished\":\"2021-12-16T07:30:58+00:00\",\"dateModified\":\"2021-12-27T07:36:18+00:00\",\"breadcrumb\":{\"@id\":\"https:\\\/\\\/repatransportbanden.nl\\\/fr\\\/kunststof\\\/dakjesbanden-en-sponbanden\\\/#breadcrumb\"},\"inLanguage\":\"fr-FR\",\"potentialAction\":[{\"@type\":\"ReadAction\",\"target\":[\"https:\\\/\\\/repatransportbanden.nl\\\/fr\\\/kunststof\\\/dakjesbanden-en-sponbanden\\\/\"]}]},{\"@type\":\"ImageObject\",\"inLanguage\":\"fr-FR\",\"@id\":\"https:\\\/\\\/repatransportbanden.nl\\\/fr\\\/kunststof\\\/dakjesbanden-en-sponbanden\\\/#primaryimage\",\"url\":\"https:\\\/\\\/repatransportbanden.nl\\\/wp-content\\\/uploads\\\/2022\\\/02\\\/dakjes.png\",\"contentUrl\":\"https:\\\/\\\/repatransportbanden.nl\\\/wp-content\\\/uploads\\\/2022\\\/02\\\/dakjes.png\",\"width\":331,\"height\":331},{\"@type\":\"BreadcrumbList\",\"@id\":\"https:\\\/\\\/repatransportbanden.nl\\\/fr\\\/kunststof\\\/dakjesbanden-en-sponbanden\\\/#breadcrumb\",\"itemListElement\":[{\"@type\":\"ListItem\",\"position\":1,\"name\":\"d\u2019accueil\",\"item\":\"https:\\\/\\\/repatransportbanden.nl\\\/fr\\\/\"},{\"@type\":\"ListItem\",\"position\":2,\"name\":\"Plastique\",\"item\":\"https:\\\/\\\/repatransportbanden.tempurl.host\\\/fr\\\/kunststof\\\/\"},{\"@type\":\"ListItem\",\"position\":3,\"name\":\"Bandes \u00e0 toits et bandes en \u00e9ponge\"}]},{\"@type\":\"WebSite\",\"@id\":\"https:\\\/\\\/repatransportbanden.tempurl.host\\\/#website\",\"url\":\"https:\\\/\\\/repatransportbanden.tempurl.host\\\/\",\"name\":\"repatransportbanden.nl\",\"description\":\"\",\"potentialAction\":[{\"@type\":\"SearchAction\",\"target\":{\"@type\":\"EntryPoint\",\"urlTemplate\":\"https:\\\/\\\/repatransportbanden.tempurl.host\\\/?s={search_term_string}\"},\"query-input\":{\"@type\":\"PropertyValueSpecification\",\"valueRequired\":true,\"valueName\":\"search_term_string\"}}],\"inLanguage\":\"fr-FR\"}]}<\/script>\n<!-- \/ Yoast SEO plugin. -->","yoast_head_json":{"title":"Bandes \u00e0 toits et bandes en \u00e9ponge - repatransportbanden.nl","robots":{"index":"index","follow":"follow","max-snippet":"max-snippet:-1","max-image-preview":"max-image-preview:large","max-video-preview":"max-video-preview:-1"},"canonical":"https:\/\/repatransportbanden.nl\/fr\/kunststof\/dakjesbanden-en-sponbanden\/","og_locale":"fr_FR","og_type":"article","og_title":"Bandes \u00e0 toits et bandes en \u00e9ponge - repatransportbanden.nl","og_description":"Les horticulteurs utilisent diff\u00e9rents types de bandes transporteuses. Dans les lignes de traitement des fleurs, par exemple, les bandes transporteuses dites \u00ab\u00a0en toits\u00a0\u00bb sont utilis\u00e9es de mani\u00e8re standard. Sur ces bandes, les tiges de fleurs sont regroup\u00e9es en fin de ligne et resserr\u00e9es au moyen d&rsquo;une bande sp\u00e9ciale en \u00e9ponge pour \u00e9viter qu&rsquo;elles ne soient&hellip; Continue reading Bandes \u00e0 toits et bandes en \u00e9ponge","og_url":"https:\/\/repatransportbanden.nl\/fr\/kunststof\/dakjesbanden-en-sponbanden\/","og_site_name":"repatransportbanden.nl","article_modified_time":"2021-12-27T07:36:18+00:00","og_image":[{"width":331,"height":331,"url":"https:\/\/repatransportbanden.tempurl.host\/wp-content\/uploads\/2021\/12\/transportbandensmallimg7.jpg","type":"image\/jpeg"}],"twitter_card":"summary_large_image","twitter_misc":{"Dur\u00e9e de lecture estim\u00e9e":"1 minute"},"schema":{"@context":"https:\/\/schema.org","@graph":[{"@type":"WebPage","@id":"https:\/\/repatransportbanden.nl\/fr\/kunststof\/dakjesbanden-en-sponbanden\/","url":"https:\/\/repatransportbanden.nl\/fr\/kunststof\/dakjesbanden-en-sponbanden\/","name":"Bandes \u00e0 toits et bandes en \u00e9ponge - repatransportbanden.nl","isPartOf":{"@id":"https:\/\/repatransportbanden.tempurl.host\/#website"},"primaryImageOfPage":{"@id":"https:\/\/repatransportbanden.nl\/fr\/kunststof\/dakjesbanden-en-sponbanden\/#primaryimage"},"image":{"@id":"https:\/\/repatransportbanden.nl\/fr\/kunststof\/dakjesbanden-en-sponbanden\/#primaryimage"},"thumbnailUrl":"https:\/\/repatransportbanden.nl\/wp-content\/uploads\/2022\/02\/dakjes.png","datePublished":"2021-12-16T07:30:58+00:00","dateModified":"2021-12-27T07:36:18+00:00","breadcrumb":{"@id":"https:\/\/repatransportbanden.nl\/fr\/kunststof\/dakjesbanden-en-sponbanden\/#breadcrumb"},"inLanguage":"fr-FR","potentialAction":[{"@type":"ReadAction","target":["https:\/\/repatransportbanden.nl\/fr\/kunststof\/dakjesbanden-en-sponbanden\/"]}]},{"@type":"ImageObject","inLanguage":"fr-FR","@id":"https:\/\/repatransportbanden.nl\/fr\/kunststof\/dakjesbanden-en-sponbanden\/#primaryimage","url":"https:\/\/repatransportbanden.nl\/wp-content\/uploads\/2022\/02\/dakjes.png","contentUrl":"https:\/\/repatransportbanden.nl\/wp-content\/uploads\/2022\/02\/dakjes.png","width":331,"height":331},{"@type":"BreadcrumbList","@id":"https:\/\/repatransportbanden.nl\/fr\/kunststof\/dakjesbanden-en-sponbanden\/#breadcrumb","itemListElement":[{"@type":"ListItem","position":1,"name":"d\u2019accueil","item":"https:\/\/repatransportbanden.nl\/fr\/"},{"@type":"ListItem","position":2,"name":"Plastique","item":"https:\/\/repatransportbanden.tempurl.host\/fr\/kunststof\/"},{"@type":"ListItem","position":3,"name":"Bandes \u00e0 toits et bandes en \u00e9ponge"}]},{"@type":"WebSite","@id":"https:\/\/repatransportbanden.tempurl.host\/#website","url":"https:\/\/repatransportbanden.tempurl.host\/","name":"repatransportbanden.nl","description":"","potentialAction":[{"@type":"SearchAction","target":{"@type":"EntryPoint","urlTemplate":"https:\/\/repatransportbanden.tempurl.host\/?s={search_term_string}"},"query-input":{"@type":"PropertyValueSpecification","valueRequired":true,"valueName":"search_term_string"}}],"inLanguage":"fr-FR"}]}},"_links":{"self":[{"href":"https:\/\/repatransportbanden.nl\/fr\/wp-json\/wp\/v2\/pages\/1535","targetHints":{"allow":["GET"]}}],"collection":[{"href":"https:\/\/repatransportbanden.nl\/fr\/wp-json\/wp\/v2\/pages"}],"about":[{"href":"https:\/\/repatransportbanden.nl\/fr\/wp-json\/wp\/v2\/types\/page"}],"author":[{"embeddable":true,"href":"https:\/\/repatransportbanden.nl\/fr\/wp-json\/wp\/v2\/users\/2"}],"replies":[{"embeddable":true,"href":"https:\/\/repatransportbanden.nl\/fr\/wp-json\/wp\/v2\/comments?post=1535"}],"version-history":[{"count":3,"href":"https:\/\/repatransportbanden.nl\/fr\/wp-json\/wp\/v2\/pages\/1535\/revisions"}],"predecessor-version":[{"id":3075,"href":"https:\/\/repatransportbanden.nl\/fr\/wp-json\/wp\/v2\/pages\/1535\/revisions\/3075"}],"up":[{"embeddable":true,"href":"https:\/\/repatransportbanden.nl\/fr\/wp-json\/wp\/v2\/pages\/1519"}],"wp:featuredmedia":[{"embeddable":true,"href":"https:\/\/repatransportbanden.nl\/fr\/wp-json\/wp\/v2\/media\/5053"}],"wp:attachment":[{"href":"https:\/\/repatransportbanden.nl\/fr\/wp-json\/wp\/v2\/media?parent=1535"}],"curies":[{"name":"wp","href":"https:\/\/api.w.org\/{rel}","templated":true}]}}