{"id":1529,"date":"2021-12-16T08:30:19","date_gmt":"2021-12-16T07:30:19","guid":{"rendered":"https:\/\/repatransportbanden.nl\/kunststof\/bochtbanden\/"},"modified":"2021-12-27T08:23:02","modified_gmt":"2021-12-27T07:23:02","slug":"bochtbanden","status":"publish","type":"page","link":"https:\/\/repatransportbanden.nl\/fr\/kunststof\/bochtbanden\/","title":{"rendered":"Bandes courbes"},"content":{"rendered":"\n<p>Les bandes transporteuses courbes sont souvent utilis\u00e9es dans les centres de distribution, les a\u00e9roports, mais aussi dans diverses boulangeries et autres entreprises de transformation alimentaire. Les bandes sont produites en interne par REPA en PVC et en PU. Elles sont, naturellement, propos\u00e9es en diff\u00e9rentes couleurs et dot\u00e9es de diff\u00e9rents profils, selon les produits \u00e0 transporter et les conditions environnementales.<\/p>\n\n\n\n<p>Il existe diff\u00e9rents types de bandes courbes : avec des roulements, avec des cha\u00eenes et avec des bordures. Dans les boulangeries, on a parfois affaire \u00e0 des bandes courbes avec \u00e9lastiques. Mais les grands \u00e9quipementiers utilisent presque toujours des bandes courbes avec bordures. Ces derni\u00e8res bandes existent en diff\u00e9rents types et tailles. REPA dispose d\u2019un stock d\u2019environ 150 bandes courbes pr\u00eates \u00e0 l&#8217;emploi. Cela permet \u00e0 nos monteurs de livrer et monter directement les bandes (24\/7). Autrement dit, en cas de panne, le retard est r\u00e9duit \u00e0 un minimum. Afin d&rsquo;anticiper les possibles calamit\u00e9s, REPA effectue \u00e9galement des inspections chez le client. Le r\u00e9glage des roulements est essentiel pour la pr\u00e9servation de la bande courbe. La pression dans la bande et sur les roulements est \u00e9galement un facteur important impactant la dur\u00e9e de vie de la bande. Les monteurs de REPA sont tous correctement form\u00e9s et sont aptes \u00e0 s&rsquo;assurer que ces questions sont parfaitement en ordre.<\/p>\n","protected":false},"excerpt":{"rendered":"<p>Les bandes transporteuses courbes sont souvent utilis\u00e9es dans les centres de distribution, les a\u00e9roports, mais aussi dans diverses boulangeries et autres entreprises de transformation alimentaire. Les bandes sont produites en interne par REPA en PVC et en PU. Elles sont, naturellement, propos\u00e9es en diff\u00e9rentes couleurs et dot\u00e9es de diff\u00e9rents profils, selon les produits \u00e0 transporter&hellip; <a class=\"more-link\" href=\"https:\/\/repatransportbanden.nl\/fr\/kunststof\/bochtbanden\/\">Continue reading <span class=\"screen-reader-text\">Bandes courbes<\/span><\/a><\/p>\n","protected":false},"author":2,"featured_media":5046,"parent":1519,"menu_order":0,"comment_status":"closed","ping_status":"closed","template":"templates\/template-service.php","meta":{"_acf_changed":false,"footnotes":""},"class_list":["post-1529","page","type-page","status-publish","has-post-thumbnail","hentry","entry"],"acf":[],"yoast_head":"<!-- This site is optimized with the Yoast SEO plugin v27.3 - https:\/\/yoast.com\/product\/yoast-seo-wordpress\/ -->\n<title>Bandes courbes - repatransportbanden.nl<\/title>\n<meta name=\"robots\" content=\"index, follow, max-snippet:-1, max-image-preview:large, max-video-preview:-1\" \/>\n<link rel=\"canonical\" href=\"https:\/\/repatransportbanden.nl\/fr\/kunststof\/bochtbanden\/\" \/>\n<meta property=\"og:locale\" content=\"fr_FR\" \/>\n<meta property=\"og:type\" content=\"article\" \/>\n<meta property=\"og:title\" content=\"Bandes courbes - repatransportbanden.nl\" \/>\n<meta property=\"og:description\" content=\"Les bandes transporteuses courbes sont souvent utilis\u00e9es dans les centres de distribution, les a\u00e9roports, mais aussi dans diverses boulangeries et autres entreprises de transformation alimentaire. Les bandes sont produites en interne par REPA en PVC et en PU. Elles sont, naturellement, propos\u00e9es en diff\u00e9rentes couleurs et dot\u00e9es de diff\u00e9rents profils, selon les produits \u00e0 transporter&hellip; Continue reading Bandes courbes\" \/>\n<meta property=\"og:url\" content=\"https:\/\/repatransportbanden.nl\/fr\/kunststof\/bochtbanden\/\" \/>\n<meta property=\"og:site_name\" content=\"repatransportbanden.nl\" \/>\n<meta property=\"article:modified_time\" content=\"2021-12-27T07:23:02+00:00\" \/>\n<meta property=\"og:image\" content=\"https:\/\/repatransportbanden.tempurl.host\/wp-content\/uploads\/2021\/12\/transportbandensmallimg6.jpg\" \/>\n\t<meta property=\"og:image:width\" content=\"331\" \/>\n\t<meta property=\"og:image:height\" content=\"331\" \/>\n\t<meta property=\"og:image:type\" content=\"image\/jpeg\" \/>\n<meta name=\"twitter:card\" content=\"summary_large_image\" \/>\n<meta name=\"twitter:label1\" content=\"Dur\u00e9e de lecture estim\u00e9e\" \/>\n\t<meta name=\"twitter:data1\" content=\"1 minute\" \/>\n<script type=\"application\/ld+json\" class=\"yoast-schema-graph\">{\"@context\":\"https:\\\/\\\/schema.org\",\"@graph\":[{\"@type\":\"WebPage\",\"@id\":\"https:\\\/\\\/repatransportbanden.nl\\\/fr\\\/kunststof\\\/bochtbanden\\\/\",\"url\":\"https:\\\/\\\/repatransportbanden.nl\\\/fr\\\/kunststof\\\/bochtbanden\\\/\",\"name\":\"Bandes courbes - repatransportbanden.nl\",\"isPartOf\":{\"@id\":\"https:\\\/\\\/repatransportbanden.tempurl.host\\\/#website\"},\"primaryImageOfPage\":{\"@id\":\"https:\\\/\\\/repatransportbanden.nl\\\/fr\\\/kunststof\\\/bochtbanden\\\/#primaryimage\"},\"image\":{\"@id\":\"https:\\\/\\\/repatransportbanden.nl\\\/fr\\\/kunststof\\\/bochtbanden\\\/#primaryimage\"},\"thumbnailUrl\":\"https:\\\/\\\/repatransportbanden.nl\\\/wp-content\\\/uploads\\\/2022\\\/02\\\/bocht.png\",\"datePublished\":\"2021-12-16T07:30:19+00:00\",\"dateModified\":\"2021-12-27T07:23:02+00:00\",\"breadcrumb\":{\"@id\":\"https:\\\/\\\/repatransportbanden.nl\\\/fr\\\/kunststof\\\/bochtbanden\\\/#breadcrumb\"},\"inLanguage\":\"fr-FR\",\"potentialAction\":[{\"@type\":\"ReadAction\",\"target\":[\"https:\\\/\\\/repatransportbanden.nl\\\/fr\\\/kunststof\\\/bochtbanden\\\/\"]}]},{\"@type\":\"ImageObject\",\"inLanguage\":\"fr-FR\",\"@id\":\"https:\\\/\\\/repatransportbanden.nl\\\/fr\\\/kunststof\\\/bochtbanden\\\/#primaryimage\",\"url\":\"https:\\\/\\\/repatransportbanden.nl\\\/wp-content\\\/uploads\\\/2022\\\/02\\\/bocht.png\",\"contentUrl\":\"https:\\\/\\\/repatransportbanden.nl\\\/wp-content\\\/uploads\\\/2022\\\/02\\\/bocht.png\",\"width\":331,\"height\":331},{\"@type\":\"BreadcrumbList\",\"@id\":\"https:\\\/\\\/repatransportbanden.nl\\\/fr\\\/kunststof\\\/bochtbanden\\\/#breadcrumb\",\"itemListElement\":[{\"@type\":\"ListItem\",\"position\":1,\"name\":\"d\u2019accueil\",\"item\":\"https:\\\/\\\/repatransportbanden.nl\\\/fr\\\/\"},{\"@type\":\"ListItem\",\"position\":2,\"name\":\"Plastique\",\"item\":\"https:\\\/\\\/repatransportbanden.tempurl.host\\\/fr\\\/kunststof\\\/\"},{\"@type\":\"ListItem\",\"position\":3,\"name\":\"Bandes courbes\"}]},{\"@type\":\"WebSite\",\"@id\":\"https:\\\/\\\/repatransportbanden.tempurl.host\\\/#website\",\"url\":\"https:\\\/\\\/repatransportbanden.tempurl.host\\\/\",\"name\":\"repatransportbanden.nl\",\"description\":\"\",\"potentialAction\":[{\"@type\":\"SearchAction\",\"target\":{\"@type\":\"EntryPoint\",\"urlTemplate\":\"https:\\\/\\\/repatransportbanden.tempurl.host\\\/?s={search_term_string}\"},\"query-input\":{\"@type\":\"PropertyValueSpecification\",\"valueRequired\":true,\"valueName\":\"search_term_string\"}}],\"inLanguage\":\"fr-FR\"}]}<\/script>\n<!-- \/ Yoast SEO plugin. -->","yoast_head_json":{"title":"Bandes courbes - repatransportbanden.nl","robots":{"index":"index","follow":"follow","max-snippet":"max-snippet:-1","max-image-preview":"max-image-preview:large","max-video-preview":"max-video-preview:-1"},"canonical":"https:\/\/repatransportbanden.nl\/fr\/kunststof\/bochtbanden\/","og_locale":"fr_FR","og_type":"article","og_title":"Bandes courbes - repatransportbanden.nl","og_description":"Les bandes transporteuses courbes sont souvent utilis\u00e9es dans les centres de distribution, les a\u00e9roports, mais aussi dans diverses boulangeries et autres entreprises de transformation alimentaire. Les bandes sont produites en interne par REPA en PVC et en PU. Elles sont, naturellement, propos\u00e9es en diff\u00e9rentes couleurs et dot\u00e9es de diff\u00e9rents profils, selon les produits \u00e0 transporter&hellip; Continue reading Bandes courbes","og_url":"https:\/\/repatransportbanden.nl\/fr\/kunststof\/bochtbanden\/","og_site_name":"repatransportbanden.nl","article_modified_time":"2021-12-27T07:23:02+00:00","og_image":[{"width":331,"height":331,"url":"https:\/\/repatransportbanden.tempurl.host\/wp-content\/uploads\/2021\/12\/transportbandensmallimg6.jpg","type":"image\/jpeg"}],"twitter_card":"summary_large_image","twitter_misc":{"Dur\u00e9e de lecture estim\u00e9e":"1 minute"},"schema":{"@context":"https:\/\/schema.org","@graph":[{"@type":"WebPage","@id":"https:\/\/repatransportbanden.nl\/fr\/kunststof\/bochtbanden\/","url":"https:\/\/repatransportbanden.nl\/fr\/kunststof\/bochtbanden\/","name":"Bandes courbes - repatransportbanden.nl","isPartOf":{"@id":"https:\/\/repatransportbanden.tempurl.host\/#website"},"primaryImageOfPage":{"@id":"https:\/\/repatransportbanden.nl\/fr\/kunststof\/bochtbanden\/#primaryimage"},"image":{"@id":"https:\/\/repatransportbanden.nl\/fr\/kunststof\/bochtbanden\/#primaryimage"},"thumbnailUrl":"https:\/\/repatransportbanden.nl\/wp-content\/uploads\/2022\/02\/bocht.png","datePublished":"2021-12-16T07:30:19+00:00","dateModified":"2021-12-27T07:23:02+00:00","breadcrumb":{"@id":"https:\/\/repatransportbanden.nl\/fr\/kunststof\/bochtbanden\/#breadcrumb"},"inLanguage":"fr-FR","potentialAction":[{"@type":"ReadAction","target":["https:\/\/repatransportbanden.nl\/fr\/kunststof\/bochtbanden\/"]}]},{"@type":"ImageObject","inLanguage":"fr-FR","@id":"https:\/\/repatransportbanden.nl\/fr\/kunststof\/bochtbanden\/#primaryimage","url":"https:\/\/repatransportbanden.nl\/wp-content\/uploads\/2022\/02\/bocht.png","contentUrl":"https:\/\/repatransportbanden.nl\/wp-content\/uploads\/2022\/02\/bocht.png","width":331,"height":331},{"@type":"BreadcrumbList","@id":"https:\/\/repatransportbanden.nl\/fr\/kunststof\/bochtbanden\/#breadcrumb","itemListElement":[{"@type":"ListItem","position":1,"name":"d\u2019accueil","item":"https:\/\/repatransportbanden.nl\/fr\/"},{"@type":"ListItem","position":2,"name":"Plastique","item":"https:\/\/repatransportbanden.tempurl.host\/fr\/kunststof\/"},{"@type":"ListItem","position":3,"name":"Bandes courbes"}]},{"@type":"WebSite","@id":"https:\/\/repatransportbanden.tempurl.host\/#website","url":"https:\/\/repatransportbanden.tempurl.host\/","name":"repatransportbanden.nl","description":"","potentialAction":[{"@type":"SearchAction","target":{"@type":"EntryPoint","urlTemplate":"https:\/\/repatransportbanden.tempurl.host\/?s={search_term_string}"},"query-input":{"@type":"PropertyValueSpecification","valueRequired":true,"valueName":"search_term_string"}}],"inLanguage":"fr-FR"}]}},"_links":{"self":[{"href":"https:\/\/repatransportbanden.nl\/fr\/wp-json\/wp\/v2\/pages\/1529","targetHints":{"allow":["GET"]}}],"collection":[{"href":"https:\/\/repatransportbanden.nl\/fr\/wp-json\/wp\/v2\/pages"}],"about":[{"href":"https:\/\/repatransportbanden.nl\/fr\/wp-json\/wp\/v2\/types\/page"}],"author":[{"embeddable":true,"href":"https:\/\/repatransportbanden.nl\/fr\/wp-json\/wp\/v2\/users\/2"}],"replies":[{"embeddable":true,"href":"https:\/\/repatransportbanden.nl\/fr\/wp-json\/wp\/v2\/comments?post=1529"}],"version-history":[{"count":4,"href":"https:\/\/repatransportbanden.nl\/fr\/wp-json\/wp\/v2\/pages\/1529\/revisions"}],"predecessor-version":[{"id":3072,"href":"https:\/\/repatransportbanden.nl\/fr\/wp-json\/wp\/v2\/pages\/1529\/revisions\/3072"}],"up":[{"embeddable":true,"href":"https:\/\/repatransportbanden.nl\/fr\/wp-json\/wp\/v2\/pages\/1519"}],"wp:featuredmedia":[{"embeddable":true,"href":"https:\/\/repatransportbanden.nl\/fr\/wp-json\/wp\/v2\/media\/5046"}],"wp:attachment":[{"href":"https:\/\/repatransportbanden.nl\/fr\/wp-json\/wp\/v2\/media?parent=1529"}],"curies":[{"name":"wp","href":"https:\/\/api.w.org\/{rel}","templated":true}]}}