{"id":1523,"date":"2021-12-16T08:28:35","date_gmt":"2021-12-16T07:28:35","guid":{"rendered":"https:\/\/repatransportbanden.nl\/kunststof\/banden-met-weefselversterkte-meenemers\/"},"modified":"2025-06-17T17:04:42","modified_gmt":"2025-06-17T15:04:42","slug":"banden-met-weefselversterkte-meenemers","status":"publish","type":"page","link":"https:\/\/repatransportbanden.nl\/fr\/kunststof\/banden-met-weefselversterkte-meenemers\/","title":{"rendered":"Bandes avec tasseaux pleins en PVC, notamment pour l\u2019agro-industrie"},"content":{"rendered":"\n<p>Dans le domaine de la confection, les possibilit\u00e9s sont multiples. REPA produit quotidiennement des courroies de guidage, des tasseaux, des bords ondul\u00e9s et des bords de d\u00e9bordement, dans diff\u00e9rentes hauteurs et couleurs. Pour les applications plus lourdes, nous utilisons principalement des tasseaux renforc\u00e9s de tissu, \u00e9galement produits dans nos murs. Ils peuvent \u00eatre fabriqu\u00e9s en diff\u00e9rentes hauteurs. Lorsqu\u2019il s\u2019agit de transporter de grandes quantit\u00e9s de produits en vrac sous un angle d\u00e9termin\u00e9, nous pouvons \u00e9galement fournir les tasseaux coud\u00e9s correspondants. Pour l&rsquo;industrie alimentaire, nous utilisons g\u00e9n\u00e9ralement des tasseaux bleus ou blancs. Ils sont r\u00e9sistants aux huiles et aux graisses et r\u00e9pondent aux exigences de l&rsquo;UE\/FDA.<\/p>\n","protected":false},"excerpt":{"rendered":"<p>Dans le domaine de la confection, les possibilit\u00e9s sont multiples. REPA produit quotidiennement des courroies de guidage, des tasseaux, des bords ondul\u00e9s et des bords de d\u00e9bordement, dans diff\u00e9rentes hauteurs et couleurs. Pour les applications plus lourdes, nous utilisons principalement des tasseaux renforc\u00e9s de tissu, \u00e9galement produits dans nos murs. Ils peuvent \u00eatre fabriqu\u00e9s en&hellip; <a class=\"more-link\" href=\"https:\/\/repatransportbanden.nl\/fr\/kunststof\/banden-met-weefselversterkte-meenemers\/\">Continue reading <span class=\"screen-reader-text\">Bandes avec tasseaux pleins en PVC, notamment pour l\u2019agro-industrie<\/span><\/a><\/p>\n","protected":false},"author":2,"featured_media":5039,"parent":1519,"menu_order":0,"comment_status":"closed","ping_status":"closed","template":"templates\/template-service.php","meta":{"_acf_changed":false,"footnotes":""},"class_list":["post-1523","page","type-page","status-publish","has-post-thumbnail","hentry","entry"],"acf":[],"yoast_head":"<!-- This site is optimized with the Yoast SEO plugin v27.3 - https:\/\/yoast.com\/product\/yoast-seo-wordpress\/ -->\n<title>Bandes avec tasseaux pleins en PVC, notamment pour l\u2019agro-industrie - repatransportbanden.nl<\/title>\n<meta name=\"robots\" content=\"index, follow, max-snippet:-1, max-image-preview:large, max-video-preview:-1\" \/>\n<link rel=\"canonical\" href=\"https:\/\/repatransportbanden.nl\/fr\/kunststof\/banden-met-weefselversterkte-meenemers\/\" \/>\n<meta property=\"og:locale\" content=\"fr_FR\" \/>\n<meta property=\"og:type\" content=\"article\" \/>\n<meta property=\"og:title\" content=\"Bandes avec tasseaux pleins en PVC, notamment pour l\u2019agro-industrie - repatransportbanden.nl\" \/>\n<meta property=\"og:description\" content=\"Dans le domaine de la confection, les possibilit\u00e9s sont multiples. REPA produit quotidiennement des courroies de guidage, des tasseaux, des bords ondul\u00e9s et des bords de d\u00e9bordement, dans diff\u00e9rentes hauteurs et couleurs. Pour les applications plus lourdes, nous utilisons principalement des tasseaux renforc\u00e9s de tissu, \u00e9galement produits dans nos murs. Ils peuvent \u00eatre fabriqu\u00e9s en&hellip; Continue reading Bandes avec tasseaux pleins en PVC, notamment pour l\u2019agro-industrie\" \/>\n<meta property=\"og:url\" content=\"https:\/\/repatransportbanden.nl\/fr\/kunststof\/banden-met-weefselversterkte-meenemers\/\" \/>\n<meta property=\"og:site_name\" content=\"repatransportbanden.nl\" \/>\n<meta property=\"article:modified_time\" content=\"2025-06-17T15:04:42+00:00\" \/>\n<meta property=\"og:image\" content=\"https:\/\/repatransportbanden.nl\/wp-content\/uploads\/2022\/02\/Banden-met-weefselversterkte-meenemers.png\" \/>\n\t<meta property=\"og:image:width\" content=\"331\" \/>\n\t<meta property=\"og:image:height\" content=\"331\" \/>\n\t<meta property=\"og:image:type\" content=\"image\/png\" \/>\n<meta name=\"twitter:card\" content=\"summary_large_image\" \/>\n<meta name=\"twitter:label1\" content=\"Dur\u00e9e de lecture estim\u00e9e\" \/>\n\t<meta name=\"twitter:data1\" content=\"1 minute\" \/>\n<script type=\"application\/ld+json\" class=\"yoast-schema-graph\">{\"@context\":\"https:\\\/\\\/schema.org\",\"@graph\":[{\"@type\":\"WebPage\",\"@id\":\"https:\\\/\\\/repatransportbanden.nl\\\/fr\\\/kunststof\\\/banden-met-weefselversterkte-meenemers\\\/\",\"url\":\"https:\\\/\\\/repatransportbanden.nl\\\/fr\\\/kunststof\\\/banden-met-weefselversterkte-meenemers\\\/\",\"name\":\"Bandes avec tasseaux pleins en PVC, notamment pour l\u2019agro-industrie - repatransportbanden.nl\",\"isPartOf\":{\"@id\":\"https:\\\/\\\/repatransportbanden.tempurl.host\\\/#website\"},\"primaryImageOfPage\":{\"@id\":\"https:\\\/\\\/repatransportbanden.nl\\\/fr\\\/kunststof\\\/banden-met-weefselversterkte-meenemers\\\/#primaryimage\"},\"image\":{\"@id\":\"https:\\\/\\\/repatransportbanden.nl\\\/fr\\\/kunststof\\\/banden-met-weefselversterkte-meenemers\\\/#primaryimage\"},\"thumbnailUrl\":\"https:\\\/\\\/repatransportbanden.nl\\\/wp-content\\\/uploads\\\/2022\\\/02\\\/Banden-met-weefselversterkte-meenemers.png\",\"datePublished\":\"2021-12-16T07:28:35+00:00\",\"dateModified\":\"2025-06-17T15:04:42+00:00\",\"breadcrumb\":{\"@id\":\"https:\\\/\\\/repatransportbanden.nl\\\/fr\\\/kunststof\\\/banden-met-weefselversterkte-meenemers\\\/#breadcrumb\"},\"inLanguage\":\"fr-FR\",\"potentialAction\":[{\"@type\":\"ReadAction\",\"target\":[\"https:\\\/\\\/repatransportbanden.nl\\\/fr\\\/kunststof\\\/banden-met-weefselversterkte-meenemers\\\/\"]}]},{\"@type\":\"ImageObject\",\"inLanguage\":\"fr-FR\",\"@id\":\"https:\\\/\\\/repatransportbanden.nl\\\/fr\\\/kunststof\\\/banden-met-weefselversterkte-meenemers\\\/#primaryimage\",\"url\":\"https:\\\/\\\/repatransportbanden.nl\\\/wp-content\\\/uploads\\\/2022\\\/02\\\/Banden-met-weefselversterkte-meenemers.png\",\"contentUrl\":\"https:\\\/\\\/repatransportbanden.nl\\\/wp-content\\\/uploads\\\/2022\\\/02\\\/Banden-met-weefselversterkte-meenemers.png\",\"width\":331,\"height\":331},{\"@type\":\"BreadcrumbList\",\"@id\":\"https:\\\/\\\/repatransportbanden.nl\\\/fr\\\/kunststof\\\/banden-met-weefselversterkte-meenemers\\\/#breadcrumb\",\"itemListElement\":[{\"@type\":\"ListItem\",\"position\":1,\"name\":\"d\u2019accueil\",\"item\":\"https:\\\/\\\/repatransportbanden.nl\\\/fr\\\/\"},{\"@type\":\"ListItem\",\"position\":2,\"name\":\"Plastique\",\"item\":\"https:\\\/\\\/repatransportbanden.tempurl.host\\\/fr\\\/kunststof\\\/\"},{\"@type\":\"ListItem\",\"position\":3,\"name\":\"Bandes avec tasseaux pleins en PVC, notamment pour l\u2019agro-industrie\"}]},{\"@type\":\"WebSite\",\"@id\":\"https:\\\/\\\/repatransportbanden.tempurl.host\\\/#website\",\"url\":\"https:\\\/\\\/repatransportbanden.tempurl.host\\\/\",\"name\":\"repatransportbanden.nl\",\"description\":\"\",\"potentialAction\":[{\"@type\":\"SearchAction\",\"target\":{\"@type\":\"EntryPoint\",\"urlTemplate\":\"https:\\\/\\\/repatransportbanden.tempurl.host\\\/?s={search_term_string}\"},\"query-input\":{\"@type\":\"PropertyValueSpecification\",\"valueRequired\":true,\"valueName\":\"search_term_string\"}}],\"inLanguage\":\"fr-FR\"}]}<\/script>\n<!-- \/ Yoast SEO plugin. -->","yoast_head_json":{"title":"Bandes avec tasseaux pleins en PVC, notamment pour l\u2019agro-industrie - repatransportbanden.nl","robots":{"index":"index","follow":"follow","max-snippet":"max-snippet:-1","max-image-preview":"max-image-preview:large","max-video-preview":"max-video-preview:-1"},"canonical":"https:\/\/repatransportbanden.nl\/fr\/kunststof\/banden-met-weefselversterkte-meenemers\/","og_locale":"fr_FR","og_type":"article","og_title":"Bandes avec tasseaux pleins en PVC, notamment pour l\u2019agro-industrie - repatransportbanden.nl","og_description":"Dans le domaine de la confection, les possibilit\u00e9s sont multiples. REPA produit quotidiennement des courroies de guidage, des tasseaux, des bords ondul\u00e9s et des bords de d\u00e9bordement, dans diff\u00e9rentes hauteurs et couleurs. Pour les applications plus lourdes, nous utilisons principalement des tasseaux renforc\u00e9s de tissu, \u00e9galement produits dans nos murs. Ils peuvent \u00eatre fabriqu\u00e9s en&hellip; Continue reading Bandes avec tasseaux pleins en PVC, notamment pour l\u2019agro-industrie","og_url":"https:\/\/repatransportbanden.nl\/fr\/kunststof\/banden-met-weefselversterkte-meenemers\/","og_site_name":"repatransportbanden.nl","article_modified_time":"2025-06-17T15:04:42+00:00","og_image":[{"width":331,"height":331,"url":"https:\/\/repatransportbanden.nl\/wp-content\/uploads\/2022\/02\/Banden-met-weefselversterkte-meenemers.png","type":"image\/png"}],"twitter_card":"summary_large_image","twitter_misc":{"Dur\u00e9e de lecture estim\u00e9e":"1 minute"},"schema":{"@context":"https:\/\/schema.org","@graph":[{"@type":"WebPage","@id":"https:\/\/repatransportbanden.nl\/fr\/kunststof\/banden-met-weefselversterkte-meenemers\/","url":"https:\/\/repatransportbanden.nl\/fr\/kunststof\/banden-met-weefselversterkte-meenemers\/","name":"Bandes avec tasseaux pleins en PVC, notamment pour l\u2019agro-industrie - repatransportbanden.nl","isPartOf":{"@id":"https:\/\/repatransportbanden.tempurl.host\/#website"},"primaryImageOfPage":{"@id":"https:\/\/repatransportbanden.nl\/fr\/kunststof\/banden-met-weefselversterkte-meenemers\/#primaryimage"},"image":{"@id":"https:\/\/repatransportbanden.nl\/fr\/kunststof\/banden-met-weefselversterkte-meenemers\/#primaryimage"},"thumbnailUrl":"https:\/\/repatransportbanden.nl\/wp-content\/uploads\/2022\/02\/Banden-met-weefselversterkte-meenemers.png","datePublished":"2021-12-16T07:28:35+00:00","dateModified":"2025-06-17T15:04:42+00:00","breadcrumb":{"@id":"https:\/\/repatransportbanden.nl\/fr\/kunststof\/banden-met-weefselversterkte-meenemers\/#breadcrumb"},"inLanguage":"fr-FR","potentialAction":[{"@type":"ReadAction","target":["https:\/\/repatransportbanden.nl\/fr\/kunststof\/banden-met-weefselversterkte-meenemers\/"]}]},{"@type":"ImageObject","inLanguage":"fr-FR","@id":"https:\/\/repatransportbanden.nl\/fr\/kunststof\/banden-met-weefselversterkte-meenemers\/#primaryimage","url":"https:\/\/repatransportbanden.nl\/wp-content\/uploads\/2022\/02\/Banden-met-weefselversterkte-meenemers.png","contentUrl":"https:\/\/repatransportbanden.nl\/wp-content\/uploads\/2022\/02\/Banden-met-weefselversterkte-meenemers.png","width":331,"height":331},{"@type":"BreadcrumbList","@id":"https:\/\/repatransportbanden.nl\/fr\/kunststof\/banden-met-weefselversterkte-meenemers\/#breadcrumb","itemListElement":[{"@type":"ListItem","position":1,"name":"d\u2019accueil","item":"https:\/\/repatransportbanden.nl\/fr\/"},{"@type":"ListItem","position":2,"name":"Plastique","item":"https:\/\/repatransportbanden.tempurl.host\/fr\/kunststof\/"},{"@type":"ListItem","position":3,"name":"Bandes avec tasseaux pleins en PVC, notamment pour l\u2019agro-industrie"}]},{"@type":"WebSite","@id":"https:\/\/repatransportbanden.tempurl.host\/#website","url":"https:\/\/repatransportbanden.tempurl.host\/","name":"repatransportbanden.nl","description":"","potentialAction":[{"@type":"SearchAction","target":{"@type":"EntryPoint","urlTemplate":"https:\/\/repatransportbanden.tempurl.host\/?s={search_term_string}"},"query-input":{"@type":"PropertyValueSpecification","valueRequired":true,"valueName":"search_term_string"}}],"inLanguage":"fr-FR"}]}},"_links":{"self":[{"href":"https:\/\/repatransportbanden.nl\/fr\/wp-json\/wp\/v2\/pages\/1523","targetHints":{"allow":["GET"]}}],"collection":[{"href":"https:\/\/repatransportbanden.nl\/fr\/wp-json\/wp\/v2\/pages"}],"about":[{"href":"https:\/\/repatransportbanden.nl\/fr\/wp-json\/wp\/v2\/types\/page"}],"author":[{"embeddable":true,"href":"https:\/\/repatransportbanden.nl\/fr\/wp-json\/wp\/v2\/users\/2"}],"replies":[{"embeddable":true,"href":"https:\/\/repatransportbanden.nl\/fr\/wp-json\/wp\/v2\/comments?post=1523"}],"version-history":[{"count":5,"href":"https:\/\/repatransportbanden.nl\/fr\/wp-json\/wp\/v2\/pages\/1523\/revisions"}],"predecessor-version":[{"id":15562,"href":"https:\/\/repatransportbanden.nl\/fr\/wp-json\/wp\/v2\/pages\/1523\/revisions\/15562"}],"up":[{"embeddable":true,"href":"https:\/\/repatransportbanden.nl\/fr\/wp-json\/wp\/v2\/pages\/1519"}],"wp:featuredmedia":[{"embeddable":true,"href":"https:\/\/repatransportbanden.nl\/fr\/wp-json\/wp\/v2\/media\/5039"}],"wp:attachment":[{"href":"https:\/\/repatransportbanden.nl\/fr\/wp-json\/wp\/v2\/media?parent=1523"}],"curies":[{"name":"wp","href":"https:\/\/api.w.org\/{rel}","templated":true}]}}