{"id":1514,"date":"2021-12-16T08:26:34","date_gmt":"2021-12-16T07:26:34","guid":{"rendered":"https:\/\/repatransportbanden.nl\/dockshelter\/"},"modified":"2021-12-22T10:47:16","modified_gmt":"2021-12-22T09:47:16","slug":"dockshelter","status":"publish","type":"page","link":"https:\/\/repatransportbanden.nl\/fr\/dockshelter\/","title":{"rendered":"Abri de quai"},"content":{"rendered":"\n<p>Un abri de quai s\u2019av\u00e8re \u00eatre la meilleure \u00e9tanch\u00e9it\u00e9 entre un camion et un quai de chargement et de d\u00e9chargement. C&rsquo;est \u00e9galement le moyen le plus efficace de positionner le v\u00e9hicule pour le processus de chargement et de d\u00e9chargement. Un dockshelter permet \u00e9galement d&rsquo;\u00e9conomiser de l&rsquo;\u00e9nergie et de garder la zone de chargement dans un \u00e9tat plus propre. Il est toutefois important que la qualit\u00e9 des mat\u00e9riaux d&rsquo;\u00e9tanch\u00e9it\u00e9 soit suffisante. Chez REPA, vous \u00eates toujours assur\u00e9 d&rsquo;obtenir du PVC et du caoutchouc de haute qualit\u00e9 pour la fabrication de vos abris de quai. Ce qui permet de prolonger la dur\u00e9e de vie effective des abris eux-m\u00eames. &nbsp;&nbsp;&nbsp;<\/p>\n\n\n\n<p>REPA dispose d\u2019un rev\u00eatement adapt\u00e9 \u00e0 tous les types d&rsquo;abris, tels que les abris m\u00e9caniques \u00e0 chiffon, les abris \u00e0 rideau et les abris \u00e0 coussin d&rsquo;air. Nous pouvons recouvrir le dessus et les c\u00f4t\u00e9s, et vous pourrez choisir entre un rev\u00eatement d&rsquo;abri de quai isol\u00e9 et non isol\u00e9. &nbsp;<\/p>\n\n\n\n<p>REPA maintient en stock des kilom\u00e8tres de mat\u00e9riau d\u2019abri de quai et est donc \u00e0 m\u00eame de livrer dans les d\u00e9lais les plus courts.<\/p>\n","protected":false},"excerpt":{"rendered":"<p>Un abri de quai s\u2019av\u00e8re \u00eatre la meilleure \u00e9tanch\u00e9it\u00e9 entre un camion et un quai de chargement et de d\u00e9chargement. C&rsquo;est \u00e9galement le moyen le plus efficace de positionner le v\u00e9hicule pour le processus de chargement et de d\u00e9chargement. Un dockshelter permet \u00e9galement d&rsquo;\u00e9conomiser de l&rsquo;\u00e9nergie et de garder la zone de chargement dans un&hellip; <a class=\"more-link\" href=\"https:\/\/repatransportbanden.nl\/fr\/dockshelter\/\">Continue reading <span class=\"screen-reader-text\">Abri de quai<\/span><\/a><\/p>\n","protected":false},"author":2,"featured_media":0,"parent":0,"menu_order":0,"comment_status":"closed","ping_status":"closed","template":"templates\/template-service.php","meta":{"_acf_changed":false,"footnotes":""},"class_list":["post-1514","page","type-page","status-publish","hentry","entry"],"acf":[],"yoast_head":"<!-- This site is optimized with the Yoast SEO plugin v27.4 - https:\/\/yoast.com\/product\/yoast-seo-wordpress\/ -->\n<title>Abri de quai - repatransportbanden.nl<\/title>\n<meta name=\"robots\" content=\"index, follow, max-snippet:-1, max-image-preview:large, max-video-preview:-1\" \/>\n<link rel=\"canonical\" href=\"https:\/\/repatransportbanden.nl\/fr\/dockshelter\/\" \/>\n<meta property=\"og:locale\" content=\"fr_FR\" \/>\n<meta property=\"og:type\" content=\"article\" \/>\n<meta property=\"og:title\" content=\"Abri de quai - repatransportbanden.nl\" \/>\n<meta property=\"og:description\" content=\"Un abri de quai s\u2019av\u00e8re \u00eatre la meilleure \u00e9tanch\u00e9it\u00e9 entre un camion et un quai de chargement et de d\u00e9chargement. C&rsquo;est \u00e9galement le moyen le plus efficace de positionner le v\u00e9hicule pour le processus de chargement et de d\u00e9chargement. Un dockshelter permet \u00e9galement d&rsquo;\u00e9conomiser de l&rsquo;\u00e9nergie et de garder la zone de chargement dans un&hellip; Continue reading Abri de quai\" \/>\n<meta property=\"og:url\" content=\"https:\/\/repatransportbanden.nl\/fr\/dockshelter\/\" \/>\n<meta property=\"og:site_name\" content=\"repatransportbanden.nl\" \/>\n<meta property=\"article:modified_time\" content=\"2021-12-22T09:47:16+00:00\" \/>\n<meta name=\"twitter:card\" content=\"summary_large_image\" \/>\n<meta name=\"twitter:label1\" content=\"Dur\u00e9e de lecture estim\u00e9e\" \/>\n\t<meta name=\"twitter:data1\" content=\"1 minute\" \/>\n<script type=\"application\/ld+json\" class=\"yoast-schema-graph\">{\"@context\":\"https:\\\/\\\/schema.org\",\"@graph\":[{\"@type\":\"WebPage\",\"@id\":\"https:\\\/\\\/repatransportbanden.nl\\\/fr\\\/dockshelter\\\/\",\"url\":\"https:\\\/\\\/repatransportbanden.nl\\\/fr\\\/dockshelter\\\/\",\"name\":\"Abri de quai - repatransportbanden.nl\",\"isPartOf\":{\"@id\":\"https:\\\/\\\/repatransportbanden.tempurl.host\\\/#website\"},\"datePublished\":\"2021-12-16T07:26:34+00:00\",\"dateModified\":\"2021-12-22T09:47:16+00:00\",\"breadcrumb\":{\"@id\":\"https:\\\/\\\/repatransportbanden.nl\\\/fr\\\/dockshelter\\\/#breadcrumb\"},\"inLanguage\":\"fr-FR\",\"potentialAction\":[{\"@type\":\"ReadAction\",\"target\":[\"https:\\\/\\\/repatransportbanden.nl\\\/fr\\\/dockshelter\\\/\"]}]},{\"@type\":\"BreadcrumbList\",\"@id\":\"https:\\\/\\\/repatransportbanden.nl\\\/fr\\\/dockshelter\\\/#breadcrumb\",\"itemListElement\":[{\"@type\":\"ListItem\",\"position\":1,\"name\":\"d\u2019accueil\",\"item\":\"https:\\\/\\\/repatransportbanden.nl\\\/fr\\\/\"},{\"@type\":\"ListItem\",\"position\":2,\"name\":\"Abri de quai\"}]},{\"@type\":\"WebSite\",\"@id\":\"https:\\\/\\\/repatransportbanden.tempurl.host\\\/#website\",\"url\":\"https:\\\/\\\/repatransportbanden.tempurl.host\\\/\",\"name\":\"repatransportbanden.nl\",\"description\":\"\",\"potentialAction\":[{\"@type\":\"SearchAction\",\"target\":{\"@type\":\"EntryPoint\",\"urlTemplate\":\"https:\\\/\\\/repatransportbanden.tempurl.host\\\/?s={search_term_string}\"},\"query-input\":{\"@type\":\"PropertyValueSpecification\",\"valueRequired\":true,\"valueName\":\"search_term_string\"}}],\"inLanguage\":\"fr-FR\"}]}<\/script>\n<!-- \/ Yoast SEO plugin. -->","yoast_head_json":{"title":"Abri de quai - repatransportbanden.nl","robots":{"index":"index","follow":"follow","max-snippet":"max-snippet:-1","max-image-preview":"max-image-preview:large","max-video-preview":"max-video-preview:-1"},"canonical":"https:\/\/repatransportbanden.nl\/fr\/dockshelter\/","og_locale":"fr_FR","og_type":"article","og_title":"Abri de quai - repatransportbanden.nl","og_description":"Un abri de quai s\u2019av\u00e8re \u00eatre la meilleure \u00e9tanch\u00e9it\u00e9 entre un camion et un quai de chargement et de d\u00e9chargement. C&rsquo;est \u00e9galement le moyen le plus efficace de positionner le v\u00e9hicule pour le processus de chargement et de d\u00e9chargement. Un dockshelter permet \u00e9galement d&rsquo;\u00e9conomiser de l&rsquo;\u00e9nergie et de garder la zone de chargement dans un&hellip; Continue reading Abri de quai","og_url":"https:\/\/repatransportbanden.nl\/fr\/dockshelter\/","og_site_name":"repatransportbanden.nl","article_modified_time":"2021-12-22T09:47:16+00:00","twitter_card":"summary_large_image","twitter_misc":{"Dur\u00e9e de lecture estim\u00e9e":"1 minute"},"schema":{"@context":"https:\/\/schema.org","@graph":[{"@type":"WebPage","@id":"https:\/\/repatransportbanden.nl\/fr\/dockshelter\/","url":"https:\/\/repatransportbanden.nl\/fr\/dockshelter\/","name":"Abri de quai - repatransportbanden.nl","isPartOf":{"@id":"https:\/\/repatransportbanden.tempurl.host\/#website"},"datePublished":"2021-12-16T07:26:34+00:00","dateModified":"2021-12-22T09:47:16+00:00","breadcrumb":{"@id":"https:\/\/repatransportbanden.nl\/fr\/dockshelter\/#breadcrumb"},"inLanguage":"fr-FR","potentialAction":[{"@type":"ReadAction","target":["https:\/\/repatransportbanden.nl\/fr\/dockshelter\/"]}]},{"@type":"BreadcrumbList","@id":"https:\/\/repatransportbanden.nl\/fr\/dockshelter\/#breadcrumb","itemListElement":[{"@type":"ListItem","position":1,"name":"d\u2019accueil","item":"https:\/\/repatransportbanden.nl\/fr\/"},{"@type":"ListItem","position":2,"name":"Abri de quai"}]},{"@type":"WebSite","@id":"https:\/\/repatransportbanden.tempurl.host\/#website","url":"https:\/\/repatransportbanden.tempurl.host\/","name":"repatransportbanden.nl","description":"","potentialAction":[{"@type":"SearchAction","target":{"@type":"EntryPoint","urlTemplate":"https:\/\/repatransportbanden.tempurl.host\/?s={search_term_string}"},"query-input":{"@type":"PropertyValueSpecification","valueRequired":true,"valueName":"search_term_string"}}],"inLanguage":"fr-FR"}]}},"_links":{"self":[{"href":"https:\/\/repatransportbanden.nl\/fr\/wp-json\/wp\/v2\/pages\/1514","targetHints":{"allow":["GET"]}}],"collection":[{"href":"https:\/\/repatransportbanden.nl\/fr\/wp-json\/wp\/v2\/pages"}],"about":[{"href":"https:\/\/repatransportbanden.nl\/fr\/wp-json\/wp\/v2\/types\/page"}],"author":[{"embeddable":true,"href":"https:\/\/repatransportbanden.nl\/fr\/wp-json\/wp\/v2\/users\/2"}],"replies":[{"embeddable":true,"href":"https:\/\/repatransportbanden.nl\/fr\/wp-json\/wp\/v2\/comments?post=1514"}],"version-history":[{"count":3,"href":"https:\/\/repatransportbanden.nl\/fr\/wp-json\/wp\/v2\/pages\/1514\/revisions"}],"predecessor-version":[{"id":2932,"href":"https:\/\/repatransportbanden.nl\/fr\/wp-json\/wp\/v2\/pages\/1514\/revisions\/2932"}],"wp:attachment":[{"href":"https:\/\/repatransportbanden.nl\/fr\/wp-json\/wp\/v2\/media?parent=1514"}],"curies":[{"name":"wp","href":"https:\/\/api.w.org\/{rel}","templated":true}]}}