{"id":1487,"date":"2021-12-16T08:15:37","date_gmt":"2021-12-16T07:15:37","guid":{"rendered":"https:\/\/repatransportbanden.nl\/home\/"},"modified":"2025-06-16T10:47:21","modified_gmt":"2025-06-16T08:47:21","slug":"home","status":"publish","type":"page","link":"https:\/\/repatransportbanden.nl\/fr\/","title":{"rendered":"d\u2019accueil"},"content":{"rendered":"\n<h1>\u00c0 propos des bandes transporteuses <span>REPA<\/span><\/h1>\n\n\n\n<p>REPA Transportbanden BV a \u00e9t\u00e9 fond\u00e9e en 1993 \u00e0 Akersloot et a, depuis, connu une croissance explosive. Notre d\u00e9veloppement tient \u00e0 ce que nous sommes, sans interruption, \u00e0 la disposition de la client\u00e8le : 24 heures sur 24 et 7 jours sur 7. Pour r\u00e9sumer : une excellente qualit\u00e9 et des d\u00e9lais de livraison rapides sont la base du succ\u00e8s de REPA. De plus, nous sommes certifi\u00e9s ISO-9001 et VCA depuis 1998 ! En 2020, REPA a d\u00e9m\u00e9nag\u00e9 \u00e0 Alkmaar dans un nouveau site nous permettant de nous d\u00e9velopper plus avant. Le site d&rsquo;Alkmaar a une superficie de 40000 m<sup>2<\/sup>. Tous nos halls de production sont \u00e9quip\u00e9s de machines ultramodernes d\u00e9di\u00e9es \u00e0 la production de bandes transporteuses en plastique et en caoutchouc.<\/p>\n\n\n\n<a href=\"#url\" class=\"redbtn\">En savoir plus<\/a>\n","protected":false},"excerpt":{"rendered":"<p>\u00c0 propos des bandes transporteuses REPA REPA Transportbanden BV a \u00e9t\u00e9 fond\u00e9e en 1993 \u00e0 Akersloot et a, depuis, connu une croissance explosive. Notre d\u00e9veloppement tient \u00e0 ce que nous sommes, sans interruption, \u00e0 la disposition de la client\u00e8le : 24 heures sur 24 et 7 jours sur 7. Pour r\u00e9sumer : une excellente qualit\u00e9&hellip; <a class=\"more-link\" href=\"https:\/\/repatransportbanden.nl\/fr\/\">Continue reading <span class=\"screen-reader-text\">d\u2019accueil<\/span><\/a><\/p>\n","protected":false},"author":2,"featured_media":873,"parent":0,"menu_order":0,"comment_status":"closed","ping_status":"closed","template":"templates\/template-home.php","meta":{"_acf_changed":false,"footnotes":""},"class_list":["post-1487","page","type-page","status-publish","has-post-thumbnail","hentry","entry"],"acf":[],"yoast_head":"<!-- This site is optimized with the Yoast SEO plugin v27.4 - https:\/\/yoast.com\/product\/yoast-seo-wordpress\/ -->\n<title>d\u2019accueil - repatransportbanden.nl<\/title>\n<meta name=\"robots\" content=\"index, follow, max-snippet:-1, max-image-preview:large, max-video-preview:-1\" \/>\n<link rel=\"canonical\" href=\"https:\/\/repatransportbanden.nl\/fr\/\" \/>\n<meta property=\"og:locale\" content=\"fr_FR\" \/>\n<meta property=\"og:type\" content=\"article\" \/>\n<meta property=\"og:title\" content=\"d\u2019accueil - repatransportbanden.nl\" \/>\n<meta property=\"og:description\" content=\"\u00c0 propos des bandes transporteuses REPA REPA Transportbanden BV a \u00e9t\u00e9 fond\u00e9e en 1993 \u00e0 Akersloot et a, depuis, connu une croissance explosive. Notre d\u00e9veloppement tient \u00e0 ce que nous sommes, sans interruption, \u00e0 la disposition de la client\u00e8le : 24 heures sur 24 et 7 jours sur 7. Pour r\u00e9sumer : une excellente qualit\u00e9&hellip; Continue reading d\u2019accueil\" \/>\n<meta property=\"og:url\" content=\"https:\/\/repatransportbanden.nl\/fr\/\" \/>\n<meta property=\"og:site_name\" content=\"repatransportbanden.nl\" \/>\n<meta property=\"article:modified_time\" content=\"2025-06-16T08:47:21+00:00\" \/>\n<meta property=\"og:image\" content=\"https:\/\/repatransportbanden.nl\/wp-content\/uploads\/2021\/11\/abtimg.jpg\" \/>\n\t<meta property=\"og:image:width\" content=\"543\" \/>\n\t<meta property=\"og:image:height\" content=\"543\" \/>\n\t<meta property=\"og:image:type\" content=\"image\/jpeg\" \/>\n<meta name=\"twitter:card\" content=\"summary_large_image\" \/>\n<meta name=\"twitter:label1\" content=\"Dur\u00e9e de lecture estim\u00e9e\" \/>\n\t<meta name=\"twitter:data1\" content=\"1 minute\" \/>\n<script type=\"application\/ld+json\" class=\"yoast-schema-graph\">{\"@context\":\"https:\\\/\\\/schema.org\",\"@graph\":[{\"@type\":\"WebPage\",\"@id\":\"https:\\\/\\\/repatransportbanden.nl\\\/fr\\\/\",\"url\":\"https:\\\/\\\/repatransportbanden.nl\\\/fr\\\/\",\"name\":\"d\u2019accueil - repatransportbanden.nl\",\"isPartOf\":{\"@id\":\"https:\\\/\\\/repatransportbanden.tempurl.host\\\/#website\"},\"primaryImageOfPage\":{\"@id\":\"https:\\\/\\\/repatransportbanden.nl\\\/fr\\\/#primaryimage\"},\"image\":{\"@id\":\"https:\\\/\\\/repatransportbanden.nl\\\/fr\\\/#primaryimage\"},\"thumbnailUrl\":\"https:\\\/\\\/repatransportbanden.nl\\\/wp-content\\\/uploads\\\/2021\\\/11\\\/abtimg.jpg\",\"datePublished\":\"2021-12-16T07:15:37+00:00\",\"dateModified\":\"2025-06-16T08:47:21+00:00\",\"breadcrumb\":{\"@id\":\"https:\\\/\\\/repatransportbanden.nl\\\/fr\\\/#breadcrumb\"},\"inLanguage\":\"fr-FR\",\"potentialAction\":[{\"@type\":\"ReadAction\",\"target\":[\"https:\\\/\\\/repatransportbanden.nl\\\/fr\\\/\"]}]},{\"@type\":\"ImageObject\",\"inLanguage\":\"fr-FR\",\"@id\":\"https:\\\/\\\/repatransportbanden.nl\\\/fr\\\/#primaryimage\",\"url\":\"https:\\\/\\\/repatransportbanden.nl\\\/wp-content\\\/uploads\\\/2021\\\/11\\\/abtimg.jpg\",\"contentUrl\":\"https:\\\/\\\/repatransportbanden.nl\\\/wp-content\\\/uploads\\\/2021\\\/11\\\/abtimg.jpg\",\"width\":543,\"height\":543},{\"@type\":\"BreadcrumbList\",\"@id\":\"https:\\\/\\\/repatransportbanden.nl\\\/fr\\\/#breadcrumb\",\"itemListElement\":[{\"@type\":\"ListItem\",\"position\":1,\"name\":\"d\u2019accueil\",\"item\":\"https:\\\/\\\/repatransportbanden.nl\\\/fr\\\/\"},{\"@type\":\"ListItem\",\"position\":2,\"name\":\"d\u2019accueil\"}]},{\"@type\":\"WebSite\",\"@id\":\"https:\\\/\\\/repatransportbanden.tempurl.host\\\/#website\",\"url\":\"https:\\\/\\\/repatransportbanden.tempurl.host\\\/\",\"name\":\"repatransportbanden.nl\",\"description\":\"\",\"potentialAction\":[{\"@type\":\"SearchAction\",\"target\":{\"@type\":\"EntryPoint\",\"urlTemplate\":\"https:\\\/\\\/repatransportbanden.tempurl.host\\\/?s={search_term_string}\"},\"query-input\":{\"@type\":\"PropertyValueSpecification\",\"valueRequired\":true,\"valueName\":\"search_term_string\"}}],\"inLanguage\":\"fr-FR\"}]}<\/script>\n<!-- \/ Yoast SEO plugin. -->","yoast_head_json":{"title":"d\u2019accueil - repatransportbanden.nl","robots":{"index":"index","follow":"follow","max-snippet":"max-snippet:-1","max-image-preview":"max-image-preview:large","max-video-preview":"max-video-preview:-1"},"canonical":"https:\/\/repatransportbanden.nl\/fr\/","og_locale":"fr_FR","og_type":"article","og_title":"d\u2019accueil - repatransportbanden.nl","og_description":"\u00c0 propos des bandes transporteuses REPA REPA Transportbanden BV a \u00e9t\u00e9 fond\u00e9e en 1993 \u00e0 Akersloot et a, depuis, connu une croissance explosive. Notre d\u00e9veloppement tient \u00e0 ce que nous sommes, sans interruption, \u00e0 la disposition de la client\u00e8le : 24 heures sur 24 et 7 jours sur 7. Pour r\u00e9sumer : une excellente qualit\u00e9&hellip; Continue reading d\u2019accueil","og_url":"https:\/\/repatransportbanden.nl\/fr\/","og_site_name":"repatransportbanden.nl","article_modified_time":"2025-06-16T08:47:21+00:00","og_image":[{"width":543,"height":543,"url":"https:\/\/repatransportbanden.nl\/wp-content\/uploads\/2021\/11\/abtimg.jpg","type":"image\/jpeg"}],"twitter_card":"summary_large_image","twitter_misc":{"Dur\u00e9e de lecture estim\u00e9e":"1 minute"},"schema":{"@context":"https:\/\/schema.org","@graph":[{"@type":"WebPage","@id":"https:\/\/repatransportbanden.nl\/fr\/","url":"https:\/\/repatransportbanden.nl\/fr\/","name":"d\u2019accueil - repatransportbanden.nl","isPartOf":{"@id":"https:\/\/repatransportbanden.tempurl.host\/#website"},"primaryImageOfPage":{"@id":"https:\/\/repatransportbanden.nl\/fr\/#primaryimage"},"image":{"@id":"https:\/\/repatransportbanden.nl\/fr\/#primaryimage"},"thumbnailUrl":"https:\/\/repatransportbanden.nl\/wp-content\/uploads\/2021\/11\/abtimg.jpg","datePublished":"2021-12-16T07:15:37+00:00","dateModified":"2025-06-16T08:47:21+00:00","breadcrumb":{"@id":"https:\/\/repatransportbanden.nl\/fr\/#breadcrumb"},"inLanguage":"fr-FR","potentialAction":[{"@type":"ReadAction","target":["https:\/\/repatransportbanden.nl\/fr\/"]}]},{"@type":"ImageObject","inLanguage":"fr-FR","@id":"https:\/\/repatransportbanden.nl\/fr\/#primaryimage","url":"https:\/\/repatransportbanden.nl\/wp-content\/uploads\/2021\/11\/abtimg.jpg","contentUrl":"https:\/\/repatransportbanden.nl\/wp-content\/uploads\/2021\/11\/abtimg.jpg","width":543,"height":543},{"@type":"BreadcrumbList","@id":"https:\/\/repatransportbanden.nl\/fr\/#breadcrumb","itemListElement":[{"@type":"ListItem","position":1,"name":"d\u2019accueil","item":"https:\/\/repatransportbanden.nl\/fr\/"},{"@type":"ListItem","position":2,"name":"d\u2019accueil"}]},{"@type":"WebSite","@id":"https:\/\/repatransportbanden.tempurl.host\/#website","url":"https:\/\/repatransportbanden.tempurl.host\/","name":"repatransportbanden.nl","description":"","potentialAction":[{"@type":"SearchAction","target":{"@type":"EntryPoint","urlTemplate":"https:\/\/repatransportbanden.tempurl.host\/?s={search_term_string}"},"query-input":{"@type":"PropertyValueSpecification","valueRequired":true,"valueName":"search_term_string"}}],"inLanguage":"fr-FR"}]}},"_links":{"self":[{"href":"https:\/\/repatransportbanden.nl\/fr\/wp-json\/wp\/v2\/pages\/1487","targetHints":{"allow":["GET"]}}],"collection":[{"href":"https:\/\/repatransportbanden.nl\/fr\/wp-json\/wp\/v2\/pages"}],"about":[{"href":"https:\/\/repatransportbanden.nl\/fr\/wp-json\/wp\/v2\/types\/page"}],"author":[{"embeddable":true,"href":"https:\/\/repatransportbanden.nl\/fr\/wp-json\/wp\/v2\/users\/2"}],"replies":[{"embeddable":true,"href":"https:\/\/repatransportbanden.nl\/fr\/wp-json\/wp\/v2\/comments?post=1487"}],"version-history":[{"count":5,"href":"https:\/\/repatransportbanden.nl\/fr\/wp-json\/wp\/v2\/pages\/1487\/revisions"}],"predecessor-version":[{"id":15489,"href":"https:\/\/repatransportbanden.nl\/fr\/wp-json\/wp\/v2\/pages\/1487\/revisions\/15489"}],"wp:featuredmedia":[{"embeddable":true,"href":"https:\/\/repatransportbanden.nl\/fr\/wp-json\/wp\/v2\/media\/873"}],"wp:attachment":[{"href":"https:\/\/repatransportbanden.nl\/fr\/wp-json\/wp\/v2\/media?parent=1487"}],"curies":[{"name":"wp","href":"https:\/\/api.w.org\/{rel}","templated":true}]}}