{"id":12557,"date":"2023-09-02T13:58:17","date_gmt":"2023-09-02T11:58:17","guid":{"rendered":"https:\/\/repatransportbanden.nl\/?page_id=12557"},"modified":"2023-09-02T13:58:18","modified_gmt":"2023-09-02T11:58:18","slug":"conditions-generales","status":"publish","type":"page","link":"https:\/\/repatransportbanden.nl\/fr\/conditions-generales\/","title":{"rendered":"Conditions g\u00e9n\u00e9rales"},"content":{"rendered":"\n<p>Conditions g\u00e9n\u00e9rales de REPA Transportbanden B.V., Alkmaar, Pays-Bas, telles que d\u00e9pos\u00e9es aupr\u00e8s de la Chambre de commerce.<\/p>\n\n\n\n<div class=\"wp-block-buttons is-layout-flex wp-block-buttons-is-layout-flex\">\n<div class=\"wp-block-button\"><a class=\"wp-block-button__link has-background wp-element-button\" href=\"https:\/\/repatransportbanden.nl\/wp-content\/uploads\/2023\/09\/Conditions.pdf\" style=\"background-color:#ed1c24\">T\u00e9l\u00e9chargez nos Conditions g\u00e9n\u00e9rales (ENG)<\/a><\/div>\n<\/div>\n\n\n\n<p>En acceptant notre commande, le mandant\/client\/acheteur garantit que nos produits ne seront pas transf\u00e9r\u00e9s (directement ou indirectement) \u00e0 des soci\u00e9t\u00e9s russes, sauf si cela est permis en vertu de la r\u00e9glementation europ\u00e9enne en mati\u00e8re de sanctions.<\/p>\n","protected":false},"excerpt":{"rendered":"<p>Conditions g\u00e9n\u00e9rales de REPA Transportbanden B.V., Alkmaar, Pays-Bas, telles que d\u00e9pos\u00e9es aupr\u00e8s de la Chambre de commerce. En acceptant notre commande, le mandant\/client\/acheteur garantit que nos produits ne seront pas transf\u00e9r\u00e9s (directement ou indirectement) \u00e0 des soci\u00e9t\u00e9s russes, sauf si cela est permis en vertu de la r\u00e9glementation europ\u00e9enne en mati\u00e8re de sanctions.<\/p>\n","protected":false},"author":1,"featured_media":0,"parent":0,"menu_order":0,"comment_status":"closed","ping_status":"closed","template":"","meta":{"_acf_changed":false,"footnotes":""},"class_list":["post-12557","page","type-page","status-publish","hentry","entry"],"acf":[],"yoast_head":"<!-- This site is optimized with the Yoast SEO plugin v27.4 - https:\/\/yoast.com\/product\/yoast-seo-wordpress\/ -->\n<title>Conditions g\u00e9n\u00e9rales - repatransportbanden.nl<\/title>\n<meta name=\"robots\" content=\"index, follow, max-snippet:-1, max-image-preview:large, max-video-preview:-1\" \/>\n<link rel=\"canonical\" href=\"https:\/\/repatransportbanden.nl\/fr\/conditions-generales\/\" \/>\n<meta property=\"og:locale\" content=\"fr_FR\" \/>\n<meta property=\"og:type\" content=\"article\" \/>\n<meta property=\"og:title\" content=\"Conditions g\u00e9n\u00e9rales - repatransportbanden.nl\" \/>\n<meta property=\"og:description\" content=\"Conditions g\u00e9n\u00e9rales de REPA Transportbanden B.V., Alkmaar, Pays-Bas, telles que d\u00e9pos\u00e9es aupr\u00e8s de la Chambre de commerce. En acceptant notre commande, le mandant\/client\/acheteur garantit que nos produits ne seront pas transf\u00e9r\u00e9s (directement ou indirectement) \u00e0 des soci\u00e9t\u00e9s russes, sauf si cela est permis en vertu de la r\u00e9glementation europ\u00e9enne en mati\u00e8re de sanctions.\" \/>\n<meta property=\"og:url\" content=\"https:\/\/repatransportbanden.nl\/fr\/conditions-generales\/\" \/>\n<meta property=\"og:site_name\" content=\"repatransportbanden.nl\" \/>\n<meta property=\"article:modified_time\" content=\"2023-09-02T11:58:18+00:00\" \/>\n<meta name=\"twitter:card\" content=\"summary_large_image\" \/>\n<meta name=\"twitter:label1\" content=\"Dur\u00e9e de lecture estim\u00e9e\" \/>\n\t<meta name=\"twitter:data1\" content=\"1 minute\" \/>\n<script type=\"application\/ld+json\" class=\"yoast-schema-graph\">{\"@context\":\"https:\\\/\\\/schema.org\",\"@graph\":[{\"@type\":\"WebPage\",\"@id\":\"https:\\\/\\\/repatransportbanden.nl\\\/fr\\\/conditions-generales\\\/\",\"url\":\"https:\\\/\\\/repatransportbanden.nl\\\/fr\\\/conditions-generales\\\/\",\"name\":\"Conditions g\u00e9n\u00e9rales - repatransportbanden.nl\",\"isPartOf\":{\"@id\":\"https:\\\/\\\/repatransportbanden.tempurl.host\\\/#website\"},\"datePublished\":\"2023-09-02T11:58:17+00:00\",\"dateModified\":\"2023-09-02T11:58:18+00:00\",\"breadcrumb\":{\"@id\":\"https:\\\/\\\/repatransportbanden.nl\\\/fr\\\/conditions-generales\\\/#breadcrumb\"},\"inLanguage\":\"fr-FR\",\"potentialAction\":[{\"@type\":\"ReadAction\",\"target\":[\"https:\\\/\\\/repatransportbanden.nl\\\/fr\\\/conditions-generales\\\/\"]}]},{\"@type\":\"BreadcrumbList\",\"@id\":\"https:\\\/\\\/repatransportbanden.nl\\\/fr\\\/conditions-generales\\\/#breadcrumb\",\"itemListElement\":[{\"@type\":\"ListItem\",\"position\":1,\"name\":\"d\u2019accueil\",\"item\":\"https:\\\/\\\/repatransportbanden.nl\\\/fr\\\/\"},{\"@type\":\"ListItem\",\"position\":2,\"name\":\"Conditions g\u00e9n\u00e9rales\"}]},{\"@type\":\"WebSite\",\"@id\":\"https:\\\/\\\/repatransportbanden.tempurl.host\\\/#website\",\"url\":\"https:\\\/\\\/repatransportbanden.tempurl.host\\\/\",\"name\":\"repatransportbanden.nl\",\"description\":\"\",\"potentialAction\":[{\"@type\":\"SearchAction\",\"target\":{\"@type\":\"EntryPoint\",\"urlTemplate\":\"https:\\\/\\\/repatransportbanden.tempurl.host\\\/?s={search_term_string}\"},\"query-input\":{\"@type\":\"PropertyValueSpecification\",\"valueRequired\":true,\"valueName\":\"search_term_string\"}}],\"inLanguage\":\"fr-FR\"}]}<\/script>\n<!-- \/ Yoast SEO plugin. -->","yoast_head_json":{"title":"Conditions g\u00e9n\u00e9rales - repatransportbanden.nl","robots":{"index":"index","follow":"follow","max-snippet":"max-snippet:-1","max-image-preview":"max-image-preview:large","max-video-preview":"max-video-preview:-1"},"canonical":"https:\/\/repatransportbanden.nl\/fr\/conditions-generales\/","og_locale":"fr_FR","og_type":"article","og_title":"Conditions g\u00e9n\u00e9rales - repatransportbanden.nl","og_description":"Conditions g\u00e9n\u00e9rales de REPA Transportbanden B.V., Alkmaar, Pays-Bas, telles que d\u00e9pos\u00e9es aupr\u00e8s de la Chambre de commerce. En acceptant notre commande, le mandant\/client\/acheteur garantit que nos produits ne seront pas transf\u00e9r\u00e9s (directement ou indirectement) \u00e0 des soci\u00e9t\u00e9s russes, sauf si cela est permis en vertu de la r\u00e9glementation europ\u00e9enne en mati\u00e8re de sanctions.","og_url":"https:\/\/repatransportbanden.nl\/fr\/conditions-generales\/","og_site_name":"repatransportbanden.nl","article_modified_time":"2023-09-02T11:58:18+00:00","twitter_card":"summary_large_image","twitter_misc":{"Dur\u00e9e de lecture estim\u00e9e":"1 minute"},"schema":{"@context":"https:\/\/schema.org","@graph":[{"@type":"WebPage","@id":"https:\/\/repatransportbanden.nl\/fr\/conditions-generales\/","url":"https:\/\/repatransportbanden.nl\/fr\/conditions-generales\/","name":"Conditions g\u00e9n\u00e9rales - repatransportbanden.nl","isPartOf":{"@id":"https:\/\/repatransportbanden.tempurl.host\/#website"},"datePublished":"2023-09-02T11:58:17+00:00","dateModified":"2023-09-02T11:58:18+00:00","breadcrumb":{"@id":"https:\/\/repatransportbanden.nl\/fr\/conditions-generales\/#breadcrumb"},"inLanguage":"fr-FR","potentialAction":[{"@type":"ReadAction","target":["https:\/\/repatransportbanden.nl\/fr\/conditions-generales\/"]}]},{"@type":"BreadcrumbList","@id":"https:\/\/repatransportbanden.nl\/fr\/conditions-generales\/#breadcrumb","itemListElement":[{"@type":"ListItem","position":1,"name":"d\u2019accueil","item":"https:\/\/repatransportbanden.nl\/fr\/"},{"@type":"ListItem","position":2,"name":"Conditions g\u00e9n\u00e9rales"}]},{"@type":"WebSite","@id":"https:\/\/repatransportbanden.tempurl.host\/#website","url":"https:\/\/repatransportbanden.tempurl.host\/","name":"repatransportbanden.nl","description":"","potentialAction":[{"@type":"SearchAction","target":{"@type":"EntryPoint","urlTemplate":"https:\/\/repatransportbanden.tempurl.host\/?s={search_term_string}"},"query-input":{"@type":"PropertyValueSpecification","valueRequired":true,"valueName":"search_term_string"}}],"inLanguage":"fr-FR"}]}},"_links":{"self":[{"href":"https:\/\/repatransportbanden.nl\/fr\/wp-json\/wp\/v2\/pages\/12557","targetHints":{"allow":["GET"]}}],"collection":[{"href":"https:\/\/repatransportbanden.nl\/fr\/wp-json\/wp\/v2\/pages"}],"about":[{"href":"https:\/\/repatransportbanden.nl\/fr\/wp-json\/wp\/v2\/types\/page"}],"author":[{"embeddable":true,"href":"https:\/\/repatransportbanden.nl\/fr\/wp-json\/wp\/v2\/users\/1"}],"replies":[{"embeddable":true,"href":"https:\/\/repatransportbanden.nl\/fr\/wp-json\/wp\/v2\/comments?post=12557"}],"version-history":[{"count":1,"href":"https:\/\/repatransportbanden.nl\/fr\/wp-json\/wp\/v2\/pages\/12557\/revisions"}],"predecessor-version":[{"id":12558,"href":"https:\/\/repatransportbanden.nl\/fr\/wp-json\/wp\/v2\/pages\/12557\/revisions\/12558"}],"wp:attachment":[{"href":"https:\/\/repatransportbanden.nl\/fr\/wp-json\/wp\/v2\/media?parent=12557"}],"curies":[{"name":"wp","href":"https:\/\/api.w.org\/{rel}","templated":true}]}}